{"id":9620,"date":"2026-03-23T06:38:33","date_gmt":"2026-03-23T06:38:33","guid":{"rendered":"https:\/\/www.hyflexpack.com\/?post_type=product&#038;p=9620"},"modified":"2026-03-23T06:38:35","modified_gmt":"2026-03-23T06:38:35","slug":"custom-instant-coffee-packaging-pouch","status":"publish","type":"product","link":"https:\/\/www.hyflexpack.com\/tr\/product\/custom-instant-coffee-packaging-pouch\/","title":{"rendered":"Custom Instant Coffee Packaging Glossy Aluminum Foil Stand Up Pouch"},"content":{"rendered":"<div class=\"wp-block-columns is-layout-flex wp-container-core-columns-is-layout-9d6595d7 wp-block-columns-is-layout-flex\">\n<div class=\"wp-block-column is-layout-flow wp-block-column-is-layout-flow\">\n<h2 class=\"wp-block-heading\">Features Of Custom Instant Coffee Packaging<\/h2>\n\n\n\n<ul class=\"wp-block-list\">\n<li><strong>High Barrier Structure: <\/strong>This instant coffee packaging bag is produced using polyester-aluminum laminated material, offering strong resistance to moisture and external contamination.<br><\/li>\n\n\n\n<li><strong>Shelf Attractiveness: <\/strong>The stand-up coffee packaging pouch provides a stable base, making the instant coffee packaging bag suitable for retail shelves and storage displays.<br><\/li>\n\n\n\n<li><strong>Glossy Printing<\/strong>: The glossy printed instant coffee packaging pouch enhances product appearance and strengthens brand recognition in competitive coffee markets.<br><\/li>\n\n\n\n<li><strong>User-Friendly Design: <\/strong>The coffee packaging bag with a tear notch allows quick opening while maintaining reliable heat-sealed packaging performance.<br><\/li>\n\n\n\n<li>We provide custom instant coffee packaging bags with tailored sizes, custom graphics printing, and OEM manufacturing services for coffee brands and distributors.<\/li>\n<\/ul>\n<\/div>\n\n\n\n<div class=\"wp-block-column is-layout-flow wp-block-column-is-layout-flow\">\n<figure class=\"wp-block-image size-full\"><img fetchpriority=\"high\" decoding=\"async\" width=\"1000\" height=\"1000\" src=\"https:\/\/www.hyflexpack.com\/wp-content\/uploads\/2026\/03\/Custom-Instant-Coffee-Packaging-3-1.webp\" alt=\"Custom Instant Coffee Packaging\" class=\"wp-image-9597\" srcset=\"https:\/\/www.hyflexpack.com\/wp-content\/uploads\/2026\/03\/Custom-Instant-Coffee-Packaging-3-1.webp 1000w, https:\/\/www.hyflexpack.com\/wp-content\/uploads\/2026\/03\/Custom-Instant-Coffee-Packaging-3-1-300x300.webp 300w, https:\/\/www.hyflexpack.com\/wp-content\/uploads\/2026\/03\/Custom-Instant-Coffee-Packaging-3-1-150x150.webp 150w, https:\/\/www.hyflexpack.com\/wp-content\/uploads\/2026\/03\/Custom-Instant-Coffee-Packaging-3-1-768x768.webp 768w, https:\/\/www.hyflexpack.com\/wp-content\/uploads\/2026\/03\/Custom-Instant-Coffee-Packaging-3-1-12x12.webp 12w, https:\/\/www.hyflexpack.com\/wp-content\/uploads\/2026\/03\/Custom-Instant-Coffee-Packaging-3-1-285x285.webp 285w, https:\/\/www.hyflexpack.com\/wp-content\/uploads\/2026\/03\/Custom-Instant-Coffee-Packaging-3-1-270x270.webp 270w, https:\/\/www.hyflexpack.com\/wp-content\/uploads\/2026\/03\/Custom-Instant-Coffee-Packaging-3-1-540x540.webp 540w, https:\/\/www.hyflexpack.com\/wp-content\/uploads\/2026\/03\/Custom-Instant-Coffee-Packaging-3-1-660x660.webp 660w\" sizes=\"(max-width: 1000px) 100vw, 1000px\" \/><\/figure>\n<\/div>\n<\/div>","protected":false},"excerpt":{"rendered":"<p>Our custom instant coffee packaging glossy aluminum foil stand-up pouch is designed to deliver reliable protection and attractive retail presentation for instant coffee products. Made from durable polyester aluminum-laminated plastic, the pouch helps preserve coffee flavor and aroma. The heat seal stand up pouch with tear notch provides secure sealing and convenient opening for consumers. We offer OEM instant coffee packaging services, including custom sizes, brand artwork printing, and private label production. Contact our team to start your custom instant coffee packaging project.<\/p>\n<h2>Advantages of High Quality Custom Instant Coffee Packaging<\/h2>\n<ul>\n<li><strong>\u00d6zel tasar\u0131m:<\/strong> M\u00fc\u015fteri ihtiya\u00e7lar\u0131n\u0131 kar\u015f\u0131lamak i\u00e7in malzeme, boyut ve bask\u0131 deseni \u00f6zelle\u015ftirmesi dahil olmak \u00fczere \u00f6zelle\u015ftirilmi\u015f ambalaj po\u015feti hizmetleri sa\u011fl\u0131yor ve OEM ve ODM'yi destekliyoruz.<\/li>\n<li><strong>\u0130malat:<\/strong> Geli\u015fmi\u015f ekipman ve teknoloji ile sipari\u015f \u00fcretimini verimli ve y\u00fcksek kalitede tamamlayabilir ve zaman\u0131nda teslim edebiliriz.<\/li>\n<li><strong>Kalite kontrol:<\/strong> \u00dcretim, \u00fcr\u00fcnlerin standartlar\u0131 kar\u015f\u0131lamas\u0131n\u0131 sa\u011flamak i\u00e7in kalite standartlar\u0131na ve g\u0131da g\u00fcvenli\u011fi gerekliliklerine s\u0131k\u0131 s\u0131k\u0131ya ba\u011fl\u0131 olarak ger\u00e7ekle\u015ftirilir.<\/li>\n<li><strong>M\u00fc\u015fteri hizmetleri:<\/strong> G\u00fcn\u00fcn 24 saati h\u0131zl\u0131 yan\u0131t ve \u00f6zenli m\u00fc\u015fteri hizmetleri deste\u011fi sa\u011flay\u0131n.<\/li>\n<li><strong>\u00dccretsiz numune:<\/strong> \u00dcr\u00fcn\u00fc de\u011ferlendirebilmeniz i\u00e7in \u00fccretsiz numune hizmeti sunmak.<\/li>\n<\/ul>\n<p>Huiyang Packaging is committed to providing customers with high-quality Custom Instant Coffee Packaging, helping customers improve their product image and enhance their market competitiveness.<\/p>","protected":false},"featured_media":9597,"comment_status":"closed","ping_status":"closed","template":"","meta":[],"product_brand":[],"product_cat":[55,51],"product_tag":[116],"class_list":{"0":"post-9620","1":"product","2":"type-product","3":"status-publish","4":"has-post-thumbnail","6":"product_cat-custom-coffee-packaging","7":"product_cat-custom-food-packaging-bags","8":"product_tag-stand-up-pouch-manufacturer","10":"first","11":"instock","12":"shipping-taxable","13":"product-type-simple"},"_links":{"self":[{"href":"https:\/\/www.hyflexpack.com\/tr\/wp-json\/wp\/v2\/product\/9620","targetHints":{"allow":["GET"]}}],"collection":[{"href":"https:\/\/www.hyflexpack.com\/tr\/wp-json\/wp\/v2\/product"}],"about":[{"href":"https:\/\/www.hyflexpack.com\/tr\/wp-json\/wp\/v2\/types\/product"}],"replies":[{"embeddable":true,"href":"https:\/\/www.hyflexpack.com\/tr\/wp-json\/wp\/v2\/comments?post=9620"}],"wp:featuredmedia":[{"embeddable":true,"href":"https:\/\/www.hyflexpack.com\/tr\/wp-json\/wp\/v2\/media\/9597"}],"wp:attachment":[{"href":"https:\/\/www.hyflexpack.com\/tr\/wp-json\/wp\/v2\/media?parent=9620"}],"wp:term":[{"taxonomy":"product_brand","embeddable":true,"href":"https:\/\/www.hyflexpack.com\/tr\/wp-json\/wp\/v2\/product_brand?post=9620"},{"taxonomy":"product_cat","embeddable":true,"href":"https:\/\/www.hyflexpack.com\/tr\/wp-json\/wp\/v2\/product_cat?post=9620"},{"taxonomy":"product_tag","embeddable":true,"href":"https:\/\/www.hyflexpack.com\/tr\/wp-json\/wp\/v2\/product_tag?post=9620"}],"curies":[{"name":"wp","href":"https:\/\/api.w.org\/{rel}","templated":true}]}}