{"id":9338,"date":"2026-02-26T02:22:40","date_gmt":"2026-02-26T02:22:40","guid":{"rendered":"https:\/\/www.hyflexpack.com\/?post_type=product&#038;p=9338"},"modified":"2026-02-26T02:22:45","modified_gmt":"2026-02-26T02:22:45","slug":"custom-pressure-sensitive-bottle-label","status":"publish","type":"product","link":"https:\/\/www.hyflexpack.com\/tr\/product\/custom-pressure-sensitive-bottle-label\/","title":{"rendered":"\u0130\u00e7ecekler i\u00e7in \u00d6zel Bas\u0131nca Duyarl\u0131 \u015ei\u015fe Etiketleri OEM ve Toptan Tedarik"},"content":{"rendered":"<div class=\"wp-block-columns is-layout-flex wp-container-core-columns-is-layout-9d6595d7 wp-block-columns-is-layout-flex\">\n<div class=\"wp-block-column is-layout-flow wp-block-column-is-layout-flow\">\n<h2 class=\"wp-block-heading\">\u00d6zel Bas\u0131nca Duyarl\u0131 \u015ei\u015fe Etiketleri \u00d6zellikleri<\/h2>\n\n\n\n<ul class=\"wp-block-list\">\n<li>\u00d6zel Bas\u0131nca Duyarl\u0131 \u015ei\u015fe Etiketlerimiz, farkl\u0131 i\u00e7ecek \u015fi\u015fesi paketleme gereksinimlerini kar\u015f\u0131lamak i\u00e7in etiket boyutuna, \u015fekline, yap\u0131\u015fkan t\u00fcr\u00fcne ve malzemesine g\u00f6re uyarlan\u0131r.<br><\/li>\n\n\n\n<li>Cam, PET ve HDPE \u015fi\u015feler i\u00e7in tasarlanm\u0131\u015f, so\u011fuk, \u0131slak ve so\u011futulmu\u015f ko\u015fullar alt\u0131nda performans\u0131n\u0131 koruyan kendinden yap\u0131\u015fkanl\u0131 etiketler.<br><\/li>\n\n\n\n<li>B\u00fcy\u00fck hacimli sipari\u015fler i\u00e7in optimize edilmi\u015f \u00fcretim, B2B al\u0131c\u0131lar\u0131, distrib\u00fct\u00f6rler ve \u015fi\u015feleme tesisleri i\u00e7in idealdir.<br><\/li>\n\n\n\n<li>Y\u00fcksek h\u0131zl\u0131 otomatik etiketleme makinelerinde sorunsuz da\u011f\u0131t\u0131m ve do\u011fru yerle\u015ftirme i\u00e7in tasarlanm\u0131\u015ft\u0131r.<\/li>\n<\/ul>\n<\/div>\n\n\n\n<div class=\"wp-block-column is-layout-flow wp-block-column-is-layout-flow\">\n<figure class=\"wp-block-image size-full\"><img fetchpriority=\"high\" decoding=\"async\" width=\"1000\" height=\"1000\" src=\"https:\/\/www.hyflexpack.com\/wp-content\/uploads\/2026\/02\/Custom-Pressure-Sensitive-Bottle-Labels-1.webp\" alt=\"\u00d6zel Bas\u0131nca Duyarl\u0131 \u015ei\u015fe Etiketleri\" class=\"wp-image-9290\" srcset=\"https:\/\/www.hyflexpack.com\/wp-content\/uploads\/2026\/02\/Custom-Pressure-Sensitive-Bottle-Labels-1.webp 1000w, https:\/\/www.hyflexpack.com\/wp-content\/uploads\/2026\/02\/Custom-Pressure-Sensitive-Bottle-Labels-1-300x300.webp 300w, https:\/\/www.hyflexpack.com\/wp-content\/uploads\/2026\/02\/Custom-Pressure-Sensitive-Bottle-Labels-1-150x150.webp 150w, https:\/\/www.hyflexpack.com\/wp-content\/uploads\/2026\/02\/Custom-Pressure-Sensitive-Bottle-Labels-1-768x768.webp 768w, https:\/\/www.hyflexpack.com\/wp-content\/uploads\/2026\/02\/Custom-Pressure-Sensitive-Bottle-Labels-1-12x12.webp 12w, https:\/\/www.hyflexpack.com\/wp-content\/uploads\/2026\/02\/Custom-Pressure-Sensitive-Bottle-Labels-1-285x285.webp 285w, https:\/\/www.hyflexpack.com\/wp-content\/uploads\/2026\/02\/Custom-Pressure-Sensitive-Bottle-Labels-1-270x270.webp 270w, https:\/\/www.hyflexpack.com\/wp-content\/uploads\/2026\/02\/Custom-Pressure-Sensitive-Bottle-Labels-1-540x540.webp 540w, https:\/\/www.hyflexpack.com\/wp-content\/uploads\/2026\/02\/Custom-Pressure-Sensitive-Bottle-Labels-1-660x660.webp 660w\" sizes=\"(max-width: 1000px) 100vw, 1000px\" \/><\/figure>\n<\/div>\n<\/div>","protected":false},"excerpt":{"rendered":"<p>Her boyutta i\u00e7ecek \u015fi\u015fesi i\u00e7in toptan \u00f6zel bas\u0131nca duyarl\u0131 \u015fi\u015fe etiketleri. Etiketler net bask\u0131l\u0131d\u0131r, soyulmas\u0131 kolay de\u011fildir, su ge\u00e7irmez ve dayan\u0131kl\u0131d\u0131r. Bas\u0131nca duyarl\u0131 \u015fi\u015fe etiketlerimiz, her ortamda net ve g\u00fczel kalmalar\u0131n\u0131 sa\u011flamak i\u00e7in y\u00fcksek kaliteli malzemelerden yap\u0131lm\u0131\u015ft\u0131r. OEM\/ODM desteklenmektedir. \u015eimdi bize ula\u015f\u0131n!<\/p>\n<h2>\u015ei\u015fe Etiketi Tedarik\u00e7isinin Avantajlar\u0131<\/h2>\n<ul>\n<li><strong>\u00d6zel Tasar\u0131m<\/strong>: M\u00fc\u015fteri ihtiya\u00e7lar\u0131na g\u00f6re farkl\u0131 \u00f6zellikleri, boyutlar\u0131 ve 10 renge kadar bask\u0131 gereksinimlerini kar\u015f\u0131lamak i\u00e7in ki\u015fiselle\u015ftirilmi\u015f tasar\u0131m \u00e7\u00f6z\u00fcmleri sa\u011flay\u0131n, OEM ve ODM \u00f6zelle\u015ftirmesini destekleyin.<\/li>\n<li><strong>Kalite G\u00fcvence<\/strong>: \u0130stikrarl\u0131 ve g\u00fcvenilir \u00fcr\u00fcn kalitesi ve \u00fcretimi sa\u011flamak i\u00e7in y\u00fcksek kaliteli hammaddeler ve geli\u015fmi\u015f \u00fcretim ekipmanlar\u0131 kullanarak \u00fcretim s\u00fcrecini s\u0131k\u0131 bir \u015fekilde kontrol edin.<\/li>\n<li><strong>Profesyonel Teknik Destek<\/strong>: Deneyimli teknik ekiple, m\u00fc\u015fterilerin ihtiya\u00e7lar\u0131n\u0131n derhal yan\u0131tlanmas\u0131n\u0131 ve \u00e7\u00f6z\u00fclmesini sa\u011flamak i\u00e7in profesyonel teknik destek ve sat\u0131\u015f sonras\u0131 hizmet sa\u011fl\u0131yoruz.<\/li>\n<li><strong>\u00dccretsiz \u00d6rnek<\/strong>: \u00dcr\u00fcnleri de\u011ferlendirmeniz i\u00e7in \u00fccretsiz numune hizmeti sa\u011flay\u0131n.<\/li>\n<\/ul>\n<p>Huiyang Packaging, m\u00fc\u015fterilerimiz i\u00e7in \u00fcr\u00fcn imaj\u0131n\u0131 geli\u015ftiren ve pazar rekabet g\u00fcc\u00fcn\u00fc art\u0131ran y\u00fcksek kaliteli, \u00f6zelle\u015ftirilmi\u015f \u015fi\u015fe etiketleri sunmaya kendini adam\u0131\u015ft\u0131r.<\/p>","protected":false},"featured_media":9290,"comment_status":"closed","ping_status":"closed","template":"","meta":[],"product_brand":[],"product_cat":[90,53],"product_tag":[],"class_list":{"0":"post-9338","1":"product","2":"type-product","3":"status-publish","4":"has-post-thumbnail","6":"product_cat-custom-bottle-label","7":"product_cat-packaging-film-supplier","9":"first","10":"instock","11":"shipping-taxable","12":"product-type-simple"},"_links":{"self":[{"href":"https:\/\/www.hyflexpack.com\/tr\/wp-json\/wp\/v2\/product\/9338","targetHints":{"allow":["GET"]}}],"collection":[{"href":"https:\/\/www.hyflexpack.com\/tr\/wp-json\/wp\/v2\/product"}],"about":[{"href":"https:\/\/www.hyflexpack.com\/tr\/wp-json\/wp\/v2\/types\/product"}],"replies":[{"embeddable":true,"href":"https:\/\/www.hyflexpack.com\/tr\/wp-json\/wp\/v2\/comments?post=9338"}],"wp:featuredmedia":[{"embeddable":true,"href":"https:\/\/www.hyflexpack.com\/tr\/wp-json\/wp\/v2\/media\/9290"}],"wp:attachment":[{"href":"https:\/\/www.hyflexpack.com\/tr\/wp-json\/wp\/v2\/media?parent=9338"}],"wp:term":[{"taxonomy":"product_brand","embeddable":true,"href":"https:\/\/www.hyflexpack.com\/tr\/wp-json\/wp\/v2\/product_brand?post=9338"},{"taxonomy":"product_cat","embeddable":true,"href":"https:\/\/www.hyflexpack.com\/tr\/wp-json\/wp\/v2\/product_cat?post=9338"},{"taxonomy":"product_tag","embeddable":true,"href":"https:\/\/www.hyflexpack.com\/tr\/wp-json\/wp\/v2\/product_tag?post=9338"}],"curies":[{"name":"wp","href":"https:\/\/api.w.org\/{rel}","templated":true}]}}