{"id":9336,"date":"2026-02-26T02:45:47","date_gmt":"2026-02-26T02:45:47","guid":{"rendered":"https:\/\/www.hyflexpack.com\/?post_type=product&#038;p=9336"},"modified":"2026-02-26T02:45:51","modified_gmt":"2026-02-26T02:45:51","slug":"custom-shrink-sleeves-for-beverage","status":"publish","type":"product","link":"https:\/\/www.hyflexpack.com\/tr\/product\/custom-shrink-sleeves-for-beverage\/","title":{"rendered":"\u0130\u00e7ecek \u015ei\u015feleri i\u00e7in \u00d6zel Shrink K\u0131l\u0131flar - Bulk Manufacturing Supply"},"content":{"rendered":"<div class=\"wp-block-columns is-layout-flex wp-container-core-columns-is-layout-9d6595d7 wp-block-columns-is-layout-flex\">\n<div class=\"wp-block-column is-layout-flow wp-block-column-is-layout-flow\">\n<h2 class=\"wp-block-heading\">\u0130\u00e7ecekler i\u00e7in \u00d6zel Shrink K\u0131l\u0131flar\u0131n \u00d6zellikleri <\/h2>\n\n\n\n<ul class=\"wp-block-list\">\n<li>\u0130\u00e7ecekler i\u00e7in \u00f6zel shrink sleeve'lerimiz, \u00e7e\u015fitli \u015fi\u015fe \u015fekillerine ve i\u00e7ecek paketleme gereksinimlerine uyacak \u015fekilde boyutlara, kal\u0131nl\u0131\u011fa ve shrink oranlar\u0131na g\u00f6re uyarlan\u0131r.<\/li>\n<\/ul>\n\n\n\n<ul class=\"wp-block-list\">\n<li>B2B al\u0131c\u0131lar\u0131, distrib\u00fct\u00f6rler ve \u015fi\u015feleme tesisleri i\u00e7in ideal olan rekabet\u00e7i fiyatland\u0131rma ile b\u00fcy\u00fck hacimli \u00fcretim i\u00e7in optimize edilmi\u015ftir.<\/li>\n<\/ul>\n\n\n\n<ul class=\"wp-block-list\">\n<li>Otomatik uygulama s\u0131ras\u0131nda k\u0131r\u0131\u015f\u0131kl\u0131klar\u0131 ve yanl\u0131\u015f hizalamay\u0131 azaltarak tutarl\u0131 b\u00fcz\u00fclme davran\u0131\u015f\u0131 i\u00e7in tasarlanm\u0131\u015ft\u0131r.<\/li>\n<\/ul>\n\n\n\n<ul class=\"wp-block-list\">\n<li>Shrink sleeve etiketlerde canl\u0131 renkler ve net markalama ile grav\u00fcr bask\u0131y\u0131 destekler.<\/li>\n<\/ul>\n\n\n\n<ul class=\"wp-block-list\">\n<li>OEM i\u00e7ecek ambalaj\u0131 ihtiya\u00e7lar\u0131n\u0131 kar\u015f\u0131lamak i\u00e7in malzeme se\u00e7imi, bask\u0131 \u00f6zelle\u015ftirme ve sipari\u015f \u00f6l\u00e7eklenebilirli\u011fi mevcuttur.<\/li>\n<\/ul>\n<\/div>\n\n\n\n<div class=\"wp-block-column is-layout-flow wp-block-column-is-layout-flow\">\n<figure class=\"wp-block-image size-full\"><img fetchpriority=\"high\" decoding=\"async\" width=\"1000\" height=\"1000\" src=\"https:\/\/www.hyflexpack.com\/wp-content\/uploads\/2026\/02\/Custom-Shrink-Sleeves-1.webp\" alt=\"\u00d6zel Shrink K\u0131l\u0131flar\" class=\"wp-image-9310\" srcset=\"https:\/\/www.hyflexpack.com\/wp-content\/uploads\/2026\/02\/Custom-Shrink-Sleeves-1.webp 1000w, https:\/\/www.hyflexpack.com\/wp-content\/uploads\/2026\/02\/Custom-Shrink-Sleeves-1-300x300.webp 300w, https:\/\/www.hyflexpack.com\/wp-content\/uploads\/2026\/02\/Custom-Shrink-Sleeves-1-150x150.webp 150w, https:\/\/www.hyflexpack.com\/wp-content\/uploads\/2026\/02\/Custom-Shrink-Sleeves-1-768x768.webp 768w, https:\/\/www.hyflexpack.com\/wp-content\/uploads\/2026\/02\/Custom-Shrink-Sleeves-1-12x12.webp 12w, https:\/\/www.hyflexpack.com\/wp-content\/uploads\/2026\/02\/Custom-Shrink-Sleeves-1-285x285.webp 285w, https:\/\/www.hyflexpack.com\/wp-content\/uploads\/2026\/02\/Custom-Shrink-Sleeves-1-270x270.webp 270w, https:\/\/www.hyflexpack.com\/wp-content\/uploads\/2026\/02\/Custom-Shrink-Sleeves-1-540x540.webp 540w, https:\/\/www.hyflexpack.com\/wp-content\/uploads\/2026\/02\/Custom-Shrink-Sleeves-1-660x660.webp 660w\" sizes=\"(max-width: 1000px) 100vw, 1000px\" \/><\/figure>\n<\/div>\n<\/div>","protected":false},"excerpt":{"rendered":"<p>\u0130\u00e7ecek \u015fi\u015feleri i\u00e7in \u00f6zel shrink sleeve'lerimiz toplu \u00fcretim tedarikini destekler ve y\u00fcksek hacimli i\u00e7ecek paketleme uygulamalar\u0131 i\u00e7in tasarlanm\u0131\u015ft\u0131r. Tutarl\u0131 shrink performans\u0131 ve hassas boyutland\u0131rma ile \u00fcretilen shrink sleeve etiketlerimiz, otomatik \u015fi\u015feleme hatlar\u0131nda sorunsuz uygulama sa\u011flar. Fabrikada do\u011frudan \u00fcretim, i\u00e7ecek markalar\u0131 ve ambalaj tedarik\u00e7ileri i\u00e7in b\u00fcy\u00fck \u00f6l\u00e7ekli sipari\u015fleri, istikrarl\u0131 teslim s\u00fcrelerini ve \u00f6zelle\u015ftirilebilir bask\u0131y\u0131 destekler. Size \u00f6zel \u0131s\u0131yla daralan film yapt\u0131rmak i\u00e7in bug\u00fcn bize ula\u015f\u0131n!<\/p>\n<h2>\u00d6zel Shrink Sleeve Tedarik\u00e7isinin Avantajlar\u0131<\/h2>\n<ul>\n<li><strong>\u00d6zel tasar\u0131m:<\/strong> M\u00fc\u015fteri ihtiya\u00e7lar\u0131n\u0131 kar\u015f\u0131lamak i\u00e7in malzeme, boyut ve bask\u0131 deseni \u00f6zelle\u015ftirmesi dahil olmak \u00fczere \u00f6zelle\u015ftirilmi\u015f hizmetler sa\u011fl\u0131yor ve OEM ve ODM'yi destekliyoruz.<\/li>\n<li><strong>\u0130malat:<\/strong> Verimli ve istikrarl\u0131 \u00fcretim s\u00fcre\u00e7leri ve zaman\u0131nda teslimat sa\u011flamak i\u00e7in uluslararas\u0131 d\u00fczeyde geli\u015fmi\u015f kompozit \u00fcretim hatlar\u0131 ve otomatik kontrol sistemleri benimseyin.<\/li>\n<li><strong>Kalite kontrol:<\/strong> \u00dcr\u00fcnlerin standartlar\u0131 kar\u015f\u0131lad\u0131\u011f\u0131ndan emin olmak i\u00e7in kalite standartlar\u0131na ve g\u0131da g\u00fcvenli\u011fi gerekliliklerine uygun olarak \u00fcretim yapmak.<\/li>\n<li><strong>M\u00fc\u015fteri hizmetleri:<\/strong> G\u00fcn\u00fcn 24 saati h\u0131zl\u0131 yan\u0131t ve \u00f6zenli m\u00fc\u015fteri hizmetleri deste\u011fi sa\u011flay\u0131n.<\/li>\n<li><strong>\u00dccretsiz numuneler:<\/strong> M\u00fc\u015fterilerin deneyip de\u011ferlendirmesi i\u00e7in k\u00fc\u00e7\u00fck parti numuneler haz\u0131rlay\u0131n.<\/li>\n<\/ul>\n<p>Huiyang Packaging, m\u00fc\u015fterilerin \u00fcr\u00fcn imajlar\u0131n\u0131 iyile\u015ftirmelerine ve pazar rekabet g\u00fc\u00e7lerini art\u0131rmalar\u0131na yard\u0131mc\u0131 olmak i\u00e7in m\u00fc\u015fterilere y\u00fcksek kaliteli \u00d6zel Shrink Sleeve'ler sunmay\u0131 taahh\u00fct eder.<\/p>","protected":false},"featured_media":9310,"comment_status":"closed","ping_status":"closed","template":"","meta":[],"product_brand":[],"product_cat":[84,53],"product_tag":[],"class_list":{"0":"post-9336","1":"product","2":"type-product","3":"status-publish","4":"has-post-thumbnail","6":"product_cat-shrink-sleeve-film","7":"product_cat-packaging-film-supplier","9":"first","10":"instock","11":"shipping-taxable","12":"product-type-simple"},"_links":{"self":[{"href":"https:\/\/www.hyflexpack.com\/tr\/wp-json\/wp\/v2\/product\/9336","targetHints":{"allow":["GET"]}}],"collection":[{"href":"https:\/\/www.hyflexpack.com\/tr\/wp-json\/wp\/v2\/product"}],"about":[{"href":"https:\/\/www.hyflexpack.com\/tr\/wp-json\/wp\/v2\/types\/product"}],"replies":[{"embeddable":true,"href":"https:\/\/www.hyflexpack.com\/tr\/wp-json\/wp\/v2\/comments?post=9336"}],"wp:featuredmedia":[{"embeddable":true,"href":"https:\/\/www.hyflexpack.com\/tr\/wp-json\/wp\/v2\/media\/9310"}],"wp:attachment":[{"href":"https:\/\/www.hyflexpack.com\/tr\/wp-json\/wp\/v2\/media?parent=9336"}],"wp:term":[{"taxonomy":"product_brand","embeddable":true,"href":"https:\/\/www.hyflexpack.com\/tr\/wp-json\/wp\/v2\/product_brand?post=9336"},{"taxonomy":"product_cat","embeddable":true,"href":"https:\/\/www.hyflexpack.com\/tr\/wp-json\/wp\/v2\/product_cat?post=9336"},{"taxonomy":"product_tag","embeddable":true,"href":"https:\/\/www.hyflexpack.com\/tr\/wp-json\/wp\/v2\/product_tag?post=9336"}],"curies":[{"name":"wp","href":"https:\/\/api.w.org\/{rel}","templated":true}]}}