{"id":9334,"date":"2026-02-26T03:03:41","date_gmt":"2026-02-26T03:03:41","guid":{"rendered":"https:\/\/www.hyflexpack.com\/?post_type=product&#038;p=9334"},"modified":"2026-02-26T03:03:56","modified_gmt":"2026-02-26T03:03:56","slug":"custom-printed-mpet-twist-film-bulk","status":"publish","type":"product","link":"https:\/\/www.hyflexpack.com\/tr\/product\/custom-printed-mpet-twist-film-bulk\/","title":{"rendered":"\u00d6zel MPET B\u00fck\u00fcm Film D\u00f6kme, Tek Katmanl\u0131 Ambalaj Rulo Film Tedarik\u00e7isi"},"content":{"rendered":"<div class=\"wp-block-columns is-layout-flex wp-container-core-columns-is-layout-9d6595d7 wp-block-columns-is-layout-flex\">\n<div class=\"wp-block-column is-layout-flow wp-block-column-is-layout-flow\">\n<h2 class=\"wp-block-heading\">Y\u00fcksek Kaliteli \u00d6zel Bask\u0131l\u0131 MPET Twist Film \u00d6zellikleri<\/h2>\n\n\n\n<ul class=\"wp-block-list\">\n<li>\u00d6zel Bask\u0131l\u0131 MPET B\u00fck\u00fcm Filmimiz tek katmanl\u0131 metalize PET'ten yap\u0131lm\u0131\u015ft\u0131r. Bu b\u00fck\u00fcm filmi, \u015fekerleme ve \u015fekerleme ambalajlar\u0131 i\u00e7in g\u00fcvenilir b\u00fck\u00fcm tutma ve p\u00fcr\u00fczs\u00fcz sarma performans\u0131 sa\u011flar.<\/li>\n<\/ul>\n\n\n\n<ul class=\"wp-block-list\">\n<li>Markal\u0131 \u015feker ambalajlar\u0131 ve promosyon tasar\u0131mlar\u0131 i\u00e7in ideal olan, net grafikler ve istikrarl\u0131 renk \u00fcretimi ile \u00f6zel bask\u0131l\u0131 MPET b\u00fck\u00fcm filmi destekler.<\/li>\n<\/ul>\n\n\n\n<ul class=\"wp-block-list\">\n<li>\u015eekerleme ambalajlar\u0131nda nem direnci, dayan\u0131kl\u0131l\u0131k ve tutarl\u0131 performans sunan b\u00fck\u00fcml\u00fc sarma uygulamalar\u0131 i\u00e7in tasarlanm\u0131\u015ft\u0131r.<\/li>\n<\/ul>\n<\/div>\n\n\n\n<div class=\"wp-block-column is-layout-flow wp-block-column-is-layout-flow\">\n<figure class=\"wp-block-image size-full\"><img fetchpriority=\"high\" decoding=\"async\" width=\"750\" height=\"750\" src=\"https:\/\/www.hyflexpack.com\/wp-content\/uploads\/2026\/02\/Custom-Printed-MPET-Twist-Film-Single-Layer-2.webp\" alt=\"\u00d6zel Bask\u0131l\u0131 MPET Twist Film (Tek Katmanl\u0131)\" class=\"wp-image-9302\" srcset=\"https:\/\/www.hyflexpack.com\/wp-content\/uploads\/2026\/02\/Custom-Printed-MPET-Twist-Film-Single-Layer-2.webp 750w, https:\/\/www.hyflexpack.com\/wp-content\/uploads\/2026\/02\/Custom-Printed-MPET-Twist-Film-Single-Layer-2-300x300.webp 300w, https:\/\/www.hyflexpack.com\/wp-content\/uploads\/2026\/02\/Custom-Printed-MPET-Twist-Film-Single-Layer-2-150x150.webp 150w, https:\/\/www.hyflexpack.com\/wp-content\/uploads\/2026\/02\/Custom-Printed-MPET-Twist-Film-Single-Layer-2-12x12.webp 12w, https:\/\/www.hyflexpack.com\/wp-content\/uploads\/2026\/02\/Custom-Printed-MPET-Twist-Film-Single-Layer-2-285x285.webp 285w, https:\/\/www.hyflexpack.com\/wp-content\/uploads\/2026\/02\/Custom-Printed-MPET-Twist-Film-Single-Layer-2-270x270.webp 270w, https:\/\/www.hyflexpack.com\/wp-content\/uploads\/2026\/02\/Custom-Printed-MPET-Twist-Film-Single-Layer-2-540x540.webp 540w, https:\/\/www.hyflexpack.com\/wp-content\/uploads\/2026\/02\/Custom-Printed-MPET-Twist-Film-Single-Layer-2-660x660.webp 660w\" sizes=\"(max-width: 750px) 100vw, 750px\" \/><\/figure>\n<\/div>\n<\/div>","protected":false},"excerpt":{"rendered":"<p>\u00d6zel bask\u0131l\u0131 MPET b\u00fck\u00fcm filmimiz, \u015fekerleme ve \u015fekerleme b\u00fck\u00fcm sarma i\u00e7in tasarlanm\u0131\u015f y\u00fcksek performansl\u0131 metalize PET ambalaj filmidir. Bu tek katmanl\u0131 MPET b\u00fck\u00fcm filmi m\u00fckemmel b\u00fck\u00fcm tutma, y\u00fcksek parlakl\u0131kta metalik g\u00f6r\u00fcn\u00fcm ve etkili nem bariyeri \u00f6zellikleri sunar. \u00d6zel bask\u0131 se\u00e7eneklerimiz, markalar\u0131n b\u00fck\u00fcml\u00fc ambalaj uygulamalar\u0131nda kimlik ve raf \u00e7ekicili\u011fini art\u0131rmas\u0131na yard\u0131mc\u0131 olabilir. Bug\u00fcn bize ula\u015f\u0131n ve \u00f6zel g\u0131da ambalajlar\u0131n\u0131z\u0131 \u00f6zelle\u015ftirelim!<\/p>\n<h2>MPET Twist Film \u00dcreticisinin Avantajlar\u0131<\/h2>\n<ul>\n<li><strong>\u00d6zel tasar\u0131m:<\/strong> M\u00fc\u015fteri ihtiya\u00e7lar\u0131n\u0131 kar\u015f\u0131lamak i\u00e7in malzeme, boyut ve bask\u0131 deseni \u00f6zelle\u015ftirmesi dahil olmak \u00fczere \u00f6zelle\u015ftirilmi\u015f hizmetler sa\u011fl\u0131yor ve OEM ve ODM'yi destekliyoruz.<\/li>\n<li><strong>\u0130malat:<\/strong> Geli\u015fmi\u015f ekipman ve teknoloji ile sipari\u015f \u00fcretimini verimli ve y\u00fcksek kalitede tamamlayabilir ve zaman\u0131nda teslim edebiliriz.<\/li>\n<li><strong>Kalite kontrol:<\/strong> \u00dcretim, \u00fcr\u00fcnlerin standartlar\u0131 kar\u015f\u0131lamas\u0131n\u0131 sa\u011flamak i\u00e7in kalite standartlar\u0131na ve g\u0131da g\u00fcvenli\u011fi gerekliliklerine s\u0131k\u0131 s\u0131k\u0131ya ba\u011fl\u0131 olarak ger\u00e7ekle\u015ftirilir.<\/li>\n<li><strong>M\u00fc\u015fteri hizmetleri:<\/strong> 24 saat h\u0131zl\u0131 yan\u0131t ve \u00f6zenli m\u00fc\u015fteri hizmetleri deste\u011fi sa\u011flamak.<\/li>\n<li><strong>\u00dccretsiz numune:<\/strong> \u00dcr\u00fcn\u00fc de\u011ferlendirebilmeniz i\u00e7in \u00fccretsiz numune hizmeti sunmak.<\/li>\n<\/ul>\n<p>Huiyang Packaging, m\u00fc\u015fterilerine y\u00fcksek kaliteli \u00f6zel bask\u0131l\u0131 MPET b\u00fck\u00fcm filmi sunmay\u0131, m\u00fc\u015fterilerin \u00fcr\u00fcn imajlar\u0131n\u0131 iyile\u015ftirmelerine ve pazar rekabet g\u00fc\u00e7lerini art\u0131rmalar\u0131na yard\u0131mc\u0131 olmay\u0131 taahh\u00fct eder<\/p>","protected":false},"featured_media":9302,"comment_status":"closed","ping_status":"closed","template":"","meta":[],"product_brand":[],"product_cat":[89],"product_tag":[],"class_list":{"0":"post-9334","1":"product","2":"type-product","3":"status-publish","4":"has-post-thumbnail","6":"product_cat-custom-twist-film","8":"first","9":"instock","10":"shipping-taxable","11":"product-type-simple"},"_links":{"self":[{"href":"https:\/\/www.hyflexpack.com\/tr\/wp-json\/wp\/v2\/product\/9334","targetHints":{"allow":["GET"]}}],"collection":[{"href":"https:\/\/www.hyflexpack.com\/tr\/wp-json\/wp\/v2\/product"}],"about":[{"href":"https:\/\/www.hyflexpack.com\/tr\/wp-json\/wp\/v2\/types\/product"}],"replies":[{"embeddable":true,"href":"https:\/\/www.hyflexpack.com\/tr\/wp-json\/wp\/v2\/comments?post=9334"}],"wp:featuredmedia":[{"embeddable":true,"href":"https:\/\/www.hyflexpack.com\/tr\/wp-json\/wp\/v2\/media\/9302"}],"wp:attachment":[{"href":"https:\/\/www.hyflexpack.com\/tr\/wp-json\/wp\/v2\/media?parent=9334"}],"wp:term":[{"taxonomy":"product_brand","embeddable":true,"href":"https:\/\/www.hyflexpack.com\/tr\/wp-json\/wp\/v2\/product_brand?post=9334"},{"taxonomy":"product_cat","embeddable":true,"href":"https:\/\/www.hyflexpack.com\/tr\/wp-json\/wp\/v2\/product_cat?post=9334"},{"taxonomy":"product_tag","embeddable":true,"href":"https:\/\/www.hyflexpack.com\/tr\/wp-json\/wp\/v2\/product_tag?post=9334"}],"curies":[{"name":"wp","href":"https:\/\/api.w.org\/{rel}","templated":true}]}}