{"id":9286,"date":"2026-02-26T02:39:21","date_gmt":"2026-02-26T02:39:21","guid":{"rendered":"https:\/\/www.hyflexpack.com\/?post_type=product&#038;p=9286"},"modified":"2026-02-26T02:39:24","modified_gmt":"2026-02-26T02:39:24","slug":"custom-packaging-film-for-popcorn","status":"publish","type":"product","link":"https:\/\/www.hyflexpack.com\/tr\/product\/custom-packaging-film-for-popcorn\/","title":{"rendered":"Patlam\u0131\u015f M\u0131s\u0131r i\u00e7in \u00d6zel Ambalaj Filmi, Plastik Is\u0131 Yal\u0131t\u0131ml\u0131 Lamine Rulo Film"},"content":{"rendered":"<div class=\"wp-block-columns is-layout-flex wp-container-core-columns-is-layout-9d6595d7 wp-block-columns-is-layout-flex\">\n<div class=\"wp-block-column is-layout-flow wp-block-column-is-layout-flow\">\n<h2 class=\"wp-block-heading\">Patlam\u0131\u015f M\u0131s\u0131r i\u00e7in \u00d6zel Ambalaj Filmi \u00d6zellikleri<\/h2>\n\n\n\n<ul class=\"wp-block-list\">\n<li>Patlam\u0131\u015f m\u0131s\u0131r i\u00e7in \u00f6zel ambalaj filmimiz, yast\u0131k torbalar ve dikey form doldurma m\u00fch\u00fcrleme (VFFS) makineleri i\u00e7in uygun patlam\u0131\u015f m\u0131s\u0131r ambalaj\u0131 i\u00e7in \u00f6zel olarak geli\u015ftirilmi\u015ftir.<\/li>\n<\/ul>\n\n\n\n<ul class=\"wp-block-list\">\n<li>\u00c7ok katmanl\u0131 lamine plastik film, y\u00fcksek h\u0131zl\u0131 paketleme s\u0131ras\u0131nda g\u00fcvenilir \u0131s\u0131l yap\u0131\u015ft\u0131rma performans\u0131 ve tutarl\u0131 yap\u0131\u015ft\u0131rma b\u00fct\u00fcnl\u00fc\u011f\u00fc sa\u011flar.<\/li>\n<\/ul>\n\n\n\n<ul class=\"wp-block-list\">\n<li>Patlam\u0131\u015f m\u0131s\u0131r\u0131 nemden, ya\u011fdan ve harici kirlenmeden etkili bir \u015fekilde koruyarak tazeli\u011fin ve gevrekli\u011fin korunmas\u0131na yard\u0131mc\u0131 olur.<\/li>\n<\/ul>\n\n\n\n<ul class=\"wp-block-list\">\n<li>Patlam\u0131\u015f m\u0131s\u0131r paketleme makinelerinde istikrarl\u0131 \u00e7al\u0131\u015fma i\u00e7in optimize edilmi\u015ftir, film israf\u0131n\u0131 azalt\u0131r ve \u00fcretim verimlili\u011fini art\u0131r\u0131r.<\/li>\n<\/ul>\n\n\n\n<ul class=\"wp-block-list\">\n<li>Canl\u0131 renkler ve iyi m\u00fcrekkep yap\u0131\u015fmas\u0131 ile y\u00fcksek kaliteli \u00f6zel bask\u0131y\u0131 destekler, markal\u0131 patlam\u0131\u015f m\u0131s\u0131r paketleme \u00e7\u00f6z\u00fcmleri i\u00e7in idealdir.<\/li>\n<\/ul>\n<\/div>\n\n\n\n<div class=\"wp-block-column is-layout-flow wp-block-column-is-layout-flow\">\n<figure class=\"wp-block-image size-full\"><img fetchpriority=\"high\" decoding=\"async\" width=\"1000\" height=\"1000\" src=\"https:\/\/www.hyflexpack.com\/wp-content\/uploads\/2026\/02\/Custom-Packaging-Film-for-Popcorn-12.webp\" alt=\"Patlam\u0131\u015f M\u0131s\u0131r i\u00e7in \u00d6zel Ambalaj Filmi\" class=\"wp-image-9263\" srcset=\"https:\/\/www.hyflexpack.com\/wp-content\/uploads\/2026\/02\/Custom-Packaging-Film-for-Popcorn-12.webp 1000w, https:\/\/www.hyflexpack.com\/wp-content\/uploads\/2026\/02\/Custom-Packaging-Film-for-Popcorn-12-300x300.webp 300w, https:\/\/www.hyflexpack.com\/wp-content\/uploads\/2026\/02\/Custom-Packaging-Film-for-Popcorn-12-150x150.webp 150w, https:\/\/www.hyflexpack.com\/wp-content\/uploads\/2026\/02\/Custom-Packaging-Film-for-Popcorn-12-768x768.webp 768w, https:\/\/www.hyflexpack.com\/wp-content\/uploads\/2026\/02\/Custom-Packaging-Film-for-Popcorn-12-12x12.webp 12w, https:\/\/www.hyflexpack.com\/wp-content\/uploads\/2026\/02\/Custom-Packaging-Film-for-Popcorn-12-285x285.webp 285w, https:\/\/www.hyflexpack.com\/wp-content\/uploads\/2026\/02\/Custom-Packaging-Film-for-Popcorn-12-270x270.webp 270w, https:\/\/www.hyflexpack.com\/wp-content\/uploads\/2026\/02\/Custom-Packaging-Film-for-Popcorn-12-540x540.webp 540w, https:\/\/www.hyflexpack.com\/wp-content\/uploads\/2026\/02\/Custom-Packaging-Film-for-Popcorn-12-660x660.webp 660w\" sizes=\"(max-width: 1000px) 100vw, 1000px\" \/><\/figure>\n<\/div>\n<\/div>\n\n\n\n<p><\/p>","protected":false},"excerpt":{"rendered":"<p>Patlam\u0131\u015f m\u0131s\u0131r i\u00e7in \u00f6zel ambalaj filmimiz, otomatik paketleme hatlar\u0131 i\u00e7in tasarlanm\u0131\u015f plastik \u0131s\u0131 yal\u0131t\u0131ml\u0131 lamine rulo filmden yap\u0131lm\u0131\u015ft\u0131r. Bu y\u00fcksek performansl\u0131 patlam\u0131\u015f m\u0131s\u0131r ambalaj filmi, g\u00fc\u00e7l\u00fc \u0131s\u0131l yap\u0131\u015fma mukavemeti, m\u00fckemmel nem ve ya\u011f direnci ve istikrarl\u0131 i\u015flenebilirlik sunar ve marka sunumunu geli\u015ftirmek i\u00e7in \u00f6zel bask\u0131 mevcuttur. Bug\u00fcn bize ula\u015f\u0131n ve \u00f6zel g\u0131da ambalaj\u0131n\u0131z\u0131 \u00f6zelle\u015ftirelim!<\/p>\n<h2>Patlam\u0131\u015f M\u0131s\u0131r Ambalaj Filmi \u00dcreticisinin Avantajlar\u0131\u00a0<\/h2>\n<ul>\n<li><strong>\u00d6zel tasar\u0131m:<\/strong> M\u00fc\u015fteri ihtiya\u00e7lar\u0131n\u0131 kar\u015f\u0131lamak i\u00e7in malzeme, boyut ve bask\u0131 deseni \u00f6zelle\u015ftirmesi dahil olmak \u00fczere \u00f6zelle\u015ftirilmi\u015f hizmetler sa\u011fl\u0131yor ve OEM ve ODM'yi destekliyoruz.<\/li>\n<li><strong>\u0130malat:<\/strong> Verimli ve istikrarl\u0131 \u00fcretim s\u00fcre\u00e7leri ve zaman\u0131nda teslimat sa\u011flamak i\u00e7in uluslararas\u0131 d\u00fczeyde geli\u015fmi\u015f kompozit \u00fcretim hatlar\u0131 ve otomatik kontrol sistemleri benimseyin.<\/li>\n<li><strong>Kalite kontrol:<\/strong> \u00dcr\u00fcnlerin standartlar\u0131 kar\u015f\u0131lad\u0131\u011f\u0131ndan emin olmak i\u00e7in kalite standartlar\u0131na ve g\u0131da g\u00fcvenli\u011fi gerekliliklerine uygun olarak \u00fcretim yapmak.<\/li>\n<li><strong>M\u00fc\u015fteri hizmetleri:<\/strong> G\u00fcn\u00fcn 24 saati h\u0131zl\u0131 yan\u0131t ve \u00f6zenli m\u00fc\u015fteri hizmetleri deste\u011fi sa\u011flay\u0131n.<\/li>\n<li><strong>\u00dccretsiz numuneler:<\/strong> M\u00fc\u015fterilerin deneyip de\u011ferlendirmesi i\u00e7in k\u00fc\u00e7\u00fck parti numuneler haz\u0131rlay\u0131n.<\/li>\n<\/ul>\n<p>Huiyang Packaging, m\u00fc\u015fterilerine patlam\u0131\u015f m\u0131s\u0131r i\u00e7in y\u00fcksek kaliteli \u00d6zel ambalaj filmi sunmay\u0131, m\u00fc\u015fterilerin \u00fcr\u00fcn imajlar\u0131n\u0131 iyile\u015ftirmelerine ve pazar rekabet g\u00fc\u00e7lerini art\u0131rmalar\u0131na yard\u0131mc\u0131 olmay\u0131 taahh\u00fct eder.<\/p>","protected":false},"featured_media":9263,"comment_status":"closed","ping_status":"closed","template":"","meta":[],"product_brand":[],"product_cat":[53],"product_tag":[],"class_list":{"0":"post-9286","1":"product","2":"type-product","3":"status-publish","4":"has-post-thumbnail","6":"product_cat-packaging-film-supplier","8":"first","9":"instock","10":"shipping-taxable","11":"product-type-simple"},"_links":{"self":[{"href":"https:\/\/www.hyflexpack.com\/tr\/wp-json\/wp\/v2\/product\/9286","targetHints":{"allow":["GET"]}}],"collection":[{"href":"https:\/\/www.hyflexpack.com\/tr\/wp-json\/wp\/v2\/product"}],"about":[{"href":"https:\/\/www.hyflexpack.com\/tr\/wp-json\/wp\/v2\/types\/product"}],"replies":[{"embeddable":true,"href":"https:\/\/www.hyflexpack.com\/tr\/wp-json\/wp\/v2\/comments?post=9286"}],"wp:featuredmedia":[{"embeddable":true,"href":"https:\/\/www.hyflexpack.com\/tr\/wp-json\/wp\/v2\/media\/9263"}],"wp:attachment":[{"href":"https:\/\/www.hyflexpack.com\/tr\/wp-json\/wp\/v2\/media?parent=9286"}],"wp:term":[{"taxonomy":"product_brand","embeddable":true,"href":"https:\/\/www.hyflexpack.com\/tr\/wp-json\/wp\/v2\/product_brand?post=9286"},{"taxonomy":"product_cat","embeddable":true,"href":"https:\/\/www.hyflexpack.com\/tr\/wp-json\/wp\/v2\/product_cat?post=9286"},{"taxonomy":"product_tag","embeddable":true,"href":"https:\/\/www.hyflexpack.com\/tr\/wp-json\/wp\/v2\/product_tag?post=9286"}],"curies":[{"name":"wp","href":"https:\/\/api.w.org\/{rel}","templated":true}]}}