{"id":9217,"date":"2026-02-05T08:22:21","date_gmt":"2026-02-05T08:22:21","guid":{"rendered":"https:\/\/www.hyflexpack.com\/?post_type=product&#038;p=9217"},"modified":"2026-02-05T08:22:28","modified_gmt":"2026-02-05T08:22:28","slug":"custom-fresh-fruit-packaging-bags-bulk","status":"publish","type":"product","link":"https:\/\/www.hyflexpack.com\/tr\/product\/custom-fresh-fruit-packaging-bags-bulk\/","title":{"rendered":"Toplu \u00d6zel Taze Meyve Ambalaj Torbalar\u0131, Mikro Delikli A\u011f\u0131r Hizmet Tipi Stand-Up Torba"},"content":{"rendered":"<div class=\"wp-block-columns is-layout-flex wp-container-core-columns-is-layout-9d6595d7 wp-block-columns-is-layout-flex\">\n<div class=\"wp-block-column is-layout-flow wp-block-column-is-layout-flow\">\n<h2 class=\"wp-block-heading\">Custom Fresh Fruit Packaging Bags Features<\/h2>\n\n\n\n<ul class=\"wp-block-list\">\n<li><strong>Flexible Customization:<\/strong> These <strong>bulk custom fresh fruit packaging bags<\/strong> support full customization in size, thickness, materials, and logo printing to meet diverse fresh produce packaging needs.<\/li>\n\n\n\n<li><strong>Heavy-Duty Structure:<\/strong> Designed with a reinforced stand-up pouch construction, these bags offer excellent strength, tear resistance, and stability for fruit and vegetable packaging during transport and retail display.<\/li>\n\n\n\n<li><strong>Convenient Grab-and-Go Design:<\/strong> Equipped with a practical die-cut handle, this custom fresh fruit &amp; vegetable bag delivers a clear \u201cgrab-and-go\u201d message, making freshness easy to carry and purchase.<\/li>\n\n\n\n<li><strong>Freshness Protection:<\/strong> Ideal for fresh produce packaging, these <strong>bulk custom fresh fruit packaging bags<\/strong> help extend shelf life and preserve product quality throughout the entire supply chain.<\/li>\n\n\n\n<li><strong>Food-Safe &amp; Eco-Friendly Options:<\/strong> Made from food-grade materials with optional recyclable structures, these custom fresh fruit &amp; vegetable bags support sustainable and responsible produce packaging solutions.<\/li>\n<\/ul>\n<\/div>\n\n\n\n<div class=\"wp-block-column is-layout-flow wp-block-column-is-layout-flow\">\n<figure class=\"wp-block-image size-full\"><img fetchpriority=\"high\" decoding=\"async\" width=\"1024\" height=\"1024\" src=\"https:\/\/www.hyflexpack.com\/wp-content\/uploads\/2026\/02\/Custom-Fresh-Fruit-Vegetable-Bags-1-2.webp\" alt=\"Custom Fresh Fruit &amp; Vegetable Bags\" class=\"wp-image-9184\" srcset=\"https:\/\/www.hyflexpack.com\/wp-content\/uploads\/2026\/02\/Custom-Fresh-Fruit-Vegetable-Bags-1-2.webp 1024w, https:\/\/www.hyflexpack.com\/wp-content\/uploads\/2026\/02\/Custom-Fresh-Fruit-Vegetable-Bags-1-2-300x300.webp 300w, https:\/\/www.hyflexpack.com\/wp-content\/uploads\/2026\/02\/Custom-Fresh-Fruit-Vegetable-Bags-1-2-150x150.webp 150w, https:\/\/www.hyflexpack.com\/wp-content\/uploads\/2026\/02\/Custom-Fresh-Fruit-Vegetable-Bags-1-2-768x768.webp 768w, https:\/\/www.hyflexpack.com\/wp-content\/uploads\/2026\/02\/Custom-Fresh-Fruit-Vegetable-Bags-1-2-12x12.webp 12w, https:\/\/www.hyflexpack.com\/wp-content\/uploads\/2026\/02\/Custom-Fresh-Fruit-Vegetable-Bags-1-2-285x285.webp 285w, https:\/\/www.hyflexpack.com\/wp-content\/uploads\/2026\/02\/Custom-Fresh-Fruit-Vegetable-Bags-1-2-270x270.webp 270w, https:\/\/www.hyflexpack.com\/wp-content\/uploads\/2026\/02\/Custom-Fresh-Fruit-Vegetable-Bags-1-2-540x540.webp 540w, https:\/\/www.hyflexpack.com\/wp-content\/uploads\/2026\/02\/Custom-Fresh-Fruit-Vegetable-Bags-1-2-660x660.webp 660w\" sizes=\"(max-width: 1024px) 100vw, 1024px\" \/><\/figure>\n<\/div>\n<\/div>","protected":false},"excerpt":{"rendered":"<p>Designed with a heavy-duty stand-up pouch structure and micro vents, our bulk custom fresh fruit packaging bags keep produce breathable, protected, and visually appealing. Strong materials, stable standing, and controlled ventilation ensure reliable fresh fruit and vegetable packaging across the supply chain.<\/p>\n<h2>Advantages of Custom Fresh Fruit Packaging Bags<\/h2>\n<ul>\n<li><strong>\u00d6zel Tasar\u0131m<\/strong>: We provide customized packaging bag services, including material, size, and printing pattern customization to meet customer needs, and support OEM and ODM.<\/li>\n<li><strong>\u0130malat:<\/strong> Geli\u015fmi\u015f ekipman ve teknoloji ile sipari\u015f \u00fcretimini verimli ve y\u00fcksek kalitede tamamlayabilir ve zaman\u0131nda teslim edebiliriz.<\/li>\n<li><strong>Kalite Kontrol\u00fc:<\/strong> \u00dcretim, \u00fcr\u00fcnlerin standartlar\u0131 kar\u015f\u0131lamas\u0131n\u0131 sa\u011flamak i\u00e7in kalite standartlar\u0131na ve g\u0131da g\u00fcvenli\u011fi gerekliliklerine s\u0131k\u0131 s\u0131k\u0131ya ba\u011fl\u0131 olarak ger\u00e7ekle\u015ftirilir.<\/li>\n<li><strong>M\u00fc\u015fteri hizmetleri:<\/strong> G\u00fcn\u00fcn 24 saati h\u0131zl\u0131 yan\u0131t ve \u00f6zenli m\u00fc\u015fteri hizmetleri deste\u011fi sa\u011flay\u0131n.<\/li>\n<li><strong>\u00dccretsiz numune:<\/strong> \u00dcr\u00fcn\u00fc de\u011ferlendirebilmeniz i\u00e7in \u00fccretsiz numune hizmeti sunmak.<\/li>\n<\/ul>\n<p><a href=\"https:\/\/www.hyflexpack.com\/tr\/\"><strong>Huiyang Ambalaj<\/strong> <\/a>is committed to providing customers with high-quality Custom Fresh Fruit &amp; Vegetable Bags, helping our clients enhance product image and strengthen market competitiveness.<\/p>","protected":false},"featured_media":9184,"comment_status":"closed","ping_status":"closed","template":"","meta":[],"product_brand":[],"product_cat":[106,51],"product_tag":[116,124],"class_list":{"0":"post-9217","1":"product","2":"type-product","3":"status-publish","4":"has-post-thumbnail","6":"product_cat-vegetable-packaging-bags-wholesale","7":"product_cat-custom-food-packaging-bags","8":"product_tag-stand-up-pouch-manufacturer","9":"product_tag-zipper-pouch-manufacturer","11":"first","12":"instock","13":"shipping-taxable","14":"product-type-simple"},"_links":{"self":[{"href":"https:\/\/www.hyflexpack.com\/tr\/wp-json\/wp\/v2\/product\/9217","targetHints":{"allow":["GET"]}}],"collection":[{"href":"https:\/\/www.hyflexpack.com\/tr\/wp-json\/wp\/v2\/product"}],"about":[{"href":"https:\/\/www.hyflexpack.com\/tr\/wp-json\/wp\/v2\/types\/product"}],"replies":[{"embeddable":true,"href":"https:\/\/www.hyflexpack.com\/tr\/wp-json\/wp\/v2\/comments?post=9217"}],"wp:featuredmedia":[{"embeddable":true,"href":"https:\/\/www.hyflexpack.com\/tr\/wp-json\/wp\/v2\/media\/9184"}],"wp:attachment":[{"href":"https:\/\/www.hyflexpack.com\/tr\/wp-json\/wp\/v2\/media?parent=9217"}],"wp:term":[{"taxonomy":"product_brand","embeddable":true,"href":"https:\/\/www.hyflexpack.com\/tr\/wp-json\/wp\/v2\/product_brand?post=9217"},{"taxonomy":"product_cat","embeddable":true,"href":"https:\/\/www.hyflexpack.com\/tr\/wp-json\/wp\/v2\/product_cat?post=9217"},{"taxonomy":"product_tag","embeddable":true,"href":"https:\/\/www.hyflexpack.com\/tr\/wp-json\/wp\/v2\/product_tag?post=9217"}],"curies":[{"name":"wp","href":"https:\/\/api.w.org\/{rel}","templated":true}]}}