{"id":9067,"date":"2026-02-26T04:05:29","date_gmt":"2026-02-26T04:05:29","guid":{"rendered":"https:\/\/www.hyflexpack.com\/?post_type=product&#038;p=9067"},"modified":"2026-02-26T04:05:33","modified_gmt":"2026-02-26T04:05:33","slug":"bulk-laundry-detergent-packaging-bags","status":"publish","type":"product","link":"https:\/\/www.hyflexpack.com\/tr\/product\/bulk-laundry-detergent-packaging-bags\/","title":{"rendered":"\u00d6zel \u00c7ama\u015f\u0131r Deterjan\u0131 Ambalaj\u0131 Kompozit D\u00f6rt Taraf\u0131 Kapal\u0131 Sapl\u0131 Is\u0131l Yap\u0131\u015fmal\u0131 Torbalar"},"content":{"rendered":"<div class=\"wp-block-columns is-layout-flex wp-container-core-columns-is-layout-9d6595d7 wp-block-columns-is-layout-flex\">\n<div class=\"wp-block-column is-layout-flow wp-block-column-is-layout-flow\">\n<h2 class=\"wp-block-heading\">D\u00f6kme \u00c7ama\u015f\u0131r Deterjan\u0131 Ambalaj Torbas\u0131n\u0131n \u00d6zellikleri<\/h2>\n\n\n\n<ul class=\"wp-block-list\">\n<li>Toz \u00e7ama\u015f\u0131rlar i\u00e7in \u00f6zel olarak tasarlanm\u0131\u015f olup, depolama ve ta\u015f\u0131ma s\u0131ras\u0131nda g\u00fcvenli kullan\u0131m, nem korumas\u0131 ve \u00fcr\u00fcn kalitesinin korunmas\u0131n\u0131 sa\u011flar.<\/li>\n\n\n\n<li>Nem, koku ve kimyasal maruziyete kar\u015f\u0131 m\u00fckemmel bariyer performans\u0131 sunan y\u00fcksek kaliteli kompozit malzemelerden \u00fcretilmi\u015ftir.<\/li>\n\n\n\n<li>D\u00f6rt taraf\u0131 kapal\u0131 \u0131s\u0131 yal\u0131t\u0131ml\u0131 torbalar g\u00fcvenli paketleme sa\u011flarken, dahili tutma yeri perakendeciler ve t\u00fcketiciler i\u00e7in ta\u015f\u0131ma ve da\u011f\u0131t\u0131m\u0131 kolayla\u015ft\u0131r\u0131r.<\/li>\n\n\n\n<li>\u00d6zel boyutlar\u0131, bask\u0131y\u0131, malzemeleri, kal\u0131nl\u0131\u011f\u0131 ve kulp tasar\u0131m\u0131n\u0131 destekleyerek markalar\u0131n perakende, toptan ve OEM projeleri i\u00e7in ay\u0131rt edici \u00f6zel \u00e7ama\u015f\u0131r deterjan\u0131 ambalajlar\u0131 olu\u015fturmas\u0131na olanak tan\u0131r.<\/li>\n\n\n\n<li>Fabrikada do\u011frudan \u00fcretim, istikrarl\u0131 kalite, d\u00fc\u015f\u00fck MOQ ve verimli teslim s\u00fcreleri sa\u011flar, toplu sipari\u015fler ve marka geni\u015fletme i\u00e7in idealdir.<\/li>\n<\/ul>\n<\/div>\n\n\n\n<div class=\"wp-block-column is-layout-flow wp-block-column-is-layout-flow\">\n<figure class=\"wp-block-image size-full\"><img fetchpriority=\"high\" decoding=\"async\" width=\"1676\" height=\"1676\" src=\"https:\/\/www.hyflexpack.com\/wp-content\/uploads\/2026\/01\/Custom-Laundry-Detergent-Packaging-5.webp\" alt=\"\u00d6zel \u00c7ama\u015f\u0131r Deterjan\u0131 Ambalajlar\u0131 \" class=\"wp-image-9039\" srcset=\"https:\/\/www.hyflexpack.com\/wp-content\/uploads\/2026\/01\/Custom-Laundry-Detergent-Packaging-5.webp 1676w, https:\/\/www.hyflexpack.com\/wp-content\/uploads\/2026\/01\/Custom-Laundry-Detergent-Packaging-5-300x300.webp 300w, https:\/\/www.hyflexpack.com\/wp-content\/uploads\/2026\/01\/Custom-Laundry-Detergent-Packaging-5-150x150.webp 150w, https:\/\/www.hyflexpack.com\/wp-content\/uploads\/2026\/01\/Custom-Laundry-Detergent-Packaging-5-768x768.webp 768w, https:\/\/www.hyflexpack.com\/wp-content\/uploads\/2026\/01\/Custom-Laundry-Detergent-Packaging-5-12x12.webp 12w, https:\/\/www.hyflexpack.com\/wp-content\/uploads\/2026\/01\/Custom-Laundry-Detergent-Packaging-5-285x285.webp 285w, https:\/\/www.hyflexpack.com\/wp-content\/uploads\/2026\/01\/Custom-Laundry-Detergent-Packaging-5-1600x1600.webp 1600w, https:\/\/www.hyflexpack.com\/wp-content\/uploads\/2026\/01\/Custom-Laundry-Detergent-Packaging-5-270x270.webp 270w, https:\/\/www.hyflexpack.com\/wp-content\/uploads\/2026\/01\/Custom-Laundry-Detergent-Packaging-5-540x540.webp 540w, https:\/\/www.hyflexpack.com\/wp-content\/uploads\/2026\/01\/Custom-Laundry-Detergent-Packaging-5-660x660.webp 660w\" sizes=\"(max-width: 1676px) 100vw, 1676px\" \/><\/figure>\n<\/div>\n<\/div>","protected":false},"excerpt":{"rendered":"<p>D\u00f6kme \u00e7ama\u015f\u0131r deterjan\u0131 ambalaj\u0131m\u0131z, s\u0131zd\u0131rmaz s\u0131zd\u0131rmazl\u0131\u011fa sahip dayan\u0131kl\u0131 PET \/ AL \/ PE lamine filmden yap\u0131lm\u0131\u015ft\u0131r. \u00d6nde gelen bir emzikli po\u015fet ambalaj \u00fcreticisi olarak, \u00fccretsiz tasar\u0131m, \u00fccretsiz numune ve rekabet\u00e7i fabrika toptan sat\u0131\u015f fiyatlar\u0131 sunuyoruz.<\/p>\n<h3>D\u00f6kme \u00c7ama\u015f\u0131r Deterjan\u0131 Paketleme Tedarik\u00e7isinin Avantajlar\u0131<\/h3>\n<ul>\n<li><strong>\u00d6zel Tasar\u0131m:<\/strong>\u00a0M\u00fc\u015fteri ihtiya\u00e7lar\u0131n\u0131 kar\u015f\u0131lamak i\u00e7in malzeme, boyut ve bask\u0131 deseni \u00f6zelle\u015ftirmesi dahil olmak \u00fczere \u00f6zelle\u015ftirilmi\u015f hizmetler sa\u011fl\u0131yor ve OEM ve ODM'yi destekliyoruz.<\/li>\n<li><strong>\u0130malat:<\/strong>\u00a0Geli\u015fmi\u015f ekipman ve teknoloji ile sipari\u015f \u00fcretimini verimli ve y\u00fcksek kalitede tamamlayabilir ve zaman\u0131nda teslim edebiliriz.<\/li>\n<li><strong>Kalite Kontrol\u00fc:<\/strong>\u00a0\u00dcretim, \u00fcr\u00fcnlerin standartlar\u0131 kar\u015f\u0131lamas\u0131n\u0131 sa\u011flamak i\u00e7in kalite standartlar\u0131na ve g\u0131da g\u00fcvenli\u011fi gerekliliklerine s\u0131k\u0131 s\u0131k\u0131ya ba\u011fl\u0131 olarak ger\u00e7ekle\u015ftirilir.<\/li>\n<li><strong>Sertifikasyon\uff1a<\/strong>\u00a0FDA\/BRC\/ISO 9001\/RoHS<\/li>\n<li><strong>M\u00fc\u015fteri Hizmetleri:<\/strong>\u00a024 saat h\u0131zl\u0131 yan\u0131t ve \u00f6zenli m\u00fc\u015fteri hizmetleri deste\u011fi sa\u011flamak.<\/li>\n<li><strong>\u00dccretsiz \u00d6rnek:<\/strong>\u00a0\u00dcr\u00fcn\u00fc de\u011ferlendirmenize yard\u0131mc\u0131 olmak i\u00e7in \u00fccretsiz numune hizmeti sunuyoruz.<\/li>\n<li><strong class=\"skrollable skrollable-between\" data-start=\"895\" data-end=\"917\">Rekabet\u00e7i Fiyat:<\/strong>\u00a0B\u00fcy\u00fck \u00f6l\u00e7ekli \u00fcretim kapasitesi ve uygun maliyetli y\u00f6netim ile \u00fcr\u00fcn kalitesinden \u00f6d\u00fcn vermeden rekabet\u00e7i fiyatlar sunuyoruz.<\/li>\n<\/ul>\n<p><a href=\"https:\/\/www.hyflexpack.com\/tr\/\"><strong>Huiyang Ambalaj<\/strong><\/a> m\u00fc\u015fterilerin \u00fcr\u00fcn imajlar\u0131n\u0131 iyile\u015ftirmelerine ve pazar rekabet g\u00fc\u00e7lerini art\u0131rmalar\u0131na yard\u0131mc\u0131 olmak i\u00e7in m\u00fc\u015fterilere d\u00f6kme \u00e7ama\u015f\u0131r deterjan\u0131 ambalaj\u0131 sa\u011flamay\u0131 taahh\u00fct eder.<\/p>","protected":false},"featured_media":9039,"comment_status":"closed","ping_status":"closed","template":"","meta":[],"product_brand":[],"product_cat":[52],"product_tag":[],"class_list":{"0":"post-9067","1":"product","2":"type-product","3":"status-publish","4":"has-post-thumbnail","6":"product_cat-custom-daily-chemical-packaging","8":"first","9":"instock","10":"shipping-taxable","11":"product-type-simple"},"_links":{"self":[{"href":"https:\/\/www.hyflexpack.com\/tr\/wp-json\/wp\/v2\/product\/9067","targetHints":{"allow":["GET"]}}],"collection":[{"href":"https:\/\/www.hyflexpack.com\/tr\/wp-json\/wp\/v2\/product"}],"about":[{"href":"https:\/\/www.hyflexpack.com\/tr\/wp-json\/wp\/v2\/types\/product"}],"replies":[{"embeddable":true,"href":"https:\/\/www.hyflexpack.com\/tr\/wp-json\/wp\/v2\/comments?post=9067"}],"wp:featuredmedia":[{"embeddable":true,"href":"https:\/\/www.hyflexpack.com\/tr\/wp-json\/wp\/v2\/media\/9039"}],"wp:attachment":[{"href":"https:\/\/www.hyflexpack.com\/tr\/wp-json\/wp\/v2\/media?parent=9067"}],"wp:term":[{"taxonomy":"product_brand","embeddable":true,"href":"https:\/\/www.hyflexpack.com\/tr\/wp-json\/wp\/v2\/product_brand?post=9067"},{"taxonomy":"product_cat","embeddable":true,"href":"https:\/\/www.hyflexpack.com\/tr\/wp-json\/wp\/v2\/product_cat?post=9067"},{"taxonomy":"product_tag","embeddable":true,"href":"https:\/\/www.hyflexpack.com\/tr\/wp-json\/wp\/v2\/product_tag?post=9067"}],"curies":[{"name":"wp","href":"https:\/\/api.w.org\/{rel}","templated":true}]}}