{"id":9065,"date":"2026-02-26T07:20:44","date_gmt":"2026-02-26T07:20:44","guid":{"rendered":"https:\/\/www.hyflexpack.com\/?post_type=product&#038;p=9065"},"modified":"2026-02-26T07:20:55","modified_gmt":"2026-02-26T07:20:55","slug":"oem-laundry-pod-packaging-bag","status":"publish","type":"product","link":"https:\/\/www.hyflexpack.com\/tr\/product\/oem-laundry-pod-packaging-bag\/","title":{"rendered":"OEM \u00c7ama\u015f\u0131r Pod Ambalaj \u00c7anta K\u0131l\u0131f\u0131 Toptan Stand Up Fermuarl\u0131 \u00c7anta Fabrika"},"content":{"rendered":"<div class=\"wp-block-columns is-layout-flex wp-container-core-columns-is-layout-9d6595d7 wp-block-columns-is-layout-flex\">\n<div class=\"wp-block-column is-layout-flow wp-block-column-is-layout-flow\">\n<h2 class=\"wp-block-heading\">Neden OEM \u00c7ama\u015f\u0131r B\u00f6lmesi Ambalaj Torbam\u0131z\u0131 Se\u00e7melisiniz?<\/h2>\n\n\n\n<ul class=\"wp-block-list\">\n<li>\u00c7ama\u015f\u0131r kaps\u00fclleri i\u00e7in \u00f6zel olarak tasarlanm\u0131\u015ft\u0131r, ta\u015f\u0131ma ve depolama i\u00e7in g\u00fcvenli, sa\u011flam ambalaj sa\u011flar.<\/li>\n\n\n\n<li>Kompozit malzemelerden \u00fcretilmi\u015ftir, g\u0131da s\u0131n\u0131f\u0131 \/ g\u00fcnl\u00fck kimyasallar i\u00e7in g\u00fcvenli koruma ve m\u00fckemmel bariyer performans\u0131 sa\u011flar.<\/li>\n\n\n\n<li>Ayakl\u0131 kilitli po\u015fetler kolay a\u00e7\u0131lma ve yeniden kapatma olana\u011f\u0131 sa\u011flayarak tazeli\u011fi korur ve kazara d\u00f6k\u00fclmeleri \u00f6nler.<\/li>\n\n\n\n<li>\u00d6zel boyutlar\u0131, bask\u0131y\u0131, kapak t\u00fcrlerini ve po\u015fet \u015fekillerini destekleyerek markalar\u0131n ay\u0131rt edici ambalaj \u00e7\u00f6z\u00fcmleri olu\u015fturmas\u0131na yard\u0131mc\u0131 olur.<\/li>\n\n\n\n<li>D\u00fc\u015f\u00fck MOQ, h\u0131zl\u0131 \u00fcretim ve istikrarl\u0131 kalite ile fabrikadan do\u011frudan tedarik, toplu sipari\u015fler ve marka geni\u015fletme i\u00e7in idealdir.<\/li>\n<\/ul>\n<\/div>\n\n\n\n<div class=\"wp-block-column is-layout-flow wp-block-column-is-layout-flow\">\n<figure class=\"wp-block-image size-full\"><img fetchpriority=\"high\" decoding=\"async\" width=\"1000\" height=\"1000\" src=\"https:\/\/www.hyflexpack.com\/wp-content\/uploads\/2026\/01\/Laundry-Detergent-Pod-Packaging-Solutions-1.webp\" alt=\"\u00c7ama\u015f\u0131r Deterjan\u0131 Pod Ambalaj \u00c7\u00f6z\u00fcmleri \" class=\"wp-image-9057\" srcset=\"https:\/\/www.hyflexpack.com\/wp-content\/uploads\/2026\/01\/Laundry-Detergent-Pod-Packaging-Solutions-1.webp 1000w, https:\/\/www.hyflexpack.com\/wp-content\/uploads\/2026\/01\/Laundry-Detergent-Pod-Packaging-Solutions-1-300x300.webp 300w, https:\/\/www.hyflexpack.com\/wp-content\/uploads\/2026\/01\/Laundry-Detergent-Pod-Packaging-Solutions-1-150x150.webp 150w, https:\/\/www.hyflexpack.com\/wp-content\/uploads\/2026\/01\/Laundry-Detergent-Pod-Packaging-Solutions-1-768x768.webp 768w, https:\/\/www.hyflexpack.com\/wp-content\/uploads\/2026\/01\/Laundry-Detergent-Pod-Packaging-Solutions-1-12x12.webp 12w, https:\/\/www.hyflexpack.com\/wp-content\/uploads\/2026\/01\/Laundry-Detergent-Pod-Packaging-Solutions-1-285x285.webp 285w, https:\/\/www.hyflexpack.com\/wp-content\/uploads\/2026\/01\/Laundry-Detergent-Pod-Packaging-Solutions-1-270x270.webp 270w, https:\/\/www.hyflexpack.com\/wp-content\/uploads\/2026\/01\/Laundry-Detergent-Pod-Packaging-Solutions-1-540x540.webp 540w, https:\/\/www.hyflexpack.com\/wp-content\/uploads\/2026\/01\/Laundry-Detergent-Pod-Packaging-Solutions-1-660x660.webp 660w\" sizes=\"(max-width: 1000px) 100vw, 1000px\" \/><\/figure>\n<\/div>\n<\/div>\n\n\n\n<div class=\"wp-block-columns is-layout-flex wp-container-core-columns-is-layout-9d6595d7 wp-block-columns-is-layout-flex\">\n<div class=\"wp-block-column is-layout-flow wp-block-column-is-layout-flow\">\n<figure class=\"wp-block-image size-full\"><img decoding=\"async\" width=\"1000\" height=\"1000\" src=\"https:\/\/www.hyflexpack.com\/wp-content\/uploads\/2026\/01\/Laundry-Detergent-Pod-Packaging-Solutions-3.webp\" alt=\"\u00c7ama\u015f\u0131r Deterjan\u0131 Pod Ambalaj \u00c7\u00f6z\u00fcmleri\" class=\"wp-image-9059\" srcset=\"https:\/\/www.hyflexpack.com\/wp-content\/uploads\/2026\/01\/Laundry-Detergent-Pod-Packaging-Solutions-3.webp 1000w, https:\/\/www.hyflexpack.com\/wp-content\/uploads\/2026\/01\/Laundry-Detergent-Pod-Packaging-Solutions-3-300x300.webp 300w, https:\/\/www.hyflexpack.com\/wp-content\/uploads\/2026\/01\/Laundry-Detergent-Pod-Packaging-Solutions-3-150x150.webp 150w, https:\/\/www.hyflexpack.com\/wp-content\/uploads\/2026\/01\/Laundry-Detergent-Pod-Packaging-Solutions-3-768x768.webp 768w, https:\/\/www.hyflexpack.com\/wp-content\/uploads\/2026\/01\/Laundry-Detergent-Pod-Packaging-Solutions-3-12x12.webp 12w, https:\/\/www.hyflexpack.com\/wp-content\/uploads\/2026\/01\/Laundry-Detergent-Pod-Packaging-Solutions-3-285x285.webp 285w, https:\/\/www.hyflexpack.com\/wp-content\/uploads\/2026\/01\/Laundry-Detergent-Pod-Packaging-Solutions-3-270x270.webp 270w, https:\/\/www.hyflexpack.com\/wp-content\/uploads\/2026\/01\/Laundry-Detergent-Pod-Packaging-Solutions-3-540x540.webp 540w, https:\/\/www.hyflexpack.com\/wp-content\/uploads\/2026\/01\/Laundry-Detergent-Pod-Packaging-Solutions-3-660x660.webp 660w\" sizes=\"(max-width: 1000px) 100vw, 1000px\" \/><\/figure>\n<\/div>\n\n\n\n<div class=\"wp-block-column is-layout-flow wp-block-column-is-layout-flow\">\n<figure class=\"wp-block-image size-full\"><img decoding=\"async\" width=\"1000\" height=\"1000\" src=\"https:\/\/www.hyflexpack.com\/wp-content\/uploads\/2026\/01\/Laundry-Detergent-Pod-Packaging-Solutions-4.webp\" alt=\"\u00c7ama\u015f\u0131r Deterjan\u0131 Pod Ambalaj \u00c7\u00f6z\u00fcmleri\" class=\"wp-image-9060\" srcset=\"https:\/\/www.hyflexpack.com\/wp-content\/uploads\/2026\/01\/Laundry-Detergent-Pod-Packaging-Solutions-4.webp 1000w, https:\/\/www.hyflexpack.com\/wp-content\/uploads\/2026\/01\/Laundry-Detergent-Pod-Packaging-Solutions-4-300x300.webp 300w, https:\/\/www.hyflexpack.com\/wp-content\/uploads\/2026\/01\/Laundry-Detergent-Pod-Packaging-Solutions-4-150x150.webp 150w, https:\/\/www.hyflexpack.com\/wp-content\/uploads\/2026\/01\/Laundry-Detergent-Pod-Packaging-Solutions-4-768x768.webp 768w, https:\/\/www.hyflexpack.com\/wp-content\/uploads\/2026\/01\/Laundry-Detergent-Pod-Packaging-Solutions-4-12x12.webp 12w, https:\/\/www.hyflexpack.com\/wp-content\/uploads\/2026\/01\/Laundry-Detergent-Pod-Packaging-Solutions-4-285x285.webp 285w, https:\/\/www.hyflexpack.com\/wp-content\/uploads\/2026\/01\/Laundry-Detergent-Pod-Packaging-Solutions-4-270x270.webp 270w, https:\/\/www.hyflexpack.com\/wp-content\/uploads\/2026\/01\/Laundry-Detergent-Pod-Packaging-Solutions-4-540x540.webp 540w, https:\/\/www.hyflexpack.com\/wp-content\/uploads\/2026\/01\/Laundry-Detergent-Pod-Packaging-Solutions-4-660x660.webp 660w\" sizes=\"(max-width: 1000px) 100vw, 1000px\" \/><\/figure>\n<\/div>\n<\/div>","protected":false},"excerpt":{"rendered":"<p>Profesyonel bir OEM \u00e7ama\u015f\u0131r pod paketleme \u00e7antas\u0131 \u00e7antas\u0131 \u00fcreticisi olarak, g\u00fc\u00e7l\u00fc s\u0131zd\u0131rmazl\u0131k, nem direnci ve \u00f6zel bask\u0131 se\u00e7enekleri ile toptan stand up fermuarl\u0131 \u00e7antalar tedarik ediyoruz. Fabrika do\u011frudan fiyatland\u0131rmas\u0131, d\u00fc\u015f\u00fck MOQ, \u00fccretsiz numune ve k\u00fcresel deterjan markalar\u0131 i\u00e7in tam OEM \/ ODM deste\u011fi.<\/p>\n<h2>OEM \u00c7ama\u015f\u0131r B\u00f6lmesi Ambalaj Torbas\u0131 Tedarik\u00e7isinin Avantajlar\u0131<\/h2>\n<ul>\n<li><strong>\u00d6zel Tasar\u0131m:<\/strong>\u00a0M\u00fc\u015fteri ihtiya\u00e7lar\u0131n\u0131 kar\u015f\u0131lamak i\u00e7in malzeme, boyut ve bask\u0131 deseni \u00f6zelle\u015ftirmesi dahil olmak \u00fczere \u00f6zelle\u015ftirilmi\u015f hizmetler sa\u011fl\u0131yor ve OEM ve ODM'yi destekliyoruz.<\/li>\n<li><strong>\u0130malat:<\/strong>\u00a0Geli\u015fmi\u015f ekipman ve teknoloji ile sipari\u015f \u00fcretimini verimli ve y\u00fcksek kalitede tamamlayabilir ve zaman\u0131nda teslim edebiliriz.<\/li>\n<li><strong>Kalite Kontrol\u00fc:<\/strong>\u00a0\u00dcretim, \u00fcr\u00fcnlerin standartlar\u0131 kar\u015f\u0131lamas\u0131n\u0131 sa\u011flamak i\u00e7in kalite standartlar\u0131na ve g\u0131da g\u00fcvenli\u011fi gerekliliklerine s\u0131k\u0131 s\u0131k\u0131ya ba\u011fl\u0131 olarak ger\u00e7ekle\u015ftirilir.<\/li>\n<li><strong>Sertifikasyon\uff1a<\/strong>\u00a0FDA\/BRC\/ISO 9001\/RoHS<\/li>\n<li><strong>M\u00fc\u015fteri Hizmetleri:<\/strong>\u00a024 saat h\u0131zl\u0131 yan\u0131t ve \u00f6zenli m\u00fc\u015fteri hizmetleri deste\u011fi sa\u011flamak.<\/li>\n<li><strong>\u00dccretsiz \u00d6rnek:<\/strong>\u00a0\u00dcr\u00fcn\u00fc de\u011ferlendirmenize yard\u0131mc\u0131 olmak i\u00e7in \u00fccretsiz numune hizmeti sunuyoruz.<\/li>\n<li><strong class=\"skrollable skrollable-between\" data-start=\"895\" data-end=\"917\">Rekabet\u00e7i Fiyat:<\/strong>\u00a0B\u00fcy\u00fck \u00f6l\u00e7ekli \u00fcretim kapasitesi ve uygun maliyetli y\u00f6netim ile \u00fcr\u00fcn kalitesinden \u00f6d\u00fcn vermeden rekabet\u00e7i fiyatlar sunuyoruz.<\/li>\n<\/ul>\n<p><a href=\"https:\/\/www.hyflexpack.com\/tr\/\"><strong>Huiyang Ambalaj<\/strong><\/a> m\u00fc\u015fterilerin \u00fcr\u00fcn imajlar\u0131n\u0131 iyile\u015ftirmelerine ve pazar rekabet g\u00fc\u00e7lerini art\u0131rmalar\u0131na yard\u0131mc\u0131 olmak i\u00e7in m\u00fc\u015fterilere OEM \u00e7ama\u015f\u0131r kaps\u00fcl\u00fc paketleme \u00e7antas\u0131 ve po\u015feti sa\u011flamay\u0131 taahh\u00fct eder.<\/p>","protected":false},"featured_media":9057,"comment_status":"closed","ping_status":"closed","template":"","meta":[],"product_brand":[],"product_cat":[52],"product_tag":[116,124],"class_list":{"0":"post-9065","1":"product","2":"type-product","3":"status-publish","4":"has-post-thumbnail","6":"product_cat-custom-daily-chemical-packaging","7":"product_tag-stand-up-pouch-manufacturer","8":"product_tag-zipper-pouch-manufacturer","10":"first","11":"instock","12":"shipping-taxable","13":"product-type-simple"},"_links":{"self":[{"href":"https:\/\/www.hyflexpack.com\/tr\/wp-json\/wp\/v2\/product\/9065","targetHints":{"allow":["GET"]}}],"collection":[{"href":"https:\/\/www.hyflexpack.com\/tr\/wp-json\/wp\/v2\/product"}],"about":[{"href":"https:\/\/www.hyflexpack.com\/tr\/wp-json\/wp\/v2\/types\/product"}],"replies":[{"embeddable":true,"href":"https:\/\/www.hyflexpack.com\/tr\/wp-json\/wp\/v2\/comments?post=9065"}],"wp:featuredmedia":[{"embeddable":true,"href":"https:\/\/www.hyflexpack.com\/tr\/wp-json\/wp\/v2\/media\/9057"}],"wp:attachment":[{"href":"https:\/\/www.hyflexpack.com\/tr\/wp-json\/wp\/v2\/media?parent=9065"}],"wp:term":[{"taxonomy":"product_brand","embeddable":true,"href":"https:\/\/www.hyflexpack.com\/tr\/wp-json\/wp\/v2\/product_brand?post=9065"},{"taxonomy":"product_cat","embeddable":true,"href":"https:\/\/www.hyflexpack.com\/tr\/wp-json\/wp\/v2\/product_cat?post=9065"},{"taxonomy":"product_tag","embeddable":true,"href":"https:\/\/www.hyflexpack.com\/tr\/wp-json\/wp\/v2\/product_tag?post=9065"}],"curies":[{"name":"wp","href":"https:\/\/api.w.org\/{rel}","templated":true}]}}