{"id":9064,"date":"2026-02-26T03:55:04","date_gmt":"2026-02-26T03:55:04","guid":{"rendered":"https:\/\/www.hyflexpack.com\/?post_type=product&#038;p=9064"},"modified":"2026-02-26T03:55:09","modified_gmt":"2026-02-26T03:55:09","slug":"laundry-detergent-pod-packaging-bag-oem","status":"publish","type":"product","link":"https:\/\/www.hyflexpack.com\/tr\/product\/laundry-detergent-pod-packaging-bag-oem\/","title":{"rendered":"\u00d6zel \u00c7ama\u015f\u0131r Deterjan\u0131 Pod Ambalaj Torbas\u0131, Kompozit Stand Up Kilitli Torbalar"},"content":{"rendered":"<div class=\"wp-block-columns is-layout-flex wp-container-core-columns-is-layout-9d6595d7 wp-block-columns-is-layout-flex\">\n<div class=\"wp-block-column is-layout-flow wp-block-column-is-layout-flow\">\n<h2 class=\"wp-block-heading\">\u00d6zel \u00c7ama\u015f\u0131r Deterjan\u0131 Pod Ambalaj Torbas\u0131 \u00d6zellikleri<\/h2>\n\n\n\n<ul class=\"wp-block-list\">\n<li>\u00c7ama\u015f\u0131r deterjan\u0131 kaps\u00fclleri i\u00e7in tasarlanm\u0131\u015f olup, depolama ve nakliye s\u0131ras\u0131nda g\u00fcvenli kullan\u0131m, kolay da\u011f\u0131t\u0131m ve \u00fcr\u00fcn b\u00fct\u00fcnl\u00fc\u011f\u00fc sa\u011flar.<\/li>\n\n\n\n<li>Uzun s\u00fcreli raf \u00f6mr\u00fc i\u00e7in m\u00fckemmel nem, koku ve kimyasal diren\u00e7 sunan kompozit dik kilitli po\u015fetlerden yap\u0131lm\u0131\u015ft\u0131r.<\/li>\n\n\n\n<li>Ayakl\u0131 kilitli kapaklar, tekrar tekrar a\u00e7\u0131l\u0131p tekrar kapat\u0131lmaya izin vererek \u00e7ama\u015f\u0131r kaps\u00fcllerini nemden ve kazara d\u00f6k\u00fclmelerden korur.<\/li>\n\n\n\n<li>\u00d6zel boyutlar\u0131, malzemeleri, bask\u0131y\u0131 ve kapak tasar\u0131mlar\u0131n\u0131 destekleyerek markalar\u0131n benzersiz \u00f6zel \u00e7ama\u015f\u0131r deterjan\u0131 kaps\u00fcl\u00fc ambalaj po\u015fetleri olu\u015fturmas\u0131na yard\u0131mc\u0131 olur.<\/li>\n\n\n\n<li>OEM ve toplu sipari\u015fler i\u00e7in ideal olan d\u00fc\u015f\u00fck MOQ se\u00e7enekleri ve h\u0131zl\u0131 geri d\u00f6n\u00fc\u015f ile y\u00fcksek kaliteli, fabrikada do\u011frudan \u00fcretim.<\/li>\n<\/ul>\n<\/div>\n\n\n\n<div class=\"wp-block-column is-layout-flow wp-block-column-is-layout-flow\">\n<figure class=\"wp-block-image size-full\"><img fetchpriority=\"high\" decoding=\"async\" width=\"1000\" height=\"1000\" src=\"https:\/\/www.hyflexpack.com\/wp-content\/uploads\/2026\/01\/Custom-Laundry-Detergent-Pod-Packaging-1.webp\" alt=\"\u00d6zel \u00c7ama\u015f\u0131r Deterjan\u0131 Kaps\u00fcl Ambalaj\u0131 \" class=\"wp-image-9043\" srcset=\"https:\/\/www.hyflexpack.com\/wp-content\/uploads\/2026\/01\/Custom-Laundry-Detergent-Pod-Packaging-1.webp 1000w, https:\/\/www.hyflexpack.com\/wp-content\/uploads\/2026\/01\/Custom-Laundry-Detergent-Pod-Packaging-1-300x300.webp 300w, https:\/\/www.hyflexpack.com\/wp-content\/uploads\/2026\/01\/Custom-Laundry-Detergent-Pod-Packaging-1-150x150.webp 150w, https:\/\/www.hyflexpack.com\/wp-content\/uploads\/2026\/01\/Custom-Laundry-Detergent-Pod-Packaging-1-768x768.webp 768w, https:\/\/www.hyflexpack.com\/wp-content\/uploads\/2026\/01\/Custom-Laundry-Detergent-Pod-Packaging-1-12x12.webp 12w, https:\/\/www.hyflexpack.com\/wp-content\/uploads\/2026\/01\/Custom-Laundry-Detergent-Pod-Packaging-1-285x285.webp 285w, https:\/\/www.hyflexpack.com\/wp-content\/uploads\/2026\/01\/Custom-Laundry-Detergent-Pod-Packaging-1-270x270.webp 270w, https:\/\/www.hyflexpack.com\/wp-content\/uploads\/2026\/01\/Custom-Laundry-Detergent-Pod-Packaging-1-540x540.webp 540w, https:\/\/www.hyflexpack.com\/wp-content\/uploads\/2026\/01\/Custom-Laundry-Detergent-Pod-Packaging-1-660x660.webp 660w\" sizes=\"(max-width: 1000px) 100vw, 1000px\" \/><\/figure>\n<\/div>\n<\/div>","protected":false},"excerpt":{"rendered":"<p>Kompozit dik duran kilitli po\u015fetler kullanan \u00f6zel \u00e7ama\u015f\u0131r deterjan\u0131 kaps\u00fcl\u00fc paketleme torbas\u0131, g\u00fcvenli, neme dayan\u0131kl\u0131 ve dayan\u0131kl\u0131 ambalaja ihtiya\u00e7 duyan \u00e7ama\u015f\u0131r kaps\u00fclleri ve konsantre deterjan \u00fcr\u00fcnleri i\u00e7in tasarlanm\u0131\u015ft\u0131r. \u00c7ama\u015f\u0131r deterjan\u0131 kaps\u00fclleri i\u00e7in bu dik duran kilitli po\u015fetler, g\u00fcvenli s\u0131zd\u0131rmazl\u0131k, kolay da\u011f\u0131t\u0131m ve OEM, toptan ve perakende uygulamalar\u0131 i\u00e7in ideal olan \u00f6zelle\u015ftirilebilir bask\u0131 ve boyutland\u0131rma sa\u011flar. Fiyat teklifi i\u00e7in bug\u00fcn bize ula\u015f\u0131n. Tek elden, \u00e7evre dostu, y\u00fcksek kaliteli dezenfektan ambalaj \u00e7\u00f6z\u00fcm\u00fc sunmaya kararl\u0131y\u0131z.<\/p>\n<h2>\u00c7ama\u015f\u0131r Torbas\u0131 Paketleme Torbas\u0131 Tedarik\u00e7isinin Avantajlar\u0131<\/h2>\n<ul>\n<li><strong>\u00d6zel Tasar\u0131m:<\/strong>\u00a0M\u00fc\u015fteri ihtiya\u00e7lar\u0131n\u0131 kar\u015f\u0131lamak i\u00e7in malzeme, boyut ve bask\u0131 deseni \u00f6zelle\u015ftirmesi dahil olmak \u00fczere \u00f6zelle\u015ftirilmi\u015f hizmetler sa\u011fl\u0131yor ve OEM ve ODM'yi destekliyoruz.<\/li>\n<li><strong>\u0130malat:<\/strong>\u00a0Geli\u015fmi\u015f ekipman ve teknoloji ile sipari\u015f \u00fcretimini verimli ve y\u00fcksek kalitede tamamlayabilir ve zaman\u0131nda teslim edebiliriz.<\/li>\n<li><strong>Kalite Kontrol\u00fc:<\/strong>\u00a0\u00dcretim, \u00fcr\u00fcnlerin standartlar\u0131 kar\u015f\u0131lamas\u0131n\u0131 sa\u011flamak i\u00e7in kalite standartlar\u0131na ve g\u0131da g\u00fcvenli\u011fi gerekliliklerine s\u0131k\u0131 s\u0131k\u0131ya ba\u011fl\u0131 olarak ger\u00e7ekle\u015ftirilir.<\/li>\n<li><strong>Sertifikasyon\uff1a<\/strong>\u00a0FDA\/BRC\/ISO 9001\/RoHS<\/li>\n<li><strong>M\u00fc\u015fteri Hizmetleri:<\/strong>\u00a024 saat h\u0131zl\u0131 yan\u0131t ve \u00f6zenli m\u00fc\u015fteri hizmetleri deste\u011fi sa\u011flamak.<\/li>\n<li><strong>\u00dccretsiz \u00d6rnek:<\/strong>\u00a0\u00dcr\u00fcn\u00fc de\u011ferlendirmenize yard\u0131mc\u0131 olmak i\u00e7in \u00fccretsiz numune hizmeti sunuyoruz.<\/li>\n<li><strong class=\"skrollable skrollable-between\" data-start=\"895\" data-end=\"917\">Rekabet\u00e7i Fiyat:<\/strong>\u00a0B\u00fcy\u00fck \u00f6l\u00e7ekli \u00fcretim kapasitesi ve uygun maliyetli y\u00f6netim ile \u00fcr\u00fcn kalitesinden \u00f6d\u00fcn vermeden rekabet\u00e7i fiyatlar sunuyoruz.<\/li>\n<\/ul>\n<p><a href=\"https:\/\/www.hyflexpack.com\/tr\/\"><strong>Huiyang Ambalaj<\/strong><\/a> m\u00fc\u015fterilerin \u00fcr\u00fcn imajlar\u0131n\u0131 iyile\u015ftirmelerine ve pazar rekabet g\u00fc\u00e7lerini art\u0131rmalar\u0131na yard\u0131mc\u0131 olmak i\u00e7in m\u00fc\u015fterilere \u00e7ama\u015f\u0131r deterjan\u0131 kaps\u00fcl\u00fc paketleme \u00e7antas\u0131 ve po\u015feti sa\u011flamay\u0131 taahh\u00fct eder.<\/p>","protected":false},"featured_media":9043,"comment_status":"closed","ping_status":"closed","template":"","meta":[],"product_brand":[],"product_cat":[52],"product_tag":[116,124],"class_list":{"0":"post-9064","1":"product","2":"type-product","3":"status-publish","4":"has-post-thumbnail","6":"product_cat-custom-daily-chemical-packaging","7":"product_tag-stand-up-pouch-manufacturer","8":"product_tag-zipper-pouch-manufacturer","10":"first","11":"instock","12":"shipping-taxable","13":"product-type-simple"},"_links":{"self":[{"href":"https:\/\/www.hyflexpack.com\/tr\/wp-json\/wp\/v2\/product\/9064","targetHints":{"allow":["GET"]}}],"collection":[{"href":"https:\/\/www.hyflexpack.com\/tr\/wp-json\/wp\/v2\/product"}],"about":[{"href":"https:\/\/www.hyflexpack.com\/tr\/wp-json\/wp\/v2\/types\/product"}],"replies":[{"embeddable":true,"href":"https:\/\/www.hyflexpack.com\/tr\/wp-json\/wp\/v2\/comments?post=9064"}],"wp:featuredmedia":[{"embeddable":true,"href":"https:\/\/www.hyflexpack.com\/tr\/wp-json\/wp\/v2\/media\/9043"}],"wp:attachment":[{"href":"https:\/\/www.hyflexpack.com\/tr\/wp-json\/wp\/v2\/media?parent=9064"}],"wp:term":[{"taxonomy":"product_brand","embeddable":true,"href":"https:\/\/www.hyflexpack.com\/tr\/wp-json\/wp\/v2\/product_brand?post=9064"},{"taxonomy":"product_cat","embeddable":true,"href":"https:\/\/www.hyflexpack.com\/tr\/wp-json\/wp\/v2\/product_cat?post=9064"},{"taxonomy":"product_tag","embeddable":true,"href":"https:\/\/www.hyflexpack.com\/tr\/wp-json\/wp\/v2\/product_tag?post=9064"}],"curies":[{"name":"wp","href":"https:\/\/api.w.org\/{rel}","templated":true}]}}