{"id":9063,"date":"2026-02-26T07:56:01","date_gmt":"2026-02-26T07:56:01","guid":{"rendered":"https:\/\/www.hyflexpack.com\/?post_type=product&#038;p=9063"},"modified":"2026-02-26T07:56:50","modified_gmt":"2026-02-26T07:56:50","slug":"washing-machine-cleaner-packaging-oem","status":"publish","type":"product","link":"https:\/\/www.hyflexpack.com\/tr\/product\/washing-machine-cleaner-packaging-oem\/","title":{"rendered":"\u00c7ama\u015f\u0131r Makinesi Temizleyici Ambalaj\u0131 \u00d6zel, Kompozit Stand Up Kilitli Torbalar"},"content":{"rendered":"<div class=\"wp-block-columns is-layout-flex wp-container-core-columns-is-layout-9d6595d7 wp-block-columns-is-layout-flex\">\n<div class=\"wp-block-column is-layout-flow wp-block-column-is-layout-flow\">\n<h2 class=\"wp-block-heading\">\u00c7ama\u015f\u0131r Makinesi Temizleyici Ambalaj \u00d6zellikleri<\/h2>\n\n\n\n<ul class=\"wp-block-list\">\n<li>Toz, tablet ve gran\u00fcl form\u00fcller i\u00e7in uygun, depolama ve nakliye boyunca istikrarl\u0131 performans sa\u011flayan, \u00e7ama\u015f\u0131r makinesi temizleyici ambalaj\u0131 i\u00e7in \u00f6zel olarak tasarlanm\u0131\u015ft\u0131r.<\/li>\n\n\n\n<li>Y\u00fcksek kaliteli kompozit dik duran kilitli po\u015fetler m\u00fckemmel nem bariyeri, kimyasal diren\u00e7 ve dayan\u0131kl\u0131l\u0131k sa\u011flar, ev ve \u00e7ama\u015f\u0131r temizlik \u00fcr\u00fcnleri i\u00e7in idealdir.<\/li>\n\n\n\n<li>G\u00fc\u00e7l\u00fc kilitli kapaklara sahip dik duran torbalar, \u00e7ama\u015f\u0131r makinesi temizleyici \u00fcr\u00fcnlerini nemden ve kontaminasyondan korurken kullan\u0131c\u0131 rahatl\u0131\u011f\u0131n\u0131 art\u0131rarak tekrar tekrar a\u00e7maya ve kapatmaya izin verir.<\/li>\n\n\n\n<li>\u00d6zel boyutlar\u0131, malzemeleri, kal\u0131nl\u0131\u011f\u0131 ve logo bask\u0131s\u0131n\u0131 destekleyerek markalar\u0131n pazar konumland\u0131rmas\u0131yla uyumlu, farkl\u0131la\u015ft\u0131r\u0131lm\u0131\u015f \u00f6zel \u00e7ama\u015f\u0131r makinesi temizleyici ambalajlar\u0131 olu\u015fturmas\u0131na yard\u0131mc\u0131 olur.<\/li>\n\n\n\n<li>Toptan stand up kilitli po\u015fetler ve OEM ambalaj projeleri i\u00e7in istikrarl\u0131 kalite kontrol, d\u00fc\u015f\u00fck MOQ se\u00e7enekleri ve verimli teslimat s\u00fcreleri ile fabrikada do\u011frudan \u00fcretim.<\/li>\n<\/ul>\n<\/div>\n\n\n\n<div class=\"wp-block-column is-layout-flow wp-block-column-is-layout-flow\">\n<figure class=\"wp-block-image size-full\"><img fetchpriority=\"high\" decoding=\"async\" width=\"1000\" height=\"1000\" src=\"https:\/\/www.hyflexpack.com\/wp-content\/uploads\/2026\/01\/Customized-Washing-Machine-Cleaner-Packaging-1.webp\" alt=\"\u00d6zelle\u015ftirilmi\u015f \u00c7ama\u015f\u0131r Makinesi Temizleyici Ambalaj\u0131 \" class=\"wp-image-9052\" srcset=\"https:\/\/www.hyflexpack.com\/wp-content\/uploads\/2026\/01\/Customized-Washing-Machine-Cleaner-Packaging-1.webp 1000w, https:\/\/www.hyflexpack.com\/wp-content\/uploads\/2026\/01\/Customized-Washing-Machine-Cleaner-Packaging-1-300x300.webp 300w, https:\/\/www.hyflexpack.com\/wp-content\/uploads\/2026\/01\/Customized-Washing-Machine-Cleaner-Packaging-1-150x150.webp 150w, https:\/\/www.hyflexpack.com\/wp-content\/uploads\/2026\/01\/Customized-Washing-Machine-Cleaner-Packaging-1-768x768.webp 768w, https:\/\/www.hyflexpack.com\/wp-content\/uploads\/2026\/01\/Customized-Washing-Machine-Cleaner-Packaging-1-12x12.webp 12w, https:\/\/www.hyflexpack.com\/wp-content\/uploads\/2026\/01\/Customized-Washing-Machine-Cleaner-Packaging-1-285x285.webp 285w, https:\/\/www.hyflexpack.com\/wp-content\/uploads\/2026\/01\/Customized-Washing-Machine-Cleaner-Packaging-1-270x270.webp 270w, https:\/\/www.hyflexpack.com\/wp-content\/uploads\/2026\/01\/Customized-Washing-Machine-Cleaner-Packaging-1-540x540.webp 540w, https:\/\/www.hyflexpack.com\/wp-content\/uploads\/2026\/01\/Customized-Washing-Machine-Cleaner-Packaging-1-660x660.webp 660w\" sizes=\"(max-width: 1000px) 100vw, 1000px\" \/><\/figure>\n<\/div>\n<\/div>","protected":false},"excerpt":{"rendered":"<p>Kompozit dik duran kilitli po\u015fetlerle tasarlanan \u00f6zel \u00e7ama\u015f\u0131r makinesi temizleyici ambalajlar\u0131m\u0131z toz, tablet ve gran\u00fcl \u00e7ama\u015f\u0131r makinesi temizleyicileri i\u00e7in g\u00fcvenilir, neme ve kimyasallara dayan\u0131kl\u0131 bir \u00e7\u00f6z\u00fcm sunar. Esnek malzeme yap\u0131lar\u0131 ve \u00f6zel bask\u0131 se\u00e7enekleriyle, \u00e7ama\u015f\u0131r makinesi temizleyicisi i\u00e7in bu dik duran kilitli po\u015fetler, markalar\u0131n toptan ve OEM uygulamalar\u0131 i\u00e7in raf varl\u0131\u011f\u0131n\u0131, \u00fcr\u00fcn korumas\u0131n\u0131 ve paketleme verimlili\u011fini art\u0131rmas\u0131na yard\u0131mc\u0131 olur. Fiyat teklifi i\u00e7in bug\u00fcn bize ula\u015f\u0131n. Tek elden, \u00e7evre dostu, y\u00fcksek kaliteli dezenfektan ambalaj \u00e7\u00f6z\u00fcm\u00fc sunmaya kararl\u0131y\u0131z.\u00a0<\/p>\n<h2><strong>\u00c7ama\u015f\u0131r Makinesi Temizleyici Ambalaj Tedarik\u00e7isinin Avantajlar\u0131<\/strong><\/h2>\n<ul>\n<li><strong>\u00d6zel Tasar\u0131m:<\/strong>\u00a0M\u00fc\u015fteri ihtiya\u00e7lar\u0131n\u0131 kar\u015f\u0131lamak i\u00e7in malzeme, boyut ve bask\u0131 deseni \u00f6zelle\u015ftirme dahil olmak \u00fczere \u00f6zel giyim ambalaj po\u015fetleri hizmeti sa\u011fl\u0131yoruz ve OEM ve ODM'yi destekliyoruz.<\/li>\n<li><strong>\u00dcretim<\/strong>: Geli\u015fmi\u015f ekipman ve teknoloji ile sipari\u015f \u00fcretimini y\u00fcksek verimlilik ve y\u00fcksek kalite ile tamamlayabilir, zaman\u0131nda teslim edebiliriz.<\/li>\n<li><strong>Kalite Denetimi<\/strong>: \u00dcr\u00fcnlerin standartlar\u0131 kar\u015f\u0131lad\u0131\u011f\u0131ndan emin olmak i\u00e7in \u00fcretim i\u00e7in kalite standartlar\u0131n\u0131 ve g\u0131da g\u00fcvenli\u011fi gereksinimlerini s\u0131k\u0131 bir \u015fekilde takip edin.<\/li>\n<li><strong>M\u00fc\u015fteri Hizmetleri<\/strong>: H\u0131zl\u0131 yan\u0131t ve \u00f6zenli m\u00fc\u015fteri hizmetleri deste\u011fi sa\u011flamak i\u00e7in 24 saat.<\/li>\n<li><strong>\u00dccretsiz \u00d6rnek:\u00a0<\/strong>\u00dcr\u00fcnleri de\u011ferlendirebilmeniz i\u00e7in \u00fccretsiz numune hizmeti sunmak.<\/li>\n<\/ul>\n<p>Huiyang Packaging, m\u00fc\u015fterilerin \u00fcr\u00fcn imajlar\u0131n\u0131 iyile\u015ftirmelerine ve pazar rekabet g\u00fcc\u00fcn\u00fc art\u0131rmalar\u0131na yard\u0131mc\u0131 olmak i\u00e7in m\u00fc\u015fterilere y\u00fcksek kaliteli, \u00f6zel giyim ambalaj po\u015fetleri sa\u011flamay\u0131 taahh\u00fct eder.<\/p>","protected":false},"featured_media":9052,"comment_status":"closed","ping_status":"closed","template":"","meta":[],"product_brand":[],"product_cat":[52],"product_tag":[116,124],"class_list":{"0":"post-9063","1":"product","2":"type-product","3":"status-publish","4":"has-post-thumbnail","6":"product_cat-custom-daily-chemical-packaging","7":"product_tag-stand-up-pouch-manufacturer","8":"product_tag-zipper-pouch-manufacturer","10":"first","11":"instock","12":"shipping-taxable","13":"product-type-simple"},"_links":{"self":[{"href":"https:\/\/www.hyflexpack.com\/tr\/wp-json\/wp\/v2\/product\/9063","targetHints":{"allow":["GET"]}}],"collection":[{"href":"https:\/\/www.hyflexpack.com\/tr\/wp-json\/wp\/v2\/product"}],"about":[{"href":"https:\/\/www.hyflexpack.com\/tr\/wp-json\/wp\/v2\/types\/product"}],"replies":[{"embeddable":true,"href":"https:\/\/www.hyflexpack.com\/tr\/wp-json\/wp\/v2\/comments?post=9063"}],"wp:featuredmedia":[{"embeddable":true,"href":"https:\/\/www.hyflexpack.com\/tr\/wp-json\/wp\/v2\/media\/9052"}],"wp:attachment":[{"href":"https:\/\/www.hyflexpack.com\/tr\/wp-json\/wp\/v2\/media?parent=9063"}],"wp:term":[{"taxonomy":"product_brand","embeddable":true,"href":"https:\/\/www.hyflexpack.com\/tr\/wp-json\/wp\/v2\/product_brand?post=9063"},{"taxonomy":"product_cat","embeddable":true,"href":"https:\/\/www.hyflexpack.com\/tr\/wp-json\/wp\/v2\/product_cat?post=9063"},{"taxonomy":"product_tag","embeddable":true,"href":"https:\/\/www.hyflexpack.com\/tr\/wp-json\/wp\/v2\/product_tag?post=9063"}],"curies":[{"name":"wp","href":"https:\/\/api.w.org\/{rel}","templated":true}]}}