{"id":8881,"date":"2026-01-04T02:51:40","date_gmt":"2026-01-04T02:51:40","guid":{"rendered":"https:\/\/www.hyflexpack.com\/?post_type=product&#038;p=8881"},"modified":"2026-01-04T02:51:44","modified_gmt":"2026-01-04T02:51:44","slug":"custom-shaped-candy-pouches-wholesale","status":"publish","type":"product","link":"https:\/\/www.hyflexpack.com\/tr\/product\/custom-shaped-candy-pouches-wholesale\/","title":{"rendered":"Y\u0131rtma \u00c7entikli \u00d6zel \u015eekilli \u015eeker Torbalar\u0131, Tatil \u015eeker Torbalar\u0131 Ambalaj \u00dcreticisi"},"content":{"rendered":"<div class=\"wp-block-columns is-layout-flex wp-container-core-columns-is-layout-9d6595d7 wp-block-columns-is-layout-flex\">\n<div class=\"wp-block-column is-layout-flow wp-block-column-is-layout-flow\">\n<h2 class=\"wp-block-heading\">Y\u0131rtma \u00c7entikli \u00d6zel \u015eekilli \u015eeker Torbalar\u0131n\u0131n \u00d6zellikleri<\/h2>\n\n\n\n<ul class=\"wp-block-list\">\n<li>Bu Y\u0131rtma \u00c7entikli \u00d6zel \u015eekilli \u015eeker Torbalar\u0131, marka tan\u0131n\u0131rl\u0131\u011f\u0131n\u0131 ve raf \u00e7ekicili\u011fini art\u0131ran ay\u0131rt edici ambalaj \u015fekilleri olu\u015fturman\u0131za olanak tan\u0131r.<\/li>\n\n\n\n<li>\u00c7evre dostu plastik kompozitten \u00fcretilen po\u015fetler, modern \u015feker ambalaj\u0131 ihtiya\u00e7lar\u0131 i\u00e7in dayan\u0131kl\u0131l\u0131k ile s\u00fcrd\u00fcr\u00fclebilirli\u011fi dengeler.<\/li>\n\n\n\n<li>Entegre y\u0131rtma \u00e7enti\u011fi, h\u0131zl\u0131 ve temiz bir \u015fekilde a\u00e7\u0131lmas\u0131n\u0131 sa\u011flayarak genel t\u00fcketici deneyimini iyile\u015ftirir.<\/li>\n\n\n\n<li>\u00d6zel \u015fekli, bu po\u015fetleri \u015fekerleme \u00fcr\u00fcnlerinizin rekabet\u00e7i perakende ortamlar\u0131nda \u00f6ne \u00e7\u0131kmas\u0131na yard\u0131mc\u0131 olan benzersiz ambalajlar i\u00e7in ideal hale getirir.<\/li>\n\n\n\n<li>Kompozit yap\u0131 ta\u015f\u0131ma, depolama ve nakliye s\u0131ras\u0131nda g\u00fcvenilir koruma sa\u011flar ve \u015fekeri iyi muhafaza eder.<\/li>\n<\/ul>\n<\/div>\n\n\n\n<div class=\"wp-block-column is-layout-flow wp-block-column-is-layout-flow\">\n<figure class=\"wp-block-image size-full\"><img fetchpriority=\"high\" decoding=\"async\" width=\"1000\" height=\"1000\" src=\"https:\/\/www.hyflexpack.com\/wp-content\/uploads\/2025\/12\/Custom-Shaped-Candy-Pouches-with-Tear-Notch-1.webp\" alt=\"Y\u0131rtma \u00c7entikli \u00d6zel \u015eekilli \u015eeker Torbalar\u0131 \" class=\"wp-image-8833\" srcset=\"https:\/\/www.hyflexpack.com\/wp-content\/uploads\/2025\/12\/Custom-Shaped-Candy-Pouches-with-Tear-Notch-1.webp 1000w, https:\/\/www.hyflexpack.com\/wp-content\/uploads\/2025\/12\/Custom-Shaped-Candy-Pouches-with-Tear-Notch-1-300x300.webp 300w, https:\/\/www.hyflexpack.com\/wp-content\/uploads\/2025\/12\/Custom-Shaped-Candy-Pouches-with-Tear-Notch-1-150x150.webp 150w, https:\/\/www.hyflexpack.com\/wp-content\/uploads\/2025\/12\/Custom-Shaped-Candy-Pouches-with-Tear-Notch-1-768x768.webp 768w, https:\/\/www.hyflexpack.com\/wp-content\/uploads\/2025\/12\/Custom-Shaped-Candy-Pouches-with-Tear-Notch-1-12x12.webp 12w, https:\/\/www.hyflexpack.com\/wp-content\/uploads\/2025\/12\/Custom-Shaped-Candy-Pouches-with-Tear-Notch-1-285x285.webp 285w, https:\/\/www.hyflexpack.com\/wp-content\/uploads\/2025\/12\/Custom-Shaped-Candy-Pouches-with-Tear-Notch-1-270x270.webp 270w, https:\/\/www.hyflexpack.com\/wp-content\/uploads\/2025\/12\/Custom-Shaped-Candy-Pouches-with-Tear-Notch-1-540x540.webp 540w, https:\/\/www.hyflexpack.com\/wp-content\/uploads\/2025\/12\/Custom-Shaped-Candy-Pouches-with-Tear-Notch-1-660x660.webp 660w\" sizes=\"(max-width: 1000px) 100vw, 1000px\" \/><\/figure>\n<\/div>\n<\/div>","protected":false},"excerpt":{"rendered":"<p>Y\u0131rtma \u00c7entikli \u00d6zel \u015eekilli \u015eeker Torbalar\u0131m\u0131z, \u015feker markalar\u0131n\u0131n rafta \u00f6ne \u00e7\u0131kmas\u0131na yard\u0131mc\u0131 olmak i\u00e7in tasarlanm\u0131\u015ft\u0131r. \u00c7evre dostu plastik kompozitten \u00fcretilen bu torbalar, benzersiz \u015fekilleri pratik i\u015flevsellikle birle\u015ftirerek \u00e7ekici ve kullan\u0131m\u0131 kolay bir ambalaj \u00e7\u00f6z\u00fcm\u00fc sunar. Y\u0131rtma \u00e7enti\u011fi sorunsuz a\u00e7\u0131lma sa\u011flarken, \u00f6zel \u015fekli \u015feker ambalaj\u0131n\u0131za ki\u015filik katar. \u015eekerinize hayat veren benzersiz ambalajlar olu\u015fturmak i\u00e7in bug\u00fcn bize ula\u015f\u0131n. At\u0131\u015ft\u0131rmal\u0131klar i\u00e7in Y\u00fcksek Kaliteli \u00d6zel Plastik Torban\u0131n Avantajlar\u0131 \u25cf\u00d6zelle\u015ftirilmi\u015f tasar\u0131m: M\u00fc\u015fteri ihtiya\u00e7lar\u0131n\u0131 kar\u015f\u0131lamak i\u00e7in malzeme, boyut ve bask\u0131 deseni \u00f6zelle\u015ftirmesi dahil olmak \u00fczere \u00f6zelle\u015ftirilmi\u015f ambalaj po\u015feti hizmetleri sa\u011fl\u0131yoruz ve OEM ve ODM'yi destekliyoruz. \u00dcretim: Geli\u015fmi\u015f ekipman ve teknoloji ile sipari\u015f \u00fcretimini verimli ve y\u00fcksek kalitede tamamlayabilir ve zaman\u0131nda teslim edebiliriz. Kalite denetimi: \u00dcretim, \u00fcr\u00fcnlerin standartlar\u0131 kar\u015f\u0131lad\u0131\u011f\u0131ndan emin olmak i\u00e7in kalite standartlar\u0131na ve g\u0131da g\u00fcvenli\u011fi gereksinimlerine s\u0131k\u0131 s\u0131k\u0131ya ba\u011fl\u0131 olarak ger\u00e7ekle\u015ftirilir. M\u00fc\u015fteri hizmetleri: G\u00fcn\u00fcn 24 saati h\u0131zl\u0131 yan\u0131t ve \u00f6zenli m\u00fc\u015fteri hizmetleri deste\u011fi sa\u011flay\u0131n. \u00dccretsiz numune: \u00dcr\u00fcn\u00fc de\u011ferlendirmeniz i\u00e7in \u00fccretsiz numune hizmeti sa\u011flay\u0131n. Huiyang Packaging, m\u00fc\u015fterilerine y\u00fcksek kaliteli \u00d6zel \u015eekilli \u015eeker Torbalar\u0131 sunmay\u0131, m\u00fc\u015fterilerin \u00fcr\u00fcn imajlar\u0131n\u0131 ve pazar rekabet g\u00fc\u00e7lerini geli\u015ftirmelerine yard\u0131mc\u0131 olmay\u0131 taahh\u00fct eder.<\/p>","protected":false},"featured_media":8833,"comment_status":"closed","ping_status":"closed","template":"","meta":[],"product_brand":[],"product_cat":[107,51],"product_tag":[119],"class_list":{"0":"post-8881","1":"product","2":"type-product","3":"status-publish","4":"has-post-thumbnail","6":"product_cat-candy-packaging-bags-wholesale","7":"product_cat-custom-food-packaging-bags","8":"product_tag-shaped-pouches-factory","10":"first","11":"instock","12":"shipping-taxable","13":"product-type-simple"},"_links":{"self":[{"href":"https:\/\/www.hyflexpack.com\/tr\/wp-json\/wp\/v2\/product\/8881","targetHints":{"allow":["GET"]}}],"collection":[{"href":"https:\/\/www.hyflexpack.com\/tr\/wp-json\/wp\/v2\/product"}],"about":[{"href":"https:\/\/www.hyflexpack.com\/tr\/wp-json\/wp\/v2\/types\/product"}],"replies":[{"embeddable":true,"href":"https:\/\/www.hyflexpack.com\/tr\/wp-json\/wp\/v2\/comments?post=8881"}],"wp:featuredmedia":[{"embeddable":true,"href":"https:\/\/www.hyflexpack.com\/tr\/wp-json\/wp\/v2\/media\/8833"}],"wp:attachment":[{"href":"https:\/\/www.hyflexpack.com\/tr\/wp-json\/wp\/v2\/media?parent=8881"}],"wp:term":[{"taxonomy":"product_brand","embeddable":true,"href":"https:\/\/www.hyflexpack.com\/tr\/wp-json\/wp\/v2\/product_brand?post=8881"},{"taxonomy":"product_cat","embeddable":true,"href":"https:\/\/www.hyflexpack.com\/tr\/wp-json\/wp\/v2\/product_cat?post=8881"},{"taxonomy":"product_tag","embeddable":true,"href":"https:\/\/www.hyflexpack.com\/tr\/wp-json\/wp\/v2\/product_tag?post=8881"}],"curies":[{"name":"wp","href":"https:\/\/api.w.org\/{rel}","templated":true}]}}