{"id":8880,"date":"2026-01-04T02:20:54","date_gmt":"2026-01-04T02:20:54","guid":{"rendered":"https:\/\/www.hyflexpack.com\/?post_type=product&#038;p=8880"},"modified":"2026-01-04T02:21:00","modified_gmt":"2026-01-04T02:21:00","slug":"bulk-personalized-candy-packaging-bags","status":"publish","type":"product","link":"https:\/\/www.hyflexpack.com\/tr\/product\/bulk-personalized-candy-packaging-bags\/","title":{"rendered":"Toplu Ki\u015fiselle\u015ftirilmi\u015f \u015eeker Paketleme Torbalar\u0131, Nem Korumal\u0131 Stand-up Fermuarl\u0131 Torbalar"},"content":{"rendered":"<div class=\"wp-block-columns is-layout-flex wp-container-core-columns-is-layout-9d6595d7 wp-block-columns-is-layout-flex\">\n<div class=\"wp-block-column is-layout-flow wp-block-column-is-layout-flow\">\n<h2 class=\"wp-block-heading\">Toplu Ki\u015fiselle\u015ftirilmi\u015f \u015eeker Paketleme Torbalar\u0131 \u00d6zellikleri<\/h2>\n\n\n\n<ul class=\"wp-block-list\">\n<li>Bu Toplu Ki\u015fiselle\u015ftirilmi\u015f \u015eeker Paketleme Torbalar\u0131, \u00f6zel boyutlar\u0131, bask\u0131y\u0131 ve markalamay\u0131 destekler, bu da onlar\u0131 tutarl\u0131, markal\u0131 ambalajlara ihtiya\u00e7 duyan i\u015fletmeler i\u00e7in ideal hale getirir.<\/li>\n\n\n\n<li>Y\u00fcksek bariyerli plastik kompozitten \u00fcretilen torbalar, \u015fekerlemenin depolama ve nakliye s\u0131ras\u0131nda nemden, havadan ve d\u0131\u015f etkenlerden korunmas\u0131na yard\u0131mc\u0131 olur.<\/li>\n\n\n\n<li>Stand-up fermuarl\u0131 po\u015fet tasar\u0131m\u0131, ambalaj\u0131n raflarda dik durmas\u0131n\u0131 sa\u011flayarak g\u00f6r\u00fcn\u00fcrl\u00fc\u011f\u00fc ve raf sunumunu iyile\u015ftirir.<\/li>\n\n\n\n<li>Dahili nem korumas\u0131 \u015feker kalitesinin, dokusunun ve tad\u0131n\u0131n zaman i\u00e7inde korunmas\u0131na yard\u0131mc\u0131 olur.<\/li>\n\n\n\n<li>G\u00fc\u00e7l\u00fc kompozit yap\u0131 ve yeniden kapat\u0131labilir fermuar, bu Toplu Ki\u015fiselle\u015ftirilmi\u015f \u015eeker Paketleme Torbalar\u0131n\u0131 \u00fcr\u00fcn g\u00fcvenli\u011fini korurken tekrar tekrar kullan\u0131ma uygun hale getirir.<\/li>\n<\/ul>\n<\/div>\n\n\n\n<div class=\"wp-block-column is-layout-flow wp-block-column-is-layout-flow\">\n<figure class=\"wp-block-image size-full\"><img fetchpriority=\"high\" decoding=\"async\" width=\"1000\" height=\"1000\" src=\"https:\/\/www.hyflexpack.com\/wp-content\/uploads\/2025\/12\/Bulk-Personalized-Candy-Packaging-Bags-1.webp\" alt=\"Toplu Ki\u015fiselle\u015ftirilmi\u015f \u015eeker Paketleme Torbalar\u0131 \" class=\"wp-image-8822\" srcset=\"https:\/\/www.hyflexpack.com\/wp-content\/uploads\/2025\/12\/Bulk-Personalized-Candy-Packaging-Bags-1.webp 1000w, https:\/\/www.hyflexpack.com\/wp-content\/uploads\/2025\/12\/Bulk-Personalized-Candy-Packaging-Bags-1-300x300.webp 300w, https:\/\/www.hyflexpack.com\/wp-content\/uploads\/2025\/12\/Bulk-Personalized-Candy-Packaging-Bags-1-150x150.webp 150w, https:\/\/www.hyflexpack.com\/wp-content\/uploads\/2025\/12\/Bulk-Personalized-Candy-Packaging-Bags-1-768x768.webp 768w, https:\/\/www.hyflexpack.com\/wp-content\/uploads\/2025\/12\/Bulk-Personalized-Candy-Packaging-Bags-1-12x12.webp 12w, https:\/\/www.hyflexpack.com\/wp-content\/uploads\/2025\/12\/Bulk-Personalized-Candy-Packaging-Bags-1-285x285.webp 285w, https:\/\/www.hyflexpack.com\/wp-content\/uploads\/2025\/12\/Bulk-Personalized-Candy-Packaging-Bags-1-270x270.webp 270w, https:\/\/www.hyflexpack.com\/wp-content\/uploads\/2025\/12\/Bulk-Personalized-Candy-Packaging-Bags-1-540x540.webp 540w, https:\/\/www.hyflexpack.com\/wp-content\/uploads\/2025\/12\/Bulk-Personalized-Candy-Packaging-Bags-1-660x660.webp 660w\" sizes=\"(max-width: 1000px) 100vw, 1000px\" \/><\/figure>\n<\/div>\n<\/div>","protected":false},"excerpt":{"rendered":"<p>Toplu Ki\u015fiselle\u015ftirilmi\u015f \u015eeker Paketleme Po\u015fetlerimiz, b\u00fcy\u00fcyen \u015feker markalar\u0131n\u0131n ve b\u00fcy\u00fck \u00f6l\u00e7ekli paketleme projelerinin ihtiya\u00e7lar\u0131n\u0131 kar\u015f\u0131lamak \u00fczere tasarlanm\u0131\u015ft\u0131r. Y\u00fcksek bariyerli plastik kompozitten \u00fcretilen bu dik duran fermuarl\u0131 torbalar, \u015fekerin taze ve g\u00f6rsel olarak \u00e7ekici kalmas\u0131na yard\u0131mc\u0131 olmak i\u00e7in g\u00fcvenilir nem korumas\u0131 sunar. Ki\u015fiselle\u015ftirilmi\u015f bask\u0131 se\u00e7enekleri ve pratik yeniden kapat\u0131labilir tasar\u0131m\u0131yla, perakende te\u015fhir ve toplu da\u011f\u0131t\u0131m i\u00e7in \u00e7ok uygundur. \u015eeker ambalaj\u0131n\u0131z\u0131 \u00f6zelle\u015ftirmek ve toplu sipari\u015finizi vermek i\u00e7in bug\u00fcn bize ula\u015f\u0131n. At\u0131\u015ft\u0131rmal\u0131klar i\u00e7in Y\u00fcksek Kaliteli \u00d6zel Plastik Torban\u0131n Avantajlar\u0131 \u25cf\u00d6zelle\u015ftirilmi\u015f tasar\u0131m: M\u00fc\u015fteri ihtiya\u00e7lar\u0131n\u0131 kar\u015f\u0131lamak i\u00e7in malzeme, boyut ve bask\u0131 deseni \u00f6zelle\u015ftirmesi dahil olmak \u00fczere \u00f6zelle\u015ftirilmi\u015f ambalaj po\u015feti hizmetleri sa\u011fl\u0131yoruz ve OEM ve ODM'yi destekliyoruz. \u00dcretim: Geli\u015fmi\u015f ekipman ve teknoloji ile sipari\u015f \u00fcretimini verimli ve y\u00fcksek kalitede tamamlayabilir ve zaman\u0131nda teslim edebiliriz. Kalite denetimi: \u00dcretim, \u00fcr\u00fcnlerin standartlar\u0131 kar\u015f\u0131lad\u0131\u011f\u0131ndan emin olmak i\u00e7in kalite standartlar\u0131na ve g\u0131da g\u00fcvenli\u011fi gereksinimlerine s\u0131k\u0131 s\u0131k\u0131ya ba\u011fl\u0131 olarak ger\u00e7ekle\u015ftirilir. M\u00fc\u015fteri hizmetleri: G\u00fcn\u00fcn 24 saati h\u0131zl\u0131 yan\u0131t ve \u00f6zenli m\u00fc\u015fteri hizmetleri deste\u011fi sa\u011flay\u0131n. \u00dccretsiz numune: \u00dcr\u00fcn\u00fc de\u011ferlendirmeniz i\u00e7in \u00fccretsiz numune hizmeti sa\u011flay\u0131n. Huiyang Ambalaj, m\u00fc\u015fterilerine y\u00fcksek kaliteli Toplu Ki\u015fiselle\u015ftirilmi\u015f \u015eeker Paketleme Torbalar\u0131 sunmay\u0131, m\u00fc\u015fterilerin \u00fcr\u00fcn imajlar\u0131n\u0131 ve pazar rekabet g\u00fc\u00e7lerini geli\u015ftirmelerine yard\u0131mc\u0131 olmay\u0131 taahh\u00fct eder.<\/p>","protected":false},"featured_media":8822,"comment_status":"closed","ping_status":"closed","template":"","meta":[],"product_brand":[],"product_cat":[107,51],"product_tag":[116,124],"class_list":{"0":"post-8880","1":"product","2":"type-product","3":"status-publish","4":"has-post-thumbnail","6":"product_cat-candy-packaging-bags-wholesale","7":"product_cat-custom-food-packaging-bags","8":"product_tag-stand-up-pouch-manufacturer","9":"product_tag-zipper-pouch-manufacturer","11":"first","12":"instock","13":"shipping-taxable","14":"product-type-simple"},"_links":{"self":[{"href":"https:\/\/www.hyflexpack.com\/tr\/wp-json\/wp\/v2\/product\/8880","targetHints":{"allow":["GET"]}}],"collection":[{"href":"https:\/\/www.hyflexpack.com\/tr\/wp-json\/wp\/v2\/product"}],"about":[{"href":"https:\/\/www.hyflexpack.com\/tr\/wp-json\/wp\/v2\/types\/product"}],"replies":[{"embeddable":true,"href":"https:\/\/www.hyflexpack.com\/tr\/wp-json\/wp\/v2\/comments?post=8880"}],"wp:featuredmedia":[{"embeddable":true,"href":"https:\/\/www.hyflexpack.com\/tr\/wp-json\/wp\/v2\/media\/8822"}],"wp:attachment":[{"href":"https:\/\/www.hyflexpack.com\/tr\/wp-json\/wp\/v2\/media?parent=8880"}],"wp:term":[{"taxonomy":"product_brand","embeddable":true,"href":"https:\/\/www.hyflexpack.com\/tr\/wp-json\/wp\/v2\/product_brand?post=8880"},{"taxonomy":"product_cat","embeddable":true,"href":"https:\/\/www.hyflexpack.com\/tr\/wp-json\/wp\/v2\/product_cat?post=8880"},{"taxonomy":"product_tag","embeddable":true,"href":"https:\/\/www.hyflexpack.com\/tr\/wp-json\/wp\/v2\/product_tag?post=8880"}],"curies":[{"name":"wp","href":"https:\/\/api.w.org\/{rel}","templated":true}]}}