{"id":8453,"date":"2025-11-18T10:28:14","date_gmt":"2025-11-18T10:28:14","guid":{"rendered":"https:\/\/www.hyflexpack.com\/?post_type=product&#038;p=8453"},"modified":"2025-12-31T07:34:38","modified_gmt":"2025-12-31T07:34:38","slug":"custom-snack-bags-wholesale","status":"publish","type":"product","link":"https:\/\/www.hyflexpack.com\/tr\/product\/custom-snack-bags-wholesale\/","title":{"rendered":"Dijital ve Grav\u00fcr Bask\u0131 Se\u00e7enekleri ile \u00d6zel At\u0131\u015ft\u0131rmal\u0131k Torbalar\u0131 Toptan G\u0131da S\u0131n\u0131f\u0131 Kurabiye Ambalaj\u0131"},"content":{"rendered":"<div class=\"wp-block-columns is-layout-flex wp-container-core-columns-is-layout-9d6595d7 wp-block-columns-is-layout-flex\">\n<div class=\"wp-block-column is-layout-flow wp-block-column-is-layout-flow\">\n<h2 class=\"wp-block-heading\">\u00d6zel At\u0131\u015ft\u0131rmal\u0131k Torbalar\u0131 \u00d6zellikler:<\/h2>\n\n\n\n<p><\/p>\n\n\n\n<ul class=\"wp-block-list\">\n<li><strong>Tamamen \u00d6zelle\u015ftirilebilir \u00c7\u00f6z\u00fcmler<\/strong>: Toptan \u00f6zel at\u0131\u015ft\u0131rmal\u0131k po\u015fetlerimiz, \u00fcr\u00fcn\u00fcn\u00fcze ve marka kimli\u011finize m\u00fckemmel uyum sa\u011flamak i\u00e7in her boyut, \u015fekil veya y\u00fczey (mat, parlak veya \u015feffaf) i\u00e7in se\u00e7enekler sunar.<\/li>\n\n\n\n<li><strong>HD Dijital ve Grav\u00fcr Bask\u0131:<\/strong> Esnek, k\u00fc\u00e7\u00fck parti sipari\u015fler i\u00e7in dijital bask\u0131y\u0131 veya b\u00fcy\u00fck hacimli \u00fcretim i\u00e7in grav\u00fcr bask\u0131y\u0131 se\u00e7in. Bu bask\u0131 y\u00f6ntemlerinin her biri, toptan \u00f6zel at\u0131\u015ft\u0131rmal\u0131k po\u015fetleriniz i\u00e7in parlak, keskin, \u00fcst\u00fcn kaliteli grafikler sa\u011flar.<\/li>\n\n\n\n<li><strong>G\u0131da S\u0131n\u0131f\u0131 ve G\u00fcvenli: <\/strong>Sertifikal\u0131 g\u0131da s\u0131n\u0131f\u0131 malzemeden \u00fcretilen po\u015fetler tazeli\u011fi \u00e7ok iyi korur, at\u0131\u015ft\u0131rmal\u0131klar\u0131 uzun s\u00fcre temiz ve kokusuz tutar.<\/li>\n\n\n\n<li><strong>Is\u0131l M\u00fch\u00fcr ve A\u00e7\u0131l\u0131p Kapanabilir Se\u00e7enekler:<\/strong> \u0130ste\u011fe ba\u011fl\u0131 kilitli g\u00fc\u00e7l\u00fc \u0131s\u0131 yal\u0131t\u0131ml\u0131 kapak, ambalaj\u0131 g\u00fcvenli ve kullan\u0131\u015fl\u0131 hale getirir ve perakende sat\u0131\u015fa haz\u0131r \u015fekerleme ve at\u0131\u015ft\u0131rmal\u0131k \u00fcr\u00fcnler i\u00e7in idealdir.<\/li>\n\n\n\n<li><strong>Geni\u015f Uygulama Kapsam\u0131:<\/strong> \u015eeker, sak\u0131z, kuruyemi\u015f, kurabiye, kuru meyve ve \u00e7ok daha fazlas\u0131 i\u00e7in tasarlanm\u0131\u015f, \u00e7e\u015fitli at\u0131\u015ft\u0131rmal\u0131k \u00fcr\u00fcnler i\u00e7in g\u00fcvenilir \u00f6zel ambalaj \u00e7\u00f6z\u00fcm\u00fcn\u00fcz.<\/li>\n<\/ul>\n<\/div>\n\n\n\n<div class=\"wp-block-column is-layout-flow wp-block-column-is-layout-flow\">\n<figure class=\"wp-block-image size-full\"><img fetchpriority=\"high\" decoding=\"async\" width=\"1000\" height=\"1000\" src=\"https:\/\/www.hyflexpack.com\/wp-content\/uploads\/2025\/11\/Custom-Snack-Bags-Wholesale.webp\" alt=\"\u00d6zel-At\u0131\u015ft\u0131rmal\u0131k-\u00c7antalar-Toptan\" class=\"wp-image-8474\" srcset=\"https:\/\/www.hyflexpack.com\/wp-content\/uploads\/2025\/11\/Custom-Snack-Bags-Wholesale.webp 1000w, https:\/\/www.hyflexpack.com\/wp-content\/uploads\/2025\/11\/Custom-Snack-Bags-Wholesale-300x300.webp 300w, https:\/\/www.hyflexpack.com\/wp-content\/uploads\/2025\/11\/Custom-Snack-Bags-Wholesale-150x150.webp 150w, https:\/\/www.hyflexpack.com\/wp-content\/uploads\/2025\/11\/Custom-Snack-Bags-Wholesale-768x768.webp 768w, https:\/\/www.hyflexpack.com\/wp-content\/uploads\/2025\/11\/Custom-Snack-Bags-Wholesale-12x12.webp 12w, https:\/\/www.hyflexpack.com\/wp-content\/uploads\/2025\/11\/Custom-Snack-Bags-Wholesale-285x285.webp 285w, https:\/\/www.hyflexpack.com\/wp-content\/uploads\/2025\/11\/Custom-Snack-Bags-Wholesale-270x270.webp 270w, https:\/\/www.hyflexpack.com\/wp-content\/uploads\/2025\/11\/Custom-Snack-Bags-Wholesale-540x540.webp 540w, https:\/\/www.hyflexpack.com\/wp-content\/uploads\/2025\/11\/Custom-Snack-Bags-Wholesale-660x660.webp 660w\" sizes=\"(max-width: 1000px) 100vw, 1000px\" \/><figcaption class=\"wp-element-caption\">\u015eekilli Kurabiye At\u0131\u015ft\u0131rmal\u0131k Torbalar\u0131<\/figcaption><\/figure>\n<\/div>\n<\/div>\n\n\n\n<div class=\"wp-block-columns is-layout-flex wp-container-core-columns-is-layout-9d6595d7 wp-block-columns-is-layout-flex\">\n<div class=\"wp-block-column is-layout-flow wp-block-column-is-layout-flow\">\n<figure class=\"wp-block-image size-full\"><img decoding=\"async\" width=\"1000\" height=\"1000\" src=\"https:\/\/www.hyflexpack.com\/wp-content\/uploads\/2025\/11\/Custom-Snack-Bags-with-stand-up-design.webp\" alt=\"Ayakta durabilen tasar\u0131ml\u0131 \u00d6zel At\u0131\u015ft\u0131rmal\u0131k \u00c7antalar\u0131\" class=\"wp-image-8478\" srcset=\"https:\/\/www.hyflexpack.com\/wp-content\/uploads\/2025\/11\/Custom-Snack-Bags-with-stand-up-design.webp 1000w, https:\/\/www.hyflexpack.com\/wp-content\/uploads\/2025\/11\/Custom-Snack-Bags-with-stand-up-design-300x300.webp 300w, https:\/\/www.hyflexpack.com\/wp-content\/uploads\/2025\/11\/Custom-Snack-Bags-with-stand-up-design-150x150.webp 150w, https:\/\/www.hyflexpack.com\/wp-content\/uploads\/2025\/11\/Custom-Snack-Bags-with-stand-up-design-768x768.webp 768w, https:\/\/www.hyflexpack.com\/wp-content\/uploads\/2025\/11\/Custom-Snack-Bags-with-stand-up-design-12x12.webp 12w, https:\/\/www.hyflexpack.com\/wp-content\/uploads\/2025\/11\/Custom-Snack-Bags-with-stand-up-design-285x285.webp 285w, https:\/\/www.hyflexpack.com\/wp-content\/uploads\/2025\/11\/Custom-Snack-Bags-with-stand-up-design-270x270.webp 270w, https:\/\/www.hyflexpack.com\/wp-content\/uploads\/2025\/11\/Custom-Snack-Bags-with-stand-up-design-540x540.webp 540w, https:\/\/www.hyflexpack.com\/wp-content\/uploads\/2025\/11\/Custom-Snack-Bags-with-stand-up-design-660x660.webp 660w\" sizes=\"(max-width: 1000px) 100vw, 1000px\" \/><\/figure>\n<\/div>\n\n\n\n<div class=\"wp-block-column is-layout-flow wp-block-column-is-layout-flow\">\n<figure class=\"wp-block-image size-full\"><img decoding=\"async\" width=\"1000\" height=\"1000\" src=\"https:\/\/www.hyflexpack.com\/wp-content\/uploads\/2025\/11\/Custom-Stand-Up-Snack-Bags-Wholesale.webp\" alt=\"\u00d6zel-Stand-Up-Snack-\u00c7anta-Toptan Sat\u0131\u015f\" class=\"wp-image-8479\" srcset=\"https:\/\/www.hyflexpack.com\/wp-content\/uploads\/2025\/11\/Custom-Stand-Up-Snack-Bags-Wholesale.webp 1000w, https:\/\/www.hyflexpack.com\/wp-content\/uploads\/2025\/11\/Custom-Stand-Up-Snack-Bags-Wholesale-300x300.webp 300w, https:\/\/www.hyflexpack.com\/wp-content\/uploads\/2025\/11\/Custom-Stand-Up-Snack-Bags-Wholesale-150x150.webp 150w, https:\/\/www.hyflexpack.com\/wp-content\/uploads\/2025\/11\/Custom-Stand-Up-Snack-Bags-Wholesale-768x768.webp 768w, https:\/\/www.hyflexpack.com\/wp-content\/uploads\/2025\/11\/Custom-Stand-Up-Snack-Bags-Wholesale-12x12.webp 12w, https:\/\/www.hyflexpack.com\/wp-content\/uploads\/2025\/11\/Custom-Stand-Up-Snack-Bags-Wholesale-285x285.webp 285w, https:\/\/www.hyflexpack.com\/wp-content\/uploads\/2025\/11\/Custom-Stand-Up-Snack-Bags-Wholesale-270x270.webp 270w, https:\/\/www.hyflexpack.com\/wp-content\/uploads\/2025\/11\/Custom-Stand-Up-Snack-Bags-Wholesale-540x540.webp 540w, https:\/\/www.hyflexpack.com\/wp-content\/uploads\/2025\/11\/Custom-Stand-Up-Snack-Bags-Wholesale-660x660.webp 660w\" sizes=\"(max-width: 1000px) 100vw, 1000px\" \/><\/figure>\n<\/div>\n<\/div>","protected":false},"excerpt":{"rendered":"<p>Dijital veya grav\u00fcr bask\u0131 ile g\u0131da s\u0131n\u0131f\u0131 malzemeden \u00fcretilen \u00f6zel at\u0131\u015ft\u0131rmal\u0131k po\u015fetlerimizle ambalaj\u0131n\u0131z\u0131 y\u00fckseltin. \u00dccretsiz numune, \u00fccretsiz tasar\u0131m, fabrika toptan sat\u0131\u015f fiyat\u0131 ve tam OEM\/ODM deste\u011fi sunuyoruz. G\u00fc\u00e7l\u00fc s\u0131zd\u0131rmazl\u0131k ve \u00fcst\u00fcn raf \u00e7ekicili\u011fi ile \u015fekerler, sak\u0131zlar, kuruyemi\u015fler ve daha fazlas\u0131 i\u00e7in m\u00fckemmeldir.<\/p>\n<h3>\u00d6zel At\u0131\u015ft\u0131rmal\u0131k Torbalar\u0131 Toptanc\u0131s\u0131n\u0131n Avantajlar\u0131<\/h3>\n<ul>\n<li><strong>\u00d6zel Tasar\u0131m<\/strong>: M\u00fc\u015fteri ihtiya\u00e7lar\u0131n\u0131 kar\u015f\u0131lamak i\u00e7in malzeme, boyut ve bask\u0131 deseni \u00f6zelle\u015ftirmesi dahil olmak \u00fczere \u00f6zelle\u015ftirilmi\u015f ambalaj po\u015feti hizmeti sa\u011fl\u0131yoruz ve OEM ve ODM'yi destekliyoruz.<\/li>\n<li><strong>\u00dcretim<\/strong>: Geli\u015fmi\u015f ekipman ve teknoloji ile sipari\u015f \u00fcretimini y\u00fcksek verimlilik ve y\u00fcksek kalite ile tamamlayabilir, zaman\u0131nda teslim edebiliriz.<\/li>\n<li><strong>Kalite Denetimi<\/strong>: \u00dcr\u00fcnlerin standartlar\u0131 kar\u015f\u0131lad\u0131\u011f\u0131ndan emin olmak i\u00e7in \u00fcretim i\u00e7in kalite standartlar\u0131n\u0131 ve g\u0131da g\u00fcvenli\u011fi gereksinimlerini s\u0131k\u0131 bir \u015fekilde takip edin.<\/li>\n<li><strong>M\u00fc\u015fteri Hizmetleri<\/strong>: H\u0131zl\u0131 yan\u0131t ve \u00f6zenli m\u00fc\u015fteri hizmetleri deste\u011fi sa\u011flamak i\u00e7in 24 saat.<\/li>\n<li><strong>Sertifikalar:<\/strong>\u00a0\u00a0BRC, ISO, QS, FDA<\/li>\n<li><strong>\u00dccretsiz \u00d6rnek<\/strong>\uff1a \u00dcr\u00fcnleri de\u011ferlendirebilmeniz i\u00e7in \u00fccretsiz numune hizmeti sa\u011flay\u0131n.<\/li>\n<\/ul>\n<p><a href=\"https:\/\/www.hyflexpack.com\/tr\/\"><strong>Huiyang Ambalaj<\/strong><\/a> m\u00fc\u015fterilerin \u00fcr\u00fcn imajlar\u0131n\u0131 geli\u015ftirmelerine ve pazar rekabet g\u00fc\u00e7lerini art\u0131rmalar\u0131na yard\u0131mc\u0131 olmak i\u00e7in m\u00fc\u015fterilere y\u00fcksek kaliteli \u00f6zel at\u0131\u015ft\u0131rmal\u0131k po\u015fetleri sa\u011flamay\u0131 taahh\u00fct eder.<\/p>","protected":false},"featured_media":8476,"comment_status":"closed","ping_status":"closed","template":"","meta":[],"product_brand":[],"product_cat":[57,51],"product_tag":[119,116],"class_list":{"0":"post-8453","1":"product","2":"type-product","3":"status-publish","4":"has-post-thumbnail","6":"product_cat-snack-packaging-bags-wholesale","7":"product_cat-custom-food-packaging-bags","8":"product_tag-shaped-pouches-factory","9":"product_tag-stand-up-pouch-manufacturer","11":"first","12":"instock","13":"shipping-taxable","14":"product-type-simple"},"_links":{"self":[{"href":"https:\/\/www.hyflexpack.com\/tr\/wp-json\/wp\/v2\/product\/8453","targetHints":{"allow":["GET"]}}],"collection":[{"href":"https:\/\/www.hyflexpack.com\/tr\/wp-json\/wp\/v2\/product"}],"about":[{"href":"https:\/\/www.hyflexpack.com\/tr\/wp-json\/wp\/v2\/types\/product"}],"replies":[{"embeddable":true,"href":"https:\/\/www.hyflexpack.com\/tr\/wp-json\/wp\/v2\/comments?post=8453"}],"wp:featuredmedia":[{"embeddable":true,"href":"https:\/\/www.hyflexpack.com\/tr\/wp-json\/wp\/v2\/media\/8476"}],"wp:attachment":[{"href":"https:\/\/www.hyflexpack.com\/tr\/wp-json\/wp\/v2\/media?parent=8453"}],"wp:term":[{"taxonomy":"product_brand","embeddable":true,"href":"https:\/\/www.hyflexpack.com\/tr\/wp-json\/wp\/v2\/product_brand?post=8453"},{"taxonomy":"product_cat","embeddable":true,"href":"https:\/\/www.hyflexpack.com\/tr\/wp-json\/wp\/v2\/product_cat?post=8453"},{"taxonomy":"product_tag","embeddable":true,"href":"https:\/\/www.hyflexpack.com\/tr\/wp-json\/wp\/v2\/product_tag?post=8453"}],"curies":[{"name":"wp","href":"https:\/\/api.w.org\/{rel}","templated":true}]}}