{"id":7821,"date":"2025-10-12T19:49:20","date_gmt":"2025-10-12T19:49:20","guid":{"rendered":"https:\/\/www.hyflexpack.com\/?post_type=product&#038;p=7821"},"modified":"2025-12-31T07:41:17","modified_gmt":"2025-12-31T07:41:17","slug":"premium-custom-coffee-pouch-with-zipper","status":"publish","type":"product","link":"https:\/\/www.hyflexpack.com\/tr\/product\/premium-custom-coffee-pouch-with-zipper\/","title":{"rendered":"Fermuarl\u0131 ve Valfli Premium \u00d6zel Kahve Po\u015feti Tedarik\u00e7isi, D\u00f6kme Kahve Paketleme \u00dcreticisi"},"content":{"rendered":"<div class=\"wp-block-columns is-layout-flex wp-container-core-columns-is-layout-9d6595d7 wp-block-columns-is-layout-flex\">\n<div class=\"wp-block-column is-layout-flow wp-block-column-is-layout-flow\">\n<h3 class=\"wp-block-heading\">Premium \u00d6zel Kahve Kesesinin \u00d6zellikleri<\/h3>\n\n\n\n<ul class=\"wp-block-list\">\n<li><strong>Toptan Tedarik:<\/strong> Verimli b\u00fcy\u00fck \u00f6l\u00e7ekli \u00fcretim ve optimize edilmi\u015f tedarik zinciri y\u00f6netiminden yararlanarak son derece rekabet\u00e7i toplu fiyatlar sunuyor ve k\u00e2r potansiyelinizi en \u00fcst d\u00fczeye \u00e7\u0131kar\u0131yoruz.<\/li>\n<\/ul>\n\n\n\n<ul class=\"wp-block-list\">\n<li><strong>Fermuar Kilidi:<\/strong> T\u00fcm ambalajlar y\u00fcksek kaliteli, yerle\u015fik, yeniden kullan\u0131labilir fermuar kilitleri ve bir valf ile donat\u0131labilir. Bu \u00f6zellik, t\u00fcketicilerin birden fazla kez eri\u015fmesini kolayla\u015ft\u0131r\u0131r ve her kullan\u0131mdan sonra hava ge\u00e7irmez bir m\u00fch\u00fcr olu\u015fturur.<\/li>\n<\/ul>\n\n\n\n<ul class=\"wp-block-list\">\n<li><strong>Esnek Po\u015fet Formatlar\u0131:<\/strong> Yayg\u0131n olarak kullan\u0131lan \u00e7e\u015fitli ambalaj po\u015fetleri, dik duran, k\u00f6\u015febentli veya d\u00fcz tabanl\u0131 stiller sunuyoruz.<\/li>\n<\/ul>\n\n\n\n<ul class=\"wp-block-list\">\n<li><strong>\u00d6zelle\u015ftirilmi\u015f Markalama:<\/strong> Tam renkli bask\u0131 ve tescilli marka se\u00e7enekleri sunan OEM hizmetleri. Tasar\u0131m taslaklar\u0131n\u0131z\u0131n canl\u0131 bir \u015fekilde yeniden \u00fcretilmesini sa\u011flamak i\u00e7in y\u00fcksek kaliteli, tam renkli \u00f6zel bask\u0131y\u0131 destekliyoruz.<\/li>\n<\/ul>\n<\/div>\n\n\n\n<div class=\"wp-block-column is-layout-flow wp-block-column-is-layout-flow\">\n<figure class=\"wp-block-image size-full\"><img fetchpriority=\"high\" decoding=\"async\" width=\"750\" height=\"750\" src=\"https:\/\/www.hyflexpack.com\/wp-content\/uploads\/2025\/10\/premium-custom-coffee-pouch-1.webp\" alt=\"premium \u00f6zel kahve po\u015feti (1)\" class=\"wp-image-8041\" srcset=\"https:\/\/www.hyflexpack.com\/wp-content\/uploads\/2025\/10\/premium-custom-coffee-pouch-1.webp 750w, https:\/\/www.hyflexpack.com\/wp-content\/uploads\/2025\/10\/premium-custom-coffee-pouch-1-300x300.webp 300w, https:\/\/www.hyflexpack.com\/wp-content\/uploads\/2025\/10\/premium-custom-coffee-pouch-1-150x150.webp 150w, https:\/\/www.hyflexpack.com\/wp-content\/uploads\/2025\/10\/premium-custom-coffee-pouch-1-12x12.webp 12w, https:\/\/www.hyflexpack.com\/wp-content\/uploads\/2025\/10\/premium-custom-coffee-pouch-1-285x285.webp 285w, https:\/\/www.hyflexpack.com\/wp-content\/uploads\/2025\/10\/premium-custom-coffee-pouch-1-270x270.webp 270w, https:\/\/www.hyflexpack.com\/wp-content\/uploads\/2025\/10\/premium-custom-coffee-pouch-1-540x540.webp 540w, https:\/\/www.hyflexpack.com\/wp-content\/uploads\/2025\/10\/premium-custom-coffee-pouch-1-660x660.webp 660w\" sizes=\"(max-width: 750px) 100vw, 750px\" \/><\/figure>\n<\/div>\n<\/div>","protected":false},"excerpt":{"rendered":"<p>Fermuarl\u0131 ve valfli, tazeli\u011fi kilitleyen ve kolayl\u0131k sa\u011flayan birinci s\u0131n\u0131f \u00f6zel kahve po\u015feti tedarik ediyoruz. Bu esnek po\u015fetler, uygun maliyetli \u00e7\u00f6z\u00fcmler arayan kahve kavurucular\u0131, distrib\u00fct\u00f6rler ve \u00f6zel markal\u0131 markalar i\u00e7in m\u00fckemmeldir. \u00dccretsiz numune mevcuttur. Fiyat teklifi i\u00e7in bug\u00fcn bize ula\u015f\u0131n.\u00a0<\/p>\n<h3>Fermuarl\u0131 ve Valfli Premium \u00d6zel Kahve Po\u015fetinin Avantajlar\u0131<\/h3>\n<ul>\n<li><strong>\u00d6zel tasar\u0131m:<\/strong> M\u00fc\u015fteri ihtiya\u00e7lar\u0131n\u0131 kar\u015f\u0131lamak i\u00e7in malzeme, boyut ve bask\u0131 deseni \u00f6zelle\u015ftirmesi dahil olmak \u00fczere \u00f6zelle\u015ftirilmi\u015f ambalaj po\u015feti hizmetleri sa\u011fl\u0131yor ve OEM ve ODM'yi destekliyoruz.<\/li>\n<li><strong>\u00dcretim Verimlili\u011fi:<\/strong> Geli\u015fmi\u015f ekipman ve teknoloji ile sipari\u015f \u00fcretimini verimli ve y\u00fcksek kalitede tamamlayabilir ve zaman\u0131nda teslim edebiliriz.<\/li>\n<li><strong>Kalite kontrol:<\/strong> \u00dcretim, \u00fcr\u00fcnlerin standartlar\u0131 kar\u015f\u0131lamas\u0131n\u0131 sa\u011flamak i\u00e7in kalite standartlar\u0131na ve g\u0131da g\u00fcvenli\u011fi gerekliliklerine s\u0131k\u0131 s\u0131k\u0131ya ba\u011fl\u0131 olarak ger\u00e7ekle\u015ftirilir.<\/li>\n<li><strong>M\u00fc\u015fteri hizmetleri:<\/strong> G\u00fcn\u00fcn 24 saati h\u0131zl\u0131 yan\u0131t ve \u00f6zenli m\u00fc\u015fteri hizmetleri deste\u011fi sa\u011flay\u0131n.<\/li>\n<\/ul>\n<p>Huiyang Packaging, m\u00fc\u015fterilerine birinci s\u0131n\u0131f \u00f6zel kahve po\u015fetleri sunmay\u0131, m\u00fc\u015fterilerin \u00fcr\u00fcn imajlar\u0131n\u0131 iyile\u015ftirmelerine ve pazar rekabet g\u00fc\u00e7lerini art\u0131rmalar\u0131na yard\u0131mc\u0131 olmay\u0131 taahh\u00fct eder. Tek elden, \u00e7evre dostu ve y\u00fcksek kaliteli ambalaj \u00e7\u00f6z\u00fcmleri sunmak taahh\u00fctlerimizden biridir.<\/p>","protected":false},"featured_media":8041,"comment_status":"open","ping_status":"closed","template":"","meta":[],"product_brand":[],"product_cat":[55],"product_tag":[120],"class_list":{"0":"post-7821","1":"product","2":"type-product","3":"status-publish","4":"has-post-thumbnail","6":"product_cat-custom-coffee-packaging","7":"product_tag-kraft-paper-pouch-manufacturer","9":"first","10":"instock","11":"shipping-taxable","12":"product-type-simple"},"_links":{"self":[{"href":"https:\/\/www.hyflexpack.com\/tr\/wp-json\/wp\/v2\/product\/7821","targetHints":{"allow":["GET"]}}],"collection":[{"href":"https:\/\/www.hyflexpack.com\/tr\/wp-json\/wp\/v2\/product"}],"about":[{"href":"https:\/\/www.hyflexpack.com\/tr\/wp-json\/wp\/v2\/types\/product"}],"replies":[{"embeddable":true,"href":"https:\/\/www.hyflexpack.com\/tr\/wp-json\/wp\/v2\/comments?post=7821"}],"wp:featuredmedia":[{"embeddable":true,"href":"https:\/\/www.hyflexpack.com\/tr\/wp-json\/wp\/v2\/media\/8041"}],"wp:attachment":[{"href":"https:\/\/www.hyflexpack.com\/tr\/wp-json\/wp\/v2\/media?parent=7821"}],"wp:term":[{"taxonomy":"product_brand","embeddable":true,"href":"https:\/\/www.hyflexpack.com\/tr\/wp-json\/wp\/v2\/product_brand?post=7821"},{"taxonomy":"product_cat","embeddable":true,"href":"https:\/\/www.hyflexpack.com\/tr\/wp-json\/wp\/v2\/product_cat?post=7821"},{"taxonomy":"product_tag","embeddable":true,"href":"https:\/\/www.hyflexpack.com\/tr\/wp-json\/wp\/v2\/product_tag?post=7821"}],"curies":[{"name":"wp","href":"https:\/\/api.w.org\/{rel}","templated":true}]}}