{"id":7764,"date":"2025-11-04T09:39:08","date_gmt":"2025-11-04T09:39:08","guid":{"rendered":"https:\/\/www.hyflexpack.com\/?post_type=product&#038;p=7764"},"modified":"2026-04-23T09:05:34","modified_gmt":"2026-04-23T09:05:34","slug":"wholesale-12oz-coffee-bags-supplier","status":"publish","type":"product","link":"https:\/\/www.hyflexpack.com\/tr\/product\/wholesale-12oz-coffee-bags-supplier\/","title":{"rendered":"12oz Kahve Po\u015fetleri Yan K\u00f6r\u00fckl\u00fc \u00d6\u011f\u00fct\u00fclm\u00fc\u015f \u00c7ay ve Kahve Paketleme Tedarik\u00e7isi Fabrika Do\u011frudan"},"content":{"rendered":"<div class=\"wp-block-columns is-layout-flex wp-container-core-columns-is-layout-9d6595d7 wp-block-columns-is-layout-flex\">\n<div class=\"wp-block-column is-layout-flow wp-block-column-is-layout-flow\">\n<h2 class=\"wp-block-heading\">Wholesale 12oz Coffee Bags Features:<\/h2>\n\n\n\n<ul class=\"wp-block-list\">\n<li><strong>Side-Pleat Structure<\/strong> \u2013 These <strong>wholesale 12oz coffee bags<\/strong> feature a side gusset design for better stability and an attractive shelf display.<\/li>\n\n\n\n<li><strong>Versatile Applications<\/strong> \u2013 Suitable for ground coffee, tea leaves, tea blends, and various dry food products.<\/li>\n\n\n\n<li><strong>Custom Printing Options<\/strong> \u2013 Logos, colors, patterns, and finishes can be fully customized to enhance brand identity.<\/li>\n\n\n\n<li><strong>Durable Packaging Material<\/strong> \u2013 Designed to protect contents while maintaining freshness and product quality.<\/li>\n\n\n\n<li><strong>Factory Direct Wholesale<\/strong> \u2013 <strong>Wholesale 12oz coffee bags<\/strong> come with competitive pricing and stable delivery for bulk orders<\/li>\n<\/ul>\n<\/div>\n\n\n\n<div class=\"wp-block-column is-layout-flow wp-block-column-is-layout-flow\">\n<figure class=\"wp-block-image size-full\"><img fetchpriority=\"high\" decoding=\"async\" width=\"750\" height=\"750\" src=\"https:\/\/www.hyflexpack.com\/wp-content\/uploads\/2025\/09\/Wholesale-12oz-Tea-and-Coffee-Bags-2.webp\" alt=\"Toptan 12oz \u00c7ay ve Kahve Po\u015fetleri \" class=\"wp-image-7745\" srcset=\"https:\/\/www.hyflexpack.com\/wp-content\/uploads\/2025\/09\/Wholesale-12oz-Tea-and-Coffee-Bags-2.webp 750w, https:\/\/www.hyflexpack.com\/wp-content\/uploads\/2025\/09\/Wholesale-12oz-Tea-and-Coffee-Bags-2-300x300.webp 300w, https:\/\/www.hyflexpack.com\/wp-content\/uploads\/2025\/09\/Wholesale-12oz-Tea-and-Coffee-Bags-2-150x150.webp 150w, https:\/\/www.hyflexpack.com\/wp-content\/uploads\/2025\/09\/Wholesale-12oz-Tea-and-Coffee-Bags-2-12x12.webp 12w, https:\/\/www.hyflexpack.com\/wp-content\/uploads\/2025\/09\/Wholesale-12oz-Tea-and-Coffee-Bags-2-285x285.webp 285w, https:\/\/www.hyflexpack.com\/wp-content\/uploads\/2025\/09\/Wholesale-12oz-Tea-and-Coffee-Bags-2-270x270.webp 270w, https:\/\/www.hyflexpack.com\/wp-content\/uploads\/2025\/09\/Wholesale-12oz-Tea-and-Coffee-Bags-2-540x540.webp 540w, https:\/\/www.hyflexpack.com\/wp-content\/uploads\/2025\/09\/Wholesale-12oz-Tea-and-Coffee-Bags-2-660x660.webp 660w\" sizes=\"(max-width: 750px) 100vw, 750px\" \/><\/figure>\n<\/div>\n<\/div>\n\n\n\n<p><\/p>","protected":false},"excerpt":{"rendered":"<p>As a wholesale coffee packaging supplier, wholesale 12oz coffee bags with side gusset design ensure stable shelf display for ground tea &amp; coffee in retail\/wholesale. Factory-direct supports bulk orders and custom printing for coffee shops, tea brands and food suppliers. One-stop eco-friendly packaging solutions.<\/p>\n<h3>Advantages of Wholesale 12oz Coffee Bags\u00a0Supplier<\/h3>\n<ul>\n<li><a href=\"https:\/\/www.hyflexpack.com\/tr\/ozel-esnek-ambalajlar\/\"><strong>\u00d6zel Tasar\u0131m<\/strong><\/a>: M\u00fc\u015fteri ihtiya\u00e7lar\u0131na g\u00f6re farkl\u0131 \u00f6zellikler, boyutlar ve bask\u0131 desenleri ile ki\u015fiselle\u015ftirilmi\u015f tasar\u0131m \u00e7\u00f6z\u00fcmleri sunmak.<\/li>\n<li><strong>Kalite G\u00fcvence<\/strong>: \u00dcretim s\u00fcrecini s\u0131k\u0131 bir \u015fekilde kontrol edin ve istikrarl\u0131 ve g\u00fcvenilir \u00fcr\u00fcn kalitesi sa\u011flamak i\u00e7in y\u00fcksek kaliteli malzemeler ve geli\u015fmi\u015f ekipman se\u00e7in.<\/li>\n<li><strong>Zaman\u0131nda Teslimat<\/strong>: \u00dcretim s\u00fcrecini optimize etmek, \u00fcretim verimlili\u011fini art\u0131rmak, m\u00fc\u015fteri sipari\u015flerinin zaman\u0131nda teslim edilmesini sa\u011flamak, m\u00fc\u015fterilerin acil ihtiya\u00e7lar\u0131n\u0131 kar\u015f\u0131lamak.<\/li>\n<li><strong>Profesyonel Teknik Destek<\/strong>: Talebe zaman\u0131nda yan\u0131t ve \u00e7\u00f6z\u00fcm sa\u011flamak i\u00e7in profesyonel teknik destek ve sat\u0131\u015f sonras\u0131 hizmet sa\u011flamak i\u00e7in deneyimli teknik ekip.<\/li>\n<li><strong>\u00dccretsiz \u00d6rnek<\/strong>: \u00dcr\u00fcnleri de\u011ferlendirmeniz i\u00e7in \u00fccretsiz numune hizmeti sa\u011flay\u0131n.<\/li>\n<\/ul>\n<p><a href=\"https:\/\/www.hyflexpack.com\/tr\/\"><strong>Huiyang Ambalaj<\/strong><\/a> is committed to providing customers with high-quality, custom <strong data-start=\"42\" data-end=\"72\">wholesale 12oz coffee bags<\/strong> to help customers improve their product image and enhance market competitiveness.<\/p>","protected":false},"featured_media":7745,"comment_status":"open","ping_status":"closed","template":"","meta":[],"product_brand":[],"product_cat":[55,51],"product_tag":[122],"class_list":{"0":"post-7764","1":"product","2":"type-product","3":"status-publish","4":"has-post-thumbnail","6":"product_cat-custom-coffee-packaging","7":"product_cat-custom-food-packaging-bags","8":"product_tag-gusset-pouch-manufacturer","10":"first","11":"instock","12":"shipping-taxable","13":"product-type-simple"},"_links":{"self":[{"href":"https:\/\/www.hyflexpack.com\/tr\/wp-json\/wp\/v2\/product\/7764","targetHints":{"allow":["GET"]}}],"collection":[{"href":"https:\/\/www.hyflexpack.com\/tr\/wp-json\/wp\/v2\/product"}],"about":[{"href":"https:\/\/www.hyflexpack.com\/tr\/wp-json\/wp\/v2\/types\/product"}],"replies":[{"embeddable":true,"href":"https:\/\/www.hyflexpack.com\/tr\/wp-json\/wp\/v2\/comments?post=7764"}],"wp:featuredmedia":[{"embeddable":true,"href":"https:\/\/www.hyflexpack.com\/tr\/wp-json\/wp\/v2\/media\/7745"}],"wp:attachment":[{"href":"https:\/\/www.hyflexpack.com\/tr\/wp-json\/wp\/v2\/media?parent=7764"}],"wp:term":[{"taxonomy":"product_brand","embeddable":true,"href":"https:\/\/www.hyflexpack.com\/tr\/wp-json\/wp\/v2\/product_brand?post=7764"},{"taxonomy":"product_cat","embeddable":true,"href":"https:\/\/www.hyflexpack.com\/tr\/wp-json\/wp\/v2\/product_cat?post=7764"},{"taxonomy":"product_tag","embeddable":true,"href":"https:\/\/www.hyflexpack.com\/tr\/wp-json\/wp\/v2\/product_tag?post=7764"}],"curies":[{"name":"wp","href":"https:\/\/api.w.org\/{rel}","templated":true}]}}