{"id":7645,"date":"2025-08-29T02:00:54","date_gmt":"2025-08-29T02:00:54","guid":{"rendered":"https:\/\/www.hyflexpack.com\/?post_type=product&#038;p=7645"},"modified":"2026-01-03T09:58:04","modified_gmt":"2026-01-03T09:58:04","slug":"custom-juice-spout-pouch-wholesaler","status":"publish","type":"product","link":"https:\/\/www.hyflexpack.com\/tr\/product\/custom-juice-spout-pouch-wholesaler\/","title":{"rendered":"\u00d6zel Meyve Suyu Muslu\u011fu K\u0131l\u0131f\u0131 Toptanc\u0131s\u0131, S\u0131zd\u0131rmaz Tasar\u0131ml\u0131 Al\u00fcminyum Folyo Ambalaj Torbas\u0131"},"content":{"rendered":"<div class=\"wp-block-columns is-layout-flex wp-container-core-columns-is-layout-9d6595d7 wp-block-columns-is-layout-flex\">\n<div class=\"wp-block-column is-layout-flow wp-block-column-is-layout-flow\">\n<h2 class=\"wp-block-heading\">Toptan Meyve Suyu A\u011fz\u0131 Po\u015feti \u00d6zellikleri:<\/h2>\n\n\n\n<ul class=\"wp-block-list\">\n<li><strong>\u00d6zel Meyve Suyu A\u011fz\u0131 Kesesi Tasar\u0131m\u0131<\/strong>: Mango suyu, smoothie'ler, enerji i\u00e7ecekleri ve \u00e7e\u015fitli s\u0131v\u0131 i\u00e7ecekler i\u00e7in uygun olan y\u00fckseltilmi\u015f a\u011f\u0131z tasar\u0131m\u0131 i\u00e7meyi ve d\u00f6kmeyi kolayla\u015ft\u0131r\u0131r.<\/li>\n\n\n\n<li><strong>Al\u00fcminyum Folyo Ambalajlar\u0131n Y\u00fcksek Bariyer Performans\u0131<\/strong>: Meyve suyu torbalar\u0131m\u0131z, \u0131\u015f\u0131\u011f\u0131, nemi ve oksijeni etkili bir \u015fekilde engelleyen ve i\u00e7ecek raf \u00f6mr\u00fcn\u00fc uzatan kompozit bir al\u00fcminyum folyo yap\u0131s\u0131na sahiptir.<\/li>\n\n\n\n<li><strong>S\u0131zd\u0131rmaz ve Dayan\u0131kl\u0131:<\/strong>  G\u00fcvenilir s\u0131zd\u0131rmazl\u0131k teknolojisi ve g\u00fc\u00e7lendirilmi\u015f po\u015fet yap\u0131s\u0131, meyve suyu a\u011fz\u0131 po\u015feti toptanc\u0131lar\u0131 taraf\u0131ndan g\u00fcvenilen g\u00fcvenli ta\u015f\u0131ma sa\u011flar.<\/li>\n\n\n\n<li><strong>Esnek \u00d6zelle\u015ftirme<\/strong>: \u00c7e\u015fitli \u00f6zellikler, musluk tipleri ve bask\u0131 tasar\u0131mlar\u0131 aras\u0131ndan se\u00e7im yap\u0131n. Marka logosu \u00f6zelle\u015ftirmesini, OEM ve ODM'yi destekler.<\/li>\n\n\n\n<li><strong>\u00c7evre Dostu ve Uygun Maliyetli<\/strong>: Huiyang Packaging, s\u00fcrd\u00fcr\u00fclebilir ve ekonomik \u00e7\u00f6z\u00fcmler sunarak meyve suyu \u00fcreticilerinin \u00e7evre standartlar\u0131n\u0131 kar\u015f\u0131larken maliyetleri d\u00fc\u015f\u00fcrmelerine yard\u0131mc\u0131 olur.<\/li>\n\n\n\n<li><strong>Y\u00fcksek Hacimli Meyve Suyu Ambalajlar\u0131 i\u00e7in idealdir:<\/strong> Ticari \u00f6l\u00e7ekli \u00fcretim i\u00e7in ambalaj taleplerini kar\u015f\u0131layan i\u00e7ecek markalar\u0131 ve distrib\u00fct\u00f6rleri i\u00e7in uygundur.<\/li>\n<\/ul>\n<\/div>\n\n\n\n<div class=\"wp-block-column is-layout-flow wp-block-column-is-layout-flow\">\n<figure class=\"wp-block-image size-full\"><img fetchpriority=\"high\" decoding=\"async\" width=\"750\" height=\"750\" src=\"https:\/\/www.hyflexpack.com\/wp-content\/uploads\/2025\/08\/Custom-Wholesale-Juice-Spout-Pouches-5.webp\" alt=\"\u00d6zel Toptan Meyve Suyu A\u011fz\u0131 Torbalar\u0131\" class=\"wp-image-7639\" srcset=\"https:\/\/www.hyflexpack.com\/wp-content\/uploads\/2025\/08\/Custom-Wholesale-Juice-Spout-Pouches-5.webp 750w, https:\/\/www.hyflexpack.com\/wp-content\/uploads\/2025\/08\/Custom-Wholesale-Juice-Spout-Pouches-5-300x300.webp 300w, https:\/\/www.hyflexpack.com\/wp-content\/uploads\/2025\/08\/Custom-Wholesale-Juice-Spout-Pouches-5-150x150.webp 150w, https:\/\/www.hyflexpack.com\/wp-content\/uploads\/2025\/08\/Custom-Wholesale-Juice-Spout-Pouches-5-12x12.webp 12w, https:\/\/www.hyflexpack.com\/wp-content\/uploads\/2025\/08\/Custom-Wholesale-Juice-Spout-Pouches-5-285x285.webp 285w, https:\/\/www.hyflexpack.com\/wp-content\/uploads\/2025\/08\/Custom-Wholesale-Juice-Spout-Pouches-5-270x270.webp 270w, https:\/\/www.hyflexpack.com\/wp-content\/uploads\/2025\/08\/Custom-Wholesale-Juice-Spout-Pouches-5-540x540.webp 540w, https:\/\/www.hyflexpack.com\/wp-content\/uploads\/2025\/08\/Custom-Wholesale-Juice-Spout-Pouches-5-660x660.webp 660w\" sizes=\"(max-width: 750px) 100vw, 750px\" \/><\/figure>\n<\/div>\n<\/div>\n\n\n\n<div class=\"wp-block-columns is-layout-flex wp-container-core-columns-is-layout-9d6595d7 wp-block-columns-is-layout-flex\">\n<div class=\"wp-block-column is-layout-flow wp-block-column-is-layout-flow\">\n<figure class=\"wp-block-image size-full\"><img decoding=\"async\" width=\"750\" height=\"750\" src=\"https:\/\/www.hyflexpack.com\/wp-content\/uploads\/2025\/08\/Custom-Wholesale-Juice-Spout-Pouches-2.webp\" alt=\"\u00d6zel Toptan Meyve Suyu A\u011fz\u0131 Torbalar\u0131\" class=\"wp-image-7636\" srcset=\"https:\/\/www.hyflexpack.com\/wp-content\/uploads\/2025\/08\/Custom-Wholesale-Juice-Spout-Pouches-2.webp 750w, https:\/\/www.hyflexpack.com\/wp-content\/uploads\/2025\/08\/Custom-Wholesale-Juice-Spout-Pouches-2-300x300.webp 300w, https:\/\/www.hyflexpack.com\/wp-content\/uploads\/2025\/08\/Custom-Wholesale-Juice-Spout-Pouches-2-150x150.webp 150w, https:\/\/www.hyflexpack.com\/wp-content\/uploads\/2025\/08\/Custom-Wholesale-Juice-Spout-Pouches-2-12x12.webp 12w, https:\/\/www.hyflexpack.com\/wp-content\/uploads\/2025\/08\/Custom-Wholesale-Juice-Spout-Pouches-2-285x285.webp 285w, https:\/\/www.hyflexpack.com\/wp-content\/uploads\/2025\/08\/Custom-Wholesale-Juice-Spout-Pouches-2-270x270.webp 270w, https:\/\/www.hyflexpack.com\/wp-content\/uploads\/2025\/08\/Custom-Wholesale-Juice-Spout-Pouches-2-540x540.webp 540w, https:\/\/www.hyflexpack.com\/wp-content\/uploads\/2025\/08\/Custom-Wholesale-Juice-Spout-Pouches-2-660x660.webp 660w\" sizes=\"(max-width: 750px) 100vw, 750px\" \/><figcaption class=\"wp-element-caption\">Ayakl\u0131 \u00d6zel Meyve Suyu A\u011fz\u0131 K\u0131l\u0131f\u0131<\/figcaption><\/figure>\n<\/div>\n\n\n\n<div class=\"wp-block-column is-layout-flow wp-block-column-is-layout-flow\">\n<figure class=\"wp-block-image size-full\"><img decoding=\"async\" width=\"750\" height=\"750\" src=\"https:\/\/www.hyflexpack.com\/wp-content\/uploads\/2025\/08\/Custom-Wholesale-Juice-Spout-Pouches-3.webp\" alt=\"\u00d6zel Toptan Meyve Suyu A\u011fz\u0131 Torbalar\u0131\" class=\"wp-image-7637\" srcset=\"https:\/\/www.hyflexpack.com\/wp-content\/uploads\/2025\/08\/Custom-Wholesale-Juice-Spout-Pouches-3.webp 750w, https:\/\/www.hyflexpack.com\/wp-content\/uploads\/2025\/08\/Custom-Wholesale-Juice-Spout-Pouches-3-300x300.webp 300w, https:\/\/www.hyflexpack.com\/wp-content\/uploads\/2025\/08\/Custom-Wholesale-Juice-Spout-Pouches-3-150x150.webp 150w, https:\/\/www.hyflexpack.com\/wp-content\/uploads\/2025\/08\/Custom-Wholesale-Juice-Spout-Pouches-3-12x12.webp 12w, https:\/\/www.hyflexpack.com\/wp-content\/uploads\/2025\/08\/Custom-Wholesale-Juice-Spout-Pouches-3-285x285.webp 285w, https:\/\/www.hyflexpack.com\/wp-content\/uploads\/2025\/08\/Custom-Wholesale-Juice-Spout-Pouches-3-270x270.webp 270w, https:\/\/www.hyflexpack.com\/wp-content\/uploads\/2025\/08\/Custom-Wholesale-Juice-Spout-Pouches-3-540x540.webp 540w, https:\/\/www.hyflexpack.com\/wp-content\/uploads\/2025\/08\/Custom-Wholesale-Juice-Spout-Pouches-3-660x660.webp 660w\" sizes=\"(max-width: 750px) 100vw, 750px\" \/><figcaption class=\"wp-element-caption\">\u00c7\u0131k\u0131\u015f A\u011fz\u0131 Tasar\u0131m\u0131<\/figcaption><\/figure>\n<\/div>\n<\/div>","protected":false},"excerpt":{"rendered":"<p>Dayan\u0131kl\u0131 lamine al\u00fcminyum folyo ile \u00fcretilen ve toplu i\u00e7ecek ambalajlar\u0131 i\u00e7in ideal olan y\u00fcksek kaliteli \u00d6zel Toptan Meyve Suyu Da\u011f\u0131tma Torbalar\u0131m\u0131z\u0131 daha yak\u0131ndan tan\u0131y\u0131n. G\u00fc\u00e7l\u00fc bariyer korumas\u0131na ve uygun a\u011f\u0131zl\u0131k da\u011f\u0131t\u0131m\u0131na ihtiya\u00e7 duyan ticari al\u0131c\u0131lar i\u00e7in tasarlanm\u0131\u015ft\u0131r. Fiyat teklifi i\u00e7in bug\u00fcn bize ula\u015f\u0131n. Tek elden, \u00e7evre dostu ve y\u00fcksek kaliteli ambalaj \u00e7\u00f6z\u00fcmleri sunmay\u0131 taahh\u00fct ediyoruz.\u00a0<\/p>\n<h3>Meyve Suyu A\u011fz\u0131 Torbas\u0131 Toptanc\u0131s\u0131n\u0131n Avantajlar\u0131<\/h3>\n<ul>\n<li><strong>\u00d6zel Tasar\u0131m<\/strong>: M\u00fc\u015fterilerin ihtiya\u00e7lar\u0131n\u0131 kar\u015f\u0131lamak i\u00e7in OEM ve ODM'yi destekleyen malzeme, boyut ve bask\u0131 deseni \u00f6zelle\u015ftirmesi dahil olmak \u00fczere \u00f6zelle\u015ftirilmi\u015f tasar\u0131m meyve suyu muslu\u011fu \u00e7antas\u0131 hizmeti sunuyoruz.<\/li>\n<li><strong>H\u0131zl\u0131 teslimat<\/strong>: Verimli bir \u00fcretim s\u00fcreci ve tedarik zinciri y\u00f6netim sistemi, m\u00fc\u015fterilerin sipari\u015flerine h\u0131zl\u0131 bir \u015fekilde yan\u0131t verebilir ve zaman\u0131nda teslimat sa\u011flayabilir.<\/li>\n<li><strong>Kalite Denetimi<\/strong>: \u00dcr\u00fcnlerin standartlar\u0131 kar\u015f\u0131lad\u0131\u011f\u0131ndan emin olmak i\u00e7in kalite standartlar\u0131n\u0131 ve g\u0131da g\u00fcvenli\u011fi gereksinimlerini s\u0131k\u0131 bir \u015fekilde takip edin.<\/li>\n<li><strong>Teknik Destek Ekibi<\/strong>: Ekibimiz zengin end\u00fcstri deneyimine ve profesyonel bilgiye sahiptir ve m\u00fc\u015fteriler i\u00e7in teknik destek ve 24 saat dan\u0131\u015fmanl\u0131k hizmetleri sa\u011flayabilir.<\/li>\n<li><strong>\u00dccretsiz \u00d6rnek<\/strong>: \u00dcr\u00fcnleri de\u011ferlendirebilmeniz i\u00e7in \u00fccretsiz numune hizmeti sunmak.<\/li>\n<li><strong data-start=\"760\" data-end=\"772\">D\u00fc\u015f\u00fck MOQ:<\/strong> D\u00fc\u015f\u00fck minimum sipari\u015f miktarlar\u0131n\u0131 destekleyerek m\u00fc\u015fterilerin projelerine esnek bir \u015fekilde ba\u015flamalar\u0131na ve envanter bask\u0131s\u0131n\u0131 azaltmalar\u0131na yard\u0131mc\u0131 oluyoruz.<\/li>\n<li><strong data-start=\"895\" data-end=\"917\">Rekabet\u00e7i Fiyat:<\/strong> B\u00fcy\u00fck \u00f6l\u00e7ekli \u00fcretim kapasitesi ve uygun maliyetli y\u00f6netim ile \u00fcr\u00fcn kalitesinden \u00f6d\u00fcn vermeden rekabet\u00e7i fiyatlar sunuyoruz.<\/li>\n<\/ul>\n<p><span style=\"color: #3366ff\"><a style=\"color: #3366ff\" href=\"https:\/\/www.hyflexpack.com\/tr\/\"><strong>Huiyang Ambalaj<\/strong><\/a> <\/span>m\u00fc\u015fterilerin \u00fcr\u00fcn imajlar\u0131n\u0131 iyile\u015ftirmelerine ve pazar rekabet g\u00fcc\u00fcn\u00fc art\u0131rmalar\u0131na yard\u0131mc\u0131 olmak i\u00e7in m\u00fc\u015fterilere y\u00fcksek kaliteli, \u00f6zelle\u015ftirilmi\u015f meyve suyu muslu\u011fu po\u015fetleri sa\u011flamay\u0131 taahh\u00fct eder.<\/p>","protected":false},"featured_media":7635,"comment_status":"open","ping_status":"closed","template":"","meta":[],"product_brand":[],"product_cat":[103],"product_tag":[115],"class_list":{"0":"post-7645","1":"product","2":"type-product","3":"status-publish","4":"has-post-thumbnail","6":"product_cat-beverage-packaging-bags-supplier","7":"product_tag-spout-pouch-manufacturer","9":"first","10":"instock","11":"shipping-taxable","12":"product-type-simple"},"_links":{"self":[{"href":"https:\/\/www.hyflexpack.com\/tr\/wp-json\/wp\/v2\/product\/7645","targetHints":{"allow":["GET"]}}],"collection":[{"href":"https:\/\/www.hyflexpack.com\/tr\/wp-json\/wp\/v2\/product"}],"about":[{"href":"https:\/\/www.hyflexpack.com\/tr\/wp-json\/wp\/v2\/types\/product"}],"replies":[{"embeddable":true,"href":"https:\/\/www.hyflexpack.com\/tr\/wp-json\/wp\/v2\/comments?post=7645"}],"wp:featuredmedia":[{"embeddable":true,"href":"https:\/\/www.hyflexpack.com\/tr\/wp-json\/wp\/v2\/media\/7635"}],"wp:attachment":[{"href":"https:\/\/www.hyflexpack.com\/tr\/wp-json\/wp\/v2\/media?parent=7645"}],"wp:term":[{"taxonomy":"product_brand","embeddable":true,"href":"https:\/\/www.hyflexpack.com\/tr\/wp-json\/wp\/v2\/product_brand?post=7645"},{"taxonomy":"product_cat","embeddable":true,"href":"https:\/\/www.hyflexpack.com\/tr\/wp-json\/wp\/v2\/product_cat?post=7645"},{"taxonomy":"product_tag","embeddable":true,"href":"https:\/\/www.hyflexpack.com\/tr\/wp-json\/wp\/v2\/product_tag?post=7645"}],"curies":[{"name":"wp","href":"https:\/\/api.w.org\/{rel}","templated":true}]}}