{"id":7551,"date":"2025-08-30T08:54:24","date_gmt":"2025-08-30T08:54:24","guid":{"rendered":"https:\/\/www.hyflexpack.com\/?post_type=product&#038;p=7551"},"modified":"2026-01-03T09:55:19","modified_gmt":"2026-01-03T09:55:19","slug":"activated-carbon-bag-packaging-supplier","status":"publish","type":"product","link":"https:\/\/www.hyflexpack.com\/tr\/product\/activated-carbon-bag-packaging-supplier\/","title":{"rendered":"OEM Aktif Karbon Torba Ambalaj Toptan Kraft Ka\u011f\u0131t Stand-Up Fermuar K\u0131l\u0131f\u0131 Tedarik\u00e7isi"},"content":{"rendered":"<div class=\"wp-block-columns is-layout-flex wp-container-core-columns-is-layout-9d6595d7 wp-block-columns-is-layout-flex\">\n<div class=\"wp-block-column is-layout-flow wp-block-column-is-layout-flow\">\n<h2 class=\"wp-block-heading\">OEM Activated Carbon Bag Packaging Features:<\/h2>\n\n\n\n<ul class=\"wp-block-list\">\n<li><strong>Long-Lasting Kraft Paper &amp; Multi-Layer Laminated Film: <\/strong>Our stand-up kraft paper pouch contains a very powerful multi-layer construction, which provides excellent moisture resistance, odour barrier, and long protection for activated carbon products.<\/li>\n\n\n\n<li><strong>Resealable Stand-Up Zipper Design: <\/strong>Convenient resealable zipper design for easy use, leakage avoidance, and maintenance of product freshness in storage and transport.<\/li>\n\n\n\n<li><strong>Eco-Friendly &amp; Safe Materials:<\/strong> Recyclable, non-toxic materials applied, which comply with environmental law and consumer safety regulations.<\/li>\n\n\n\n<li><strong>Custom Printing &amp; Branding Features:<\/strong> Total customization of print, logo placement, and size enables your brand to stand out distinctly in competitive markets.<\/li>\n\n\n\n<li><strong>High-Volume Wholesale Solution: <\/strong>Being an expert OEM activated carbon bag packaging wholesale factory, we offer factory-direct pricing, low MOQ, and expandable production for bulk orders.<\/li>\n\n\n\n<li><strong>Enhanced Shelf Appeal &amp; Durability:<\/strong> Designed to stand upright for optimal display, the kraft paper stand up pouch provides excellent load-bearing capacity and professional appearance to attract buyers.<\/li>\n\n\n\n<li><strong>OEM Activated Carbon Bag Packaging Wholesale Expertise: <\/strong>Trusted supplier with experience in delivering bulk orders efficiently, ensuring consistent quality, and meeting diverse packaging needs of distributors and manufacturers.<\/li>\n<\/ul>\n<\/div>\n\n\n\n<div class=\"wp-block-column is-layout-flow wp-block-column-is-layout-flow\">\n<figure class=\"wp-block-image size-full\"><img fetchpriority=\"high\" decoding=\"async\" width=\"750\" height=\"750\" src=\"https:\/\/www.hyflexpack.com\/wp-content\/uploads\/2025\/08\/OEM-Activated-Carbon-Bag-Packaging-Supplier.webp\" alt=\"OEM Aktif Karbon Torba Ambalaj Tedarik\u00e7isi\" class=\"wp-image-8152\" srcset=\"https:\/\/www.hyflexpack.com\/wp-content\/uploads\/2025\/08\/OEM-Activated-Carbon-Bag-Packaging-Supplier.webp 750w, https:\/\/www.hyflexpack.com\/wp-content\/uploads\/2025\/08\/OEM-Activated-Carbon-Bag-Packaging-Supplier-300x300.webp 300w, https:\/\/www.hyflexpack.com\/wp-content\/uploads\/2025\/08\/OEM-Activated-Carbon-Bag-Packaging-Supplier-150x150.webp 150w, https:\/\/www.hyflexpack.com\/wp-content\/uploads\/2025\/08\/OEM-Activated-Carbon-Bag-Packaging-Supplier-12x12.webp 12w, https:\/\/www.hyflexpack.com\/wp-content\/uploads\/2025\/08\/OEM-Activated-Carbon-Bag-Packaging-Supplier-285x285.webp 285w, https:\/\/www.hyflexpack.com\/wp-content\/uploads\/2025\/08\/OEM-Activated-Carbon-Bag-Packaging-Supplier-270x270.webp 270w, https:\/\/www.hyflexpack.com\/wp-content\/uploads\/2025\/08\/OEM-Activated-Carbon-Bag-Packaging-Supplier-540x540.webp 540w, https:\/\/www.hyflexpack.com\/wp-content\/uploads\/2025\/08\/OEM-Activated-Carbon-Bag-Packaging-Supplier-660x660.webp 660w\" sizes=\"(max-width: 750px) 100vw, 750px\" \/><\/figure>\n<\/div>\n<\/div>\n\n\n\n<div class=\"wp-block-columns is-layout-flex wp-container-core-columns-is-layout-9d6595d7 wp-block-columns-is-layout-flex\">\n<div class=\"wp-block-column is-layout-flow wp-block-column-is-layout-flow\">\n<figure class=\"wp-block-image size-full\"><img decoding=\"async\" width=\"750\" height=\"750\" src=\"https:\/\/www.hyflexpack.com\/wp-content\/uploads\/2025\/08\/Custom-Printed-Activated-Carbon-Bag-Packaging.webp\" alt=\"Custom-Printed-Activated Carbon Bag Packaging\" class=\"wp-image-8151\" srcset=\"https:\/\/www.hyflexpack.com\/wp-content\/uploads\/2025\/08\/Custom-Printed-Activated-Carbon-Bag-Packaging.webp 750w, https:\/\/www.hyflexpack.com\/wp-content\/uploads\/2025\/08\/Custom-Printed-Activated-Carbon-Bag-Packaging-300x300.webp 300w, https:\/\/www.hyflexpack.com\/wp-content\/uploads\/2025\/08\/Custom-Printed-Activated-Carbon-Bag-Packaging-150x150.webp 150w, https:\/\/www.hyflexpack.com\/wp-content\/uploads\/2025\/08\/Custom-Printed-Activated-Carbon-Bag-Packaging-12x12.webp 12w, https:\/\/www.hyflexpack.com\/wp-content\/uploads\/2025\/08\/Custom-Printed-Activated-Carbon-Bag-Packaging-285x285.webp 285w, https:\/\/www.hyflexpack.com\/wp-content\/uploads\/2025\/08\/Custom-Printed-Activated-Carbon-Bag-Packaging-270x270.webp 270w, https:\/\/www.hyflexpack.com\/wp-content\/uploads\/2025\/08\/Custom-Printed-Activated-Carbon-Bag-Packaging-540x540.webp 540w, https:\/\/www.hyflexpack.com\/wp-content\/uploads\/2025\/08\/Custom-Printed-Activated-Carbon-Bag-Packaging-660x660.webp 660w\" sizes=\"(max-width: 750px) 100vw, 750px\" \/><\/figure>\n<\/div>\n\n\n\n<div class=\"wp-block-column is-layout-flow wp-block-column-is-layout-flow\">\n<figure class=\"wp-block-image size-full\"><img decoding=\"async\" width=\"750\" height=\"750\" src=\"https:\/\/www.hyflexpack.com\/wp-content\/uploads\/2025\/08\/Custom-Kraft-Paper-Stand-Up-Zipper-Pouch-Manufacturer-1.webp\" alt=\"Custom Kraft Paper Stand-Up Zipper Pouch Manufacturer (1)\" class=\"wp-image-8149\" srcset=\"https:\/\/www.hyflexpack.com\/wp-content\/uploads\/2025\/08\/Custom-Kraft-Paper-Stand-Up-Zipper-Pouch-Manufacturer-1.webp 750w, https:\/\/www.hyflexpack.com\/wp-content\/uploads\/2025\/08\/Custom-Kraft-Paper-Stand-Up-Zipper-Pouch-Manufacturer-1-300x300.webp 300w, https:\/\/www.hyflexpack.com\/wp-content\/uploads\/2025\/08\/Custom-Kraft-Paper-Stand-Up-Zipper-Pouch-Manufacturer-1-150x150.webp 150w, https:\/\/www.hyflexpack.com\/wp-content\/uploads\/2025\/08\/Custom-Kraft-Paper-Stand-Up-Zipper-Pouch-Manufacturer-1-12x12.webp 12w, https:\/\/www.hyflexpack.com\/wp-content\/uploads\/2025\/08\/Custom-Kraft-Paper-Stand-Up-Zipper-Pouch-Manufacturer-1-285x285.webp 285w, https:\/\/www.hyflexpack.com\/wp-content\/uploads\/2025\/08\/Custom-Kraft-Paper-Stand-Up-Zipper-Pouch-Manufacturer-1-270x270.webp 270w, https:\/\/www.hyflexpack.com\/wp-content\/uploads\/2025\/08\/Custom-Kraft-Paper-Stand-Up-Zipper-Pouch-Manufacturer-1-540x540.webp 540w, https:\/\/www.hyflexpack.com\/wp-content\/uploads\/2025\/08\/Custom-Kraft-Paper-Stand-Up-Zipper-Pouch-Manufacturer-1-660x660.webp 660w\" sizes=\"(max-width: 750px) 100vw, 750px\" \/><\/figure>\n<\/div>\n<\/div>","protected":false},"excerpt":{"rendered":"<p>Welcome to our OEM activated carbon bag packaging wholesale service. We provide durable kraft paper stand up pouch with resealable zipper, moisture-resistant multi-layer design, free custom printing, low MOQ, and factory-direct pricing\u2014perfect for bulk orders.<\/p>\n<h3>Advantages of OEM Activated Carbon Bag Manufacturer<\/h3>\n<ul>\n<li><strong><a href=\"https:\/\/www.hyflexpack.com\/tr\/ozel-esnek-ambalajlar\/\">OEM\/ODM Hizmetleri<\/a>:<\/strong>\u00a0M\u00fc\u015fteri ihtiya\u00e7lar\u0131n\u0131 kar\u015f\u0131lamak i\u00e7in malzeme, boyut ve bask\u0131 deseni \u00f6zelle\u015ftirmesi dahil olmak \u00fczere \u00f6zelle\u015ftirilmi\u015f ambalaj po\u015feti hizmetleri sa\u011fl\u0131yor ve OEM ve ODM'yi destekliyoruz.<\/li>\n<li><strong>Verimli<\/strong>\u00a0<strong>\u0130malat:<\/strong>\u00a0Geli\u015fmi\u015f ekipman ve teknoloji ile sipari\u015f \u00fcretimini verimli ve y\u00fcksek kalitede tamamlayabilir ve zaman\u0131nda teslim edebiliriz.<\/li>\n<li><strong>Kalite Kontrol\u00fc:<\/strong>\u00a0\u00dcretim, \u00fcr\u00fcnlerin standartlar\u0131 kar\u015f\u0131lamas\u0131n\u0131 sa\u011flamak i\u00e7in kalite standartlar\u0131na ve g\u0131da g\u00fcvenli\u011fi gerekliliklerine s\u0131k\u0131 s\u0131k\u0131ya ba\u011fl\u0131 olarak ger\u00e7ekle\u015ftirilir.<\/li>\n<li><strong>7\/24 M\u00fc\u015fteri Deste\u011fi:<\/strong>\u00a0G\u00fcn\u00fcn 24 saati h\u0131zl\u0131 yan\u0131t ve \u00f6zenli m\u00fc\u015fteri hizmetleri deste\u011fi sa\u011flay\u0131n.<\/li>\n<li><strong>Serbest Tasar\u0131m:<\/strong>\u00a0Ambalaj\u0131n\u0131z\u0131 ve marka kimli\u011finizi geli\u015ftirmenize yard\u0131mc\u0131 olacak logolar, etiketler ve \u00e7izimler i\u00e7in \u00fccretsiz tasar\u0131m hizmetlerimizden yararlan\u0131n.<\/li>\n<li><strong>Fabrika Fiyat\u0131<\/strong>: Toplu sipari\u015fleriniz i\u00e7in maksimum de\u011feri elde etmeniz i\u00e7in rekabet\u00e7i fabrika fiyatlar\u0131 sunuyoruz.<\/li>\n<li><strong>Minimum Sipari\u015f Miktar\u0131 (MOQ):<\/strong>\u00a0Esnek MOQ kullan\u0131labilirli\u011fi, d\u00fc\u015f\u00fck sipari\u015f seviyeleriyle ba\u015flaman\u0131za ve gerekti\u011finde \u00f6l\u00e7e\u011fi b\u00fcy\u00fctmenize olanak tan\u0131r.<\/li>\n<li><strong>\u00dccretsiz \u00d6rnek<\/strong>: \u00dcr\u00fcn\u00fc de\u011ferlendirebilmeniz i\u00e7in \u00fccretsiz numune hizmeti sa\u011flay\u0131n.<\/li>\n<\/ul>\n<p><a href=\"https:\/\/www.hyflexpack.com\/tr\/\"><strong>Huiyang Ambalaj<\/strong><\/a> is committed to providing customers with high-quality,\u00a0 wholesale <strong data-start=\"15\" data-end=\"63\">OEM activated carbon bag packaging<\/strong>\u00a0to help them improve their product image and enhance market competitiveness.<\/p>","protected":false},"featured_media":8152,"comment_status":"open","ping_status":"closed","template":"","meta":[],"product_brand":[],"product_cat":[52],"product_tag":[120,116,124],"class_list":{"0":"post-7551","1":"product","2":"type-product","3":"status-publish","4":"has-post-thumbnail","6":"product_cat-custom-daily-chemical-packaging","7":"product_tag-kraft-paper-pouch-manufacturer","8":"product_tag-stand-up-pouch-manufacturer","9":"product_tag-zipper-pouch-manufacturer","11":"first","12":"instock","13":"shipping-taxable","14":"product-type-simple"},"_links":{"self":[{"href":"https:\/\/www.hyflexpack.com\/tr\/wp-json\/wp\/v2\/product\/7551","targetHints":{"allow":["GET"]}}],"collection":[{"href":"https:\/\/www.hyflexpack.com\/tr\/wp-json\/wp\/v2\/product"}],"about":[{"href":"https:\/\/www.hyflexpack.com\/tr\/wp-json\/wp\/v2\/types\/product"}],"replies":[{"embeddable":true,"href":"https:\/\/www.hyflexpack.com\/tr\/wp-json\/wp\/v2\/comments?post=7551"}],"wp:featuredmedia":[{"embeddable":true,"href":"https:\/\/www.hyflexpack.com\/tr\/wp-json\/wp\/v2\/media\/8152"}],"wp:attachment":[{"href":"https:\/\/www.hyflexpack.com\/tr\/wp-json\/wp\/v2\/media?parent=7551"}],"wp:term":[{"taxonomy":"product_brand","embeddable":true,"href":"https:\/\/www.hyflexpack.com\/tr\/wp-json\/wp\/v2\/product_brand?post=7551"},{"taxonomy":"product_cat","embeddable":true,"href":"https:\/\/www.hyflexpack.com\/tr\/wp-json\/wp\/v2\/product_cat?post=7551"},{"taxonomy":"product_tag","embeddable":true,"href":"https:\/\/www.hyflexpack.com\/tr\/wp-json\/wp\/v2\/product_tag?post=7551"}],"curies":[{"name":"wp","href":"https:\/\/api.w.org\/{rel}","templated":true}]}}