{"id":7549,"date":"2025-08-30T08:19:18","date_gmt":"2025-08-30T08:19:18","guid":{"rendered":"https:\/\/www.hyflexpack.com\/?post_type=product&#038;p=7549"},"modified":"2025-10-23T08:22:49","modified_gmt":"2025-10-23T08:22:49","slug":"custom-laundry-powder-packaging-bag","status":"publish","type":"product","link":"https:\/\/www.hyflexpack.com\/tr\/product\/custom-laundry-powder-packaging-bag\/","title":{"rendered":"\u00d6zel Bask\u0131l\u0131 \u00c7ama\u015f\u0131r Tozu Ambalaj Torbas\u0131 Toptan Sat\u0131\u015f - Lamine S\u0131rt Kapakl\u0131 Po\u015fet"},"content":{"rendered":"<div class=\"wp-block-columns is-layout-flex wp-container-core-columns-is-layout-9d6595d7 wp-block-columns-is-layout-flex\">\n<div class=\"wp-block-column is-layout-flow wp-block-column-is-layout-flow\">\n<h2 class=\"wp-block-heading\">Custom Printed Laundry Powder Packaging Bag Features:<\/h2>\n\n\n\n<ul class=\"wp-block-list\">\n<li>Bizim <strong>Custom Printed Laundry Powder Packaging Bags<\/strong>: High-quality printing enhances shelf appeal and promotes your detergent brand in bulk wholesale markets.<\/li>\n\n\n\n<li><strong>Moisture-Proof &amp; Odor Barrier Laminated Film<\/strong>: Multi-layer heat seal laminated back-seal pouch structure keeps laundry powder fresh during transport and storage.<\/li>\n\n\n\n<li><strong>Durable Back-Seal Pouch Design<\/strong>: Strong sealing ensures bulk detergent packaging bags remain intact in high-volume distribution.<\/li>\n\n\n\n<li><strong>Cost-Effective Wholesale Solution<\/strong>\uff1a Ideal custom printed laundry powder packaging bags supplier choice for large-scale production with competitive pricing.<\/li>\n\n\n\n<li><strong>Eco-Friendly Material Options<\/strong>: Offer recyclable or biodegradable custom detergent packaging pouches to meet environmental regulations and customer demand.<\/li>\n\n\n\n<li>Olarak <strong>Daily Chemical Packaging Bags Manufacturer<\/strong>, we provide tailored solutions for your detergent packaging needs.<\/li>\n<\/ul>\n<\/div>\n\n\n\n<div class=\"wp-block-column is-layout-flow wp-block-column-is-layout-flow\">\n<figure class=\"wp-block-image size-full\"><img fetchpriority=\"high\" decoding=\"async\" width=\"750\" height=\"750\" src=\"https:\/\/www.hyflexpack.com\/wp-content\/uploads\/2025\/08\/Custom-printed-laundry-powder-pouch.webp\" alt=\"\u00d6zel \u00e7ama\u015f\u0131r tozu paketleme \u00e7antas\u0131\" class=\"wp-image-7534\" srcset=\"https:\/\/www.hyflexpack.com\/wp-content\/uploads\/2025\/08\/Custom-printed-laundry-powder-pouch.webp 750w, https:\/\/www.hyflexpack.com\/wp-content\/uploads\/2025\/08\/Custom-printed-laundry-powder-pouch-300x300.webp 300w, https:\/\/www.hyflexpack.com\/wp-content\/uploads\/2025\/08\/Custom-printed-laundry-powder-pouch-150x150.webp 150w, https:\/\/www.hyflexpack.com\/wp-content\/uploads\/2025\/08\/Custom-printed-laundry-powder-pouch-12x12.webp 12w, https:\/\/www.hyflexpack.com\/wp-content\/uploads\/2025\/08\/Custom-printed-laundry-powder-pouch-285x285.webp 285w, https:\/\/www.hyflexpack.com\/wp-content\/uploads\/2025\/08\/Custom-printed-laundry-powder-pouch-270x270.webp 270w, https:\/\/www.hyflexpack.com\/wp-content\/uploads\/2025\/08\/Custom-printed-laundry-powder-pouch-540x540.webp 540w, https:\/\/www.hyflexpack.com\/wp-content\/uploads\/2025\/08\/Custom-printed-laundry-powder-pouch-660x660.webp 660w\" sizes=\"(max-width: 750px) 100vw, 750px\" \/><\/figure>\n<\/div>\n<\/div>\n\n\n\n<div class=\"wp-block-columns is-layout-flex wp-container-core-columns-is-layout-9d6595d7 wp-block-columns-is-layout-flex\">\n<div class=\"wp-block-column is-layout-flow wp-block-column-is-layout-flow\">\n<figure class=\"wp-block-image size-full\"><img decoding=\"async\" width=\"750\" height=\"750\" src=\"https:\/\/www.hyflexpack.com\/wp-content\/uploads\/2025\/08\/Back-seal-laminated-detergent-bag.webp\" alt=\"Back seal laminated detergent bag\" class=\"wp-image-7529\" srcset=\"https:\/\/www.hyflexpack.com\/wp-content\/uploads\/2025\/08\/Back-seal-laminated-detergent-bag.webp 750w, https:\/\/www.hyflexpack.com\/wp-content\/uploads\/2025\/08\/Back-seal-laminated-detergent-bag-300x300.webp 300w, https:\/\/www.hyflexpack.com\/wp-content\/uploads\/2025\/08\/Back-seal-laminated-detergent-bag-150x150.webp 150w, https:\/\/www.hyflexpack.com\/wp-content\/uploads\/2025\/08\/Back-seal-laminated-detergent-bag-12x12.webp 12w, https:\/\/www.hyflexpack.com\/wp-content\/uploads\/2025\/08\/Back-seal-laminated-detergent-bag-285x285.webp 285w, https:\/\/www.hyflexpack.com\/wp-content\/uploads\/2025\/08\/Back-seal-laminated-detergent-bag-270x270.webp 270w, https:\/\/www.hyflexpack.com\/wp-content\/uploads\/2025\/08\/Back-seal-laminated-detergent-bag-540x540.webp 540w, https:\/\/www.hyflexpack.com\/wp-content\/uploads\/2025\/08\/Back-seal-laminated-detergent-bag-660x660.webp 660w\" sizes=\"(max-width: 750px) 100vw, 750px\" \/><\/figure>\n<\/div>\n\n\n\n<div class=\"wp-block-column is-layout-flow wp-block-column-is-layout-flow\">\n<figure class=\"wp-block-image size-full\"><img decoding=\"async\" width=\"750\" height=\"750\" src=\"https:\/\/www.hyflexpack.com\/wp-content\/uploads\/2025\/08\/Detergent-packaging-pouch-supplier.webp\" alt=\"Detergent packaging pouch supplier\" class=\"wp-image-7537\" srcset=\"https:\/\/www.hyflexpack.com\/wp-content\/uploads\/2025\/08\/Detergent-packaging-pouch-supplier.webp 750w, https:\/\/www.hyflexpack.com\/wp-content\/uploads\/2025\/08\/Detergent-packaging-pouch-supplier-300x300.webp 300w, https:\/\/www.hyflexpack.com\/wp-content\/uploads\/2025\/08\/Detergent-packaging-pouch-supplier-150x150.webp 150w, https:\/\/www.hyflexpack.com\/wp-content\/uploads\/2025\/08\/Detergent-packaging-pouch-supplier-12x12.webp 12w, https:\/\/www.hyflexpack.com\/wp-content\/uploads\/2025\/08\/Detergent-packaging-pouch-supplier-285x285.webp 285w, https:\/\/www.hyflexpack.com\/wp-content\/uploads\/2025\/08\/Detergent-packaging-pouch-supplier-270x270.webp 270w, https:\/\/www.hyflexpack.com\/wp-content\/uploads\/2025\/08\/Detergent-packaging-pouch-supplier-540x540.webp 540w, https:\/\/www.hyflexpack.com\/wp-content\/uploads\/2025\/08\/Detergent-packaging-pouch-supplier-660x660.webp 660w\" sizes=\"(max-width: 750px) 100vw, 750px\" \/><\/figure>\n<\/div>\n<\/div>","protected":false},"excerpt":{"rendered":"<p>Our wholesale custom printed laundry powder packaging bags are designed for bulk detergent packaging needs. Made from high-quality laminated materials, these back-seal pouches offer excellent moisture and odor protection, ensuring your product stays fresh during storage and transport. The heat-seal construction provides a secure closure, and the customizable printing options help enhance your brand visibility. We are committed to providing one-stop ECO-friendly and high-quality packaging solutions.<\/p>\n<h3>Advantages of Laundry Powder Packaging Bag Manufacturer<\/h3>\n<ul>\n<li><strong>OEM\/ODM Services:<\/strong> M\u00fc\u015fteri ihtiya\u00e7lar\u0131n\u0131 kar\u015f\u0131lamak i\u00e7in malzeme, boyut ve bask\u0131 deseni \u00f6zelle\u015ftirmesi dahil olmak \u00fczere \u00f6zelle\u015ftirilmi\u015f ambalaj po\u015feti hizmetleri sa\u011fl\u0131yor ve OEM ve ODM'yi destekliyoruz.<\/li>\n<li><strong> Verimli<\/strong>\u00a0<strong>\u0130malat:<\/strong> Geli\u015fmi\u015f ekipman ve teknoloji ile sipari\u015f \u00fcretimini verimli ve y\u00fcksek kalitede tamamlayabilir ve zaman\u0131nda teslim edebiliriz.<\/li>\n<li><strong>Kalite Kontrol\u00fc:<\/strong> \u00dcretim, \u00fcr\u00fcnlerin standartlar\u0131 kar\u015f\u0131lamas\u0131n\u0131 sa\u011flamak i\u00e7in kalite standartlar\u0131na ve g\u0131da g\u00fcvenli\u011fi gerekliliklerine s\u0131k\u0131 s\u0131k\u0131ya ba\u011fl\u0131 olarak ger\u00e7ekle\u015ftirilir.<\/li>\n<li><strong>7\/24 M\u00fc\u015fteri Deste\u011fi:<\/strong> G\u00fcn\u00fcn 24 saati h\u0131zl\u0131 yan\u0131t ve \u00f6zenli m\u00fc\u015fteri hizmetleri deste\u011fi sa\u011flay\u0131n.<\/li>\n<li><strong>Serbest Tasar\u0131m:<\/strong> Ambalaj\u0131n\u0131z\u0131 ve marka kimli\u011finizi geli\u015ftirmenize yard\u0131mc\u0131 olacak logolar, etiketler ve \u00e7izimler i\u00e7in \u00fccretsiz tasar\u0131m hizmetlerimizden yararlan\u0131n.<\/li>\n<li><strong>Fabrika Fiyat\u0131<\/strong>: Toplu sipari\u015fleriniz i\u00e7in maksimum de\u011feri elde etmeniz i\u00e7in rekabet\u00e7i fabrika fiyatlar\u0131 sunuyoruz.<\/li>\n<li><strong>Minimum Sipari\u015f Miktar\u0131 (MOQ):<\/strong> Esnek MOQ kullan\u0131labilirli\u011fi, d\u00fc\u015f\u00fck sipari\u015f seviyeleriyle ba\u015flaman\u0131za ve gerekti\u011finde \u00f6l\u00e7e\u011fi b\u00fcy\u00fctmenize olanak tan\u0131r.<\/li>\n<li><strong>\u00dccretsiz \u00d6rnek<\/strong>: Provide free sample service for you to evaluate the product.<\/li>\n<\/ul>\n<p><a href=\"https:\/\/www.hyflexpack.com\/tr\/\"><strong>Huiyang Ambalaj<\/strong><\/a> is committed to providing customers with high-quality, wholesale custom-printed laundry powder packaging bags to help them improve their product image and enhance market competitiveness.<\/p>","protected":false},"featured_media":7532,"comment_status":"open","ping_status":"closed","template":"","meta":[],"product_brand":[],"product_cat":[52],"product_tag":[],"class_list":{"0":"post-7549","1":"product","2":"type-product","3":"status-publish","4":"has-post-thumbnail","6":"product_cat-custom-daily-chemical-packaging","8":"first","9":"instock","10":"shipping-taxable","11":"product-type-simple"},"_links":{"self":[{"href":"https:\/\/www.hyflexpack.com\/tr\/wp-json\/wp\/v2\/product\/7549","targetHints":{"allow":["GET"]}}],"collection":[{"href":"https:\/\/www.hyflexpack.com\/tr\/wp-json\/wp\/v2\/product"}],"about":[{"href":"https:\/\/www.hyflexpack.com\/tr\/wp-json\/wp\/v2\/types\/product"}],"replies":[{"embeddable":true,"href":"https:\/\/www.hyflexpack.com\/tr\/wp-json\/wp\/v2\/comments?post=7549"}],"wp:featuredmedia":[{"embeddable":true,"href":"https:\/\/www.hyflexpack.com\/tr\/wp-json\/wp\/v2\/media\/7532"}],"wp:attachment":[{"href":"https:\/\/www.hyflexpack.com\/tr\/wp-json\/wp\/v2\/media?parent=7549"}],"wp:term":[{"taxonomy":"product_brand","embeddable":true,"href":"https:\/\/www.hyflexpack.com\/tr\/wp-json\/wp\/v2\/product_brand?post=7549"},{"taxonomy":"product_cat","embeddable":true,"href":"https:\/\/www.hyflexpack.com\/tr\/wp-json\/wp\/v2\/product_cat?post=7549"},{"taxonomy":"product_tag","embeddable":true,"href":"https:\/\/www.hyflexpack.com\/tr\/wp-json\/wp\/v2\/product_tag?post=7549"}],"curies":[{"name":"wp","href":"https:\/\/api.w.org\/{rel}","templated":true}]}}