{"id":7410,"date":"2025-11-04T08:39:08","date_gmt":"2025-11-04T08:39:08","guid":{"rendered":"https:\/\/www.hyflexpack.com\/?post_type=product&#038;p=7410"},"modified":"2026-01-03T09:39:35","modified_gmt":"2026-01-03T09:39:35","slug":"oem-mini-medical-packaging-pouch","status":"publish","type":"product","link":"https:\/\/www.hyflexpack.com\/tr\/product\/oem-mini-medical-packaging-pouch\/","title":{"rendered":"Sap Delikli OEM Mini T\u0131bbi Ambalaj K\u0131l\u0131f\u0131, Toplu Sipari\u015fler i\u00e7in \u0130lk Yard\u0131m \u00dcr\u00fcn \u00c7antas\u0131 Tedarik\u00e7isi"},"content":{"rendered":"<div class=\"wp-block-columns is-layout-flex wp-container-core-columns-is-layout-9d6595d7 wp-block-columns-is-layout-flex\">\n<div class=\"wp-block-column is-layout-flow wp-block-column-is-layout-flow\">\n<h2 class=\"wp-block-heading\">Features Of OEM Medical Packaging Pouch<\/h2>\n\n\n\n<ul class=\"wp-block-list\">\n<li>Our OEM Medical Packaging Pouch uses a food-grade composite structure that is moisture-proof and contamination-proof to ensure the safety of the contents.<\/li>\n\n\n\n<li>Three-hole handle design \u2014 easy to carry, store or retail display.<\/li>\n\n\n\n<li>Compact zipper bag structure \u2014 saves space, has strong closure, and protects the safety of medical supplies.<\/li>\n\n\n\n<li>Full support for customization \u2014 LOGO can be printed, size and color can be customized according to needs.<\/li>\n<\/ul>\n<\/div>\n\n\n\n<div class=\"wp-block-column is-layout-flow wp-block-column-is-layout-flow\">\n<figure class=\"wp-block-image size-full\"><img fetchpriority=\"high\" decoding=\"async\" width=\"750\" height=\"750\" src=\"https:\/\/www.hyflexpack.com\/wp-content\/uploads\/2025\/07\/OEM-Mini-Medical-Packaging-Pouch-1.webp\" alt=\"OEM Mini T\u0131bbi Ambalaj K\u0131l\u0131f\u0131\" class=\"wp-image-7398\" srcset=\"https:\/\/www.hyflexpack.com\/wp-content\/uploads\/2025\/07\/OEM-Mini-Medical-Packaging-Pouch-1.webp 750w, https:\/\/www.hyflexpack.com\/wp-content\/uploads\/2025\/07\/OEM-Mini-Medical-Packaging-Pouch-1-300x300.webp 300w, https:\/\/www.hyflexpack.com\/wp-content\/uploads\/2025\/07\/OEM-Mini-Medical-Packaging-Pouch-1-150x150.webp 150w, https:\/\/www.hyflexpack.com\/wp-content\/uploads\/2025\/07\/OEM-Mini-Medical-Packaging-Pouch-1-12x12.webp 12w, https:\/\/www.hyflexpack.com\/wp-content\/uploads\/2025\/07\/OEM-Mini-Medical-Packaging-Pouch-1-285x285.webp 285w, https:\/\/www.hyflexpack.com\/wp-content\/uploads\/2025\/07\/OEM-Mini-Medical-Packaging-Pouch-1-270x270.webp 270w, https:\/\/www.hyflexpack.com\/wp-content\/uploads\/2025\/07\/OEM-Mini-Medical-Packaging-Pouch-1-540x540.webp 540w, https:\/\/www.hyflexpack.com\/wp-content\/uploads\/2025\/07\/OEM-Mini-Medical-Packaging-Pouch-1-660x660.webp 660w\" sizes=\"(max-width: 750px) 100vw, 750px\" \/><\/figure>\n<\/div>\n<\/div>","protected":false},"excerpt":{"rendered":"<p>This mini medical packaging bag is designed for B-end customers and supports OEM customization and bulk order purchases. With a three-hole handle design, it is suitable for storing alcohol pads, cotton balls, bandages, etc. It is an ideal choice for promotional first aid kits, retail or emergency use. Contact us today for a quote. We are committed to providing one-stop environmentally friendly and high-quality packaging solutions. Advantages of High Quality OEM Mini Medical Packaging Pouch \u25cfCustomized design: We provide customized packaging bag services, including material, size, and printing pattern customization to meet customer needs, and support OEM and ODM. \u25cfManufacturing: With advanced equipment and technology, we can complete order production efficiently and with high quality, and deliver on time. \u25cfQuality inspection: Production is carried out in strict accordance with quality standards and food safety requirements to ensure that the products meet the standards. \u25cfCustomer service: Provide fast response and thoughtful customer service support 24 hours a day. \u25cfFree sample: Provide free sample service for you to evaluate the product. Huiyang Packaging is committed to providing customers with high-quality OEM Mini Medical Packaging Pouch, helping customers improve their product image and enhance their market competitiveness.<\/p>","protected":false},"featured_media":7398,"comment_status":"open","ping_status":"closed","template":"","meta":[],"product_brand":[],"product_cat":[52],"product_tag":[116,124],"class_list":{"0":"post-7410","1":"product","2":"type-product","3":"status-publish","4":"has-post-thumbnail","6":"product_cat-custom-daily-chemical-packaging","7":"product_tag-stand-up-pouch-manufacturer","8":"product_tag-zipper-pouch-manufacturer","10":"first","11":"instock","12":"shipping-taxable","13":"product-type-simple"},"_links":{"self":[{"href":"https:\/\/www.hyflexpack.com\/tr\/wp-json\/wp\/v2\/product\/7410","targetHints":{"allow":["GET"]}}],"collection":[{"href":"https:\/\/www.hyflexpack.com\/tr\/wp-json\/wp\/v2\/product"}],"about":[{"href":"https:\/\/www.hyflexpack.com\/tr\/wp-json\/wp\/v2\/types\/product"}],"replies":[{"embeddable":true,"href":"https:\/\/www.hyflexpack.com\/tr\/wp-json\/wp\/v2\/comments?post=7410"}],"wp:featuredmedia":[{"embeddable":true,"href":"https:\/\/www.hyflexpack.com\/tr\/wp-json\/wp\/v2\/media\/7398"}],"wp:attachment":[{"href":"https:\/\/www.hyflexpack.com\/tr\/wp-json\/wp\/v2\/media?parent=7410"}],"wp:term":[{"taxonomy":"product_brand","embeddable":true,"href":"https:\/\/www.hyflexpack.com\/tr\/wp-json\/wp\/v2\/product_brand?post=7410"},{"taxonomy":"product_cat","embeddable":true,"href":"https:\/\/www.hyflexpack.com\/tr\/wp-json\/wp\/v2\/product_cat?post=7410"},{"taxonomy":"product_tag","embeddable":true,"href":"https:\/\/www.hyflexpack.com\/tr\/wp-json\/wp\/v2\/product_tag?post=7410"}],"curies":[{"name":"wp","href":"https:\/\/api.w.org\/{rel}","templated":true}]}}