{"id":7246,"date":"2025-11-03T17:13:00","date_gmt":"2025-11-03T17:13:00","guid":{"rendered":"https:\/\/www.hyflexpack.com\/?post_type=product&#038;p=7246"},"modified":"2026-01-03T09:42:24","modified_gmt":"2026-01-03T09:42:24","slug":"custom-liquid-detergent-spout-pouch","status":"publish","type":"product","link":"https:\/\/www.hyflexpack.com\/tr\/product\/custom-liquid-detergent-spout-pouch\/","title":{"rendered":"\u00d6zel S\u0131v\u0131 Deterjan A\u011fz\u0131 K\u0131l\u0131f\u0131 - S\u0131zd\u0131rmaz ve Markalanabilir"},"content":{"rendered":"<div class=\"wp-block-columns is-layout-flex wp-container-core-columns-is-layout-9d6595d7 wp-block-columns-is-layout-flex\">\n<div class=\"wp-block-column is-layout-flow wp-block-column-is-layout-flow\">\n<h2 class=\"wp-block-heading\">Custom Liquid Detergent Spout Pouch Features:<\/h2>\n\n\n\n<p><\/p>\n\n\n\n<ul class=\"wp-block-list\">\n<li><strong>High-Strength Composite Structure<\/strong>: Our <strong>custom liquid detergent spout pouch<\/strong> adopts a PET\/AL\/PE three-layer co-extruded laminated film (thickness 80\u2013150\u03bcm). This multi-layer structure offers superior mechanical strength, puncture resistance, and high-barrier protection against oxygen, moisture, and light.<\/li>\n\n\n\n<li><strong>Excellent Chemical Compatibility<\/strong>: The inner layer of food-grade PE film is specifically designed for chemical stability. It resists acid and alkali corrosion, ensuring no harmful substance migration or odor contamination \u2014 ideal for safe liquid detergent storage and transport.<\/li>\n\n\n\n<li><strong>Double Leak-Proof Design<\/strong>: Equipped with a screw-on sealing cap and internal anti-leakage channel film, our <strong>custom liquid detergent spout pouch<\/strong> prevents leakage even under pressure or vibration during logistics, providing safe, clean, and reliable liquid packaging.<\/li>\n\n\n\n<li><strong>Customizable Branding &amp; Specifications<\/strong>: As a professional <strong>spout pouch packaging manufacturer<\/strong>, we offer OEM\/ODM customization \u2014 including pouch capacity, shape, spout type (flip\/screw), and high-definition printing \u2014 to help your brand stand out on the shelf.<\/li>\n\n\n\n<li><strong>Eco-Friendly &amp; Recyclable Options<\/strong>: Optional recyclable or biodegradable film materials meet sustainable packaging requirements, reducing environmental impact while ensuring strong durability and sealing performance.<\/li>\n<\/ul>\n<\/div>\n\n\n\n<div class=\"wp-block-column is-layout-flow wp-block-column-is-layout-flow\">\n<figure class=\"wp-block-image size-full\"><img fetchpriority=\"high\" decoding=\"async\" width=\"750\" height=\"750\" src=\"https:\/\/www.hyflexpack.com\/wp-content\/uploads\/2025\/06\/Custom-Laundry-Spout-Pouch-1.webp\" alt=\"\u00d6zel \u00c7ama\u015f\u0131r A\u011fz\u0131 Kesesi\" class=\"wp-image-7227\" srcset=\"https:\/\/www.hyflexpack.com\/wp-content\/uploads\/2025\/06\/Custom-Laundry-Spout-Pouch-1.webp 750w, https:\/\/www.hyflexpack.com\/wp-content\/uploads\/2025\/06\/Custom-Laundry-Spout-Pouch-1-300x300.webp 300w, https:\/\/www.hyflexpack.com\/wp-content\/uploads\/2025\/06\/Custom-Laundry-Spout-Pouch-1-150x150.webp 150w, https:\/\/www.hyflexpack.com\/wp-content\/uploads\/2025\/06\/Custom-Laundry-Spout-Pouch-1-12x12.webp 12w, https:\/\/www.hyflexpack.com\/wp-content\/uploads\/2025\/06\/Custom-Laundry-Spout-Pouch-1-285x285.webp 285w, https:\/\/www.hyflexpack.com\/wp-content\/uploads\/2025\/06\/Custom-Laundry-Spout-Pouch-1-270x270.webp 270w, https:\/\/www.hyflexpack.com\/wp-content\/uploads\/2025\/06\/Custom-Laundry-Spout-Pouch-1-540x540.webp 540w, https:\/\/www.hyflexpack.com\/wp-content\/uploads\/2025\/06\/Custom-Laundry-Spout-Pouch-1-660x660.webp 660w\" sizes=\"(max-width: 750px) 100vw, 750px\" \/><\/figure>\n<\/div>\n<\/div>\n\n\n\n<p><\/p>","protected":false},"excerpt":{"rendered":"<p>Our custom liquid detergent spout pouch is made of durable PET\/AL\/PE laminated film with leak-proof sealing. As a leading spout pouch packaging manufacturer, we provide free design, free samples, and competitive factory wholesale prices.<\/p>\n<h3>Advantages of Liquid Detergent Spout Pouch Supplier<\/h3>\n<ul>\n<li><strong>\u00d6zel Tasar\u0131m:<\/strong>\u00a0M\u00fc\u015fteri ihtiya\u00e7lar\u0131n\u0131 kar\u015f\u0131lamak i\u00e7in malzeme, boyut ve bask\u0131 deseni \u00f6zelle\u015ftirmesi dahil olmak \u00fczere \u00f6zelle\u015ftirilmi\u015f hizmetler sa\u011fl\u0131yor ve OEM ve ODM'yi destekliyoruz.<\/li>\n<li><strong>\u0130malat:<\/strong>\u00a0Geli\u015fmi\u015f ekipman ve teknoloji ile sipari\u015f \u00fcretimini verimli ve y\u00fcksek kalitede tamamlayabilir ve zaman\u0131nda teslim edebiliriz.<\/li>\n<li><strong>Kalite Kontrol\u00fc:<\/strong>\u00a0\u00dcretim, \u00fcr\u00fcnlerin standartlar\u0131 kar\u015f\u0131lamas\u0131n\u0131 sa\u011flamak i\u00e7in kalite standartlar\u0131na ve g\u0131da g\u00fcvenli\u011fi gerekliliklerine s\u0131k\u0131 s\u0131k\u0131ya ba\u011fl\u0131 olarak ger\u00e7ekle\u015ftirilir.<\/li>\n<li><strong>Sertifikasyon\uff1a<\/strong>\u00a0FDA\/BRC\/ISO 9001\/RoHS<\/li>\n<li><strong>M\u00fc\u015fteri Hizmetleri:<\/strong>\u00a024 saat h\u0131zl\u0131 yan\u0131t ve \u00f6zenli m\u00fc\u015fteri hizmetleri deste\u011fi sa\u011flamak.<\/li>\n<li><strong>\u00dccretsiz \u00d6rnek:<\/strong>\u00a0\u00dcr\u00fcn\u00fc de\u011ferlendirmenize yard\u0131mc\u0131 olmak i\u00e7in \u00fccretsiz numune hizmeti sunuyoruz.<\/li>\n<li><strong class=\"skrollable skrollable-between\" data-start=\"895\" data-end=\"917\">Rekabet\u00e7i Fiyat:<\/strong>\u00a0B\u00fcy\u00fck \u00f6l\u00e7ekli \u00fcretim kapasitesi ve uygun maliyetli y\u00f6netim ile \u00fcr\u00fcn kalitesinden \u00f6d\u00fcn vermeden rekabet\u00e7i fiyatlar sunuyoruz.<\/li>\n<\/ul>\n<p><a href=\"https:\/\/www.hyflexpack.com\/tr\/\"><strong>Huiyang Ambalaj<\/strong><\/a> is committed to providing customers with liquid detergent spout pouches\u00a0to help customers improve their product image and enhance their market competitiveness.<\/p>","protected":false},"featured_media":7227,"comment_status":"open","ping_status":"closed","template":"","meta":[],"product_brand":[],"product_cat":[52],"product_tag":[115],"class_list":{"0":"post-7246","1":"product","2":"type-product","3":"status-publish","4":"has-post-thumbnail","6":"product_cat-custom-daily-chemical-packaging","7":"product_tag-spout-pouch-manufacturer","9":"first","10":"instock","11":"shipping-taxable","12":"product-type-simple"},"_links":{"self":[{"href":"https:\/\/www.hyflexpack.com\/tr\/wp-json\/wp\/v2\/product\/7246","targetHints":{"allow":["GET"]}}],"collection":[{"href":"https:\/\/www.hyflexpack.com\/tr\/wp-json\/wp\/v2\/product"}],"about":[{"href":"https:\/\/www.hyflexpack.com\/tr\/wp-json\/wp\/v2\/types\/product"}],"replies":[{"embeddable":true,"href":"https:\/\/www.hyflexpack.com\/tr\/wp-json\/wp\/v2\/comments?post=7246"}],"wp:featuredmedia":[{"embeddable":true,"href":"https:\/\/www.hyflexpack.com\/tr\/wp-json\/wp\/v2\/media\/7227"}],"wp:attachment":[{"href":"https:\/\/www.hyflexpack.com\/tr\/wp-json\/wp\/v2\/media?parent=7246"}],"wp:term":[{"taxonomy":"product_brand","embeddable":true,"href":"https:\/\/www.hyflexpack.com\/tr\/wp-json\/wp\/v2\/product_brand?post=7246"},{"taxonomy":"product_cat","embeddable":true,"href":"https:\/\/www.hyflexpack.com\/tr\/wp-json\/wp\/v2\/product_cat?post=7246"},{"taxonomy":"product_tag","embeddable":true,"href":"https:\/\/www.hyflexpack.com\/tr\/wp-json\/wp\/v2\/product_tag?post=7246"}],"curies":[{"name":"wp","href":"https:\/\/api.w.org\/{rel}","templated":true}]}}