{"id":7223,"date":"2025-11-04T09:28:13","date_gmt":"2025-11-04T09:28:13","guid":{"rendered":"https:\/\/www.hyflexpack.com\/?post_type=product&#038;p=7223"},"modified":"2025-11-04T09:28:18","modified_gmt":"2025-11-04T09:28:18","slug":"bulk-confectionery-packaging-wrapper","status":"publish","type":"product","link":"https:\/\/www.hyflexpack.com\/tr\/product\/bulk-confectionery-packaging-wrapper\/","title":{"rendered":"Toptan \u015eekerleme Ambalaj Sar\u0131c\u0131 Lamine Plastik Film Bluk"},"content":{"rendered":"<div class=\"wp-block-columns is-layout-flex wp-container-core-columns-is-layout-9d6595d7 wp-block-columns-is-layout-flex\">\n<div class=\"wp-block-column is-layout-flow wp-block-column-is-layout-flow\">\n<h2 class=\"wp-block-heading\">Features of High Quality Wholesale Confectionery Packaging Wrapper<\/h2>\n\n\n\n<ul class=\"wp-block-list\">\n<li>Our Wholesale Confectionery Packaging Wrapper fully automatic production line adapter<\/li>\n\n\n\n<li>Supports 50-800 packs\/minute high-speed packaging machine (vertical\/pillow\/twisted type universal)<\/li>\n\n\n\n<li>Heat sealing temperature window 120-160\u2103, antistatic treatment, reduce downtime loss rate&gt; 40%<\/li>\n\n\n\n<li>Food grade transparent window<\/li>\n\n\n\n<li>Optical grade PET partial composite, light transmittance \u2265 92% (ASTM D1003)<\/li>\n\n\n\n<li>Window area passed FDA 21 CFR &amp; GB 4806.7 food contact test, zero plasticizer migration<\/li>\n\n\n\n<li>Closed-loop recyclable design<\/li>\n\n\n\n<li>Single PP material or separable PP\/PET structure. Reduce carbon emissions by 1.8 tons per ton of film material (compared with traditional aluminum foil composite film)<\/li>\n<\/ul>\n<\/div>\n\n\n\n<div class=\"wp-block-column is-layout-flow wp-block-column-is-layout-flow\">\n<figure class=\"wp-block-image size-full\"><img fetchpriority=\"high\" decoding=\"async\" width=\"750\" height=\"750\" src=\"https:\/\/www.hyflexpack.com\/wp-content\/uploads\/2025\/06\/Wholesale-Confectionery-Packaging-Wrapper\uff081\uff09-3.webp\" alt=\"Toptan \u015eekerleme Ambalaj Sar\u0131c\u0131\" class=\"wp-image-7211\" srcset=\"https:\/\/www.hyflexpack.com\/wp-content\/uploads\/2025\/06\/Wholesale-Confectionery-Packaging-Wrapper\uff081\uff09-3.webp 750w, https:\/\/www.hyflexpack.com\/wp-content\/uploads\/2025\/06\/Wholesale-Confectionery-Packaging-Wrapper\uff081\uff09-3-300x300.webp 300w, https:\/\/www.hyflexpack.com\/wp-content\/uploads\/2025\/06\/Wholesale-Confectionery-Packaging-Wrapper\uff081\uff09-3-150x150.webp 150w, https:\/\/www.hyflexpack.com\/wp-content\/uploads\/2025\/06\/Wholesale-Confectionery-Packaging-Wrapper\uff081\uff09-3-12x12.webp 12w, https:\/\/www.hyflexpack.com\/wp-content\/uploads\/2025\/06\/Wholesale-Confectionery-Packaging-Wrapper\uff081\uff09-3-285x285.webp 285w, https:\/\/www.hyflexpack.com\/wp-content\/uploads\/2025\/06\/Wholesale-Confectionery-Packaging-Wrapper\uff081\uff09-3-270x270.webp 270w, https:\/\/www.hyflexpack.com\/wp-content\/uploads\/2025\/06\/Wholesale-Confectionery-Packaging-Wrapper\uff081\uff09-3-540x540.webp 540w, https:\/\/www.hyflexpack.com\/wp-content\/uploads\/2025\/06\/Wholesale-Confectionery-Packaging-Wrapper\uff081\uff09-3-660x660.webp 660w\" sizes=\"(max-width: 750px) 100vw, 750px\" \/><\/figure>\n<\/div>\n<\/div>\n\n\n\n<div class=\"wp-block-columns is-layout-flex wp-container-core-columns-is-layout-9d6595d7 wp-block-columns-is-layout-flex\">\n<div class=\"wp-block-column is-layout-flow wp-block-column-is-layout-flow\">\n<figure class=\"wp-block-image size-full\"><img decoding=\"async\" width=\"750\" height=\"750\" src=\"https:\/\/www.hyflexpack.com\/wp-content\/uploads\/2025\/06\/Wholesale-Confectionery-Packaging-Wrapper\uff081\uff09-2.webp\" alt=\"Toptan \u015eekerleme Ambalaj Sar\u0131c\u0131\" class=\"wp-image-7210\" srcset=\"https:\/\/www.hyflexpack.com\/wp-content\/uploads\/2025\/06\/Wholesale-Confectionery-Packaging-Wrapper\uff081\uff09-2.webp 750w, https:\/\/www.hyflexpack.com\/wp-content\/uploads\/2025\/06\/Wholesale-Confectionery-Packaging-Wrapper\uff081\uff09-2-300x300.webp 300w, https:\/\/www.hyflexpack.com\/wp-content\/uploads\/2025\/06\/Wholesale-Confectionery-Packaging-Wrapper\uff081\uff09-2-150x150.webp 150w, https:\/\/www.hyflexpack.com\/wp-content\/uploads\/2025\/06\/Wholesale-Confectionery-Packaging-Wrapper\uff081\uff09-2-12x12.webp 12w, https:\/\/www.hyflexpack.com\/wp-content\/uploads\/2025\/06\/Wholesale-Confectionery-Packaging-Wrapper\uff081\uff09-2-285x285.webp 285w, https:\/\/www.hyflexpack.com\/wp-content\/uploads\/2025\/06\/Wholesale-Confectionery-Packaging-Wrapper\uff081\uff09-2-270x270.webp 270w, https:\/\/www.hyflexpack.com\/wp-content\/uploads\/2025\/06\/Wholesale-Confectionery-Packaging-Wrapper\uff081\uff09-2-540x540.webp 540w, https:\/\/www.hyflexpack.com\/wp-content\/uploads\/2025\/06\/Wholesale-Confectionery-Packaging-Wrapper\uff081\uff09-2-660x660.webp 660w\" sizes=\"(max-width: 750px) 100vw, 750px\" \/><\/figure>\n<\/div>\n\n\n\n<div class=\"wp-block-column is-layout-flow wp-block-column-is-layout-flow\">\n<figure class=\"wp-block-image size-full\"><img decoding=\"async\" width=\"750\" height=\"750\" src=\"https:\/\/www.hyflexpack.com\/wp-content\/uploads\/2025\/06\/Wholesale-Confectionery-Packaging-Wrapper\uff081\uff09-5.webp\" alt=\"Toptan \u015eekerleme Ambalaj Sar\u0131c\u0131\" class=\"wp-image-7213\" srcset=\"https:\/\/www.hyflexpack.com\/wp-content\/uploads\/2025\/06\/Wholesale-Confectionery-Packaging-Wrapper\uff081\uff09-5.webp 750w, https:\/\/www.hyflexpack.com\/wp-content\/uploads\/2025\/06\/Wholesale-Confectionery-Packaging-Wrapper\uff081\uff09-5-300x300.webp 300w, https:\/\/www.hyflexpack.com\/wp-content\/uploads\/2025\/06\/Wholesale-Confectionery-Packaging-Wrapper\uff081\uff09-5-150x150.webp 150w, https:\/\/www.hyflexpack.com\/wp-content\/uploads\/2025\/06\/Wholesale-Confectionery-Packaging-Wrapper\uff081\uff09-5-12x12.webp 12w, https:\/\/www.hyflexpack.com\/wp-content\/uploads\/2025\/06\/Wholesale-Confectionery-Packaging-Wrapper\uff081\uff09-5-285x285.webp 285w, https:\/\/www.hyflexpack.com\/wp-content\/uploads\/2025\/06\/Wholesale-Confectionery-Packaging-Wrapper\uff081\uff09-5-270x270.webp 270w, https:\/\/www.hyflexpack.com\/wp-content\/uploads\/2025\/06\/Wholesale-Confectionery-Packaging-Wrapper\uff081\uff09-5-540x540.webp 540w, https:\/\/www.hyflexpack.com\/wp-content\/uploads\/2025\/06\/Wholesale-Confectionery-Packaging-Wrapper\uff081\uff09-5-660x660.webp 660w\" sizes=\"(max-width: 750px) 100vw, 750px\" \/><\/figure>\n<\/div>\n<\/div>","protected":false},"excerpt":{"rendered":"<h3>Advantages of Confectionery Packaging Wrapper Manufacturer<\/h3>\n<ul>\n<li><strong><a href=\"https:\/\/www.hyflexpack.com\/tr\/ozel-esnek-ambalajlar\/\">OEM\/ODM Hizmetleri<\/a>:<\/strong>\u00a0M\u00fc\u015fteri ihtiya\u00e7lar\u0131n\u0131 kar\u015f\u0131lamak i\u00e7in malzeme, boyut ve bask\u0131 deseni \u00f6zelle\u015ftirmesi dahil olmak \u00fczere \u00f6zelle\u015ftirilmi\u015f ambalaj po\u015feti hizmetleri sa\u011fl\u0131yor ve OEM ve ODM'yi destekliyoruz.<\/li>\n<li><strong>Verimli<\/strong>\u00a0<strong>\u0130malat:<\/strong>\u00a0Geli\u015fmi\u015f ekipman ve teknoloji ile sipari\u015f \u00fcretimini verimli ve y\u00fcksek kalitede tamamlayabilir ve zaman\u0131nda teslim edebiliriz.<\/li>\n<li><strong>Kalite Kontrol\u00fc:<\/strong>\u00a0\u00dcretim, \u00fcr\u00fcnlerin standartlar\u0131 kar\u015f\u0131lamas\u0131n\u0131 sa\u011flamak i\u00e7in kalite standartlar\u0131na ve g\u0131da g\u00fcvenli\u011fi gerekliliklerine s\u0131k\u0131 s\u0131k\u0131ya ba\u011fl\u0131 olarak ger\u00e7ekle\u015ftirilir.<\/li>\n<li><strong>7\/24 M\u00fc\u015fteri Deste\u011fi:<\/strong>\u00a0G\u00fcn\u00fcn 24 saati h\u0131zl\u0131 yan\u0131t ve \u00f6zenli m\u00fc\u015fteri hizmetleri deste\u011fi sa\u011flay\u0131n.<\/li>\n<li><strong>Serbest Tasar\u0131m:<\/strong>\u00a0Ambalaj\u0131n\u0131z\u0131 ve marka kimli\u011finizi geli\u015ftirmenize yard\u0131mc\u0131 olacak logolar, etiketler ve \u00e7izimler i\u00e7in \u00fccretsiz tasar\u0131m hizmetlerimizden yararlan\u0131n.<\/li>\n<li><strong>Fabrika Fiyat\u0131<\/strong>: Toplu sipari\u015fleriniz i\u00e7in maksimum de\u011feri elde etmeniz i\u00e7in rekabet\u00e7i fabrika fiyatlar\u0131 sunuyoruz.<\/li>\n<li><strong>Minimum Sipari\u015f Miktar\u0131 (MOQ):<\/strong>\u00a0Esnek MOQ kullan\u0131labilirli\u011fi, d\u00fc\u015f\u00fck sipari\u015f seviyeleriyle ba\u015flaman\u0131za ve gerekti\u011finde \u00f6l\u00e7e\u011fi b\u00fcy\u00fctmenize olanak tan\u0131r.<\/li>\n<li><strong>\u00dccretsiz \u00d6rnek<\/strong>: \u00dcr\u00fcn\u00fc de\u011ferlendirebilmeniz i\u00e7in \u00fccretsiz numune hizmeti sa\u011flay\u0131n.<\/li>\n<\/ul>\n<p><a href=\"https:\/\/www.hyflexpack.com\/tr\/\"><strong>Huiyang Ambalaj<\/strong><\/a> is committed to providing customers with high-quality,\u00a0 wholesale confectionery packaging wrapper to help them improve their product image and enhance market competitiveness.<\/p>","protected":false},"featured_media":7218,"comment_status":"open","ping_status":"closed","template":"","meta":[],"product_brand":[],"product_cat":[53],"product_tag":[],"class_list":{"0":"post-7223","1":"product","2":"type-product","3":"status-publish","4":"has-post-thumbnail","6":"product_cat-packaging-film-supplier","8":"first","9":"instock","10":"shipping-taxable","11":"product-type-simple"},"_links":{"self":[{"href":"https:\/\/www.hyflexpack.com\/tr\/wp-json\/wp\/v2\/product\/7223","targetHints":{"allow":["GET"]}}],"collection":[{"href":"https:\/\/www.hyflexpack.com\/tr\/wp-json\/wp\/v2\/product"}],"about":[{"href":"https:\/\/www.hyflexpack.com\/tr\/wp-json\/wp\/v2\/types\/product"}],"replies":[{"embeddable":true,"href":"https:\/\/www.hyflexpack.com\/tr\/wp-json\/wp\/v2\/comments?post=7223"}],"wp:featuredmedia":[{"embeddable":true,"href":"https:\/\/www.hyflexpack.com\/tr\/wp-json\/wp\/v2\/media\/7218"}],"wp:attachment":[{"href":"https:\/\/www.hyflexpack.com\/tr\/wp-json\/wp\/v2\/media?parent=7223"}],"wp:term":[{"taxonomy":"product_brand","embeddable":true,"href":"https:\/\/www.hyflexpack.com\/tr\/wp-json\/wp\/v2\/product_brand?post=7223"},{"taxonomy":"product_cat","embeddable":true,"href":"https:\/\/www.hyflexpack.com\/tr\/wp-json\/wp\/v2\/product_cat?post=7223"},{"taxonomy":"product_tag","embeddable":true,"href":"https:\/\/www.hyflexpack.com\/tr\/wp-json\/wp\/v2\/product_tag?post=7223"}],"curies":[{"name":"wp","href":"https:\/\/api.w.org\/{rel}","templated":true}]}}