{"id":7183,"date":"2025-07-19T09:42:12","date_gmt":"2025-07-19T09:42:12","guid":{"rendered":"https:\/\/www.hyflexpack.com\/?post_type=product&#038;p=7183"},"modified":"2025-07-19T09:42:16","modified_gmt":"2025-07-19T09:42:16","slug":"custom-ice-cream-packaging-film","status":"publish","type":"product","link":"https:\/\/www.hyflexpack.com\/tr\/product\/custom-ice-cream-packaging-film\/","title":{"rendered":"\u00d6zel Dondurma Ambalaj Filmi OEM Al\u00fcminyum Kompozit Rulo Film Tedarik\u00e7isi"},"content":{"rendered":"<div class=\"wp-block-columns is-layout-flex wp-container-core-columns-is-layout-9d6595d7 wp-block-columns-is-layout-flex\">\n<div class=\"wp-block-column is-layout-flow wp-block-column-is-layout-flow\">\n<h2 class=\"wp-block-heading\">Dondurma Ambalaj Filminin \u00d6zellikleri<\/h2>\n\n\n\n<ul class=\"wp-block-list\">\n<li><strong>24 ay Uzun S\u00fcreli Taze Tutma Garantisi<\/strong>: Al\u00fcminyum Folyo Kompozit + Nano \u00c7ift Bariyer Katman\u0131, \u00f6zel dondurma ambalaj filmi ile sa\u011flanan ambalaj\u0131n dondurmay\u0131 uzun s\u00fcre taze tutabilmesini sa\u011flar.<\/li>\n\n\n\n<li><strong>Al\u00fcminyum Folyo Kompozit + Nano \u00c7ift Bariyer Katman\u0131<\/strong>: Oksijen ge\u00e7irgenli\u011fi &lt;0.03cm\u00b3\/m\u00b2-24h (ASTM D3985), su buhar\u0131 ge\u00e7irgenli\u011fi &lt;1.0g\/m\u00b2-24h (ASTM F1249), \u0131\u015f\u0131k, oksijen ve su buhar\u0131n\u0131n giri\u015fini etkili bir \u015fekilde engeller ve raf \u00f6mr\u00fcn\u00fc s\u0131radan filmlere k\u0131yasla 60% uzat\u0131r. OEM dondurma ambalaj filmi tedarik\u00e7isi taraf\u0131ndan \u00f6nerilen y\u00fcksek kaliteli bir se\u00e7imdir.<\/li>\n\n\n\n<li><strong>Full-link OEM \u00d6zelle\u015ftirme Hizmeti<\/strong>: \u00d6zel buz ambalaj filminin ki\u015fiselle\u015ftirilmi\u015f ihtiya\u00e7lar\u0131 do\u011frultusunda form\u00fcl, bask\u0131dan derin dilme adaptasyonuna kadar tam zincir \u00f6zelle\u015ftirme hizmetleri sa\u011flay\u0131n.<\/li>\n\n\n\n<li><strong>Form\u00fcl \u2192 Bask\u0131 \u2192 Dilme Derinli\u011fi Adaptasyonu<\/strong>: Form\u00fcl kitapl\u0131\u011f\u0131 e\u015fle\u015ftirme (PE \/ PP \/ EVOH iste\u011fe ba\u011fl\u0131), markaya \u00f6zel bask\u0131 (Pantone renk kart\u0131n\u0131 \u00b1 0,5 renk fark\u0131n\u0131 destekler), \u00fcretim hatt\u0131na g\u00f6re ayarlanm\u0131\u015f rulo film gerginli\u011fi \/ dilme do\u011frulu\u011fu, mevcut \u00fcretim hatt\u0131yla m\u00fckemmel yerle\u015ftirme, OEM dondurma ambalaj filmi tedarik\u00e7isi taraf\u0131ndan sa\u011flanan \u00fcr\u00fcnlerin m\u00fc\u015fteri gereksinimlerini kar\u015f\u0131lamas\u0131n\u0131 sa\u011flar.<\/li>\n\n\n\n<li><strong>Ultra D\u00fc\u015f\u00fck S\u0131cakl\u0131k Sahneleri i\u00e7in G\u00fc\u00e7l\u00fc Koruma<\/strong>: 40 \u2103 hasara dayan\u0131kl\u0131 yap\u0131, \u00fc\u00e7 katmanl\u0131 ko-ekstr\u00fcde y\u0131rt\u0131lmaya dayan\u0131kl\u0131 i\u00e7 katman (delinme mukavemeti \u22658kgf), bu\u011fu \u00f6nleyici kaplama (sis \u22643%), so\u011fuk zincir nakliye hasar oran\u0131 40% azalt\u0131larak \u00f6zel dondurma ambalaj filmi i\u00e7in g\u00fc\u00e7l\u00fc koruma sa\u011flar.<\/li>\n<\/ul>\n<\/div>\n\n\n\n<div class=\"wp-block-column is-layout-flow wp-block-column-is-layout-flow\">\n<figure class=\"wp-block-image size-full\"><img fetchpriority=\"high\" decoding=\"async\" width=\"750\" height=\"750\" src=\"https:\/\/www.hyflexpack.com\/wp-content\/uploads\/2025\/07\/Custom-Ice-Cream-Packaging-Film-Manufacturer.webp\" alt=\"\u00d6zel Dondurma Ambalaj Filmi \u00dcreticisi\" class=\"wp-image-7328\" srcset=\"https:\/\/www.hyflexpack.com\/wp-content\/uploads\/2025\/07\/Custom-Ice-Cream-Packaging-Film-Manufacturer.webp 750w, https:\/\/www.hyflexpack.com\/wp-content\/uploads\/2025\/07\/Custom-Ice-Cream-Packaging-Film-Manufacturer-300x300.webp 300w, https:\/\/www.hyflexpack.com\/wp-content\/uploads\/2025\/07\/Custom-Ice-Cream-Packaging-Film-Manufacturer-150x150.webp 150w, https:\/\/www.hyflexpack.com\/wp-content\/uploads\/2025\/07\/Custom-Ice-Cream-Packaging-Film-Manufacturer-12x12.webp 12w, https:\/\/www.hyflexpack.com\/wp-content\/uploads\/2025\/07\/Custom-Ice-Cream-Packaging-Film-Manufacturer-285x285.webp 285w, https:\/\/www.hyflexpack.com\/wp-content\/uploads\/2025\/07\/Custom-Ice-Cream-Packaging-Film-Manufacturer-270x270.webp 270w, https:\/\/www.hyflexpack.com\/wp-content\/uploads\/2025\/07\/Custom-Ice-Cream-Packaging-Film-Manufacturer-540x540.webp 540w, https:\/\/www.hyflexpack.com\/wp-content\/uploads\/2025\/07\/Custom-Ice-Cream-Packaging-Film-Manufacturer-660x660.webp 660w\" sizes=\"(max-width: 750px) 100vw, 750px\" \/><\/figure>\n<\/div>\n<\/div>\n\n\n\n<p><\/p>","protected":false},"excerpt":{"rendered":"<p data-start=\"120\" data-end=\"440\">Profesyonel bir OEM dondurma ambalaj filmi tedarik\u00e7isi olarak, FDA\/EC1935 \u00e7ift sertifikal\u0131 alt tabakalar ve nano d\u00fczeyde \u00e7ift tarafl\u0131 bariyer kaplamalarla (OTR &lt;0,03cm\u00b3\/m\u00b2-24h | WVTR &lt;1,0g\/m\u00b2-24h) yap\u0131lan ve raf \u00f6mr\u00fcn\u00fc 60% kadar uzatan \u00f6zel buz ambalaj filmi sunuyoruz. \u00d6zel g\u0131da ambalajlar\u0131n\u0131z\u0131 \u00f6zelle\u015ftirmek i\u00e7in bug\u00fcn bize ula\u015f\u0131n!<\/p>\n<h3>Dondurma Ambalaj Filmi Tedarik\u00e7isinin Avantajlar\u0131<\/h3>\n<ul>\n<li><strong>\u00d6zel Tasar\u0131m<\/strong>: Ki\u015fiselle\u015ftirilmi\u015f tasar\u0131m \u00e7\u00f6z\u00fcmleri sa\u011flay\u0131n, OEM \/ ODM'yi destekleyin, farkl\u0131 \u00f6zellikler, boyutlar, bask\u0131 desenleri vb. ile \u00f6zelle\u015ftirin.<\/li>\n<li><strong>Kalite G\u00fcvence<\/strong>: \u00dcretim s\u00fcrecini kontrol edin ve \u00fcr\u00fcn kalitesini sa\u011flamak i\u00e7in y\u00fcksek kaliteli malzemelere ve geli\u015fmi\u015f ekipmanlara sahip olun.<\/li>\n<li><strong>Zaman\u0131nda Teslimat<\/strong>: Zaman\u0131nda teslimat sa\u011flamak ve m\u00fc\u015fterilerin acil ihtiya\u00e7lar\u0131n\u0131 kar\u015f\u0131lamak i\u00e7in \u00fcretim s\u00fcrecini optimize etmek ve \u00fcretim verimlili\u011fini art\u0131rmak.<\/li>\n<li><strong>Profesyonel Teknik Destek<\/strong>: Deneyimli teknik ekip, profesyonel teknik destek ve 24 saat sat\u0131\u015f sonras\u0131 dan\u0131\u015fmanl\u0131k hizmeti sa\u011flar.<\/li>\n<li><strong>\u00dccretsiz \u00d6rnek<\/strong>: \u00dcr\u00fcnleri de\u011ferlendirebilmeniz i\u00e7in \u00fccretsiz numune hizmeti sunmak.<\/li>\n<\/ul>\n<p><a href=\"https:\/\/www.hyflexpack.com\/tr\/\"><strong>Huiyang Ambalaj<\/strong><\/a> m\u00fc\u015fterilerin \u00fcr\u00fcn imajlar\u0131n\u0131 iyile\u015ftirmelerine ve pazar rekabet g\u00fc\u00e7lerini art\u0131rmalar\u0131na yard\u0131mc\u0131 olmak i\u00e7in m\u00fc\u015fterilere y\u00fcksek kaliteli \u00f6zel dondurma ambalaj filmi sa\u011flamay\u0131 taahh\u00fct eder.<\/p>","protected":false},"featured_media":7324,"comment_status":"open","ping_status":"closed","template":"","meta":[],"product_brand":[],"product_cat":[53],"product_tag":[],"class_list":{"0":"post-7183","1":"product","2":"type-product","3":"status-publish","4":"has-post-thumbnail","6":"product_cat-packaging-film-supplier","8":"first","9":"instock","10":"shipping-taxable","11":"product-type-simple"},"_links":{"self":[{"href":"https:\/\/www.hyflexpack.com\/tr\/wp-json\/wp\/v2\/product\/7183","targetHints":{"allow":["GET"]}}],"collection":[{"href":"https:\/\/www.hyflexpack.com\/tr\/wp-json\/wp\/v2\/product"}],"about":[{"href":"https:\/\/www.hyflexpack.com\/tr\/wp-json\/wp\/v2\/types\/product"}],"replies":[{"embeddable":true,"href":"https:\/\/www.hyflexpack.com\/tr\/wp-json\/wp\/v2\/comments?post=7183"}],"wp:featuredmedia":[{"embeddable":true,"href":"https:\/\/www.hyflexpack.com\/tr\/wp-json\/wp\/v2\/media\/7324"}],"wp:attachment":[{"href":"https:\/\/www.hyflexpack.com\/tr\/wp-json\/wp\/v2\/media?parent=7183"}],"wp:term":[{"taxonomy":"product_brand","embeddable":true,"href":"https:\/\/www.hyflexpack.com\/tr\/wp-json\/wp\/v2\/product_brand?post=7183"},{"taxonomy":"product_cat","embeddable":true,"href":"https:\/\/www.hyflexpack.com\/tr\/wp-json\/wp\/v2\/product_cat?post=7183"},{"taxonomy":"product_tag","embeddable":true,"href":"https:\/\/www.hyflexpack.com\/tr\/wp-json\/wp\/v2\/product_tag?post=7183"}],"curies":[{"name":"wp","href":"https:\/\/api.w.org\/{rel}","templated":true}]}}