{"id":7181,"date":"2025-07-19T08:20:12","date_gmt":"2025-07-19T08:20:12","guid":{"rendered":"https:\/\/www.hyflexpack.com\/?post_type=product&#038;p=7181"},"modified":"2025-07-19T08:20:15","modified_gmt":"2025-07-19T08:20:15","slug":"oem-ice-lolly-packaging-film-wholesale","status":"publish","type":"product","link":"https:\/\/www.hyflexpack.com\/tr\/product\/oem-ice-lolly-packaging-film-wholesale\/","title":{"rendered":"OEM Buz Lolly Ambalaj Filmi ve Dondurulmu\u015f G\u0131da Torbalar\u0131 Toplu Kaynak i\u00e7in Al\u00fcminyum Rulolar"},"content":{"rendered":"<div class=\"wp-block-columns is-layout-flex wp-container-core-columns-is-layout-9d6595d7 wp-block-columns-is-layout-flex\">\n<div class=\"wp-block-column is-layout-flow wp-block-column-is-layout-flow\">\n<h2 class=\"wp-block-heading\">Y\u00fcksek Kaliteli OEM Dondurma Ambalaj Filminin \u00d6zellikleri<\/h2>\n\n\n\n<ul class=\"wp-block-list\">\n<li><strong>G\u0131da S\u0131n\u0131f\u0131 G\u00fcvenlik Sertifikas\u0131<\/strong>: \u00d6zel buz lolipopu ambalaj filmi ve dondurulmu\u015f g\u0131da torbalar\u0131n\u0131n en y\u00fcksek g\u0131da ile temas g\u00fcvenlik standartlar\u0131n\u0131 kar\u015f\u0131lad\u0131\u011f\u0131ndan emin olun ve g\u0131da ile do\u011frudan temas etti\u011finde ambalaj\u0131n g\u00fcvenli\u011fini sa\u011flay\u0131n.<\/li>\n\n\n\n<li><strong>S\u0131f\u0131r Kirlilik Riski<\/strong>: Al\u00fcminyum folyo kompozit katman, d\u0131\u015f kirleticilerin giri\u015fini etkili bir \u015fekilde izole ederek dondurulmu\u015f g\u0131da torbalar\u0131n\u0131z\u0131n ve \u00f6zel buz lolipop ambalaj filminizin kirlenmemesini sa\u011flar.<\/li>\n\n\n\n<li><strong>Y\u00fcksek Bariyer ve Taze Tutma Performans\u0131<\/strong>: Dondurma ve di\u011fer dondurulmu\u015f g\u0131dalar\u0131n uzun s\u00fcreli tazeli\u011fini sa\u011flamak i\u00e7in m\u00fckemmel bariyer performans\u0131 sa\u011flar, \u00f6zel buzlu lolipop ambalaj filmi i\u00e7in uygundur.<\/li>\n\n\n\n<li><strong>Ultra D\u00fc\u015f\u00fck Nem Ge\u00e7irgenli\u011fi<\/strong>: Su buhar\u0131 iletim oran\u0131 (WVTR) &lt;0,05g\/m\u00b2\/24h, \u00fcr\u00fcn\u00fcn raf \u00f6mr\u00fcn\u00fc 30%&#039;ye kadar uzat\u0131r, dondurulmu\u015f g\u0131da torbalar\u0131 i\u00e7in \u00e7ok uygundur.<\/li>\n\n\n\n<li><strong>Oksijen Bariyeri<\/strong>: Oksijen iletim h\u0131z\u0131 (OTR) &lt;3cm\u00b3 \/ m\u00b2 \/ 24h, dondurman\u0131n oksidasyonunu \u00f6nler ve \u00f6zel dondurma lolly ambalaj filminde dondurman\u0131n tad\u0131n\u0131 ve kalitesini korur.<\/li>\n\n\n\n<li><strong>\u00d6zel \u00dcretim Hizmeti<\/strong>: \u00dcretim hatt\u0131 ihtiya\u00e7lar\u0131n\u0131z\u0131 kar\u015f\u0131lamak i\u00e7in \u00f6zel buzlu lolipop ambalaj filmi i\u00e7in uyarlanm\u0131\u015f esnek \u00f6zelle\u015ftirme hizmetleri sunuyoruz.<\/li>\n\n\n\n<li><strong>Dilme Adaptasyonu<\/strong>: Rulo filmin geni\u015fli\u011fi \/ uzunlu\u011fu, m\u00fc\u015fterinin \u00fcretim hatt\u0131n\u0131n \u00f6zelliklerine g\u00f6re \u00f6zelle\u015ftirilebilir ve dondurulmu\u015f g\u0131da po\u015fetleri i\u00e7in tam otomatik paketleme makinelerini destekler.<\/li>\n\n\n\n<li><strong>Bask\u0131 Uyumlulu\u011fu<\/strong>: Y\u00fczey i\u015flemi, y\u00fcksek \u00e7\u00f6z\u00fcn\u00fcrl\u00fckl\u00fc marka bask\u0131s\u0131n\u0131 destekler, marka logosu ve ambalaj etkisi sa\u011flar, yap\u0131\u015fma \u22654B, \u00f6zel buz lolly ambalaj filmi ve dondurulmu\u015f g\u0131da torbalar\u0131 i\u00e7in uygundur.<\/li>\n<\/ul>\n<\/div>\n\n\n\n<div class=\"wp-block-column is-layout-flow wp-block-column-is-layout-flow\">\n<figure class=\"wp-block-image size-full\"><img fetchpriority=\"high\" decoding=\"async\" width=\"750\" height=\"750\" src=\"https:\/\/www.hyflexpack.com\/wp-content\/uploads\/2025\/07\/OEM-Ice-Lolly-Packaging-Film-Wholesaler-1.webp\" alt=\"OEM Ice Lolly Ambalaj Filmi Toptanc\u0131s\u0131 (1)\" class=\"wp-image-7320\" srcset=\"https:\/\/www.hyflexpack.com\/wp-content\/uploads\/2025\/07\/OEM-Ice-Lolly-Packaging-Film-Wholesaler-1.webp 750w, https:\/\/www.hyflexpack.com\/wp-content\/uploads\/2025\/07\/OEM-Ice-Lolly-Packaging-Film-Wholesaler-1-300x300.webp 300w, https:\/\/www.hyflexpack.com\/wp-content\/uploads\/2025\/07\/OEM-Ice-Lolly-Packaging-Film-Wholesaler-1-150x150.webp 150w, https:\/\/www.hyflexpack.com\/wp-content\/uploads\/2025\/07\/OEM-Ice-Lolly-Packaging-Film-Wholesaler-1-12x12.webp 12w, https:\/\/www.hyflexpack.com\/wp-content\/uploads\/2025\/07\/OEM-Ice-Lolly-Packaging-Film-Wholesaler-1-285x285.webp 285w, https:\/\/www.hyflexpack.com\/wp-content\/uploads\/2025\/07\/OEM-Ice-Lolly-Packaging-Film-Wholesaler-1-270x270.webp 270w, https:\/\/www.hyflexpack.com\/wp-content\/uploads\/2025\/07\/OEM-Ice-Lolly-Packaging-Film-Wholesaler-1-540x540.webp 540w, https:\/\/www.hyflexpack.com\/wp-content\/uploads\/2025\/07\/OEM-Ice-Lolly-Packaging-Film-Wholesaler-1-660x660.webp 660w\" sizes=\"(max-width: 750px) 100vw, 750px\" \/><\/figure>\n<\/div>\n<\/div>\n\n\n\n<div class=\"wp-block-columns is-layout-flex wp-container-core-columns-is-layout-9d6595d7 wp-block-columns-is-layout-flex\">\n<div class=\"wp-block-column is-layout-flow wp-block-column-is-layout-flow\">\n<figure class=\"wp-block-image size-full\"><img decoding=\"async\" width=\"1080\" height=\"810\" src=\"https:\/\/www.hyflexpack.com\/wp-content\/uploads\/2024\/06\/Cold-seal-film-manufacturer.webp\" alt=\"So\u011fuk m\u00fch\u00fcr film \u00fcreticisi\" class=\"wp-image-4450\" srcset=\"https:\/\/www.hyflexpack.com\/wp-content\/uploads\/2024\/06\/Cold-seal-film-manufacturer.webp 1080w, https:\/\/www.hyflexpack.com\/wp-content\/uploads\/2024\/06\/Cold-seal-film-manufacturer-300x225.webp 300w, https:\/\/www.hyflexpack.com\/wp-content\/uploads\/2024\/06\/Cold-seal-film-manufacturer-768x576.webp 768w, https:\/\/www.hyflexpack.com\/wp-content\/uploads\/2024\/06\/Cold-seal-film-manufacturer-16x12.webp 16w, https:\/\/www.hyflexpack.com\/wp-content\/uploads\/2024\/06\/Cold-seal-film-manufacturer-285x214.webp 285w, https:\/\/www.hyflexpack.com\/wp-content\/uploads\/2024\/06\/Cold-seal-film-manufacturer-800x600.webp 800w, https:\/\/www.hyflexpack.com\/wp-content\/uploads\/2024\/06\/Cold-seal-film-manufacturer-660x495.webp 660w, https:\/\/www.hyflexpack.com\/wp-content\/uploads\/2024\/06\/Cold-seal-film-manufacturer-150x113.webp 150w\" sizes=\"(max-width: 1080px) 100vw, 1080px\" \/><\/figure>\n<\/div>\n\n\n\n<div class=\"wp-block-column is-layout-flow wp-block-column-is-layout-flow\">\n<h3 class=\"wp-block-heading\">Al\u00fcminyum Folyo Kompozit Yap\u0131n\u0131n Avantajlar\u0131:<\/h3>\n\n\n\n<p><\/p>\n\n\n\n<p><strong>Malzeme Bile\u015fimi<\/strong>: PET\/al\u00fcminyum folyo\/PE \u00e7ok katmanl\u0131 kompozit malzeme (kal\u0131nl\u0131k iste\u011fe ba\u011fl\u0131 12-30\u03bc), \u00f6zel buzlu lolipop ambalaj filmi ve dondurulmu\u015f g\u0131da torbalar\u0131 i\u00e7in m\u00fckemmel dayan\u0131kl\u0131l\u0131k sa\u011flar.<\/p>\n\n\n\n<p><strong>Yumruk Direnci<\/strong>: Y\u0131rt\u0131lma direnci \u226580N \/ 15mm, nakliye s\u0131ras\u0131nda hasar\u0131 \u00f6nler ve dondurulmu\u015f g\u0131da torbalar\u0131n\u0131n ve \u00f6zel buz lolipop ambalaj filminin b\u00fct\u00fcnl\u00fc\u011f\u00fcn\u00fc sa\u011flar.<\/p>\n<\/div>\n<\/div>","protected":false},"excerpt":{"rendered":"<p>OEM Dondurma Ambalaj Filmimiz, y\u00fcksek kaliteli dondurmay\u0131 korumak, raf \u00f6mr\u00fcn\u00fc 30% uzatmak ve markay\u0131 canl\u0131 bir \u015fekilde sergilemek i\u00e7in 90%'den fazla y\u00fcksek \u015feffafl\u0131\u011fa ve &lt;0.05g \/ m\u00b2 \/ 24h nem ge\u00e7irgenlik bariyerine sahip g\u0131da s\u0131n\u0131f\u0131 sertifikal\u0131 al\u00fcminyum folyo kompozit film kullan\u0131r. \u00c7inli bir OEM \u00fcreticisi olarak, otomatik \u00fcretim hatlar\u0131na uyum sa\u011flamak i\u00e7in \u00f6zelle\u015ftirilmi\u015f dilme rulo filmi sa\u011fl\u0131yoruz ve toplu sat\u0131n alma \u00e7\u00f6z\u00fcmleri i\u00e7in avantajl\u0131 MOQ&#039;un keyfini \u00e7\u0131kar\u0131yoruz. Y\u00fcksek bariyerli ambalaj \u00e7\u00f6z\u00fcm\u00fcn\u00fcz\u00fc \u00f6zelle\u015ftirmek i\u00e7in \u015fimdi bize ula\u015f\u0131n!<\/p>\n<h2>Ice Lolly Ambalaj Filmi Toptanc\u0131s\u0131n\u0131n Avantajlar\u0131<\/h2>\n<ul>\n<li><strong>\u00d6zel tasar\u0131m<\/strong>: M\u00fc\u015fteri ihtiya\u00e7lar\u0131n\u0131 kar\u015f\u0131lamak i\u00e7in malzeme, boyut ve bask\u0131 deseni \u00f6zelle\u015ftirmesi dahil olmak \u00fczere \u00f6zelle\u015ftirilmi\u015f hizmetler sunuyoruz ve OEM ve ODM'yi destekliyoruz.<\/li>\n<li><strong>\u00dcretim<\/strong>: Verimli ve istikrarl\u0131 \u00fcretim s\u00fcre\u00e7leri ve zaman\u0131nda teslimat sa\u011flamak i\u00e7in uluslararas\u0131 d\u00fczeyde geli\u015fmi\u015f kompozit \u00fcretim hatlar\u0131 ve otomatik kontrol sistemleri benimseyin.<\/li>\n<li><strong>Kalite denetimi<\/strong>: \u00dcr\u00fcnlerin gerekli standartlar\u0131 kar\u015f\u0131lad\u0131\u011f\u0131ndan emin olmak i\u00e7in kesinlikle kalite standartlar\u0131na ve g\u0131da g\u00fcvenli\u011fi gereksinimlerine g\u00f6re \u00fcretin.<\/li>\n<li><strong>M\u00fc\u015fteri\u00a0<\/strong><strong>Hizmet<\/strong>: G\u00fcn\u00fcn 24 saati h\u0131zl\u0131 yan\u0131tlar ve \u00f6zenli m\u00fc\u015fteri deste\u011fi sa\u011flay\u0131n.<\/li>\n<li><strong>\u00dccretsiz \u00f6rnekler<\/strong>: M\u00fc\u015fterilerin denemesi ve de\u011ferlendirmesi i\u00e7in k\u00fc\u00e7\u00fck parti numuneler haz\u0131rlay\u0131n.<\/li>\n<\/ul>\n<p><a href=\"https:\/\/www.hyflexpack.com\/tr\/\"><strong>Huiyang Ambalaj<\/strong><\/a> m\u00fc\u015fterilerine y\u00fcksek kaliteli OEM dondurma filmi sunmay\u0131, m\u00fc\u015fterilerin \u00fcr\u00fcn imajlar\u0131n\u0131 geli\u015ftirmelerine ve pazar rekabet g\u00fc\u00e7lerini art\u0131rmalar\u0131na yard\u0131mc\u0131 olmay\u0131 taahh\u00fct eder.<\/p>","protected":false},"featured_media":7322,"comment_status":"open","ping_status":"closed","template":"","meta":[],"product_brand":[],"product_cat":[53,86],"product_tag":[],"class_list":{"0":"post-7181","1":"product","2":"type-product","3":"status-publish","4":"has-post-thumbnail","6":"product_cat-packaging-film-supplier","7":"product_cat-cold-seal-film","9":"first","10":"instock","11":"shipping-taxable","12":"product-type-simple"},"_links":{"self":[{"href":"https:\/\/www.hyflexpack.com\/tr\/wp-json\/wp\/v2\/product\/7181","targetHints":{"allow":["GET"]}}],"collection":[{"href":"https:\/\/www.hyflexpack.com\/tr\/wp-json\/wp\/v2\/product"}],"about":[{"href":"https:\/\/www.hyflexpack.com\/tr\/wp-json\/wp\/v2\/types\/product"}],"replies":[{"embeddable":true,"href":"https:\/\/www.hyflexpack.com\/tr\/wp-json\/wp\/v2\/comments?post=7181"}],"wp:featuredmedia":[{"embeddable":true,"href":"https:\/\/www.hyflexpack.com\/tr\/wp-json\/wp\/v2\/media\/7322"}],"wp:attachment":[{"href":"https:\/\/www.hyflexpack.com\/tr\/wp-json\/wp\/v2\/media?parent=7181"}],"wp:term":[{"taxonomy":"product_brand","embeddable":true,"href":"https:\/\/www.hyflexpack.com\/tr\/wp-json\/wp\/v2\/product_brand?post=7181"},{"taxonomy":"product_cat","embeddable":true,"href":"https:\/\/www.hyflexpack.com\/tr\/wp-json\/wp\/v2\/product_cat?post=7181"},{"taxonomy":"product_tag","embeddable":true,"href":"https:\/\/www.hyflexpack.com\/tr\/wp-json\/wp\/v2\/product_tag?post=7181"}],"curies":[{"name":"wp","href":"https:\/\/api.w.org\/{rel}","templated":true}]}}