{"id":7067,"date":"2025-06-06T02:02:55","date_gmt":"2025-06-06T02:02:55","guid":{"rendered":"https:\/\/www.hyflexpack.com\/?post_type=product&#038;p=7067"},"modified":"2026-01-07T08:20:42","modified_gmt":"2026-01-07T08:20:42","slug":"350g-oatmeal-packaging-supplier","status":"publish","type":"product","link":"https:\/\/www.hyflexpack.com\/tr\/product\/350g-oatmeal-packaging-supplier\/","title":{"rendered":"350g Yulaf Ezmesi Ambalaj Tedarik\u00e7isi, \u00d6zel Fermuarl\u0131 \u00c7anta - \u015eeffaf Pencere, \u00c7evre Dostu Kompozit Malzeme"},"content":{"rendered":"<div class=\"wp-block-columns is-layout-flex wp-container-core-columns-is-layout-9d6595d7 wp-block-columns-is-layout-flex\">\n<div class=\"wp-block-column is-layout-flow wp-block-column-is-layout-flow\">\n<h2 class=\"wp-block-heading\">Yulaf Tozu Fermuarl\u0131 Torban\u0131n \u00d6zellikleri \u00d6zel<\/h2>\n\n\n\n<ul class=\"wp-block-list\">\n<li>\u015eeffaf pencere kalite kontrol\u00fc - g\u0131da s\u0131n\u0131f\u0131 PET pencere + y\u00fcksek \u015feffafl\u0131kta film tabakas\u0131, a\u00e7madan \u00f6nce toz kalitesini g\u00f6rsel olarak kontrol edin<\/li>\n\n\n\n<li>\u00c7evre dostu kapal\u0131 devre tasar\u0131m - AB Ambalaj Direktifi (PPWD) ile uyumlu 80% geri d\u00f6n\u00fc\u015ft\u00fcr\u00fclebilir kompozit malzeme<\/li>\n\n\n\n<li>G\u00fc\u00e7lendirilmi\u015f s\u0131zd\u0131rmazl\u0131k yap\u0131s\u0131 - kaymaz \u00e7ift \u015feritli fermuar + kompozit yap\u0131, nem direnci piyasadaki geleneksel modellerden 30% daha y\u00fcksektir<\/li>\n<\/ul>\n<\/div>\n\n\n\n<div class=\"wp-block-column is-layout-flow wp-block-column-is-layout-flow\">\n<figure class=\"wp-block-image size-full\"><img fetchpriority=\"high\" decoding=\"async\" width=\"750\" height=\"750\" src=\"https:\/\/www.hyflexpack.com\/wp-content\/uploads\/2025\/05\/Oat-Powder-Zipper-Bag-Custom-1.webp\" alt=\"Yulaf Ezmesi Paketleme Tedarik\u00e7isi-Huiyang Packaging\" class=\"wp-image-7050\" srcset=\"https:\/\/www.hyflexpack.com\/wp-content\/uploads\/2025\/05\/Oat-Powder-Zipper-Bag-Custom-1.webp 750w, https:\/\/www.hyflexpack.com\/wp-content\/uploads\/2025\/05\/Oat-Powder-Zipper-Bag-Custom-1-300x300.webp 300w, https:\/\/www.hyflexpack.com\/wp-content\/uploads\/2025\/05\/Oat-Powder-Zipper-Bag-Custom-1-150x150.webp 150w, https:\/\/www.hyflexpack.com\/wp-content\/uploads\/2025\/05\/Oat-Powder-Zipper-Bag-Custom-1-12x12.webp 12w, https:\/\/www.hyflexpack.com\/wp-content\/uploads\/2025\/05\/Oat-Powder-Zipper-Bag-Custom-1-285x285.webp 285w, https:\/\/www.hyflexpack.com\/wp-content\/uploads\/2025\/05\/Oat-Powder-Zipper-Bag-Custom-1-270x270.webp 270w, https:\/\/www.hyflexpack.com\/wp-content\/uploads\/2025\/05\/Oat-Powder-Zipper-Bag-Custom-1-540x540.webp 540w, https:\/\/www.hyflexpack.com\/wp-content\/uploads\/2025\/05\/Oat-Powder-Zipper-Bag-Custom-1-660x660.webp 660w\" sizes=\"(max-width: 750px) 100vw, 750px\" \/><\/figure>\n<\/div>\n<\/div>\n\n\n\n<p><\/p>","protected":false},"excerpt":{"rendered":"<p>G\u00fcvenilir bir yulaf ezmesi ambalaj\u0131 tedarik\u00e7isi olarak, \u00e7evre dostu kompozit malzemelerden yap\u0131lm\u0131\u015f 350g \u00f6zel fermuarl\u0131 torbalar sunuyoruz. G\u00f6r\u00fcn\u00fcrl\u00fck ve tazelik i\u00e7in \u015feffaf bir pencereye sahip olan po\u015fetlerimiz, s\u00fcrd\u00fcr\u00fclebilir, \u00e7ekici ve i\u015flevsel yulaf ezmesi paketleme \u00e7\u00f6z\u00fcmleri arayan markalar i\u00e7in idealdir.<\/p>\n<h3>350g Yulaf Ezmesi Paketleme Tedarik\u00e7isinin Avantajlar\u0131<\/h3>\n<ul>\n<li><strong>\u00d6zel Tasar\u0131m<\/strong>: Ki\u015fiselle\u015ftirilmi\u015f tasar\u0131m \u00e7\u00f6z\u00fcmleri sa\u011flay\u0131n, OEM \/ ODM'yi destekleyin, farkl\u0131 \u00f6zellikler, boyutlar, bask\u0131 desenleri vb. ile \u00f6zelle\u015ftirin.<\/li>\n<li><strong>Kalite G\u00fcvence<\/strong>: \u00dcretim s\u00fcrecini kontrol edin ve \u00fcr\u00fcn kalitesini sa\u011flamak i\u00e7in y\u00fcksek kaliteli malzemelere ve geli\u015fmi\u015f ekipmanlara sahip olun.<\/li>\n<li><strong>Zaman\u0131nda Teslimat<\/strong>: Zaman\u0131nda teslimat sa\u011flamak ve m\u00fc\u015fterilerin acil ihtiya\u00e7lar\u0131n\u0131 kar\u015f\u0131lamak i\u00e7in \u00fcretim s\u00fcrecini optimize etmek ve \u00fcretim verimlili\u011fini art\u0131rmak.<\/li>\n<li><strong>Profesyonel Teknik Destek<\/strong>: Deneyimli teknik ekip, profesyonel teknik destek ve 24 saat sat\u0131\u015f sonras\u0131 dan\u0131\u015fmanl\u0131k hizmeti sa\u011flar.<\/li>\n<li><strong>\u00dccretsiz \u00d6rnek<\/strong>: \u00dcr\u00fcnleri de\u011ferlendirmeniz i\u00e7in \u00fccretsiz numune hizmeti sa\u011flay\u0131n.<\/li>\n<\/ul>","protected":false},"featured_media":7050,"comment_status":"open","ping_status":"closed","template":"","meta":[],"product_brand":[],"product_cat":[97],"product_tag":[116,124],"class_list":{"0":"post-7067","1":"product","2":"type-product","3":"status-publish","4":"has-post-thumbnail","6":"product_cat-cereal-packaging-bags","7":"product_tag-stand-up-pouch-manufacturer","8":"product_tag-zipper-pouch-manufacturer","10":"first","11":"instock","12":"shipping-taxable","13":"product-type-simple"},"_links":{"self":[{"href":"https:\/\/www.hyflexpack.com\/tr\/wp-json\/wp\/v2\/product\/7067","targetHints":{"allow":["GET"]}}],"collection":[{"href":"https:\/\/www.hyflexpack.com\/tr\/wp-json\/wp\/v2\/product"}],"about":[{"href":"https:\/\/www.hyflexpack.com\/tr\/wp-json\/wp\/v2\/types\/product"}],"replies":[{"embeddable":true,"href":"https:\/\/www.hyflexpack.com\/tr\/wp-json\/wp\/v2\/comments?post=7067"}],"wp:featuredmedia":[{"embeddable":true,"href":"https:\/\/www.hyflexpack.com\/tr\/wp-json\/wp\/v2\/media\/7050"}],"wp:attachment":[{"href":"https:\/\/www.hyflexpack.com\/tr\/wp-json\/wp\/v2\/media?parent=7067"}],"wp:term":[{"taxonomy":"product_brand","embeddable":true,"href":"https:\/\/www.hyflexpack.com\/tr\/wp-json\/wp\/v2\/product_brand?post=7067"},{"taxonomy":"product_cat","embeddable":true,"href":"https:\/\/www.hyflexpack.com\/tr\/wp-json\/wp\/v2\/product_cat?post=7067"},{"taxonomy":"product_tag","embeddable":true,"href":"https:\/\/www.hyflexpack.com\/tr\/wp-json\/wp\/v2\/product_tag?post=7067"}],"curies":[{"name":"wp","href":"https:\/\/api.w.org\/{rel}","templated":true}]}}