{"id":7010,"date":"2025-05-24T08:09:54","date_gmt":"2025-05-24T08:09:54","guid":{"rendered":"https:\/\/www.hyflexpack.com\/?post_type=product&#038;p=7010"},"modified":"2026-01-07T08:52:12","modified_gmt":"2026-01-07T08:52:12","slug":"wholesale-chocolate-bags","status":"publish","type":"product","link":"https:\/\/www.hyflexpack.com\/tr\/product\/wholesale-chocolate-bags\/","title":{"rendered":"Toptan \u00c7ikolata Torbalar\u0131 OEM Stand Up Fermuarl\u0131 Al\u00fcminyum Plastik Torbalar - \u00dccretsiz Tasar\u0131m Hizmeti"},"content":{"rendered":"<div class=\"wp-block-columns is-layout-flex wp-container-core-columns-is-layout-9d6595d7 wp-block-columns-is-layout-flex\">\n<div class=\"wp-block-column is-layout-flow wp-block-column-is-layout-flow\">\n<h2 class=\"wp-block-heading\">OEM Nem Ge\u00e7irmez \u00c7ikolata Torbalar\u0131n\u0131n \u00d6zellikleri<\/h2>\n\n\n\n<p><\/p>\n\n\n\n<ul class=\"wp-block-list\">\n<li>1. Al\u00fcminyum folyo katman + g\u0131da s\u0131n\u0131f\u0131 PE astar, su buhar\u0131 ge\u00e7irgenli\u011fi &lt;1,2 g \/ m\u00b2-24 saat, uzun s\u00fcreli tazelik kilidi.<\/li>\n\n\n\n<li>2. D\u00fcz tabanl\u0131 kendinden destekli tasar\u0131m, g\u00fc\u00e7l\u00fc y\u00fck ta\u015f\u0131ma kapasitesi, fermuar 200 defadan fazla hatas\u0131z a\u00e7\u0131l\u0131p kapan\u0131r.<\/li>\n\n\n\n<li>3. Profesyonel ekip, CMYK \/ Pantone spot renkli bask\u0131y\u0131 destekleyen 3 set tasar\u0131m \u00e7\u00f6z\u00fcm\u00fc sunar.<\/li>\n<\/ul>\n<\/div>\n\n\n\n<div class=\"wp-block-column is-layout-flow wp-block-column-is-layout-flow\">\n<figure class=\"wp-block-image size-full\"><img fetchpriority=\"high\" decoding=\"async\" width=\"750\" height=\"750\" src=\"https:\/\/www.hyflexpack.com\/wp-content\/uploads\/2025\/05\/OEM-Moisture-Proof-Chocolate-Bags-2.webp\" alt=\"OEM Nem Ge\u00e7irmez \u00c7ikolata Torbalar\u0131 (2)\" class=\"wp-image-7030\" srcset=\"https:\/\/www.hyflexpack.com\/wp-content\/uploads\/2025\/05\/OEM-Moisture-Proof-Chocolate-Bags-2.webp 750w, https:\/\/www.hyflexpack.com\/wp-content\/uploads\/2025\/05\/OEM-Moisture-Proof-Chocolate-Bags-2-300x300.webp 300w, https:\/\/www.hyflexpack.com\/wp-content\/uploads\/2025\/05\/OEM-Moisture-Proof-Chocolate-Bags-2-150x150.webp 150w, https:\/\/www.hyflexpack.com\/wp-content\/uploads\/2025\/05\/OEM-Moisture-Proof-Chocolate-Bags-2-12x12.webp 12w, https:\/\/www.hyflexpack.com\/wp-content\/uploads\/2025\/05\/OEM-Moisture-Proof-Chocolate-Bags-2-285x285.webp 285w, https:\/\/www.hyflexpack.com\/wp-content\/uploads\/2025\/05\/OEM-Moisture-Proof-Chocolate-Bags-2-270x270.webp 270w, https:\/\/www.hyflexpack.com\/wp-content\/uploads\/2025\/05\/OEM-Moisture-Proof-Chocolate-Bags-2-540x540.webp 540w, https:\/\/www.hyflexpack.com\/wp-content\/uploads\/2025\/05\/OEM-Moisture-Proof-Chocolate-Bags-2-660x660.webp 660w\" sizes=\"(max-width: 750px) 100vw, 750px\" \/><\/figure>\n<\/div>\n<\/div>","protected":false},"excerpt":{"rendered":"<p>OEM nem ge\u00e7irmez \u00e7ikolata torbalar\u0131m\u0131z, \u00f6zellikle y\u00fcksek kaliteli \u00e7ikolatalar i\u00e7in tasarlanm\u0131\u015f al\u00fcminyum-plastik dik duran fermuarl\u0131 torbalard\u0131r. \u00dccretsiz tasar\u0131m hizmetleri sa\u011fl\u0131yor, parti \u00f6zelle\u015ftirmesini destekliyor ve \u00fcr\u00fcn tazeli\u011fini ve marka imaj\u0131n\u0131 sa\u011fl\u0131yoruz. Fiyat teklifi i\u00e7in bug\u00fcn bize ula\u015f\u0131n. Tek elden, \u00e7evre dostu ve y\u00fcksek kaliteli ambalaj \u00e7\u00f6z\u00fcmleri sunmaya kararl\u0131y\u0131z.<\/p>\n<h3>Toptan \u00c7ikolata Torbas\u0131 Ambalaj \u00dcreticisinin Avantajlar\u0131<\/h3>\n<p>\u25cf <strong data-start=\"79\" data-end=\"96\">\u00d6zel Tasar\u0131m<\/strong>: OEM ve ODM deste\u011fi ile malzeme, boyut ve bask\u0131 dahil olmak \u00fczere \u00f6zelle\u015ftirilmi\u015f \u00e7ikolata po\u015feti ambalaj\u0131 sunuyoruz.<br data-start=\"208\" data-end=\"211\" \/>\u25cf <strong data-start=\"213\" data-end=\"237\">Verimli \u00dcretim<\/strong>: Geli\u015fmi\u015f ekipman, y\u00fcksek kaliteli ve zaman\u0131nda \u00fcretim sa\u011flar.<br data-start=\"299\" data-end=\"302\" data-is-only-node=\"\" \/>\u25cf <strong data-start=\"304\" data-end=\"330\">S\u0131k\u0131 Kalite Kontrol<\/strong>: Kalite ve g\u0131da g\u00fcvenli\u011fi standartlar\u0131n\u0131 kar\u015f\u0131layacak \u015fekilde \u00fcretilmi\u015ftir.<br data-start=\"387\" data-end=\"390\" \/>\u25cf <strong data-start=\"392\" data-end=\"417\">7\/24 M\u00fc\u015fteri Deste\u011fi<\/strong>: Her zaman h\u0131zl\u0131 yan\u0131t ve g\u00fcvenilir hizmet.<br data-start=\"463\" data-end=\"466\" \/>\u25cf <strong data-start=\"468\" data-end=\"484\">\u00dccretsiz \u00d6rnekler<\/strong>: \u00dcr\u00fcn de\u011ferlendirmesi i\u00e7in \u00fccretsiz numuneler mevcuttur.<\/p>\n<p>Huiyang Packaging, m\u00fc\u015fterilerinin \u00fcr\u00fcn imajlar\u0131n\u0131 iyile\u015ftirmelerine ve pazar rekabet g\u00fc\u00e7lerini art\u0131rmalar\u0131na yard\u0131mc\u0131 olmak i\u00e7in m\u00fc\u015fterilerine y\u00fcksek kaliteli OEM nem ge\u00e7irmez C\\\u00e7ikolata torbalar\u0131 sa\u011flamay\u0131 taahh\u00fct eder.<\/p>","protected":false},"featured_media":7029,"comment_status":"open","ping_status":"closed","template":"","meta":[],"product_brand":[],"product_cat":[96],"product_tag":[116,124],"class_list":{"0":"post-7010","1":"product","2":"type-product","3":"status-publish","4":"has-post-thumbnail","6":"product_cat-chocolate-packaging-bags","7":"product_tag-stand-up-pouch-manufacturer","8":"product_tag-zipper-pouch-manufacturer","10":"first","11":"instock","12":"shipping-taxable","13":"product-type-simple"},"_links":{"self":[{"href":"https:\/\/www.hyflexpack.com\/tr\/wp-json\/wp\/v2\/product\/7010","targetHints":{"allow":["GET"]}}],"collection":[{"href":"https:\/\/www.hyflexpack.com\/tr\/wp-json\/wp\/v2\/product"}],"about":[{"href":"https:\/\/www.hyflexpack.com\/tr\/wp-json\/wp\/v2\/types\/product"}],"replies":[{"embeddable":true,"href":"https:\/\/www.hyflexpack.com\/tr\/wp-json\/wp\/v2\/comments?post=7010"}],"wp:featuredmedia":[{"embeddable":true,"href":"https:\/\/www.hyflexpack.com\/tr\/wp-json\/wp\/v2\/media\/7029"}],"wp:attachment":[{"href":"https:\/\/www.hyflexpack.com\/tr\/wp-json\/wp\/v2\/media?parent=7010"}],"wp:term":[{"taxonomy":"product_brand","embeddable":true,"href":"https:\/\/www.hyflexpack.com\/tr\/wp-json\/wp\/v2\/product_brand?post=7010"},{"taxonomy":"product_cat","embeddable":true,"href":"https:\/\/www.hyflexpack.com\/tr\/wp-json\/wp\/v2\/product_cat?post=7010"},{"taxonomy":"product_tag","embeddable":true,"href":"https:\/\/www.hyflexpack.com\/tr\/wp-json\/wp\/v2\/product_tag?post=7010"}],"curies":[{"name":"wp","href":"https:\/\/api.w.org\/{rel}","templated":true}]}}