{"id":6983,"date":"2025-05-26T08:20:58","date_gmt":"2025-05-26T08:20:58","guid":{"rendered":"https:\/\/www.hyflexpack.com\/?post_type=product&#038;p=6983"},"modified":"2026-01-07T08:47:22","modified_gmt":"2026-01-07T08:47:22","slug":"custom-aluminum-foil-bags-for-chocolate","status":"publish","type":"product","link":"https:\/\/www.hyflexpack.com\/tr\/product\/custom-aluminum-foil-bags-for-chocolate\/","title":{"rendered":"\u00c7ikolata, \u00c7erez A\u00e7\u0131l\u0131p Kapanabilir Stand Up Torbalar Fabrikas\u0131 i\u00e7in \u00d6zelle\u015ftirilmi\u015f Al\u00fcminyum Folyo Torbalar"},"content":{"rendered":"<div class=\"wp-block-columns is-layout-flex wp-container-core-columns-is-layout-9d6595d7 wp-block-columns-is-layout-flex\">\n<div class=\"wp-block-column is-layout-flow wp-block-column-is-layout-flow\">\n<h3 class=\"wp-block-heading\">\u00c7ikolata, Kurabiye i\u00e7in \u00d6zelle\u015ftirilmi\u015f Al\u00fcminyum Folyo Torbalar\u0131n \u00d6zellikleri<\/h3>\n\n\n\n<ul class=\"wp-block-list\">\n<li><strong>Y\u00fcksek Bariyerli Al\u00fcminyum Folyo Korumas\u0131<\/strong>: \u00c7ikolata i\u00e7in \u00f6zel al\u00fcminyum folyo torbalar\u0131m\u0131z, nemi ve oksijeni etkili bir \u015fekilde engellemek, ya\u011f oksidasyonunu \u00f6nlemek ve \u00e7ikolatalar\u0131 daha uzun s\u00fcre taze tutmak i\u00e7in g\u0131da s\u0131n\u0131f\u0131 PE astarl\u0131 12\u03bcm al\u00fcminyum folyo tabakas\u0131 kullan\u0131r.<\/li>\n\n\n\n<li><strong>G\u00fcvenilir A\u00e7\u0131l\u0131p Kapanabilir Fermuar<\/strong>: G\u00fc\u00e7lendirilmi\u015f bir fermuarla donat\u0131lm\u0131\u015f olan bu po\u015fetler, m\u00fch\u00fcrlerini kaybetmeden 300'den fazla kez a\u00e7\u0131l\u0131p kapat\u0131labilir, lezzet ve dokuyu korurken porsiyonlar halinde t\u00fcketilen \u00e7ikolatalar i\u00e7in m\u00fckemmeldir.<\/li>\n\n\n\n<li><strong>Sa\u011flam ve Zarif Ekran<\/strong>: Kal\u0131nla\u015ft\u0131r\u0131lm\u0131\u015f d\u00fcz tabanl\u0131 olarak tasarlanan bu torbalar raflarda dik durarak hem g\u00f6rsel \u00e7ekicilik hem de kolayl\u0131k sunar. Birinci s\u0131n\u0131f \u00e7ikolata ve kurabiye \u00fcr\u00fcnlerinin perakende te\u015fhiri i\u00e7in idealdir.<\/li>\n\n\n\n<li><strong>Markala\u015fma i\u00e7in Tamamen \u00d6zelle\u015ftirilebilir<\/strong>: Marka kimli\u011fi ve raf etkisi olu\u015fturmak i\u00e7in m\u00fckemmel olan y\u00fcksek \u00e7\u00f6z\u00fcn\u00fcrl\u00fckl\u00fc grav\u00fcr bask\u0131, Pantone renk e\u015fle\u015ftirme ve logo se\u00e7enekleriyle \u00e7e\u015fitli boyutlarda \u00e7ikolata i\u00e7in \u00f6zel al\u00fcminyum folyo torbalar sunuyoruz.<\/li>\n<\/ul>\n<\/div>\n\n\n\n<div class=\"wp-block-column is-layout-flow wp-block-column-is-layout-flow\">\n<figure class=\"wp-block-image size-full\"><img fetchpriority=\"high\" decoding=\"async\" width=\"750\" height=\"750\" src=\"https:\/\/www.hyflexpack.com\/wp-content\/uploads\/2025\/05\/Custom-Flexible-Packaging-Bags-2.webp\" alt=\"\u00c7ikolata, Kurabiye ve \u015eekerleme i\u00e7in \u00d6zelle\u015ftirilmi\u015f Al\u00fcminyum Folyo \u00c7antalar\" class=\"wp-image-7025\" srcset=\"https:\/\/www.hyflexpack.com\/wp-content\/uploads\/2025\/05\/Custom-Flexible-Packaging-Bags-2.webp 750w, https:\/\/www.hyflexpack.com\/wp-content\/uploads\/2025\/05\/Custom-Flexible-Packaging-Bags-2-300x300.webp 300w, https:\/\/www.hyflexpack.com\/wp-content\/uploads\/2025\/05\/Custom-Flexible-Packaging-Bags-2-150x150.webp 150w, https:\/\/www.hyflexpack.com\/wp-content\/uploads\/2025\/05\/Custom-Flexible-Packaging-Bags-2-12x12.webp 12w, https:\/\/www.hyflexpack.com\/wp-content\/uploads\/2025\/05\/Custom-Flexible-Packaging-Bags-2-285x285.webp 285w, https:\/\/www.hyflexpack.com\/wp-content\/uploads\/2025\/05\/Custom-Flexible-Packaging-Bags-2-270x270.webp 270w, https:\/\/www.hyflexpack.com\/wp-content\/uploads\/2025\/05\/Custom-Flexible-Packaging-Bags-2-540x540.webp 540w, https:\/\/www.hyflexpack.com\/wp-content\/uploads\/2025\/05\/Custom-Flexible-Packaging-Bags-2-660x660.webp 660w\" sizes=\"(max-width: 750px) 100vw, 750px\" \/><\/figure>\n<\/div>\n<\/div>\n\n\n\n<div class=\"wp-block-columns is-layout-flex wp-container-core-columns-is-layout-9d6595d7 wp-block-columns-is-layout-flex\">\n<div class=\"wp-block-column is-layout-flow wp-block-column-is-layout-flow\">\n<figure class=\"wp-block-image size-full\"><img decoding=\"async\" width=\"750\" height=\"750\" src=\"https:\/\/www.hyflexpack.com\/wp-content\/uploads\/2025\/05\/Custom-Flexible-Packaging-Bags-4.webp\" alt=\"\u00c7ikolata, Kurabiye ve \u015eekerleme i\u00e7in \u00d6zelle\u015ftirilmi\u015f Al\u00fcminyum Folyo \u00c7antalar\" class=\"wp-image-7027\" srcset=\"https:\/\/www.hyflexpack.com\/wp-content\/uploads\/2025\/05\/Custom-Flexible-Packaging-Bags-4.webp 750w, https:\/\/www.hyflexpack.com\/wp-content\/uploads\/2025\/05\/Custom-Flexible-Packaging-Bags-4-300x300.webp 300w, https:\/\/www.hyflexpack.com\/wp-content\/uploads\/2025\/05\/Custom-Flexible-Packaging-Bags-4-150x150.webp 150w, https:\/\/www.hyflexpack.com\/wp-content\/uploads\/2025\/05\/Custom-Flexible-Packaging-Bags-4-12x12.webp 12w, https:\/\/www.hyflexpack.com\/wp-content\/uploads\/2025\/05\/Custom-Flexible-Packaging-Bags-4-285x285.webp 285w, https:\/\/www.hyflexpack.com\/wp-content\/uploads\/2025\/05\/Custom-Flexible-Packaging-Bags-4-270x270.webp 270w, https:\/\/www.hyflexpack.com\/wp-content\/uploads\/2025\/05\/Custom-Flexible-Packaging-Bags-4-540x540.webp 540w, https:\/\/www.hyflexpack.com\/wp-content\/uploads\/2025\/05\/Custom-Flexible-Packaging-Bags-4-660x660.webp 660w\" sizes=\"(max-width: 750px) 100vw, 750px\" \/><\/figure>\n<\/div>\n\n\n\n<div class=\"wp-block-column is-layout-flow wp-block-column-is-layout-flow\">\n<figure class=\"wp-block-image size-full\"><img decoding=\"async\" width=\"750\" height=\"750\" src=\"https:\/\/www.hyflexpack.com\/wp-content\/uploads\/2025\/05\/Custom-Flexible-Packaging-Bags-5.webp\" alt=\"\u00c7ikolata, Kurabiye ve \u015eekerleme i\u00e7in \u00d6zelle\u015ftirilmi\u015f Al\u00fcminyum Folyo \u00c7antalar\" class=\"wp-image-7028\" srcset=\"https:\/\/www.hyflexpack.com\/wp-content\/uploads\/2025\/05\/Custom-Flexible-Packaging-Bags-5.webp 750w, https:\/\/www.hyflexpack.com\/wp-content\/uploads\/2025\/05\/Custom-Flexible-Packaging-Bags-5-300x300.webp 300w, https:\/\/www.hyflexpack.com\/wp-content\/uploads\/2025\/05\/Custom-Flexible-Packaging-Bags-5-150x150.webp 150w, https:\/\/www.hyflexpack.com\/wp-content\/uploads\/2025\/05\/Custom-Flexible-Packaging-Bags-5-12x12.webp 12w, https:\/\/www.hyflexpack.com\/wp-content\/uploads\/2025\/05\/Custom-Flexible-Packaging-Bags-5-285x285.webp 285w, https:\/\/www.hyflexpack.com\/wp-content\/uploads\/2025\/05\/Custom-Flexible-Packaging-Bags-5-270x270.webp 270w, https:\/\/www.hyflexpack.com\/wp-content\/uploads\/2025\/05\/Custom-Flexible-Packaging-Bags-5-540x540.webp 540w, https:\/\/www.hyflexpack.com\/wp-content\/uploads\/2025\/05\/Custom-Flexible-Packaging-Bags-5-660x660.webp 660w\" sizes=\"(max-width: 750px) 100vw, 750px\" \/><\/figure>\n<\/div>\n<\/div>","protected":false},"excerpt":{"rendered":"<p data-start=\"1288\" data-end=\"1572\">\u00c7ikolata i\u00e7in m\u00fckemmel nem ve oksijen direncine sahip y\u00fcksek performansl\u0131 \u00f6zel al\u00fcminyum folyo po\u015fetleri ke\u015ffedin. Yeniden kapat\u0131labilir fermuarlar, dik tasar\u0131m ve tam \u00f6zelle\u015ftirme \u00f6zelliklerine sahiptir. \u00c7ikolata ve kurabiyelerin perakende sat\u0131\u015fa haz\u0131r ambalajlanmas\u0131 i\u00e7in m\u00fckemmeldir. \u00d6zel \u00e7\u00f6z\u00fcmler i\u00e7in \u015fimdi bilgi al\u0131n! Tek elden, \u00e7evre dostu ve y\u00fcksek kaliteli ambalaj \u00e7\u00f6z\u00fcmleri sunmaya kararl\u0131y\u0131z.<\/p>\n<h3 data-start=\"1288\" data-end=\"1572\">Al\u00fcminyum Folyo \u00c7anta \u00dcreticisinin Avantajlar\u0131<\/h3>\n<ul>\n<li data-start=\"1288\" data-end=\"1572\">\u00d6zel tasar\u0131m: M\u00fc\u015fteri ihtiya\u00e7lar\u0131n\u0131 kar\u015f\u0131lamak i\u00e7in malzeme, boyut ve bask\u0131 deseni \u00f6zelle\u015ftirmesi dahil olmak \u00fczere \u00f6zelle\u015ftirilmi\u015f ambalaj po\u015feti hizmetleri sa\u011fl\u0131yor ve OEM ve ODM'yi destekliyoruz.<\/li>\n<li data-start=\"1288\" data-end=\"1572\">\u00dcretim: Geli\u015fmi\u015f ekipman ve teknoloji ile sipari\u015f \u00fcretimini verimli ve y\u00fcksek kalitede tamamlayabilir ve zaman\u0131nda teslim edebiliriz.<\/li>\n<li data-start=\"1288\" data-end=\"1572\">Kalite denetimi: \u00dcretim, \u00fcr\u00fcnlerin standartlar\u0131 kar\u015f\u0131lad\u0131\u011f\u0131ndan emin olmak i\u00e7in kalite standartlar\u0131na ve g\u0131da g\u00fcvenli\u011fi gerekliliklerine s\u0131k\u0131 s\u0131k\u0131ya ba\u011fl\u0131 olarak ger\u00e7ekle\u015ftirilir.<\/li>\n<li data-start=\"1288\" data-end=\"1572\">M\u00fc\u015fteri hizmetleri: G\u00fcn\u00fcn 24 saati h\u0131zl\u0131 yan\u0131t ve \u00f6zenli m\u00fc\u015fteri hizmetleri deste\u011fi sa\u011flay\u0131n.<\/li>\n<li data-start=\"1288\" data-end=\"1572\">\u00dccretsiz numune: \u00dcr\u00fcn\u00fc de\u011ferlendirebilmeniz i\u00e7in \u00fccretsiz numune hizmeti sa\u011flay\u0131n.<\/li>\n<\/ul>\n<p data-start=\"1288\" data-end=\"1572\"><a href=\"https:\/\/www.hyflexpack.com\/tr\/\"><strong>Huiyang Ambalaj<\/strong><\/a> m\u00fc\u015fterilerin \u00fcr\u00fcn imajlar\u0131n\u0131 iyile\u015ftirmelerine ve pazar rekabet g\u00fc\u00e7lerini art\u0131rmalar\u0131na yard\u0131mc\u0131 olmak i\u00e7in m\u00fc\u015fterilere y\u00fcksek kaliteli \u00f6zelle\u015ftirilmi\u015f al\u00fcminyum folyo \u00e7antalar sa\u011flamay\u0131 taahh\u00fct eder.<\/p>","protected":false},"featured_media":7024,"comment_status":"open","ping_status":"closed","template":"","meta":[],"product_brand":[],"product_cat":[96],"product_tag":[116,124],"class_list":{"0":"post-6983","1":"product","2":"type-product","3":"status-publish","4":"has-post-thumbnail","6":"product_cat-chocolate-packaging-bags","7":"product_tag-stand-up-pouch-manufacturer","8":"product_tag-zipper-pouch-manufacturer","10":"first","11":"instock","12":"shipping-taxable","13":"product-type-simple"},"_links":{"self":[{"href":"https:\/\/www.hyflexpack.com\/tr\/wp-json\/wp\/v2\/product\/6983","targetHints":{"allow":["GET"]}}],"collection":[{"href":"https:\/\/www.hyflexpack.com\/tr\/wp-json\/wp\/v2\/product"}],"about":[{"href":"https:\/\/www.hyflexpack.com\/tr\/wp-json\/wp\/v2\/types\/product"}],"replies":[{"embeddable":true,"href":"https:\/\/www.hyflexpack.com\/tr\/wp-json\/wp\/v2\/comments?post=6983"}],"wp:featuredmedia":[{"embeddable":true,"href":"https:\/\/www.hyflexpack.com\/tr\/wp-json\/wp\/v2\/media\/7024"}],"wp:attachment":[{"href":"https:\/\/www.hyflexpack.com\/tr\/wp-json\/wp\/v2\/media?parent=6983"}],"wp:term":[{"taxonomy":"product_brand","embeddable":true,"href":"https:\/\/www.hyflexpack.com\/tr\/wp-json\/wp\/v2\/product_brand?post=6983"},{"taxonomy":"product_cat","embeddable":true,"href":"https:\/\/www.hyflexpack.com\/tr\/wp-json\/wp\/v2\/product_cat?post=6983"},{"taxonomy":"product_tag","embeddable":true,"href":"https:\/\/www.hyflexpack.com\/tr\/wp-json\/wp\/v2\/product_tag?post=6983"}],"curies":[{"name":"wp","href":"https:\/\/api.w.org\/{rel}","templated":true}]}}