{"id":6723,"date":"2025-05-14T16:57:46","date_gmt":"2025-05-14T16:57:46","guid":{"rendered":"https:\/\/www.hyflexpack.com\/?post_type=product&#038;p=6723"},"modified":"2026-01-07T08:53:43","modified_gmt":"2026-01-07T08:53:43","slug":"custom-dried-fruit-pouch-factory","status":"publish","type":"product","link":"https:\/\/www.hyflexpack.com\/tr\/product\/custom-dried-fruit-pouch-factory\/","title":{"rendered":"\u00d6zel Yeniden Kullan\u0131labilir Plastik Kurutulmu\u015f Meyve K\u0131l\u0131f\u0131, Fermuarl\u0131 Lamine Stand Up K\u0131l\u0131f\u0131"},"content":{"rendered":"<div class=\"wp-block-columns is-layout-flex wp-container-core-columns-is-layout-9d6595d7 wp-block-columns-is-layout-flex\">\n<div class=\"wp-block-column is-layout-flow wp-block-column-is-layout-flow\">\n<h2 class=\"wp-block-heading\">Features Of Custom Reusable Plastic Dried Fruit Pouch<\/h2>\n\n\n\n<ul class=\"wp-block-list\">\n<li>Customizability: The size, shape, capacity, etc. of the packaging bag can be customized according to customer requirements to meet different dried fruit packaging needs and market positioning.<\/li>\n\n\n\n<li>Plastic material: Select high-quality plastic that meets food contact safety standards to ensure that the dried fruits will not be contaminated and protect the health and safety of consumers.<\/li>\n\n\n\n<li>Chain closure: Equipped with a convenient zipper, consumers can easily open and close the packaging bag.<\/li>\n\n\n\n<li>Scope of application: Specially designed for dried fruit packaging, suitable for all kinds of dried fruits, such as raisins, almonds, cashews, dried red dates, dried mangoes, etc., can provide a suitable storage environment for different types of dried fruits to maintain their flavor and quality. At the same time, it can also be used to package other similar dry goods, with a certain degree of versatility.<\/li>\n<\/ul>\n<\/div>\n\n\n\n<div class=\"wp-block-column is-layout-flow wp-block-column-is-layout-flow\">\n<figure class=\"wp-block-image size-full\"><img fetchpriority=\"high\" decoding=\"async\" width=\"750\" height=\"750\" src=\"https:\/\/www.hyflexpack.com\/wp-content\/uploads\/2025\/04\/Custom-Reusable-Plastic-Dried-Fruit-Pouch1.webp\" alt=\"\u00d6zel Yeniden Kullan\u0131labilir Plastik Kurutulmu\u015f Meyve Torbas\u0131\" class=\"wp-image-6704\" srcset=\"https:\/\/www.hyflexpack.com\/wp-content\/uploads\/2025\/04\/Custom-Reusable-Plastic-Dried-Fruit-Pouch1.webp 750w, https:\/\/www.hyflexpack.com\/wp-content\/uploads\/2025\/04\/Custom-Reusable-Plastic-Dried-Fruit-Pouch1-300x300.webp 300w, https:\/\/www.hyflexpack.com\/wp-content\/uploads\/2025\/04\/Custom-Reusable-Plastic-Dried-Fruit-Pouch1-150x150.webp 150w, https:\/\/www.hyflexpack.com\/wp-content\/uploads\/2025\/04\/Custom-Reusable-Plastic-Dried-Fruit-Pouch1-12x12.webp 12w, https:\/\/www.hyflexpack.com\/wp-content\/uploads\/2025\/04\/Custom-Reusable-Plastic-Dried-Fruit-Pouch1-285x285.webp 285w, https:\/\/www.hyflexpack.com\/wp-content\/uploads\/2025\/04\/Custom-Reusable-Plastic-Dried-Fruit-Pouch1-270x270.webp 270w, https:\/\/www.hyflexpack.com\/wp-content\/uploads\/2025\/04\/Custom-Reusable-Plastic-Dried-Fruit-Pouch1-540x540.webp 540w, https:\/\/www.hyflexpack.com\/wp-content\/uploads\/2025\/04\/Custom-Reusable-Plastic-Dried-Fruit-Pouch1-660x660.webp 660w\" sizes=\"(max-width: 750px) 100vw, 750px\" \/><\/figure>\n<\/div>\n<\/div>\n\n\n\n<p><\/p>","protected":false},"excerpt":{"rendered":"<p>\u00dcr\u00fcnlerinizi pazarda \u00f6ne \u00e7\u0131karmak i\u00e7in y\u00fcksek kaliteli bir kuru meyve ambalaj\u0131 \u00e7\u00f6z\u00fcm\u00fc se\u00e7in! \u00c7evre dostu malzemeler markan\u0131z\u0131 daha sorumlu hale getirir. \u00dccretsiz tasar\u0131m ve numune i\u00e7in \u015fimdi bize dan\u0131\u015f\u0131n!<\/p>\n<h3>Kurutulmu\u015f Meyve Paketleri Tedarik\u00e7isinin Avantajlar\u0131<\/h3>\n<ul>\n<li><strong>\u00d6zel Tasar\u0131m<\/strong>: Ki\u015fiselle\u015ftirilmi\u015f tasar\u0131m \u00e7\u00f6z\u00fcmleri sa\u011flay\u0131n, OEM \/ ODM'yi destekleyin, farkl\u0131 \u00f6zellikler, boyutlar, bask\u0131 desenleri vb. ile \u00f6zelle\u015ftirin.<\/li>\n<li><strong>Kalite G\u00fcvence<\/strong>: \u00dcretim s\u00fcrecini kontrol edin ve \u00fcr\u00fcn kalitesini sa\u011flamak i\u00e7in y\u00fcksek kaliteli malzemelere ve geli\u015fmi\u015f ekipmanlara sahip olun.<\/li>\n<li><strong>Zaman\u0131nda Teslimat<\/strong>: Zaman\u0131nda teslimat sa\u011flamak ve m\u00fc\u015fterilerin acil ihtiya\u00e7lar\u0131n\u0131 kar\u015f\u0131lamak i\u00e7in \u00fcretim s\u00fcrecini optimize etmek ve \u00fcretim verimlili\u011fini art\u0131rmak.<\/li>\n<li><strong>Profesyonel Teknik Destek<\/strong>: Deneyimli teknik ekip, profesyonel teknik destek ve 24 saat sat\u0131\u015f sonras\u0131 dan\u0131\u015fmanl\u0131k hizmeti sa\u011flar.<\/li>\n<li><strong>\u00dccretsiz \u00d6rnek<\/strong>: \u00dcr\u00fcnleri de\u011ferlendirmeniz i\u00e7in \u00fccretsiz numune hizmeti sa\u011flay\u0131n.<\/li>\n<\/ul>\n<p>Huiyang Packaging, m\u00fc\u015fterilerin \u00fcr\u00fcn imajlar\u0131n\u0131 geli\u015ftirmelerine ve pazar rekabetini art\u0131rmalar\u0131na yard\u0131mc\u0131 olmak i\u00e7in m\u00fc\u015fterilere y\u00fcksek kaliteli ve \u00f6zelle\u015ftirilmi\u015f kuru meyve paketleri sunmay\u0131 taahh\u00fct eder.<\/p>","protected":false},"featured_media":6704,"comment_status":"open","ping_status":"closed","template":"","meta":[],"product_brand":[],"product_cat":[87],"product_tag":[116,124],"class_list":{"0":"post-6723","1":"product","2":"type-product","3":"status-publish","4":"has-post-thumbnail","6":"product_cat-dried-fruit-packaging-bags-wholesale","7":"product_tag-stand-up-pouch-manufacturer","8":"product_tag-zipper-pouch-manufacturer","10":"first","11":"instock","12":"shipping-taxable","13":"product-type-simple"},"_links":{"self":[{"href":"https:\/\/www.hyflexpack.com\/tr\/wp-json\/wp\/v2\/product\/6723","targetHints":{"allow":["GET"]}}],"collection":[{"href":"https:\/\/www.hyflexpack.com\/tr\/wp-json\/wp\/v2\/product"}],"about":[{"href":"https:\/\/www.hyflexpack.com\/tr\/wp-json\/wp\/v2\/types\/product"}],"replies":[{"embeddable":true,"href":"https:\/\/www.hyflexpack.com\/tr\/wp-json\/wp\/v2\/comments?post=6723"}],"wp:featuredmedia":[{"embeddable":true,"href":"https:\/\/www.hyflexpack.com\/tr\/wp-json\/wp\/v2\/media\/6704"}],"wp:attachment":[{"href":"https:\/\/www.hyflexpack.com\/tr\/wp-json\/wp\/v2\/media?parent=6723"}],"wp:term":[{"taxonomy":"product_brand","embeddable":true,"href":"https:\/\/www.hyflexpack.com\/tr\/wp-json\/wp\/v2\/product_brand?post=6723"},{"taxonomy":"product_cat","embeddable":true,"href":"https:\/\/www.hyflexpack.com\/tr\/wp-json\/wp\/v2\/product_cat?post=6723"},{"taxonomy":"product_tag","embeddable":true,"href":"https:\/\/www.hyflexpack.com\/tr\/wp-json\/wp\/v2\/product_tag?post=6723"}],"curies":[{"name":"wp","href":"https:\/\/api.w.org\/{rel}","templated":true}]}}