{"id":6722,"date":"2025-06-06T01:51:36","date_gmt":"2025-06-06T01:51:36","guid":{"rendered":"https:\/\/www.hyflexpack.com\/?post_type=product&#038;p=6722"},"modified":"2026-01-07T08:21:30","modified_gmt":"2026-01-07T08:21:30","slug":"oem-food-pouch-for-dried-mulberry","status":"publish","type":"product","link":"https:\/\/www.hyflexpack.com\/tr\/product\/oem-food-pouch-for-dried-mulberry\/","title":{"rendered":"Kurutulmu\u015f Dut i\u00e7in OEM Plastik G\u0131da Torbas\u0131 \uff0c Lamine Geri D\u00f6n\u00fc\u015f\u00fcml\u00fc Fermuarl\u0131 Stand Up K\u0131l\u0131f\u0131"},"content":{"rendered":"<div class=\"wp-block-columns is-layout-flex wp-container-core-columns-is-layout-9d6595d7 wp-block-columns-is-layout-flex\">\n<div class=\"wp-block-column is-layout-flow wp-block-column-is-layout-flow\">\n<h2 class=\"wp-block-heading\">Kurutulmu\u015f Dut i\u00e7in OEM Plastik G\u0131da Torbas\u0131n\u0131n \u00d6zellikleri<\/h2>\n\n\n\n<ul class=\"wp-block-list\">\n<li>Kompozit yap\u0131: \u00c7ok katmanl\u0131 kompozit i\u015flem, ambalaj po\u015fetinin oksijen, nem, koku vb. maddeleri etkili bir \u015fekilde engelleyebilen, kurutulmu\u015f dutlar\u0131n raf \u00f6mr\u00fcn\u00fc uzatan ve onlar\u0131 kuru ve taze tutan iyi bariyer \u00f6zelliklerine sahip olmas\u0131n\u0131 sa\u011flamak i\u00e7in benimsenmi\u015ftir.<\/li>\n\n\n\n<li>Geri d\u00f6n\u00fc\u015ft\u00fcr\u00fclebilir malzemeler: \u00c7evre koruma kavram\u0131na aktif olarak yan\u0131t verin, ambalaj po\u015fetleri yapmak i\u00e7in geri d\u00f6n\u00fc\u015ft\u00fcr\u00fclebilir malzemeler kullan\u0131n ve \u00e7evre \u00fczerindeki etkiyi azalt\u0131n.<\/li>\n\n\n\n<li>Kendi kendine ayakta durur: Kendili\u011finden ayakta duran benzersiz yap\u0131, ambalaj po\u015fetinin yerle\u015ftirildi\u011finde dik durmas\u0131n\u0131 sa\u011flayarak t\u00fcketicilerin dikkatini \u00e7ekerken ayn\u0131 zamanda depolama alan\u0131ndan tasarruf ederek t\u00fcccarlar\u0131n mallar\u0131 sergilemesini ve y\u00f6netmesini kolayla\u015ft\u0131r\u0131r.<\/li>\n\n\n\n<li>Fermuarl\u0131 m\u00fch\u00fcr: Fermuarl\u0131 tasar\u0131m\u0131yla, t\u00fcketicilerin ambalaj po\u015fetini birden fazla kez a\u00e7\u0131p kapatmas\u0131 uygundur ve kurutulmu\u015f dutlar\u0131n her kullan\u0131m\u0131ndan sonra, po\u015fette kalan \u00fcr\u00fcnlerin nem ve bozulmay\u0131 \u00f6nlemek i\u00e7in hala iyi bir \u015fekilde kapat\u0131lmas\u0131n\u0131 ve korunmas\u0131n\u0131 sa\u011flar.<\/li>\n<\/ul>\n<\/div>\n\n\n\n<div class=\"wp-block-column is-layout-flow wp-block-column-is-layout-flow\">\n<figure class=\"wp-block-image size-full\"><img fetchpriority=\"high\" decoding=\"async\" width=\"750\" height=\"750\" src=\"https:\/\/www.hyflexpack.com\/wp-content\/uploads\/2025\/04\/OEM-Plastic-Food-Pouch-for-Dried-Mulberry1.webp\" alt=\"Kurutulmu\u015f Dut i\u00e7in OEM Plastik G\u0131da Torbas\u0131\" class=\"wp-image-6708\" srcset=\"https:\/\/www.hyflexpack.com\/wp-content\/uploads\/2025\/04\/OEM-Plastic-Food-Pouch-for-Dried-Mulberry1.webp 750w, https:\/\/www.hyflexpack.com\/wp-content\/uploads\/2025\/04\/OEM-Plastic-Food-Pouch-for-Dried-Mulberry1-300x300.webp 300w, https:\/\/www.hyflexpack.com\/wp-content\/uploads\/2025\/04\/OEM-Plastic-Food-Pouch-for-Dried-Mulberry1-150x150.webp 150w, https:\/\/www.hyflexpack.com\/wp-content\/uploads\/2025\/04\/OEM-Plastic-Food-Pouch-for-Dried-Mulberry1-12x12.webp 12w, https:\/\/www.hyflexpack.com\/wp-content\/uploads\/2025\/04\/OEM-Plastic-Food-Pouch-for-Dried-Mulberry1-285x285.webp 285w, https:\/\/www.hyflexpack.com\/wp-content\/uploads\/2025\/04\/OEM-Plastic-Food-Pouch-for-Dried-Mulberry1-270x270.webp 270w, https:\/\/www.hyflexpack.com\/wp-content\/uploads\/2025\/04\/OEM-Plastic-Food-Pouch-for-Dried-Mulberry1-540x540.webp 540w, https:\/\/www.hyflexpack.com\/wp-content\/uploads\/2025\/04\/OEM-Plastic-Food-Pouch-for-Dried-Mulberry1-660x660.webp 660w\" sizes=\"(max-width: 750px) 100vw, 750px\" \/><\/figure>\n<\/div>\n<\/div>\n\n\n\n<p><\/p>","protected":false},"excerpt":{"rendered":"<p>Bu \u00f6zel bir plastik kurutulmu\u015f meyve paketleme torbas\u0131d\u0131r. Fermuarl\u0131 esnek bir g\u0131da ambalaj\u0131 stand-up \u00e7antas\u0131d\u0131r. Kurutulmu\u015f meyveleri tutmak i\u00e7in tasarlanm\u0131\u015ft\u0131r. Torba plastikten yap\u0131lm\u0131\u015ft\u0131r, bu da onu g\u00fc\u00e7l\u00fc ve hafif k\u0131lar. Kendi kendine duran tasar\u0131m, sergileme ve depolama i\u00e7in uygundur. Fermuar, torbay\u0131 a\u00e7mak ve kapatmak i\u00e7in uygun bir yol sa\u011flar ve kurutulmu\u015f meyveleri taze tutar. Bir logo veya tasar\u0131m eklemek gibi m\u00fc\u015fterinin \u00f6zel ihtiya\u00e7lar\u0131na g\u00f6re \u00f6zelle\u015ftirilebilir. Fiyat teklifi i\u00e7in bug\u00fcn bize ula\u015f\u0131n. Tek elden \u00e7evre dostu ve y\u00fcksek kaliteli ambalaj \u00e7\u00f6z\u00fcmleri sunmaya kararl\u0131y\u0131z.<\/p>\n<h3>Y\u00fcksek Kaliteli \u00d6zel Plastik Kurutulmu\u015f Meyve Torbas\u0131n\u0131n Avantajlar\u0131<\/h3>\n<ul>\n<li>\u00d6zel tasar\u0131m: M\u00fc\u015fteri ihtiya\u00e7lar\u0131n\u0131 kar\u015f\u0131lamak i\u00e7in malzeme, boyut ve bask\u0131 deseni \u00f6zelle\u015ftirmesi dahil olmak \u00fczere \u00f6zelle\u015ftirilmi\u015f ambalaj po\u015feti hizmetleri sa\u011fl\u0131yor ve OEM ve ODM'yi destekliyoruz.<\/li>\n<li>\u00dcretim: Geli\u015fmi\u015f ekipman ve teknoloji ile sipari\u015f \u00fcretimini verimli ve y\u00fcksek kalitede tamamlayabilir ve zaman\u0131nda teslim edebiliriz.<\/li>\n<li>Kalite denetimi: \u00dcretim, \u00fcr\u00fcnlerin standartlar\u0131 kar\u015f\u0131lad\u0131\u011f\u0131ndan emin olmak i\u00e7in kalite standartlar\u0131na ve g\u0131da g\u00fcvenli\u011fi gerekliliklerine s\u0131k\u0131 s\u0131k\u0131ya ba\u011fl\u0131 olarak ger\u00e7ekle\u015ftirilir.<\/li>\n<li>M\u00fc\u015fteri hizmetleri: G\u00fcn\u00fcn 24 saati h\u0131zl\u0131 yan\u0131t ve \u00f6zenli m\u00fc\u015fteri hizmetleri deste\u011fi sa\u011flay\u0131n.<\/li>\n<li>\u00dccretsiz numune: \u00dcr\u00fcn\u00fc de\u011ferlendirebilmeniz i\u00e7in \u00fccretsiz numune hizmeti sa\u011flay\u0131n.<\/li>\n<\/ul>\n<p>Huiyang Packaging, m\u00fc\u015fterilerine y\u00fcksek kaliteli \u00d6zel Plastik Kurutulmu\u015f Meyve Torbas\u0131 sunmay\u0131, m\u00fc\u015fterilerin \u00fcr\u00fcn imajlar\u0131n\u0131 iyile\u015ftirmelerine ve pazar rekabet g\u00fc\u00e7lerini art\u0131rmalar\u0131na yard\u0131mc\u0131 olmay\u0131 taahh\u00fct eder.<\/p>","protected":false},"featured_media":6708,"comment_status":"open","ping_status":"closed","template":"","meta":[],"product_brand":[],"product_cat":[87],"product_tag":[116,124],"class_list":{"0":"post-6722","1":"product","2":"type-product","3":"status-publish","4":"has-post-thumbnail","6":"product_cat-dried-fruit-packaging-bags-wholesale","7":"product_tag-stand-up-pouch-manufacturer","8":"product_tag-zipper-pouch-manufacturer","10":"first","11":"instock","12":"shipping-taxable","13":"product-type-simple"},"_links":{"self":[{"href":"https:\/\/www.hyflexpack.com\/tr\/wp-json\/wp\/v2\/product\/6722","targetHints":{"allow":["GET"]}}],"collection":[{"href":"https:\/\/www.hyflexpack.com\/tr\/wp-json\/wp\/v2\/product"}],"about":[{"href":"https:\/\/www.hyflexpack.com\/tr\/wp-json\/wp\/v2\/types\/product"}],"replies":[{"embeddable":true,"href":"https:\/\/www.hyflexpack.com\/tr\/wp-json\/wp\/v2\/comments?post=6722"}],"wp:featuredmedia":[{"embeddable":true,"href":"https:\/\/www.hyflexpack.com\/tr\/wp-json\/wp\/v2\/media\/6708"}],"wp:attachment":[{"href":"https:\/\/www.hyflexpack.com\/tr\/wp-json\/wp\/v2\/media?parent=6722"}],"wp:term":[{"taxonomy":"product_brand","embeddable":true,"href":"https:\/\/www.hyflexpack.com\/tr\/wp-json\/wp\/v2\/product_brand?post=6722"},{"taxonomy":"product_cat","embeddable":true,"href":"https:\/\/www.hyflexpack.com\/tr\/wp-json\/wp\/v2\/product_cat?post=6722"},{"taxonomy":"product_tag","embeddable":true,"href":"https:\/\/www.hyflexpack.com\/tr\/wp-json\/wp\/v2\/product_tag?post=6722"}],"curies":[{"name":"wp","href":"https:\/\/api.w.org\/{rel}","templated":true}]}}