{"id":6721,"date":"2025-06-05T19:44:20","date_gmt":"2025-06-05T19:44:20","guid":{"rendered":"https:\/\/www.hyflexpack.com\/?post_type=product&#038;p=6721"},"modified":"2026-01-07T08:41:06","modified_gmt":"2026-01-07T08:41:06","slug":"custom-plastic-dried-fruit-pouch","status":"publish","type":"product","link":"https:\/\/www.hyflexpack.com\/tr\/product\/custom-plastic-dried-fruit-pouch\/","title":{"rendered":"\u00d6zel Plastik Kurutulmu\u015f Meyve K\u0131l\u0131f\u0131 Tedarik\u00e7isi, Esnek G\u0131da Ambalaj\u0131 Fermuarl\u0131 Stand Up K\u0131l\u0131f\u0131"},"content":{"rendered":"<div class=\"wp-block-columns is-layout-flex wp-container-core-columns-is-layout-9d6595d7 wp-block-columns-is-layout-flex\">\n<div class=\"wp-block-column is-layout-flow wp-block-column-is-layout-flow\">\n<h2 class=\"wp-block-heading\">\u00d6zel Plastik Kurutulmu\u015f Meyve Torbas\u0131n\u0131n \u00d6zellikleri<\/h2>\n\n\n\n<ul class=\"wp-block-list\">\n<li>\u00dcr\u00fcn \u00e7ekicili\u011fini art\u0131r\u0131n: \u00d6zel tasar\u0131m, kuru meyvelerin pazarda \u00f6ne \u00e7\u0131kmas\u0131n\u0131 ve t\u00fcketicilerin dikkatini \u00e7ekmesini sa\u011flayabilir.<\/li>\n\n\n\n<li>Rahat kullan\u0131m ve saklama: Kendinden ayakl\u0131 ve fermuarl\u0131 tasar\u0131m, t\u00fcketicilerin kuru meyvelere kolayca eri\u015fmesini ve saklamas\u0131n\u0131 sa\u011flar.<\/li>\n\n\n\n<li>\u00dcr\u00fcn kalitesini korur: \u0130yi bariyer \u00f6zellikleri ve s\u0131zd\u0131rmazl\u0131k etkileri, kurutulmu\u015f meyvelerin raf \u00f6mr\u00fcn\u00fc uzatmaya ve kalitelerini korumaya yard\u0131mc\u0131 olur.<\/li>\n\n\n\n<li>\u00c7evresel s\u00fcrd\u00fcr\u00fclebilirlik: Baz\u0131 plastik malzemeler geri d\u00f6n\u00fc\u015ft\u00fcr\u00fclebilir veya par\u00e7alanabilir ve \u00e7evresel gereklilikleri kar\u015f\u0131layabilir.<\/li>\n<\/ul>\n<\/div>\n\n\n\n<div class=\"wp-block-column is-layout-flow wp-block-column-is-layout-flow\">\n<figure class=\"wp-block-image size-full\"><img fetchpriority=\"high\" decoding=\"async\" width=\"750\" height=\"750\" src=\"https:\/\/www.hyflexpack.com\/wp-content\/uploads\/2025\/04\/Custom-Plastic-Dried-Fruit-Pouch1.webp\" alt=\"\u00d6zel Plastik Kurutulmu\u015f Meyve Torbas\u0131\" class=\"wp-image-6698\" srcset=\"https:\/\/www.hyflexpack.com\/wp-content\/uploads\/2025\/04\/Custom-Plastic-Dried-Fruit-Pouch1.webp 750w, https:\/\/www.hyflexpack.com\/wp-content\/uploads\/2025\/04\/Custom-Plastic-Dried-Fruit-Pouch1-300x300.webp 300w, https:\/\/www.hyflexpack.com\/wp-content\/uploads\/2025\/04\/Custom-Plastic-Dried-Fruit-Pouch1-150x150.webp 150w, https:\/\/www.hyflexpack.com\/wp-content\/uploads\/2025\/04\/Custom-Plastic-Dried-Fruit-Pouch1-12x12.webp 12w, https:\/\/www.hyflexpack.com\/wp-content\/uploads\/2025\/04\/Custom-Plastic-Dried-Fruit-Pouch1-285x285.webp 285w, https:\/\/www.hyflexpack.com\/wp-content\/uploads\/2025\/04\/Custom-Plastic-Dried-Fruit-Pouch1-270x270.webp 270w, https:\/\/www.hyflexpack.com\/wp-content\/uploads\/2025\/04\/Custom-Plastic-Dried-Fruit-Pouch1-540x540.webp 540w, https:\/\/www.hyflexpack.com\/wp-content\/uploads\/2025\/04\/Custom-Plastic-Dried-Fruit-Pouch1-660x660.webp 660w\" sizes=\"(max-width: 750px) 100vw, 750px\" \/><\/figure>\n<\/div>\n<\/div>","protected":false},"excerpt":{"rendered":"<p>Bu \u00f6zel bir plastik kurutulmu\u015f meyve paketleme torbas\u0131d\u0131r. Fermuarl\u0131 esnek bir g\u0131da ambalaj\u0131 stand-up \u00e7antas\u0131d\u0131r. Kurutulmu\u015f meyveleri tutmak i\u00e7in tasarlanm\u0131\u015ft\u0131r. Torba, g\u00fc\u00e7l\u00fc ve hafif olmas\u0131n\u0131 sa\u011flayan plastikten yap\u0131lm\u0131\u015ft\u0131r. Kendi kendine duran tasar\u0131m, sergileme ve depolama i\u00e7in uygundur. Fermuar, torbay\u0131 a\u00e7mak ve kapatmak i\u00e7in uygun bir yol sa\u011flar ve kurutulmu\u015f meyveleri taze tutar. Bir logo veya tasar\u0131m eklemek gibi m\u00fc\u015fterinin \u00f6zel ihtiya\u00e7lar\u0131na g\u00f6re \u00f6zelle\u015ftirilebilir. Fiyat teklifi i\u00e7in bug\u00fcn bize ula\u015f\u0131n. Tek elden \u00e7evre dostu ve y\u00fcksek kaliteli ambalaj \u00e7\u00f6z\u00fcmleri sunmay\u0131 taahh\u00fct ediyoruz. Y\u00fcksek Kaliteli \u00d6zel Plastik Kurutulmu\u015f Meyve Torbas\u0131n\u0131n Avantajlar\u0131 \u25cf\u00d6zelle\u015ftirilmi\u015f tasar\u0131m: M\u00fc\u015fteri ihtiya\u00e7lar\u0131n\u0131 kar\u015f\u0131lamak i\u00e7in malzeme, boyut ve bask\u0131 deseni \u00f6zelle\u015ftirmesi dahil olmak \u00fczere \u00f6zelle\u015ftirilmi\u015f ambalaj po\u015feti hizmetleri sa\u011fl\u0131yoruz ve OEM ve ODM'yi destekliyoruz. \u00dcretim: Geli\u015fmi\u015f ekipman ve teknoloji ile sipari\u015f \u00fcretimini verimli ve y\u00fcksek kalitede tamamlayabilir ve zaman\u0131nda teslim edebiliriz. Kalite denetimi: \u00dcretim, \u00fcr\u00fcnlerin standartlar\u0131 kar\u015f\u0131lad\u0131\u011f\u0131ndan emin olmak i\u00e7in kalite standartlar\u0131na ve g\u0131da g\u00fcvenli\u011fi gereksinimlerine s\u0131k\u0131 s\u0131k\u0131ya ba\u011fl\u0131 olarak ger\u00e7ekle\u015ftirilir. M\u00fc\u015fteri hizmetleri: G\u00fcn\u00fcn 24 saati h\u0131zl\u0131 yan\u0131t ve \u00f6zenli m\u00fc\u015fteri hizmetleri deste\u011fi sa\u011flay\u0131n. \u00dccretsiz numune: \u00dcr\u00fcn\u00fc de\u011ferlendirmeniz i\u00e7in \u00fccretsiz numune hizmeti sa\u011flay\u0131n. Huiyang Ambalaj, m\u00fc\u015fterilerine y\u00fcksek kaliteli \u00d6zel Plastik Kurutulmu\u015f Meyve Torbas\u0131 sunmay\u0131, m\u00fc\u015fterilerin \u00fcr\u00fcn imajlar\u0131n\u0131 iyile\u015ftirmelerine ve pazar rekabet g\u00fc\u00e7lerini art\u0131rmalar\u0131na yard\u0131mc\u0131 olmay\u0131 taahh\u00fct eder.<\/p>","protected":false},"featured_media":6698,"comment_status":"open","ping_status":"closed","template":"","meta":[],"product_brand":[],"product_cat":[87],"product_tag":[116,124],"class_list":{"0":"post-6721","1":"product","2":"type-product","3":"status-publish","4":"has-post-thumbnail","6":"product_cat-dried-fruit-packaging-bags-wholesale","7":"product_tag-stand-up-pouch-manufacturer","8":"product_tag-zipper-pouch-manufacturer","10":"first","11":"instock","12":"shipping-taxable","13":"product-type-simple"},"_links":{"self":[{"href":"https:\/\/www.hyflexpack.com\/tr\/wp-json\/wp\/v2\/product\/6721","targetHints":{"allow":["GET"]}}],"collection":[{"href":"https:\/\/www.hyflexpack.com\/tr\/wp-json\/wp\/v2\/product"}],"about":[{"href":"https:\/\/www.hyflexpack.com\/tr\/wp-json\/wp\/v2\/types\/product"}],"replies":[{"embeddable":true,"href":"https:\/\/www.hyflexpack.com\/tr\/wp-json\/wp\/v2\/comments?post=6721"}],"wp:featuredmedia":[{"embeddable":true,"href":"https:\/\/www.hyflexpack.com\/tr\/wp-json\/wp\/v2\/media\/6698"}],"wp:attachment":[{"href":"https:\/\/www.hyflexpack.com\/tr\/wp-json\/wp\/v2\/media?parent=6721"}],"wp:term":[{"taxonomy":"product_brand","embeddable":true,"href":"https:\/\/www.hyflexpack.com\/tr\/wp-json\/wp\/v2\/product_brand?post=6721"},{"taxonomy":"product_cat","embeddable":true,"href":"https:\/\/www.hyflexpack.com\/tr\/wp-json\/wp\/v2\/product_cat?post=6721"},{"taxonomy":"product_tag","embeddable":true,"href":"https:\/\/www.hyflexpack.com\/tr\/wp-json\/wp\/v2\/product_tag?post=6721"}],"curies":[{"name":"wp","href":"https:\/\/api.w.org\/{rel}","templated":true}]}}