{"id":6658,"date":"2025-05-26T17:45:59","date_gmt":"2025-05-26T17:45:59","guid":{"rendered":"https:\/\/www.hyflexpack.com\/?post_type=product&#038;p=6658"},"modified":"2025-05-26T17:46:02","modified_gmt":"2025-05-26T17:46:02","slug":"custom-bopp-cold-seal-film-packaging","status":"publish","type":"product","link":"https:\/\/www.hyflexpack.com\/tr\/product\/custom-bopp-cold-seal-film-packaging\/","title":{"rendered":"\u00c7ikolata ve At\u0131\u015ft\u0131rmal\u0131k i\u00e7in \u00d6zel Bopp So\u011fuk M\u00fch\u00fcr Film Ambalaj\u0131, Al\u00fcminyum Folyo Ambalaj"},"content":{"rendered":"<div class=\"wp-block-columns is-layout-flex wp-container-core-columns-is-layout-9d6595d7 wp-block-columns-is-layout-flex\">\n<div class=\"wp-block-column is-layout-flow wp-block-column-is-layout-flow\">\n<h2 class=\"wp-block-heading\">Bopp So\u011fuk M\u00fch\u00fcr Film Ambalaj\u0131n\u0131n \u00d6zellikleri<\/h2>\n\n\n\n<ul class=\"wp-block-list\">\n<li><strong>Y\u00fcksek Bariyer Performans\u0131<\/strong>: Bir al\u00fcminyum folyo ambalaj \u015firketi olarak uzman \u00fcretim know-how'\u0131m\u0131za dayanarak, \u00e7ikolatalar, kuruyemi\u015fler ve di\u011fer at\u0131\u015ft\u0131rmal\u0131klar i\u00e7in raf \u00f6mr\u00fcn\u00fc \u00f6nemli \u00f6l\u00e7\u00fcde art\u0131rabilen ve nem emilimi nedeniyle \u0131slak hale gelmelerini \u00f6nleyebilen y\u00fcksek d\u00fczeyde nem ve oksijen bariyeri performans\u0131 (WVTR &lt;1g \/ m\u00b2-24h) \u00fcretmek i\u00e7in al\u00fcminyum folyo laminasyon i\u015flemini kullan\u0131yoruz.<\/li>\n\n\n\n<li><strong>So\u011fuk M\u00fch\u00fcr Teknolojisi, Y\u00fcksek Verimlilik ve Enerji Tasarrufu<\/strong>: BOPP'nin bu so\u011fuk m\u00fch\u00fcr film ambalaj\u0131, y\u00fcksek s\u0131cakl\u0131kta (\u00f6rne\u011fin \u00e7ikolata erimesi) g\u0131da tahribat\u0131n\u0131 \u00f6nlemek i\u00e7in \u0131s\u0131tma cihazlar\u0131na ihtiya\u00e7 duymadan mekanik bas\u0131n\u00e7la so\u011fuk m\u00fch\u00fcr yap\u0131\u015fkan tabakas\u0131n\u0131 ba\u015flatan so\u011fuk bas\u0131n\u00e7l\u0131 s\u0131zd\u0131rmazl\u0131k teknolojisini kullan\u0131r ve 200 metre \/ dakikadan fazla y\u00fcksek h\u0131zl\u0131 \u00fcretim hatlar\u0131 i\u00e7in uygundur, bu da b\u00fcy\u00fck bir enerji tasarrufu ve t\u00fcketim azalmas\u0131d\u0131r.<\/li>\n\n\n\n<li><strong>Ola\u011fan\u00fcst\u00fc Koruma<\/strong>: Kompozit yap\u0131 neme, toza ve y\u0131rt\u0131lmaya kar\u015f\u0131 m\u00fckemmel koruma sa\u011flar ve m\u00fckemmel bir ba\u015far\u0131 ile nakliye ve depolama boyunca \u00fcr\u00fcn\u00fcn b\u00fct\u00fcnl\u00fc\u011f\u00fcn\u00fc korur, b\u00f6ylece son derece etkili bir BOPP so\u011fuk m\u00fch\u00fcr film ambalaj \u00e7\u00f6z\u00fcm\u00fc olu\u015fturur.<\/li>\n\n\n\n<li><strong>S\u00fcrd\u00fcr\u00fclebilirli\u011fe Do\u011fru \u00c7evre Dostu Se\u00e7enekler: <\/strong>Al\u00fcminyum folyo ambalaj \u00fcretiminde lider olarak, m\u00fc\u015fterilerimizin malzeme at\u0131klar\u0131n\u0131 azaltmalar\u0131na, karbon ayak izlerini d\u00fc\u015f\u00fcrmelerine ve uluslararas\u0131 \u00e7evre d\u00fczenlemelerini kar\u015f\u0131lamalar\u0131na yard\u0131mc\u0131 olmak i\u00e7in \u00f6zel olarak tasarlanm\u0131\u015f biyolojik olarak par\u00e7alanabilir veya geri d\u00f6n\u00fc\u015ft\u00fcr\u00fclebilir malzemeleri te\u015fvik ediyor ve farkl\u0131 film kal\u0131nl\u0131klar\u0131 sunuyoruz.<\/li>\n\n\n\n<li><strong>Kullan\u0131\u015fl\u0131 Yerden Tasarruf ve Depolama<\/strong>: Bu serideki so\u011fuk s\u0131zd\u0131rmaz al\u00fcminyum folyo laminatlar, kullan\u0131m\u0131 ve depolanmas\u0131 kolay, depolamada yer tasarrufu sa\u011flayan ve \u00e7e\u015fitli ambalaj uygulamalar\u0131 i\u00e7in en uygun olan rulo formunda mevcuttur.<\/li>\n<\/ul>\n<\/div>\n\n\n\n<div class=\"wp-block-column is-layout-flow wp-block-column-is-layout-flow\">\n<figure class=\"wp-block-image size-full\"><img fetchpriority=\"high\" decoding=\"async\" width=\"750\" height=\"750\" src=\"https:\/\/www.hyflexpack.com\/wp-content\/uploads\/2025\/04\/Wholesale-Aluminum-Foil-Cold-Seal-Film5.webp\" alt=\"\u00c7ikolata i\u00e7in \u00d6zel Bopp So\u011fuk M\u00fch\u00fcr Film Ambalaj\u0131\" class=\"wp-image-6656\" srcset=\"https:\/\/www.hyflexpack.com\/wp-content\/uploads\/2025\/04\/Wholesale-Aluminum-Foil-Cold-Seal-Film5.webp 750w, https:\/\/www.hyflexpack.com\/wp-content\/uploads\/2025\/04\/Wholesale-Aluminum-Foil-Cold-Seal-Film5-300x300.webp 300w, https:\/\/www.hyflexpack.com\/wp-content\/uploads\/2025\/04\/Wholesale-Aluminum-Foil-Cold-Seal-Film5-150x150.webp 150w, https:\/\/www.hyflexpack.com\/wp-content\/uploads\/2025\/04\/Wholesale-Aluminum-Foil-Cold-Seal-Film5-12x12.webp 12w, https:\/\/www.hyflexpack.com\/wp-content\/uploads\/2025\/04\/Wholesale-Aluminum-Foil-Cold-Seal-Film5-285x285.webp 285w, https:\/\/www.hyflexpack.com\/wp-content\/uploads\/2025\/04\/Wholesale-Aluminum-Foil-Cold-Seal-Film5-270x270.webp 270w, https:\/\/www.hyflexpack.com\/wp-content\/uploads\/2025\/04\/Wholesale-Aluminum-Foil-Cold-Seal-Film5-540x540.webp 540w, https:\/\/www.hyflexpack.com\/wp-content\/uploads\/2025\/04\/Wholesale-Aluminum-Foil-Cold-Seal-Film5-660x660.webp 660w\" sizes=\"(max-width: 750px) 100vw, 750px\" \/><\/figure>\n<\/div>\n<\/div>\n\n\n\n<p><\/p>","protected":false},"excerpt":{"rendered":"<p>\u00c7ikolata ve at\u0131\u015ft\u0131rmal\u0131k \u00fcr\u00fcnler i\u00e7in \u00f6zel BOPP so\u011fuk m\u00fch\u00fcr film ambalajlar\u0131n\u0131 ke\u015ffedin. Bu al\u00fcminyum folyo ambalaj g\u0131da g\u00fcvenli\u011fini sa\u011flar, raf \u00e7ekicili\u011fini art\u0131r\u0131r ve tam renkli bask\u0131y\u0131 destekler. Nem ge\u00e7irmez ve dayan\u0131kl\u0131d\u0131r, otomatik \u00fcretim hatlar\u0131 i\u00e7in uygundur, boyut \u00f6zelle\u015ftirmesini destekler ve seri \u00fcretimin ihtiya\u00e7lar\u0131n\u0131 kar\u015f\u0131lar. Bug\u00fcn bize ula\u015f\u0131n ve \u00f6zel g\u0131da ambalaj\u0131n\u0131z\u0131 \u00f6zelle\u015ftirelim!<\/p>\n<h3>Bopp So\u011fuk M\u00fch\u00fcr Film Ambalaj Tedarik\u00e7isinin Avantajlar\u0131<\/h3>\n<ul>\n<li>\u00d6zel tasar\u0131m: M\u00fc\u015fteri ihtiya\u00e7lar\u0131n\u0131 kar\u015f\u0131lamak i\u00e7in malzeme, boyut ve bask\u0131 deseni \u00f6zelle\u015ftirmesi dahil olmak \u00fczere \u00f6zelle\u015ftirilmi\u015f hizmetler sunuyoruz ve OEM ve ODM'yi destekliyoruz.<\/li>\n<li>\u00dcretim: Verimli ve istikrarl\u0131 \u00fcretim s\u00fcre\u00e7leri ve zaman\u0131nda teslimat sa\u011flamak i\u00e7in uluslararas\u0131 d\u00fczeyde geli\u015fmi\u015f kompozit \u00fcretim hatlar\u0131 ve otomatik kontrol sistemleri benimseyin.<\/li>\n<li>Kalite denetimi: \u00dcr\u00fcnlerin standartlar\u0131 kar\u015f\u0131lad\u0131\u011f\u0131ndan emin olmak i\u00e7in kalite standartlar\u0131na ve g\u0131da g\u00fcvenli\u011fi gerekliliklerine uyarak \u00fcretim yap\u0131n.<\/li>\n<li>M\u00fc\u015fteri hizmetleri: G\u00fcn\u00fcn 24 saati h\u0131zl\u0131 yan\u0131t ve \u00f6zenli m\u00fc\u015fteri hizmetleri deste\u011fi sa\u011flay\u0131n.<\/li>\n<li>\u00dccretsiz numuneler: M\u00fc\u015fterilerin deneyip de\u011ferlendirmesi i\u00e7in k\u00fc\u00e7\u00fck parti numuneler haz\u0131rlay\u0131n.<\/li>\n<\/ul>\n<p><strong>Huiyang Ambalaj<\/strong> m\u00fc\u015fterilerin \u00fcr\u00fcn imajlar\u0131n\u0131 iyile\u015ftirmelerine ve pazar rekabet g\u00fc\u00e7lerini art\u0131rmalar\u0131na yard\u0131mc\u0131 olmak i\u00e7in m\u00fc\u015fterilere y\u00fcksek kaliteli BOPP so\u011fuk m\u00fch\u00fcr film ambalaj\u0131 sa\u011flamay\u0131 taahh\u00fct eder.<\/p>","protected":false},"featured_media":6656,"comment_status":"open","ping_status":"closed","template":"","meta":[],"product_brand":[],"product_cat":[86,53],"product_tag":[],"class_list":{"0":"post-6658","1":"product","2":"type-product","3":"status-publish","4":"has-post-thumbnail","6":"product_cat-cold-seal-film","7":"product_cat-packaging-film-supplier","9":"first","10":"instock","11":"shipping-taxable","12":"product-type-simple"},"_links":{"self":[{"href":"https:\/\/www.hyflexpack.com\/tr\/wp-json\/wp\/v2\/product\/6658","targetHints":{"allow":["GET"]}}],"collection":[{"href":"https:\/\/www.hyflexpack.com\/tr\/wp-json\/wp\/v2\/product"}],"about":[{"href":"https:\/\/www.hyflexpack.com\/tr\/wp-json\/wp\/v2\/types\/product"}],"replies":[{"embeddable":true,"href":"https:\/\/www.hyflexpack.com\/tr\/wp-json\/wp\/v2\/comments?post=6658"}],"wp:featuredmedia":[{"embeddable":true,"href":"https:\/\/www.hyflexpack.com\/tr\/wp-json\/wp\/v2\/media\/6656"}],"wp:attachment":[{"href":"https:\/\/www.hyflexpack.com\/tr\/wp-json\/wp\/v2\/media?parent=6658"}],"wp:term":[{"taxonomy":"product_brand","embeddable":true,"href":"https:\/\/www.hyflexpack.com\/tr\/wp-json\/wp\/v2\/product_brand?post=6658"},{"taxonomy":"product_cat","embeddable":true,"href":"https:\/\/www.hyflexpack.com\/tr\/wp-json\/wp\/v2\/product_cat?post=6658"},{"taxonomy":"product_tag","embeddable":true,"href":"https:\/\/www.hyflexpack.com\/tr\/wp-json\/wp\/v2\/product_tag?post=6658"}],"curies":[{"name":"wp","href":"https:\/\/api.w.org\/{rel}","templated":true}]}}