{"id":6562,"date":"2025-03-27T08:48:56","date_gmt":"2025-03-27T08:48:56","guid":{"rendered":"https:\/\/www.hyflexpack.com\/?post_type=product&#038;p=6562"},"modified":"2025-10-27T08:49:27","modified_gmt":"2025-10-27T08:49:27","slug":"bulk-mini-chip-bags-factory","status":"publish","type":"product","link":"https:\/\/www.hyflexpack.com\/tr\/product\/bulk-mini-chip-bags-factory\/","title":{"rendered":"\u00d6zel Toplu Mini Tala\u015f Torbalar\u0131 Plastik Al\u00fcminyum Folyo Geri M\u00fch\u00fcr K\u0131l\u0131f\u0131 Fabrikas\u0131"},"content":{"rendered":"<div class=\"wp-block-columns is-layout-flex wp-container-core-columns-is-layout-9d6595d7 wp-block-columns-is-layout-flex\">\n<div class=\"wp-block-column is-layout-flow wp-block-column-is-layout-flow\">\n<h2 class=\"wp-block-heading\">\u00d6zel Toplu Mini \u00c7ip Torbalar\u0131 \u00d6zellikler:<\/h2>\n\n\n\n<ul class=\"wp-block-list\">\n<li><strong>Optimum Tazelik i\u00e7in \u00c7ok Katmanl\u0131 Kompozit Yap\u0131:<\/strong> D\u00f6kme mini cips po\u015fetlerimiz, daha iyi bariyer korumas\u0131 sa\u011flayan y\u00fcksek kaliteli plastik ve al\u00fcminyum folyo laminasyona sahiptir. Bu son teknoloji malzeme, at\u0131\u015ft\u0131rmal\u0131klar\u0131n\u0131z\u0131 kusursuz bir \u015fekilde kapatarak oksijen, nem ve \u0131\u015f\u0131\u011f\u0131n i\u00e7eri girip gevrekli\u011fi ve lezzeti bozmas\u0131n\u0131 \u00f6nler.<\/li>\n\n\n\n<li><strong>\u00dcst\u00fcn Nem Ge\u00e7irmez Al\u00fcminyum Folyo Katman\u0131:<\/strong> Bu d\u00f6kme mini cips paketlerinin al\u00fcminyum folyo kaplamas\u0131, birinci s\u0131n\u0131f nem korumas\u0131 sa\u011flayarak cips, kurabiye ve di\u011fer at\u0131\u015ft\u0131rmal\u0131k yiyeceklerin raf \u00f6mr\u00fcn\u00fc \u00f6nemli \u00f6l\u00e7\u00fcde uzat\u0131rken orijinal lezzet ve dokular\u0131n\u0131 korur.<\/li>\n\n\n\n<li><strong>S\u0131zd\u0131rmaz Arka Conta Teknolojisi:<\/strong> Profesyonel bir arka s\u0131zd\u0131rmaz po\u015fet \u00fcreticisi taraf\u0131ndan \u00fcretilen her po\u015fet, y\u00fcksek hassasiyetli s\u0131zd\u0131rmazl\u0131k, geli\u015fmi\u015f s\u0131zd\u0131rmazl\u0131k performans\u0131, s\u0131z\u0131nt\u0131 \u00f6nleme ve nakliye ve depolamada \u00fcr\u00fcn g\u00fcvenli\u011fi ile geli\u015fmi\u015f arka s\u0131zd\u0131rmazl\u0131k teknolojisine sahiptir.<\/li>\n\n\n\n<li><strong>Hafif ve Ta\u015f\u0131nabilir At\u0131\u015ft\u0131rmal\u0131k Ambalaj\u0131: <\/strong>Kolayl\u0131k d\u00fc\u015f\u00fcn\u00fclerek tasarlanan bu kompakt cips po\u015fetleri hafiftir ve ta\u015f\u0131mas\u0131 kolayd\u0131r, tek porsiyonluk ambalajlar, ma\u011fazalarda raf te\u015fhiri veya promosyon at\u0131\u015ft\u0131rmal\u0131k paketleri i\u00e7in idealdir.<\/li>\n\n\n\n<li><strong>Tamamen \u00d6zelle\u015ftirilebilir Tasar\u0131m:<\/strong> Arkas\u0131 kapal\u0131 po\u015fetlerin ticari bir \u00fcreticisi olarak, markala\u015fma ve pazarlama stratejinizi kar\u015f\u0131lamak i\u00e7in torba boyutu, renk, bask\u0131 ve malzeme se\u00e7imine g\u00f6re OEM \/ ODM \u00f6zelle\u015ftirmesi m\u00fcmk\u00fcnd\u00fcr.<\/li>\n\n\n\n<li><strong>\u00c7evre Dostu \u00dcretim ve Fabrika Tedariki<\/strong>: Geri d\u00f6n\u00fc\u015ft\u00fcr\u00fclebilir lamine malzemeler kullan\u0131larak \u00fcretilen bu ambalaj se\u00e7enekleri, ye\u015fil trendle uyumludur ancak toplu al\u0131m yapanlar i\u00e7in maksimum koruma ve uygun fiyat sa\u011flar. konumland\u0131rma.<\/li>\n<\/ul>\n<\/div>\n\n\n\n<div class=\"wp-block-column is-layout-flow wp-block-column-is-layout-flow\">\n<figure class=\"wp-block-image size-full\"><img fetchpriority=\"high\" decoding=\"async\" width=\"750\" height=\"750\" src=\"https:\/\/www.hyflexpack.com\/wp-content\/uploads\/2025\/10\/Bulk-Mini-Chip-Bags-Back-Seal-Pouch-Factory.webp\" alt=\"Toplu Mini \u00c7ip Torbalar\u0131 Geri M\u00fch\u00fcr K\u0131l\u0131f\u0131 Fabrikas\u0131\" class=\"wp-image-8270\" srcset=\"https:\/\/www.hyflexpack.com\/wp-content\/uploads\/2025\/10\/Bulk-Mini-Chip-Bags-Back-Seal-Pouch-Factory.webp 750w, https:\/\/www.hyflexpack.com\/wp-content\/uploads\/2025\/10\/Bulk-Mini-Chip-Bags-Back-Seal-Pouch-Factory-300x300.webp 300w, https:\/\/www.hyflexpack.com\/wp-content\/uploads\/2025\/10\/Bulk-Mini-Chip-Bags-Back-Seal-Pouch-Factory-150x150.webp 150w, https:\/\/www.hyflexpack.com\/wp-content\/uploads\/2025\/10\/Bulk-Mini-Chip-Bags-Back-Seal-Pouch-Factory-12x12.webp 12w, https:\/\/www.hyflexpack.com\/wp-content\/uploads\/2025\/10\/Bulk-Mini-Chip-Bags-Back-Seal-Pouch-Factory-285x285.webp 285w, https:\/\/www.hyflexpack.com\/wp-content\/uploads\/2025\/10\/Bulk-Mini-Chip-Bags-Back-Seal-Pouch-Factory-270x270.webp 270w, https:\/\/www.hyflexpack.com\/wp-content\/uploads\/2025\/10\/Bulk-Mini-Chip-Bags-Back-Seal-Pouch-Factory-540x540.webp 540w, https:\/\/www.hyflexpack.com\/wp-content\/uploads\/2025\/10\/Bulk-Mini-Chip-Bags-Back-Seal-Pouch-Factory-660x660.webp 660w\" sizes=\"(max-width: 750px) 100vw, 750px\" \/><\/figure>\n<\/div>\n<\/div>\n\n\n\n<p><\/p>","protected":false},"excerpt":{"rendered":"<p>Bizim <strong data-start=\"1782\" data-end=\"1805\">d\u00f6kme mini cips po\u015fetleri<\/strong> tazelik ve dayan\u0131kl\u0131l\u0131k i\u00e7in \u00e7ok katmanl\u0131 folyo laminasyon \u00f6zelli\u011fine sahiptir. G\u00fcvenilir bir <strong data-start=\"1885\" data-end=\"1912\">arka m\u00fch\u00fcr po\u015fet fabri\u0307kasi<\/strong>, At\u0131\u015ft\u0131rmal\u0131k ambalaj ihtiya\u00e7lar\u0131n\u0131z\u0131 kar\u015f\u0131lamak i\u00e7in \u00fccretsiz tasar\u0131m, \u00fccretsiz numune ve fabrikadan do\u011frudan toptan sat\u0131\u015f fiyatlar\u0131 sunuyoruz.<\/p>\n<h3>\u00d6zel Toplu Mini \u00c7ip Torbalar\u0131 Tedarik\u00e7isi Avantajlar\u0131:<\/h3>\n<ul>\n<li><strong>\u00d6zel Tasar\u0131m:<\/strong>\u00a0M\u00fc\u015fteri ihtiya\u00e7lar\u0131n\u0131 kar\u015f\u0131lamak i\u00e7in malzeme, boyut ve bask\u0131 deseni \u00f6zelle\u015ftirmesi dahil olmak \u00fczere \u00f6zelle\u015ftirilmi\u015f hizmetler sa\u011fl\u0131yor ve OEM ve ODM'yi destekliyoruz.<\/li>\n<li><strong>\u0130malat:<\/strong>\u00a0Geli\u015fmi\u015f ekipman ve teknoloji ile sipari\u015f \u00fcretimini verimli ve y\u00fcksek kalitede tamamlayabilir ve zaman\u0131nda teslim edebiliriz.<\/li>\n<li><strong>Kalite Kontrol\u00fc:<\/strong>\u00a0\u00dcretim, \u00fcr\u00fcnlerin standartlar\u0131 kar\u015f\u0131lamas\u0131n\u0131 sa\u011flamak i\u00e7in kalite standartlar\u0131na ve g\u0131da g\u00fcvenli\u011fi gerekliliklerine s\u0131k\u0131 s\u0131k\u0131ya ba\u011fl\u0131 olarak ger\u00e7ekle\u015ftirilir.<\/li>\n<li><strong>Sertifikasyon\uff1a<\/strong>\u00a0FDA\/BRC\/ISO 9001\/RoHS<\/li>\n<li><strong>M\u00fc\u015fteri Hizmetleri:<\/strong>\u00a024 saat h\u0131zl\u0131 yan\u0131t ve \u00f6zenli m\u00fc\u015fteri hizmetleri deste\u011fi sa\u011flamak.<\/li>\n<li><strong>\u00dccretsiz \u00d6rnek:<\/strong> \u00dcr\u00fcn\u00fc de\u011ferlendirmenize yard\u0131mc\u0131 olmak i\u00e7in \u00fccretsiz numune hizmeti sunuyoruz.<\/li>\n<\/ul>\n<p><strong>Huiyang Ambalaj<\/strong>\u00a0m\u00fc\u015fterilerine a\u015fa\u011f\u0131dakileri sa\u011flamay\u0131 taahh\u00fct eder\u00a0<strong>g\u0131da s\u0131n\u0131f\u0131<\/strong> <strong data-start=\"1782\" data-end=\"1805\">d\u00f6kme mini cips po\u015fetleri<\/strong>\u00a0M\u00fc\u015fterilerin \u00fcr\u00fcn imajlar\u0131n\u0131 geli\u015ftirmelerine ve pazar rekabet g\u00fc\u00e7lerini art\u0131rmalar\u0131na yard\u0131mc\u0131 olmak.<\/p>","protected":false},"featured_media":8273,"comment_status":"open","ping_status":"closed","template":"","meta":[],"product_brand":[],"product_cat":[57,51],"product_tag":[],"class_list":{"0":"post-6562","1":"product","2":"type-product","3":"status-publish","4":"has-post-thumbnail","6":"product_cat-snack-packaging-bags-wholesale","7":"product_cat-custom-food-packaging-bags","9":"first","10":"instock","11":"shipping-taxable","12":"product-type-simple"},"_links":{"self":[{"href":"https:\/\/www.hyflexpack.com\/tr\/wp-json\/wp\/v2\/product\/6562","targetHints":{"allow":["GET"]}}],"collection":[{"href":"https:\/\/www.hyflexpack.com\/tr\/wp-json\/wp\/v2\/product"}],"about":[{"href":"https:\/\/www.hyflexpack.com\/tr\/wp-json\/wp\/v2\/types\/product"}],"replies":[{"embeddable":true,"href":"https:\/\/www.hyflexpack.com\/tr\/wp-json\/wp\/v2\/comments?post=6562"}],"wp:featuredmedia":[{"embeddable":true,"href":"https:\/\/www.hyflexpack.com\/tr\/wp-json\/wp\/v2\/media\/8273"}],"wp:attachment":[{"href":"https:\/\/www.hyflexpack.com\/tr\/wp-json\/wp\/v2\/media?parent=6562"}],"wp:term":[{"taxonomy":"product_brand","embeddable":true,"href":"https:\/\/www.hyflexpack.com\/tr\/wp-json\/wp\/v2\/product_brand?post=6562"},{"taxonomy":"product_cat","embeddable":true,"href":"https:\/\/www.hyflexpack.com\/tr\/wp-json\/wp\/v2\/product_cat?post=6562"},{"taxonomy":"product_tag","embeddable":true,"href":"https:\/\/www.hyflexpack.com\/tr\/wp-json\/wp\/v2\/product_tag?post=6562"}],"curies":[{"name":"wp","href":"https:\/\/api.w.org\/{rel}","templated":true}]}}