{"id":6526,"date":"2025-04-10T18:51:58","date_gmt":"2025-04-10T18:51:58","guid":{"rendered":"https:\/\/www.hyflexpack.com\/?post_type=product&#038;p=6526"},"modified":"2025-04-10T18:52:00","modified_gmt":"2025-04-10T18:52:00","slug":"custom-printed-shrink-sleeve-film","status":"publish","type":"product","link":"https:\/\/www.hyflexpack.com\/tr\/product\/custom-printed-shrink-sleeve-film\/","title":{"rendered":"PET'ten Yap\u0131lm\u0131\u015f \u00d6zel Bask\u0131l\u0131 Shrink Sleeve Film"},"content":{"rendered":"<div class=\"wp-block-columns is-layout-flex wp-container-core-columns-is-layout-9d6595d7 wp-block-columns-is-layout-flex\">\n<div class=\"wp-block-column is-layout-flow wp-block-column-is-layout-flow\">\n<h2 class=\"wp-block-heading\">\u00d6zel Bask\u0131l\u0131 Shrink Sleeve Filmin \u00d6zellikleri<\/h2>\n\n\n\n<ul class=\"wp-block-list\">\n<li>\u00c7evre dostu malzemeler<br>\u00d6zel Bask\u0131l\u0131 Shrink Sleeve Filmimiz ye\u015fil, \u00e7evre dostu ve geri d\u00f6n\u00fc\u015ft\u00fcr\u00fclebilir PET malzeme kullan\u0131r. S\u00fcrd\u00fcr\u00fclebilir ambalajlamaya y\u00f6nelik mevcut pazar talebini kar\u015f\u0131lar ve \u00e7evre korumaya odaklanan \u015firketler i\u00e7in ideal bir se\u00e7im sunar.<\/li>\n\n\n\n<li>G\u00fc\u00e7l\u00fc \u00f6zelle\u015ftirme<br>\u00d6zelle\u015ftirilmi\u015f bask\u0131y\u0131 destekler ve farkl\u0131 markalar\u0131n ihtiya\u00e7lar\u0131na g\u00f6re benzersiz desenleri, renkleri ve metinleri do\u011fru bir \u015fekilde sunabilir, \u00e7e\u015fitli end\u00fcstrilerin \u00e7e\u015fitli ambalaj tasar\u0131mlar\u0131n\u0131 kar\u015f\u0131layabilir ve markalar\u0131n ki\u015fiselle\u015ftirilmi\u015f bir imaj olu\u015fturmas\u0131na yard\u0131mc\u0131 olabilir.<\/li>\n\n\n\n<li>\u0130yi uyum<br>M\u00fckemmel \u0131s\u0131yla daralma performans\u0131na sahiptir, \u0131s\u0131t\u0131ld\u0131\u011f\u0131nda h\u0131zl\u0131 ve e\u015fit bir \u015fekilde daral\u0131r ve \u00fcr\u00fcn\u00fcn d\u0131\u015f hatlar\u0131na s\u0131k\u0131ca oturur. D\u00fczensiz \u015fekilli \u00fcr\u00fcnler bile m\u00fckemmel bir \u015fekilde sar\u0131labilir ve \u00fcr\u00fcn i\u00e7in uygun ve g\u00fczel bir ambalaj etkisi sa\u011flar.<\/li>\n\n\n\n<li>\u0130yi koruma<br>Shrink sleeve etiket filmi sert ve dayan\u0131kl\u0131d\u0131r ve olu\u015fturulan ambalaj, \u00fcr\u00fcn\u00fcn nakliye ve depolama s\u0131ras\u0131nda \u00e7arpmas\u0131n\u0131 ve \u00e7izilmesini etkili bir \u015fekilde \u00f6nleyebilir ve iyi bir koruyucu rol oynar.<\/li>\n\n\n\n<li>Geni\u015f uygulama alan\u0131<br>G\u0131da, i\u00e7ecek, kozmetik, g\u00fcnl\u00fck ihtiya\u00e7lar ve ila\u00e7 gibi bir\u00e7ok sekt\u00f6rde \u00fcr\u00fcn ambalaj\u0131 i\u00e7in uygundur ve farkl\u0131 sekt\u00f6rlerin ambalajlama i\u00e7in \u00f6zel gereksinimlerini kar\u015f\u0131lar.<\/li>\n<\/ul>\n<\/div>\n\n\n\n<div class=\"wp-block-column is-layout-flow wp-block-column-is-layout-flow\">\n<figure class=\"wp-block-image size-full\"><img fetchpriority=\"high\" decoding=\"async\" width=\"750\" height=\"750\" src=\"https:\/\/www.hyflexpack.com\/wp-content\/uploads\/2025\/03\/Custom-Printed-Shrink-Sleeve-Film1-6.webp\" alt=\"\u00d6zel Bask\u0131l\u0131 Shrink Sleeve Film\" class=\"wp-image-6509\" srcset=\"https:\/\/www.hyflexpack.com\/wp-content\/uploads\/2025\/03\/Custom-Printed-Shrink-Sleeve-Film1-6.webp 750w, https:\/\/www.hyflexpack.com\/wp-content\/uploads\/2025\/03\/Custom-Printed-Shrink-Sleeve-Film1-6-300x300.webp 300w, https:\/\/www.hyflexpack.com\/wp-content\/uploads\/2025\/03\/Custom-Printed-Shrink-Sleeve-Film1-6-150x150.webp 150w, https:\/\/www.hyflexpack.com\/wp-content\/uploads\/2025\/03\/Custom-Printed-Shrink-Sleeve-Film1-6-12x12.webp 12w, https:\/\/www.hyflexpack.com\/wp-content\/uploads\/2025\/03\/Custom-Printed-Shrink-Sleeve-Film1-6-285x285.webp 285w, https:\/\/www.hyflexpack.com\/wp-content\/uploads\/2025\/03\/Custom-Printed-Shrink-Sleeve-Film1-6-270x270.webp 270w, https:\/\/www.hyflexpack.com\/wp-content\/uploads\/2025\/03\/Custom-Printed-Shrink-Sleeve-Film1-6-540x540.webp 540w, https:\/\/www.hyflexpack.com\/wp-content\/uploads\/2025\/03\/Custom-Printed-Shrink-Sleeve-Film1-6-660x660.webp 660w\" sizes=\"(max-width: 750px) 100vw, 750px\" \/><\/figure>\n<\/div>\n<\/div>\n\n\n\n<p><\/p>","protected":false},"excerpt":{"rendered":"<p>\u00d6zel Bask\u0131l\u0131 Shrink Sleeve Filmimiz, y\u00fcksek \u015feffafl\u0131\u011fa sahip \u00e7evre dostu PET malzemeden yap\u0131lm\u0131\u015ft\u0131r. \u00c7e\u015fitli desen ve metinleri do\u011fru ve net bir \u015fekilde basabilir. \u0130yi bir \u0131s\u0131yla daralan performansa sahiptir ve \u0131s\u0131t\u0131ld\u0131\u011f\u0131nda \u00fcr\u00fcn\u00fc h\u0131zl\u0131 ve s\u0131k\u0131 bir \u015fekilde s\u0131\u011fd\u0131rabilir, g\u00f6r\u00fcn\u00fcm\u00fc ve dokuyu iyile\u015ftirirken korur. Bir\u00e7ok sekt\u00f6rde yayg\u0131n olarak kullan\u0131l\u0131r ve markalar\u0131n benzersiz bir ambalaj imaj\u0131 olu\u015fturmas\u0131na yard\u0131mc\u0131 olur. Bug\u00fcn bize ula\u015f\u0131n ve \u00f6zel g\u0131da ambalaj\u0131n\u0131z\u0131 \u00f6zelle\u015ftirelim! Y\u00fcksek Kaliteli \u00d6zel Bask\u0131l\u0131 Shrink Sleeve Filmin Avantajlar\u0131 \u25cf\u00d6zelle\u015ftirilmi\u015f tasar\u0131m: M\u00fc\u015fteri ihtiya\u00e7lar\u0131n\u0131 kar\u015f\u0131lamak i\u00e7in malzeme, boyut ve bask\u0131 deseni \u00f6zelle\u015ftirmesi dahil olmak \u00fczere \u00f6zelle\u015ftirilmi\u015f hizmetler sunuyoruz ve OEM ve ODM'yi destekliyoruz. \u00dcretim: Verimli ve istikrarl\u0131 \u00fcretim s\u00fcre\u00e7leri ve zaman\u0131nda teslimat sa\u011flamak i\u00e7in uluslararas\u0131 d\u00fczeyde geli\u015fmi\u015f kompozit \u00fcretim hatlar\u0131 ve otomatik kontrol sistemleri benimseyin. Kalite denetimi: \u00dcr\u00fcnlerin standartlar\u0131 kar\u015f\u0131lad\u0131\u011f\u0131ndan emin olmak i\u00e7in kalite standartlar\u0131na ve g\u0131da g\u00fcvenli\u011fi gerekliliklerine uygun olarak \u00fcretim yap\u0131n. M\u00fc\u015fteri hizmetleri: G\u00fcn\u00fcn 24 saati h\u0131zl\u0131 yan\u0131t ve \u00f6zenli m\u00fc\u015fteri hizmetleri deste\u011fi sa\u011flay\u0131n. \u00dccretsiz numuneler: M\u00fc\u015fterilerin denemesi ve de\u011ferlendirmesi i\u00e7in k\u00fc\u00e7\u00fck parti \u00f6rnekleri haz\u0131rlay\u0131n Huiyang Packaging, m\u00fc\u015fterilerin \u00fcr\u00fcn imajlar\u0131n\u0131 iyile\u015ftirmelerine ve pazar rekabet g\u00fc\u00e7lerini art\u0131rmalar\u0131na yard\u0131mc\u0131 olmak i\u00e7in m\u00fc\u015fterilere y\u00fcksek kaliteli \u00d6zel Bask\u0131l\u0131 Shrink Sleeve Film sa\u011flamay\u0131 taahh\u00fct eder.<\/p>","protected":false},"featured_media":6509,"comment_status":"open","ping_status":"closed","template":"","meta":[],"product_brand":[],"product_cat":[84,53],"product_tag":[],"class_list":{"0":"post-6526","1":"product","2":"type-product","3":"status-publish","4":"has-post-thumbnail","6":"product_cat-shrink-sleeve-film","7":"product_cat-packaging-film-supplier","9":"first","10":"instock","11":"shipping-taxable","12":"product-type-simple"},"_links":{"self":[{"href":"https:\/\/www.hyflexpack.com\/tr\/wp-json\/wp\/v2\/product\/6526","targetHints":{"allow":["GET"]}}],"collection":[{"href":"https:\/\/www.hyflexpack.com\/tr\/wp-json\/wp\/v2\/product"}],"about":[{"href":"https:\/\/www.hyflexpack.com\/tr\/wp-json\/wp\/v2\/types\/product"}],"replies":[{"embeddable":true,"href":"https:\/\/www.hyflexpack.com\/tr\/wp-json\/wp\/v2\/comments?post=6526"}],"wp:featuredmedia":[{"embeddable":true,"href":"https:\/\/www.hyflexpack.com\/tr\/wp-json\/wp\/v2\/media\/6509"}],"wp:attachment":[{"href":"https:\/\/www.hyflexpack.com\/tr\/wp-json\/wp\/v2\/media?parent=6526"}],"wp:term":[{"taxonomy":"product_brand","embeddable":true,"href":"https:\/\/www.hyflexpack.com\/tr\/wp-json\/wp\/v2\/product_brand?post=6526"},{"taxonomy":"product_cat","embeddable":true,"href":"https:\/\/www.hyflexpack.com\/tr\/wp-json\/wp\/v2\/product_cat?post=6526"},{"taxonomy":"product_tag","embeddable":true,"href":"https:\/\/www.hyflexpack.com\/tr\/wp-json\/wp\/v2\/product_tag?post=6526"}],"curies":[{"name":"wp","href":"https:\/\/api.w.org\/{rel}","templated":true}]}}