{"id":6524,"date":"2025-04-10T18:49:33","date_gmt":"2025-04-10T18:49:33","guid":{"rendered":"https:\/\/www.hyflexpack.com\/?post_type=product&#038;p=6524"},"modified":"2025-04-10T18:49:57","modified_gmt":"2025-04-10T18:49:57","slug":"oem-heat-pvc-shrink-film-supplier","status":"publish","type":"product","link":"https:\/\/www.hyflexpack.com\/tr\/product\/oem-heat-pvc-shrink-film-supplier\/","title":{"rendered":"M\u00fckemmel Performans Pop\u00fcler ile Bas\u0131l\u0131 OEM Is\u0131 PVC Shrink Film"},"content":{"rendered":"<div class=\"wp-block-columns is-layout-flex wp-container-core-columns-is-layout-9d6595d7 wp-block-columns-is-layout-flex\">\n<div class=\"wp-block-column is-layout-flow wp-block-column-is-layout-flow\">\n<h2 class=\"wp-block-heading\">OEM Is\u0131 PVC Shrink Filmin \u00d6zellikleri<\/h2>\n\n\n\n<ul class=\"wp-block-list\">\n<li>OEM Is\u0131 PVC Shrink Film \u00fcr\u00fcnlerimiz hakk\u0131nda iyi tokluk ve \u0131s\u0131yla b\u00fcz\u00fclme performans\u0131na sahip PVC malzemeden yap\u0131lm\u0131\u015ft\u0131r. Is\u0131ya maruz kald\u0131\u011f\u0131nda h\u0131zla b\u00fcz\u00fcl\u00fcr ve \u00fcr\u00fcne s\u0131k\u0131ca oturarak \u00fcr\u00fcn i\u00e7in sa\u011flam koruma sa\u011flar.<\/li>\n\n\n\n<li>M\u00fckemmel \u00f6zelle\u015ftirme: OEM \u00f6zelle\u015ftirmesini destekleyin, ister zarif desenler, ister karma\u015f\u0131k logolar veya ayr\u0131nt\u0131l\u0131 metin bilgileri olsun, y\u00fcksek kaliteli bask\u0131 yap\u0131labilir, \u00e7e\u015fitli m\u00fc\u015fterilerin \u00e7e\u015fitli \u00f6zelle\u015ftirme ihtiya\u00e7lar\u0131n\u0131 kar\u015f\u0131lamak ve marka imaj\u0131n\u0131 \u015fekillendirmeye yard\u0131mc\u0131 olmak i\u00e7in do\u011fru bir \u015fekilde sunulabilir.<\/li>\n\n\n\n<li>\u00c7evresel hususlar: \u00dcr\u00fcn performans\u0131n\u0131 sa\u011flarken \u00e7evre dostu se\u00e7enekler sunmak, \u00e7evre \u00fczerindeki etkiyi en aza indirmek, mevcut \u00e7evre koruma kavramlar\u0131na ve ilgili gerekliliklere uymak ve s\u00fcrd\u00fcr\u00fclebilir kalk\u0131nmaya katk\u0131da bulunmak.<\/li>\n<\/ul>\n<\/div>\n\n\n\n<div class=\"wp-block-column is-layout-flow wp-block-column-is-layout-flow\">\n<figure class=\"wp-block-image size-full\"><img fetchpriority=\"high\" decoding=\"async\" width=\"750\" height=\"750\" src=\"https:\/\/www.hyflexpack.com\/wp-content\/uploads\/2025\/03\/OEM-Heat-PVC-Shrink-Film-1.webp\" alt=\"OEM Is\u0131 PVC Shrink Film\" class=\"wp-image-6515\" srcset=\"https:\/\/www.hyflexpack.com\/wp-content\/uploads\/2025\/03\/OEM-Heat-PVC-Shrink-Film-1.webp 750w, https:\/\/www.hyflexpack.com\/wp-content\/uploads\/2025\/03\/OEM-Heat-PVC-Shrink-Film-1-300x300.webp 300w, https:\/\/www.hyflexpack.com\/wp-content\/uploads\/2025\/03\/OEM-Heat-PVC-Shrink-Film-1-150x150.webp 150w, https:\/\/www.hyflexpack.com\/wp-content\/uploads\/2025\/03\/OEM-Heat-PVC-Shrink-Film-1-12x12.webp 12w, https:\/\/www.hyflexpack.com\/wp-content\/uploads\/2025\/03\/OEM-Heat-PVC-Shrink-Film-1-285x285.webp 285w, https:\/\/www.hyflexpack.com\/wp-content\/uploads\/2025\/03\/OEM-Heat-PVC-Shrink-Film-1-270x270.webp 270w, https:\/\/www.hyflexpack.com\/wp-content\/uploads\/2025\/03\/OEM-Heat-PVC-Shrink-Film-1-540x540.webp 540w, https:\/\/www.hyflexpack.com\/wp-content\/uploads\/2025\/03\/OEM-Heat-PVC-Shrink-Film-1-660x660.webp 660w\" sizes=\"(max-width: 750px) 100vw, 750px\" \/><\/figure>\n<\/div>\n<\/div>\n\n\n\n<p><\/p>","protected":false},"excerpt":{"rendered":"<p>OEM Is\u0131 PVC Shrink Filmimiz, iyi esneklik ve stabiliteye sahip y\u00fcksek kaliteli PVC'den yap\u0131lm\u0131\u015ft\u0131r. Geni\u015f bir uygulama yelpazesine sahiptir ve g\u0131da, g\u00fcnl\u00fck ihtiya\u00e7lar ve elektronik \u00fcr\u00fcnler gibi \u00e7e\u015fitli sekt\u00f6rlerde ambalajlama i\u00e7in kullan\u0131labilir. Y\u00fcksek bask\u0131 verimlili\u011fine sahiptir ve \u00e7e\u015fitli \u00f6zelle\u015ftirme ihtiya\u00e7lar\u0131n\u0131 kar\u015f\u0131lamak i\u00e7in karma\u015f\u0131k desenleri ve net metinleri do\u011fru bir \u015fekilde sunabilir. M\u00fckemmel koruma performans\u0131na sahiptir, \u00fcr\u00fcn\u00fc s\u0131k\u0131ca sarar, \u00fcr\u00fcn b\u00fct\u00fcnl\u00fc\u011f\u00fcn\u00fc sa\u011flamak i\u00e7in toz, nem ve \u00e7izikleri etkili bir \u015fekilde \u00f6nler. Ayn\u0131 zamanda, yaln\u0131zca paketleme i\u015flevlerini kar\u015f\u0131lamakla kalmay\u0131p ayn\u0131 zamanda \u00e7evresel gereksinimleri de dikkate alan, \u00fcr\u00fcn ambalaj\u0131n\u0131z i\u00e7in y\u00fcksek kaliteli ve s\u00fcrd\u00fcr\u00fclebilir \u00e7\u00f6z\u00fcmler sunan \u00e7evre dostu se\u00e7enekler sunar. Bug\u00fcn bize ula\u015f\u0131n ve \u00f6zel g\u0131da ambalaj\u0131n\u0131z\u0131 \u00f6zelle\u015ftirelim! \u00d6zelle\u015ftirilmi\u015f tasar\u0131m: M\u00fc\u015fteri ihtiya\u00e7lar\u0131n\u0131 kar\u015f\u0131lamak i\u00e7in malzeme, boyut ve bask\u0131 deseni \u00f6zelle\u015ftirmesi dahil olmak \u00fczere \u00f6zelle\u015ftirilmi\u015f hizmetler sunuyoruz ve OEM ve ODM'yi destekliyoruz. \u00dcretim: Verimli ve istikrarl\u0131 \u00fcretim s\u00fcre\u00e7leri ve zaman\u0131nda teslimat sa\u011flamak i\u00e7in uluslararas\u0131 d\u00fczeyde geli\u015fmi\u015f kompozit \u00fcretim hatlar\u0131 ve otomatik kontrol sistemleri benimseyin. Kalite denetimi: \u00dcr\u00fcnlerin standartlar\u0131 kar\u015f\u0131lad\u0131\u011f\u0131ndan emin olmak i\u00e7in kalite standartlar\u0131na ve g\u0131da g\u00fcvenli\u011fi gerekliliklerine uygun olarak \u00fcretim yap\u0131n. M\u00fc\u015fteri hizmetleri: G\u00fcn\u00fcn 24 saati h\u0131zl\u0131 yan\u0131t ve \u00f6zenli m\u00fc\u015fteri hizmetleri deste\u011fi sa\u011flay\u0131n. \u00dccretsiz numuneler: M\u00fc\u015fterilerin denemesi ve de\u011ferlendirmesi i\u00e7in k\u00fc\u00e7\u00fck toplu numuneler yap\u0131n Huiyang Packaging, m\u00fc\u015fterilerin \u00fcr\u00fcn imajlar\u0131n\u0131 iyile\u015ftirmelerine ve pazar rekabet g\u00fc\u00e7lerini art\u0131rmalar\u0131na yard\u0131mc\u0131 olmak i\u00e7in m\u00fc\u015fterilere y\u00fcksek kaliteli OEM Is\u0131 PVC Shrink Film sa\u011flamay\u0131 taahh\u00fct eder.<\/p>","protected":false},"featured_media":6515,"comment_status":"open","ping_status":"closed","template":"","meta":[],"product_brand":[],"product_cat":[84,53],"product_tag":[],"class_list":{"0":"post-6524","1":"product","2":"type-product","3":"status-publish","4":"has-post-thumbnail","6":"product_cat-shrink-sleeve-film","7":"product_cat-packaging-film-supplier","9":"first","10":"instock","11":"shipping-taxable","12":"product-type-simple"},"_links":{"self":[{"href":"https:\/\/www.hyflexpack.com\/tr\/wp-json\/wp\/v2\/product\/6524","targetHints":{"allow":["GET"]}}],"collection":[{"href":"https:\/\/www.hyflexpack.com\/tr\/wp-json\/wp\/v2\/product"}],"about":[{"href":"https:\/\/www.hyflexpack.com\/tr\/wp-json\/wp\/v2\/types\/product"}],"replies":[{"embeddable":true,"href":"https:\/\/www.hyflexpack.com\/tr\/wp-json\/wp\/v2\/comments?post=6524"}],"wp:featuredmedia":[{"embeddable":true,"href":"https:\/\/www.hyflexpack.com\/tr\/wp-json\/wp\/v2\/media\/6515"}],"wp:attachment":[{"href":"https:\/\/www.hyflexpack.com\/tr\/wp-json\/wp\/v2\/media?parent=6524"}],"wp:term":[{"taxonomy":"product_brand","embeddable":true,"href":"https:\/\/www.hyflexpack.com\/tr\/wp-json\/wp\/v2\/product_brand?post=6524"},{"taxonomy":"product_cat","embeddable":true,"href":"https:\/\/www.hyflexpack.com\/tr\/wp-json\/wp\/v2\/product_cat?post=6524"},{"taxonomy":"product_tag","embeddable":true,"href":"https:\/\/www.hyflexpack.com\/tr\/wp-json\/wp\/v2\/product_tag?post=6524"}],"curies":[{"name":"wp","href":"https:\/\/api.w.org\/{rel}","templated":true}]}}