{"id":6496,"date":"2025-04-10T18:57:22","date_gmt":"2025-04-10T18:57:22","guid":{"rendered":"https:\/\/www.hyflexpack.com\/?post_type=product&#038;p=6496"},"modified":"2025-04-10T18:57:26","modified_gmt":"2025-04-10T18:57:26","slug":"custom-shrink-film-packaging","status":"publish","type":"product","link":"https:\/\/www.hyflexpack.com\/tr\/product\/custom-shrink-film-packaging\/","title":{"rendered":"Trend'de \u00d6zel Shrink Film Ambalaj Bask\u0131l\u0131 Logo Is\u0131 PVC Film Toptan Sat\u0131\u015f"},"content":{"rendered":"<div class=\"wp-block-columns is-layout-flex wp-container-core-columns-is-layout-9d6595d7 wp-block-columns-is-layout-flex\">\n<div class=\"wp-block-column is-layout-flow wp-block-column-is-layout-flow\">\n<h2 class=\"wp-block-heading\">\u00d6zel Shrink Filmin \u00d6zellikleri<\/h2>\n\n\n\n<ul class=\"wp-block-list\">\n<li>Bu \u00d6zel Shrink Film, benzersiz bir marka imaj\u0131 olu\u015fturmak i\u00e7in benzersiz ihtiya\u00e7lar\u0131n\u0131za g\u00f6re \u00f6zel logolar\u0131 ve desenleri do\u011fru bir \u015fekilde basabilir.<\/li>\n\n\n\n<li>Malzeme a\u00e7\u0131s\u0131ndan, m\u00fckemmel toklu\u011fa ve \u0131s\u0131yla b\u00fcz\u00fclme performans\u0131na sahip olan y\u00fcksek kaliteli PVC se\u00e7ilir. B\u00fcz\u00fcld\u00fckten sonra, istikrarl\u0131 koruma sa\u011flamak i\u00e7in \u00fcr\u00fcn\u00fc s\u0131k\u0131ca sarar. 3. Boyut a\u00e7\u0131s\u0131ndan son derece esnektir. \u00dcr\u00fcn\u00fcn boyutu ve \u015fekli ne kadar \u00f6zel olursa olsun, m\u00fckemmel bir uyum sa\u011flamak i\u00e7in spesifikasyonlara uyacak \u015fekilde \u00f6zelle\u015ftirilebilir. 4. Ayr\u0131ca \u00e7evre dostu se\u00e7enekler de sunuyoruz. Ambalaj\u0131n i\u015flevselli\u011fini kar\u015f\u0131larken, \u00e7evre koruma kavram\u0131na aktif olarak yan\u0131t veriyor ve \u015firketlerin ye\u015fil kalk\u0131nma uygulamalar\u0131na yard\u0131mc\u0131 oluyoruz. \u00d6zelle\u015ftirme ihtiya\u00e7lar\u0131n\u0131, pratik i\u015flevleri ve \u00e7evresel sorumlulu\u011fu dikkate alan y\u00fcksek kaliteli bir ambalaj \u00e7\u00f6z\u00fcm\u00fcd\u00fcr.<\/li>\n<\/ul>\n<\/div>\n\n\n\n<div class=\"wp-block-column is-layout-flow wp-block-column-is-layout-flow\">\n<figure class=\"wp-block-image size-full\"><img fetchpriority=\"high\" decoding=\"async\" width=\"750\" height=\"750\" src=\"https:\/\/www.hyflexpack.com\/wp-content\/uploads\/2025\/03\/Custom-Shrink-Film-1-1.webp\" alt=\"\u00d6zel Shrink Film Ambalaj Tedarik\u00e7isi\" class=\"wp-image-6510\" srcset=\"https:\/\/www.hyflexpack.com\/wp-content\/uploads\/2025\/03\/Custom-Shrink-Film-1-1.webp 750w, https:\/\/www.hyflexpack.com\/wp-content\/uploads\/2025\/03\/Custom-Shrink-Film-1-1-300x300.webp 300w, https:\/\/www.hyflexpack.com\/wp-content\/uploads\/2025\/03\/Custom-Shrink-Film-1-1-150x150.webp 150w, https:\/\/www.hyflexpack.com\/wp-content\/uploads\/2025\/03\/Custom-Shrink-Film-1-1-12x12.webp 12w, https:\/\/www.hyflexpack.com\/wp-content\/uploads\/2025\/03\/Custom-Shrink-Film-1-1-285x285.webp 285w, https:\/\/www.hyflexpack.com\/wp-content\/uploads\/2025\/03\/Custom-Shrink-Film-1-1-270x270.webp 270w, https:\/\/www.hyflexpack.com\/wp-content\/uploads\/2025\/03\/Custom-Shrink-Film-1-1-540x540.webp 540w, https:\/\/www.hyflexpack.com\/wp-content\/uploads\/2025\/03\/Custom-Shrink-Film-1-1-660x660.webp 660w\" sizes=\"(max-width: 750px) 100vw, 750px\" \/><\/figure>\n<\/div>\n<\/div>\n\n\n\n<p><\/p>","protected":false},"excerpt":{"rendered":"<p>\u00d6zel Shrink Filmimiz, \u00fcr\u00fcne s\u0131k\u0131ca uyan ve g\u00fczel bir g\u00f6r\u00fcn\u00fcm yaratan m\u00fckemmel b\u00fcz\u00fclme performans\u0131na sahip y\u00fcksek kaliteli PVC'den yap\u0131lm\u0131\u015ft\u0131r. Geli\u015fmi\u015f bask\u0131 teknolojisi, logolar\u0131 ve desenleri net, parlak ve dayan\u0131kl\u0131 hale getirerek marka tan\u0131n\u0131rl\u0131\u011f\u0131n\u0131 \u00f6nemli \u00f6l\u00e7\u00fcde art\u0131r\u0131r. \u00dcr\u00fcnler i\u00e7in m\u00fckemmel koruma, nem ge\u00e7irmez, toz ge\u00e7irmez, \u00e7izilmez, \u00e7ok y\u00f6nl\u00fc koruma. Bug\u00fcn bize ula\u015f\u0131n ve kendi g\u0131da ambalaj\u0131n\u0131z\u0131 \u00f6zelle\u015ftirmemize izin verin! Y\u00fcksek Kaliteli \u00d6zel Shrink Filmin Avantajlar\u0131 \u25cf\u00d6zelle\u015ftirilmi\u015f tasar\u0131m: M\u00fc\u015fteri ihtiya\u00e7lar\u0131n\u0131 kar\u015f\u0131lamak i\u00e7in malzeme, boyut ve bask\u0131 deseni \u00f6zelle\u015ftirmesi dahil olmak \u00fczere \u00f6zelle\u015ftirilmi\u015f hizmetler sunuyoruz ve OEM ve ODM'yi destekliyoruz. \u00dcretim: Verimli ve istikrarl\u0131 \u00fcretim s\u00fcre\u00e7leri ve zaman\u0131nda teslimat sa\u011flamak i\u00e7in uluslararas\u0131 d\u00fczeyde geli\u015fmi\u015f kompozit \u00fcretim hatlar\u0131 ve otomatik kontrol sistemleri benimseyin. Kalite denetimi: \u00dcr\u00fcnlerin standartlar\u0131 kar\u015f\u0131lad\u0131\u011f\u0131ndan emin olmak i\u00e7in kalite standartlar\u0131na ve g\u0131da g\u00fcvenli\u011fi gerekliliklerine uygun olarak \u00fcretim yap\u0131n. M\u00fc\u015fteri hizmetleri: G\u00fcn\u00fcn 24 saati h\u0131zl\u0131 yan\u0131t ve \u00f6zenli m\u00fc\u015fteri hizmetleri deste\u011fi sa\u011flay\u0131n. \u00dccretsiz numuneler: M\u00fc\u015fterilerin denemesi ve de\u011ferlendirmesi i\u00e7in k\u00fc\u00e7\u00fck toplu numuneler haz\u0131rlay\u0131n Huiyang Packaging, m\u00fc\u015fterilerin \u00fcr\u00fcn imajlar\u0131n\u0131 iyile\u015ftirmelerine ve pazar rekabet g\u00fc\u00e7lerini art\u0131rmalar\u0131na yard\u0131mc\u0131 olmak i\u00e7in m\u00fc\u015fterilere y\u00fcksek kaliteli \u00d6zel Shrink Film sa\u011flamay\u0131 taahh\u00fct eder.<\/p>","protected":false},"featured_media":6510,"comment_status":"open","ping_status":"closed","template":"","meta":[],"product_brand":[],"product_cat":[53,84],"product_tag":[],"class_list":{"0":"post-6496","1":"product","2":"type-product","3":"status-publish","4":"has-post-thumbnail","6":"product_cat-packaging-film-supplier","7":"product_cat-shrink-sleeve-film","9":"first","10":"instock","11":"shipping-taxable","12":"product-type-simple"},"_links":{"self":[{"href":"https:\/\/www.hyflexpack.com\/tr\/wp-json\/wp\/v2\/product\/6496","targetHints":{"allow":["GET"]}}],"collection":[{"href":"https:\/\/www.hyflexpack.com\/tr\/wp-json\/wp\/v2\/product"}],"about":[{"href":"https:\/\/www.hyflexpack.com\/tr\/wp-json\/wp\/v2\/types\/product"}],"replies":[{"embeddable":true,"href":"https:\/\/www.hyflexpack.com\/tr\/wp-json\/wp\/v2\/comments?post=6496"}],"wp:featuredmedia":[{"embeddable":true,"href":"https:\/\/www.hyflexpack.com\/tr\/wp-json\/wp\/v2\/media\/6510"}],"wp:attachment":[{"href":"https:\/\/www.hyflexpack.com\/tr\/wp-json\/wp\/v2\/media?parent=6496"}],"wp:term":[{"taxonomy":"product_brand","embeddable":true,"href":"https:\/\/www.hyflexpack.com\/tr\/wp-json\/wp\/v2\/product_brand?post=6496"},{"taxonomy":"product_cat","embeddable":true,"href":"https:\/\/www.hyflexpack.com\/tr\/wp-json\/wp\/v2\/product_cat?post=6496"},{"taxonomy":"product_tag","embeddable":true,"href":"https:\/\/www.hyflexpack.com\/tr\/wp-json\/wp\/v2\/product_tag?post=6496"}],"curies":[{"name":"wp","href":"https:\/\/api.w.org\/{rel}","templated":true}]}}