{"id":6492,"date":"2025-06-05T20:07:54","date_gmt":"2025-06-05T20:07:54","guid":{"rendered":"https:\/\/www.hyflexpack.com\/?post_type=product&#038;p=6492"},"modified":"2025-12-31T07:45:56","modified_gmt":"2025-12-31T07:45:56","slug":"custom-coffee-powder-packaging-bag","status":"publish","type":"product","link":"https:\/\/www.hyflexpack.com\/tr\/product\/custom-coffee-powder-packaging-bag\/","title":{"rendered":"\u00d6zel Kahve Tozu Ambalaj Torbas\u0131, Plastik Lamine Yan K\u00f6r\u00fckl\u00fc Al\u00fcminyum Folyo \u00c7anta"},"content":{"rendered":"<div class=\"wp-block-columns is-layout-flex wp-container-core-columns-is-layout-9d6595d7 wp-block-columns-is-layout-flex\">\n<div class=\"wp-block-column is-layout-flow wp-block-column-is-layout-flow\">\n<h2 class=\"wp-block-heading\">\u00d6zel Kahve Tozu Paketleme Torbas\u0131n\u0131n \u00d6zellikleri<\/h2>\n\n\n\n<ul class=\"wp-block-list\">\n<li>\u00d6zel Kahve Tozu Po\u015fet D\u0131\u015f Torbam\u0131z, torba \u015feklinde bir yan ek tasar\u0131m kullan\u0131r, bu sadece torba kapasitesini art\u0131rmakla kalmaz ve daha fazla kahve tozu tutabilir, ayn\u0131 zamanda torbay\u0131 yerle\u015ftirildi\u011finde daha stabil hale getirir ve rafta sergilendi\u011finde \u00e7ok dikkat \u00e7ekicidir.<\/li>\n\n\n\n<li>Malzeme, torbay\u0131 g\u00fc\u00e7l\u00fc k\u0131lan plastik kompozit al\u00fcminyum folyodur. Al\u00fcminyum folyo k\u0131sm\u0131 oksijeni, nemi ve \u0131\u015f\u0131\u011f\u0131 etkili bir \u015fekilde engelleyebilir, kahvenin oksidasyonunu, nemini ve bozulmas\u0131n\u0131 \u00f6nleyebilir ve kahvenin aromas\u0131n\u0131 ve lezzetini b\u00fcy\u00fck \u00f6l\u00e7\u00fcde koruyabilir; plastik katman, torban\u0131n esnekli\u011fini ve dayan\u0131kl\u0131l\u0131\u011f\u0131n\u0131 art\u0131r\u0131r ve k\u0131r\u0131lmas\u0131 kolay de\u011fildir.<\/li>\n\n\n\n<li>Boyut \u00f6zelle\u015ftirmeyi destekler ve m\u00fc\u015fteri ihtiya\u00e7lar\u0131na g\u00f6re esnek bir \u015fekilde ayarlanabilir. \u0130ster tek bir k\u00fc\u00e7\u00fck paket ister aile kullan\u0131m\u0131 i\u00e7in b\u00fcy\u00fck bir boyut olsun, ihtiya\u00e7lar\u0131 kar\u015f\u0131layabilir ve \u00e7e\u015fitli senaryolara ve sat\u0131\u015f kanallar\u0131na uyum sa\u011flayabilir.<\/li>\n<\/ul>\n<\/div>\n\n\n\n<div class=\"wp-block-column is-layout-flow wp-block-column-is-layout-flow\">\n<figure class=\"wp-block-image size-full\"><img fetchpriority=\"high\" decoding=\"async\" width=\"750\" height=\"750\" src=\"https:\/\/www.hyflexpack.com\/wp-content\/uploads\/2025\/03\/Custom-Coffee-Powder-Sachet-Outer-Bag-2.webp\" alt=\"\u00d6zel Kahve Tozu Po\u015feti D\u0131\u015f \u00c7anta\" class=\"wp-image-6464\" srcset=\"https:\/\/www.hyflexpack.com\/wp-content\/uploads\/2025\/03\/Custom-Coffee-Powder-Sachet-Outer-Bag-2.webp 750w, https:\/\/www.hyflexpack.com\/wp-content\/uploads\/2025\/03\/Custom-Coffee-Powder-Sachet-Outer-Bag-2-300x300.webp 300w, https:\/\/www.hyflexpack.com\/wp-content\/uploads\/2025\/03\/Custom-Coffee-Powder-Sachet-Outer-Bag-2-150x150.webp 150w, https:\/\/www.hyflexpack.com\/wp-content\/uploads\/2025\/03\/Custom-Coffee-Powder-Sachet-Outer-Bag-2-12x12.webp 12w, https:\/\/www.hyflexpack.com\/wp-content\/uploads\/2025\/03\/Custom-Coffee-Powder-Sachet-Outer-Bag-2-285x285.webp 285w, https:\/\/www.hyflexpack.com\/wp-content\/uploads\/2025\/03\/Custom-Coffee-Powder-Sachet-Outer-Bag-2-270x270.webp 270w, https:\/\/www.hyflexpack.com\/wp-content\/uploads\/2025\/03\/Custom-Coffee-Powder-Sachet-Outer-Bag-2-540x540.webp 540w, https:\/\/www.hyflexpack.com\/wp-content\/uploads\/2025\/03\/Custom-Coffee-Powder-Sachet-Outer-Bag-2-660x660.webp 660w\" sizes=\"(max-width: 750px) 100vw, 750px\" \/><\/figure>\n<\/div>\n<\/div>","protected":false},"excerpt":{"rendered":"<p>Kahve tozu paketleme po\u015fetlerimizi ke\u015ffedin, kompozit malzeme uygulamas\u0131 iyi nem ve anti-statik i\u015flev ve kahvenin kuru ve g\u00fcvenli olmas\u0131n\u0131 ve kahve \u00e7ekirdeklerinin nemden bozulmamas\u0131n\u0131 sa\u011flamak i\u00e7in y\u00fcksek bariyer performans\u0131 sa\u011flayabilir. Daha geni\u015f alt k\u0131s\u0131m, t\u00fcm \u00e7antay\u0131 daha kapsay\u0131c\u0131 hale getirir. \u00dccretsiz fiyat teklifi i\u00e7in bug\u00fcn bize ula\u015f\u0131n, tek elden \u00e7evre dostu ve kaliteli ambalaj \u00e7\u00f6z\u00fcmleri sunmay\u0131 taahh\u00fct ediyoruz.<\/p>\n<h3>Kahve Paketleme Po\u015feti Tedarik\u00e7isinin Avantajlar\u0131<\/h3>\n<ul>\n<li><strong>\u00d6zel Tasar\u0131m<\/strong>: M\u00fc\u015fteri ihtiya\u00e7lar\u0131na g\u00f6re farkl\u0131 \u00f6zellikleri, boyutlar\u0131 ve 10 renge kadar bask\u0131 gereksinimlerini kar\u015f\u0131lamak i\u00e7in ki\u015fiselle\u015ftirilmi\u015f tasar\u0131m \u00e7\u00f6z\u00fcmleri sa\u011flay\u0131n, OEM ve ODM \u00f6zelle\u015ftirmesini destekleyin.<\/li>\n<li><strong>Kalite G\u00fcvence<\/strong>: \u0130stikrarl\u0131 ve g\u00fcvenilir \u00fcr\u00fcn kalitesi sa\u011flamak i\u00e7in y\u00fcksek kaliteli hammaddeler ve geli\u015fmi\u015f \u00fcretim ekipmanlar\u0131 kullanarak \u00fcretim s\u00fcrecini s\u0131k\u0131 bir \u015fekilde kontrol edin.<\/li>\n<li><strong>Profesyonel Teknik Destek<\/strong>: Deneyimli teknik ekibimizle, m\u00fc\u015fterilerin ihtiya\u00e7lar\u0131n\u0131n derhal yan\u0131tlanmas\u0131n\u0131 ve \u00e7\u00f6z\u00fclmesini sa\u011flamak i\u00e7in profesyonel teknik destek ve sat\u0131\u015f sonras\u0131 hizmet sa\u011fl\u0131yoruz.<\/li>\n<li><strong>\u00dccretsiz \u00d6rnek<\/strong>: \u00dcr\u00fcnleri de\u011ferlendirmeniz i\u00e7in \u00fccretsiz numune hizmeti sa\u011flay\u0131n.<\/li>\n<\/ul>\n<p>Huiyang Packaging, m\u00fc\u015fterilerimiz i\u00e7in \u00fcr\u00fcn imaj\u0131n\u0131 geli\u015ftiren ve pazar rekabet g\u00fcc\u00fcn\u00fc art\u0131ran y\u00fcksek kaliteli, \u00f6zel kahve ambalaj po\u015fetleri sunmaya kendini adam\u0131\u015ft\u0131r.<\/p>","protected":false},"featured_media":6463,"comment_status":"open","ping_status":"closed","template":"","meta":[],"product_brand":[],"product_cat":[55],"product_tag":[122,118],"class_list":{"0":"post-6492","1":"product","2":"type-product","3":"status-publish","4":"has-post-thumbnail","6":"product_cat-custom-coffee-packaging","7":"product_tag-gusset-pouch-manufacturer","8":"product_tag-quad-seal-bag-manufacturer","10":"first","11":"instock","12":"shipping-taxable","13":"product-type-simple"},"_links":{"self":[{"href":"https:\/\/www.hyflexpack.com\/tr\/wp-json\/wp\/v2\/product\/6492","targetHints":{"allow":["GET"]}}],"collection":[{"href":"https:\/\/www.hyflexpack.com\/tr\/wp-json\/wp\/v2\/product"}],"about":[{"href":"https:\/\/www.hyflexpack.com\/tr\/wp-json\/wp\/v2\/types\/product"}],"replies":[{"embeddable":true,"href":"https:\/\/www.hyflexpack.com\/tr\/wp-json\/wp\/v2\/comments?post=6492"}],"wp:featuredmedia":[{"embeddable":true,"href":"https:\/\/www.hyflexpack.com\/tr\/wp-json\/wp\/v2\/media\/6463"}],"wp:attachment":[{"href":"https:\/\/www.hyflexpack.com\/tr\/wp-json\/wp\/v2\/media?parent=6492"}],"wp:term":[{"taxonomy":"product_brand","embeddable":true,"href":"https:\/\/www.hyflexpack.com\/tr\/wp-json\/wp\/v2\/product_brand?post=6492"},{"taxonomy":"product_cat","embeddable":true,"href":"https:\/\/www.hyflexpack.com\/tr\/wp-json\/wp\/v2\/product_cat?post=6492"},{"taxonomy":"product_tag","embeddable":true,"href":"https:\/\/www.hyflexpack.com\/tr\/wp-json\/wp\/v2\/product_tag?post=6492"}],"curies":[{"name":"wp","href":"https:\/\/api.w.org\/{rel}","templated":true}]}}