{"id":6489,"date":"2025-04-09T19:22:00","date_gmt":"2025-04-09T19:22:00","guid":{"rendered":"https:\/\/www.hyflexpack.com\/?post_type=product&#038;p=6489"},"modified":"2025-10-23T08:14:18","modified_gmt":"2025-10-23T08:14:18","slug":"custom-cocoa-powder-packaging-bag","status":"publish","type":"product","link":"https:\/\/www.hyflexpack.com\/tr\/product\/custom-cocoa-powder-packaging-bag\/","title":{"rendered":"\u00d6zel Plastik Kakao Tozu Ambalaj Torbas\u0131, Lamine Is\u0131 Yal\u0131t\u0131ml\u0131 Yan K\u00f6r\u00fckl\u00fc D\u0131\u015f Torba"},"content":{"rendered":"<div class=\"wp-block-columns is-layout-flex wp-container-core-columns-is-layout-9d6595d7 wp-block-columns-is-layout-flex\">\n<div class=\"wp-block-column is-layout-flow wp-block-column-is-layout-flow\">\n<h2 class=\"wp-block-heading\">\u00d6zel Plastik Cocoapowder Ambalaj Torbas\u0131n\u0131n \u00d6zellikleri<\/h2>\n\n\n\n<ul class=\"wp-block-list\">\n<li>\u00c7evre dostu malzemeler: \u00d6zel Plastik Cocoapowder Ambalaj Torbam\u0131z, g\u00fcvenlik ve dayan\u0131kl\u0131l\u0131k sa\u011flamak i\u00e7in y\u00fcksek kaliteli plastik ve lamine malzemeler kullan\u0131r. 2. G\u0131da s\u0131n\u0131f\u0131 y\u00fcksek bariyerli malzemeler: \u00d6zelle\u015ftirilmi\u015f yumu\u015fak ambalaj po\u015fetleri, \u00fcr\u00fcn\u00fcn kurulu\u011funu ve g\u00fcvenli\u011fini sa\u011flamak, neme dayan\u0131kl\u0131, oksidasyon \u00f6nleyici ve raf \u00f6mr\u00fcn\u00fc uzatmak i\u00e7in PET, PE, al\u00fcminyum folyo vb. gibi \u00e7evre dostu y\u00fcksek bariyerli antistatik malzemeler kullan\u0131r. 3. Geli\u015fmi\u015f \u0131s\u0131yla yap\u0131\u015ft\u0131rma teknolojisi, sa\u011flam ve s\u0131k\u0131 bir s\u0131zd\u0131rmazl\u0131k, p\u00fcr\u00fczs\u00fcz bir g\u00f6r\u00fcn\u00fcm sa\u011flar, s\u0131z\u0131nt\u0131y\u0131 \u00f6nler ve paketleme ihtiya\u00e7lar\u0131n\u0131 tam olarak kar\u015f\u0131lar. 4. \u00c7e\u015fitli torba tasar\u0131mlar\u0131 sa\u011flay\u0131n: Torba t\u00fcrlerini pazar konumland\u0131rmas\u0131na g\u00f6re \u00f6zelle\u015ftirin.<\/li>\n<\/ul>\n<\/div>\n\n\n\n<div class=\"wp-block-column is-layout-flow wp-block-column-is-layout-flow\">\n<figure class=\"wp-block-image size-full\"><img fetchpriority=\"high\" decoding=\"async\" width=\"750\" height=\"750\" src=\"https:\/\/www.hyflexpack.com\/wp-content\/uploads\/2025\/03\/Custom-Plastic-Cocoapowder-Packaging-Pouch-1.webp\" alt=\"\u00d6zel Plastik Cocoapowder Ambalaj \u00e7antas\u0131\" class=\"wp-image-6466\" srcset=\"https:\/\/www.hyflexpack.com\/wp-content\/uploads\/2025\/03\/Custom-Plastic-Cocoapowder-Packaging-Pouch-1.webp 750w, https:\/\/www.hyflexpack.com\/wp-content\/uploads\/2025\/03\/Custom-Plastic-Cocoapowder-Packaging-Pouch-1-300x300.webp 300w, https:\/\/www.hyflexpack.com\/wp-content\/uploads\/2025\/03\/Custom-Plastic-Cocoapowder-Packaging-Pouch-1-150x150.webp 150w, https:\/\/www.hyflexpack.com\/wp-content\/uploads\/2025\/03\/Custom-Plastic-Cocoapowder-Packaging-Pouch-1-12x12.webp 12w, https:\/\/www.hyflexpack.com\/wp-content\/uploads\/2025\/03\/Custom-Plastic-Cocoapowder-Packaging-Pouch-1-285x285.webp 285w, https:\/\/www.hyflexpack.com\/wp-content\/uploads\/2025\/03\/Custom-Plastic-Cocoapowder-Packaging-Pouch-1-270x270.webp 270w, https:\/\/www.hyflexpack.com\/wp-content\/uploads\/2025\/03\/Custom-Plastic-Cocoapowder-Packaging-Pouch-1-540x540.webp 540w, https:\/\/www.hyflexpack.com\/wp-content\/uploads\/2025\/03\/Custom-Plastic-Cocoapowder-Packaging-Pouch-1-660x660.webp 660w\" sizes=\"(max-width: 750px) 100vw, 750px\" \/><\/figure>\n<\/div>\n<\/div>","protected":false},"excerpt":{"rendered":"<p>\u00d6zel Plastik Cocoapowder Ambalaj Torbam\u0131z\u0131n \u00e7evre dostu g\u0131da s\u0131n\u0131f\u0131 kompozit ambalaj filminden nas\u0131l yap\u0131ld\u0131\u011f\u0131n\u0131 \u00f6\u011frenin. E\u015fsiz kompozit yap\u0131s\u0131 sadece ambalaj\u0131n dayan\u0131kl\u0131l\u0131\u011f\u0131n\u0131 art\u0131rmakla kalmaz, ayn\u0131 zamanda d\u0131\u015far\u0131daki havay\u0131, nemi ve kokuyu etkili bir \u015fekilde engelleyerek kakao tozunun kalitesinin ve lezzetinin etkilenmemesini sa\u011flar. Is\u0131yla m\u00fch\u00fcrleme i\u015flemi m\u00fchr\u00fc sa\u011flamla\u015ft\u0131r\u0131r ve \u00fcr\u00fcn s\u0131z\u0131nt\u0131s\u0131n\u0131 \u00f6nler. Yan akordeon plise tasar\u0131m\u0131, \u00fcr\u00fcn depolama ve sergileme i\u00e7in uygun olan torban\u0131n kapasitesini b\u00fcy\u00fck \u00f6l\u00e7\u00fcde art\u0131r\u0131r. \u00d6zelle\u015ftirilmi\u015f hizmetler, benzersiz marka imaj\u0131n\u0131z\u0131 ve ambalaj ihtiya\u00e7lar\u0131n\u0131z\u0131 kar\u015f\u0131layabilir ve kakao tozu ambalaj\u0131 i\u00e7in idealdir. Fiyat teklifi i\u00e7in bug\u00fcn bize ula\u015f\u0131n. Tek elden \u00e7evre dostu ve y\u00fcksek kaliteli ambalaj \u00e7\u00f6z\u00fcmleri sunmay\u0131 taahh\u00fct ediyoruz. Y\u00fcksek Kaliteli \u00d6zel Plastik Cocoapowder Ambalaj Torbas\u0131n\u0131n Avantajlar\u0131 \u25cf\u00d6zelle\u015ftirilmi\u015f tasar\u0131m: M\u00fc\u015fteri ihtiya\u00e7lar\u0131n\u0131 kar\u015f\u0131lamak i\u00e7in malzeme, boyut ve bask\u0131 deseni \u00f6zelle\u015ftirmesi dahil olmak \u00fczere \u00f6zelle\u015ftirilmi\u015f ambalaj po\u015feti hizmetleri sa\u011fl\u0131yoruz ve OEM ve ODM'yi destekliyoruz. \u00dcretim: Geli\u015fmi\u015f ekipman ve teknoloji ile sipari\u015f \u00fcretimini verimli ve y\u00fcksek kalitede tamamlayabilir ve zaman\u0131nda teslim edebiliriz. Kalite denetimi: \u00dcretim, \u00fcr\u00fcnlerin standartlar\u0131 kar\u015f\u0131lad\u0131\u011f\u0131ndan emin olmak i\u00e7in kalite standartlar\u0131na ve g\u0131da g\u00fcvenli\u011fi gereksinimlerine s\u0131k\u0131 s\u0131k\u0131ya ba\u011fl\u0131 olarak ger\u00e7ekle\u015ftirilir. M\u00fc\u015fteri hizmetleri: G\u00fcn\u00fcn 24 saati h\u0131zl\u0131 yan\u0131t ve \u00f6zenli m\u00fc\u015fteri hizmetleri deste\u011fi sa\u011flay\u0131n. \u00dccretsiz numune: \u00dcr\u00fcn\u00fc de\u011ferlendirmeniz i\u00e7in \u00fccretsiz numune hizmeti sa\u011flay\u0131n. Huiyang Packaging, m\u00fc\u015fterilerine y\u00fcksek kaliteli \u00d6zel Plastik Cocoapowder Ambalaj Torbas\u0131 sunmay\u0131, m\u00fc\u015fterilerin \u00fcr\u00fcn imajlar\u0131n\u0131 iyile\u015ftirmelerine ve pazar rekabet g\u00fc\u00e7lerini art\u0131rmalar\u0131na yard\u0131mc\u0131 olmay\u0131 taahh\u00fct eder.<\/p>","protected":false},"featured_media":6466,"comment_status":"open","ping_status":"closed","template":"","meta":[],"product_brand":[],"product_cat":[55],"product_tag":[],"class_list":{"0":"post-6489","1":"product","2":"type-product","3":"status-publish","4":"has-post-thumbnail","6":"product_cat-custom-coffee-packaging","8":"first","9":"instock","10":"shipping-taxable","11":"product-type-simple"},"_links":{"self":[{"href":"https:\/\/www.hyflexpack.com\/tr\/wp-json\/wp\/v2\/product\/6489","targetHints":{"allow":["GET"]}}],"collection":[{"href":"https:\/\/www.hyflexpack.com\/tr\/wp-json\/wp\/v2\/product"}],"about":[{"href":"https:\/\/www.hyflexpack.com\/tr\/wp-json\/wp\/v2\/types\/product"}],"replies":[{"embeddable":true,"href":"https:\/\/www.hyflexpack.com\/tr\/wp-json\/wp\/v2\/comments?post=6489"}],"wp:featuredmedia":[{"embeddable":true,"href":"https:\/\/www.hyflexpack.com\/tr\/wp-json\/wp\/v2\/media\/6466"}],"wp:attachment":[{"href":"https:\/\/www.hyflexpack.com\/tr\/wp-json\/wp\/v2\/media?parent=6489"}],"wp:term":[{"taxonomy":"product_brand","embeddable":true,"href":"https:\/\/www.hyflexpack.com\/tr\/wp-json\/wp\/v2\/product_brand?post=6489"},{"taxonomy":"product_cat","embeddable":true,"href":"https:\/\/www.hyflexpack.com\/tr\/wp-json\/wp\/v2\/product_cat?post=6489"},{"taxonomy":"product_tag","embeddable":true,"href":"https:\/\/www.hyflexpack.com\/tr\/wp-json\/wp\/v2\/product_tag?post=6489"}],"curies":[{"name":"wp","href":"https:\/\/api.w.org\/{rel}","templated":true}]}}