{"id":6423,"date":"2025-03-14T10:09:17","date_gmt":"2025-03-14T10:09:17","guid":{"rendered":"https:\/\/www.hyflexpack.com\/?post_type=product&#038;p=6423"},"modified":"2025-03-14T10:09:19","modified_gmt":"2025-03-14T10:09:19","slug":"custom-coffee-bean-bags-wholesale","status":"publish","type":"product","link":"https:\/\/www.hyflexpack.com\/tr\/product\/custom-coffee-bean-bags-wholesale\/","title":{"rendered":"\u00d6zel Kahve \u00c7ekirde\u011fi Torbalar\u0131 Toptan Kraft Ka\u011f\u0131t Torba Plastik Valfli Stand Up"},"content":{"rendered":"<div class=\"wp-block-columns is-layout-flex wp-container-core-columns-is-layout-9d6595d7 wp-block-columns-is-layout-flex\">\n<div class=\"wp-block-column is-layout-flow wp-block-column-is-layout-flow\">\n<h2 class=\"wp-block-heading\">Valfli \u00d6zel Kahve \u00c7ekirde\u011fi Torbalar\u0131n\u0131n \u00d6zellikleri<\/h2>\n\n\n\n<ul class=\"wp-block-list\">\n<li>\u00c7evre dostu malzemeler: Valfli \u00d6zel Kahve \u00c7ekirde\u011fi Torbam\u0131z, torban\u0131n hava ge\u00e7irmezli\u011fini ve dayan\u0131kl\u0131l\u0131\u011f\u0131n\u0131 sa\u011flamak i\u00e7in g\u0131da s\u0131n\u0131f\u0131 y\u00fcksek yo\u011funluklu polietilen (HDPE) veya al\u00fcminyum folyo ve kraft ka\u011f\u0131ttan yap\u0131lm\u0131\u015ft\u0131r. <\/li>\n\n\n\n<li>Torba, demleme s\u0131ras\u0131nda hava bas\u0131nc\u0131n\u0131n kontrol\u00fcn\u00fc kolayla\u015ft\u0131rmak ve kahve \u00e7ekirdeklerinin lezzetini ve \u00e7\u00f6z\u00fcn\u00fcrl\u00fc\u011f\u00fcn\u00fc sa\u011flamak i\u00e7in bir hava valfi ile donat\u0131lm\u0131\u015ft\u0131r. <\/li>\n\n\n\n<li>Fermuarl\u0131 m\u00fch\u00fcr: Yerle\u015fik fermuarl\u0131 conta, kahveyi kuru ve g\u00fcvenli tutmak i\u00e7in contay\u0131 birden \u00e7ok kez a\u00e7mak i\u00e7in uygundur. <\/li>\n\n\n\n<li>\u00c7e\u015fitli \u00e7anta tasar\u0131mlar\u0131 sa\u011flay\u0131n: \u00c7anta tipini pazar konumland\u0131rmas\u0131na g\u00f6re \u00f6zelle\u015ftirin.<\/li>\n<\/ul>\n<\/div>\n\n\n\n<div class=\"wp-block-column is-layout-flow wp-block-column-is-layout-flow\">\n<figure class=\"wp-block-image size-full\"><img fetchpriority=\"high\" decoding=\"async\" width=\"750\" height=\"750\" src=\"https:\/\/www.hyflexpack.com\/wp-content\/uploads\/2025\/03\/3424.jpg\" alt=\"Valfli \u00d6zel Kahve \u00c7ekirde\u011fi Torbas\u0131\" class=\"wp-image-6403\" srcset=\"https:\/\/www.hyflexpack.com\/wp-content\/uploads\/2025\/03\/3424.jpg 750w, https:\/\/www.hyflexpack.com\/wp-content\/uploads\/2025\/03\/3424-300x300.jpg 300w, https:\/\/www.hyflexpack.com\/wp-content\/uploads\/2025\/03\/3424-150x150.jpg 150w, https:\/\/www.hyflexpack.com\/wp-content\/uploads\/2025\/03\/3424-12x12.jpg 12w, https:\/\/www.hyflexpack.com\/wp-content\/uploads\/2025\/03\/3424-285x285.jpg 285w, https:\/\/www.hyflexpack.com\/wp-content\/uploads\/2025\/03\/3424-270x270.jpg 270w, https:\/\/www.hyflexpack.com\/wp-content\/uploads\/2025\/03\/3424-540x540.jpg 540w, https:\/\/www.hyflexpack.com\/wp-content\/uploads\/2025\/03\/3424-660x660.jpg 660w\" sizes=\"(max-width: 750px) 100vw, 750px\" \/><\/figure>\n<\/div>\n<\/div>\n\n\n\n<p><\/p>","protected":false},"excerpt":{"rendered":"<p>Valfli \u00d6zel kahve \u00e7ekirde\u011fi torbam\u0131z hakk\u0131nda bilgi edinin. Plastik, kraft ka\u011f\u0131t ve al\u00fcminyum folyodan yap\u0131lm\u0131\u015f olup, torba i\u00e7in iyi bariyer \u00f6zellikleri sa\u011flar. D\u00fcz tabanl\u0131 tasar\u0131m, kahve de dahil olmak \u00fczere \u00e7e\u015fitli \u00fcr\u00fcnler i\u00e7in uygun olan m\u00fckemmel stabilite ve mukavemete sahiptir. Y\u00fczey, neme dayan\u0131kl\u0131, a\u015f\u0131nmaya diren\u00e7li ve dayan\u0131kl\u0131 plastik kompozit ile i\u015flenmi\u015ftir. Bu ambalaj, marka, i\u015flev veya g\u00f6r\u00fcn\u00fcm i\u00e7in \u015firketin \u00f6zel ihtiya\u00e7lar\u0131n\u0131 kar\u015f\u0131layacak \u015fekilde uyarlanabilir. Fiyat teklifi i\u00e7in bug\u00fcn bize ula\u015f\u0131n. Tek elden \u00e7evre dostu ve y\u00fcksek kaliteli ambalaj \u00e7\u00f6z\u00fcmleri sunmaya kararl\u0131y\u0131z.<\/p>\n<h2>\u00d6zel Kahve \u00c7ekirde\u011fi Torbas\u0131 Toptanc\u0131s\u0131n\u0131n Avantajlar\u0131<\/h2>\n<ul>\n<li>\u00d6zel tasar\u0131m: M\u00fc\u015fteri ihtiya\u00e7lar\u0131n\u0131 kar\u015f\u0131lamak i\u00e7in malzeme, boyut ve bask\u0131 deseni \u00f6zelle\u015ftirmesi dahil olmak \u00fczere \u00f6zelle\u015ftirilmi\u015f ambalaj po\u015feti hizmetleri sa\u011fl\u0131yor ve OEM ve ODM'yi destekliyoruz.<\/li>\n<li>\u00dcretim: Geli\u015fmi\u015f ekipman ve teknoloji ile sipari\u015f \u00fcretimini verimli ve y\u00fcksek kalitede tamamlayabilir ve zaman\u0131nda teslim edebiliriz. Kalite denetimi: \u00dcretim, \u00fcr\u00fcnlerin standartlar\u0131 kar\u015f\u0131lad\u0131\u011f\u0131ndan emin olmak i\u00e7in kalite standartlar\u0131na ve g\u0131da g\u00fcvenli\u011fi gerekliliklerine s\u0131k\u0131 s\u0131k\u0131ya ba\u011fl\u0131 olarak ger\u00e7ekle\u015ftirilir.<\/li>\n<li>M\u00fc\u015fteri hizmetleri: G\u00fcn\u00fcn 24 saati h\u0131zl\u0131 yan\u0131t ve \u00f6zenli m\u00fc\u015fteri hizmetleri deste\u011fi sa\u011flay\u0131n.<\/li>\n<li>\u00dccretsiz numune: \u00dcr\u00fcn\u00fc de\u011ferlendirebilmeniz i\u00e7in \u00fccretsiz numune hizmeti sa\u011flay\u0131n.<\/li>\n<\/ul>\n<p>Huiyang Packaging, m\u00fc\u015fterilerine valfli y\u00fcksek kaliteli \u00f6zel kahve \u00e7ekirde\u011fi torbalar\u0131 sunmay\u0131, m\u00fc\u015fterilerin \u00fcr\u00fcn imajlar\u0131n\u0131 iyile\u015ftirmelerine ve pazar rekabet g\u00fc\u00e7lerini art\u0131rmalar\u0131na yard\u0131mc\u0131 olmay\u0131 taahh\u00fct eder.<\/p>","protected":false},"featured_media":6403,"comment_status":"open","ping_status":"closed","template":"","meta":[],"product_brand":[],"product_cat":[55],"product_tag":[83],"class_list":{"0":"post-6423","1":"product","2":"type-product","3":"status-publish","4":"has-post-thumbnail","6":"product_cat-custom-coffee-packaging","7":"product_tag-coffee-bags-with-valve-wholesale","9":"first","10":"instock","11":"shipping-taxable","12":"product-type-simple"},"_links":{"self":[{"href":"https:\/\/www.hyflexpack.com\/tr\/wp-json\/wp\/v2\/product\/6423","targetHints":{"allow":["GET"]}}],"collection":[{"href":"https:\/\/www.hyflexpack.com\/tr\/wp-json\/wp\/v2\/product"}],"about":[{"href":"https:\/\/www.hyflexpack.com\/tr\/wp-json\/wp\/v2\/types\/product"}],"replies":[{"embeddable":true,"href":"https:\/\/www.hyflexpack.com\/tr\/wp-json\/wp\/v2\/comments?post=6423"}],"wp:featuredmedia":[{"embeddable":true,"href":"https:\/\/www.hyflexpack.com\/tr\/wp-json\/wp\/v2\/media\/6403"}],"wp:attachment":[{"href":"https:\/\/www.hyflexpack.com\/tr\/wp-json\/wp\/v2\/media?parent=6423"}],"wp:term":[{"taxonomy":"product_brand","embeddable":true,"href":"https:\/\/www.hyflexpack.com\/tr\/wp-json\/wp\/v2\/product_brand?post=6423"},{"taxonomy":"product_cat","embeddable":true,"href":"https:\/\/www.hyflexpack.com\/tr\/wp-json\/wp\/v2\/product_cat?post=6423"},{"taxonomy":"product_tag","embeddable":true,"href":"https:\/\/www.hyflexpack.com\/tr\/wp-json\/wp\/v2\/product_tag?post=6423"}],"curies":[{"name":"wp","href":"https:\/\/api.w.org\/{rel}","templated":true}]}}