{"id":6362,"date":"2025-03-01T07:58:36","date_gmt":"2025-03-01T07:58:36","guid":{"rendered":"https:\/\/www.hyflexpack.com\/?post_type=product&#038;p=6362"},"modified":"2025-10-23T08:17:11","modified_gmt":"2025-10-23T08:17:11","slug":"custom-cookie-bags-with-logo","status":"publish","type":"product","link":"https:\/\/www.hyflexpack.com\/tr\/product\/custom-cookie-bags-with-logo\/","title":{"rendered":"Logolu \u00d6zel \u00c7erez Torbalar\u0131, \u00c7evre Dostu Stand Up Torbalar Toptanc\u0131s\u0131"},"content":{"rendered":"<div class=\"wp-block-columns is-layout-flex wp-container-core-columns-is-layout-9d6595d7 wp-block-columns-is-layout-flex\">\n<div class=\"wp-block-column is-layout-flow wp-block-column-is-layout-flow\">\n<h3 class=\"wp-block-heading\">Logolu \u00d6zel Kurabiye Torbalar\u0131n\u0131n \u00d6zellikleri<\/h3>\n\n\n\n<ul class=\"wp-block-list\">\n<li><strong>Ayakta Kese Tasar\u0131m\u0131<\/strong>: Logolu \u00f6zel kurabiye po\u015fetleri, s\u00fcpermarketlerde veya perakende ma\u011fazalar\u0131nda daha iyi raf te\u015fhiri sa\u011flamak i\u00e7in stand-up yap\u0131da yap\u0131l\u0131r. Kurabiye, kuruyemi\u015f, \u015fekerleme vb. her t\u00fcrl\u00fc g\u0131day\u0131 taze, neme ve toza kar\u015f\u0131 korumal\u0131 olarak paketlemek i\u00e7in m\u00fckemmeldir.<\/li>\n\n\n\n<li><strong>Kullan\u0131\u015fl\u0131 Fermuar<\/strong>: Kapal\u0131 fermuarl\u0131 tasarlanm\u0131\u015f dik duran po\u015fetler s\u0131k s\u0131k a\u00e7\u0131l\u0131p kapanmay\u0131 sa\u011flar, t\u00fcketiciler i\u00e7in kullan\u0131m\u0131 kolayd\u0131r ve g\u0131dalar\u0131n tazelik s\u00fcresini verimli bir \u015fekilde uzat\u0131r. \u0130kincil ambalaj ihtiya\u00e7lar\u0131n\u0131 minimumda tutarken geri d\u00f6n\u00fc\u015ft\u00fcr\u00fclmesi gereken ambalajlar i\u00e7in idealdir.<\/li>\n\n\n\n<li><strong>Asma Delik Tasar\u0131m\u0131<\/strong>: Toptan dik duran po\u015fetler, \u00fcst k\u0131s\u0131mda asma deliklerine sahiptir ve s\u00fcpermarketlerin sat\u0131\u015f a\u00e7\u0131s\u0131ndan promosyonel ama\u00e7lar sa\u011flamak i\u00e7in bunlar\u0131 asmas\u0131na ve bir markan\u0131n g\u00f6r\u00fcn\u00fcrl\u00fc\u011f\u00fcn\u00fcn yan\u0131 s\u0131ra sat\u0131\u015f beklentilerini art\u0131rmas\u0131na olanak tan\u0131r. Terminal raflar\u0131, marketler ve sat\u0131\u015f te\u015fhir raflar\u0131 terminal sat\u0131\u015flar\u0131n\u0131n iyile\u015ftirilmesi i\u00e7in uygundur.<\/li>\n\n\n\n<li><strong>Y\u00fcksek bariyerli Laminat<\/strong>: PET\/AL\/PE veya Kraft\/PE'nin \u00e7oklu katmanlar\u0131ndan olu\u015fan kompozit malzemeler, \u00fcr\u00fcn\u00fcn kalitesini ve lezzetini korumak i\u00e7in m\u00fckemmel oksijen bariyeri, nem bariyeri ve \u0131\u015f\u0131k bariyeri \u00f6zellikleri sa\u011flamak i\u00e7in kullan\u0131l\u0131r.<\/li>\n\n\n\n<li><strong>Yarat\u0131c\u0131 ve \u00d6zel Tasar\u0131mlar<\/strong>: Logolu \u00f6zel kurabiye po\u015fetleri, \u015firket logolar\u0131, tasar\u0131mlar, \u00fcr\u00fcn a\u00e7\u0131klamalar\u0131 ve ek bilgilerle \u00f6zelle\u015ftirilebilen y\u00fcksek \u00e7\u00f6z\u00fcn\u00fcrl\u00fckl\u00fc bask\u0131 sa\u011flar. \u00c7evre dostu m\u00fcrekkeplerle bas\u0131lm\u0131\u015ft\u0131r, tehlikeli kimyasallar i\u00e7ermez ve g\u0131da g\u00fcvenli\u011fi onayl\u0131d\u0131r.<\/li>\n\n\n\n<li><strong>\u00c7evre Koruma ve S\u00fcrd\u00fcr\u00fclebilirlik<\/strong>: K\u00fcresel ye\u015fil ambalaj trendine uygun olarak \u00e7evre \u00fczerindeki etkiyi azaltmak i\u00e7in PLA, biyolojik olarak par\u00e7alanabilir PE vb. gibi geri d\u00f6n\u00fc\u015ft\u00fcr\u00fclebilir veya biyolojik olarak par\u00e7alanabilir malzemeler kullan\u0131n. \u00dcretim s\u00fcrecinde solvent kullan\u0131m\u0131n\u0131n azalt\u0131lmas\u0131 karbon emisyonlar\u0131n\u0131 azalt\u0131r ve ISO \u00e7evre sertifikasyon standartlar\u0131na uygundur.<\/li>\n\n\n\n<li><strong>\u00c7oklu Boyut ve Uygulanabilirlik<\/strong>: K\u00fc\u00e7\u00fck perakende ambalajlardan m\u00fc\u015fteri ihtiya\u00e7lar\u0131n\u0131 kar\u015f\u0131layacak \u015fekilde uyarlanabilen b\u00fcy\u00fck aile ambalaj kapasitesine kadar \u00e7e\u015fitli boyut \u00f6zellikleri sa\u011flay\u0131n. Pazar rekabet\u00e7ili\u011fini art\u0131rmak i\u00e7in e-ticaret, s\u00fcpermarketler, marka zincir ma\u011fazalar\u0131 ve di\u011fer kanallara uygulanabilir.<\/li>\n<\/ul>\n<\/div>\n\n\n\n<div class=\"wp-block-column is-layout-flow wp-block-column-is-layout-flow\">\n<figure class=\"wp-block-image size-full\"><img fetchpriority=\"high\" decoding=\"async\" width=\"750\" height=\"750\" src=\"https:\/\/www.hyflexpack.com\/wp-content\/uploads\/2025\/03\/Custom-Cookie-Bags-with-Logo-4.webp\" alt=\"Logo-4 ile \u00d6zel Kurabiye Torbalar\u0131\" class=\"wp-image-6385\" srcset=\"https:\/\/www.hyflexpack.com\/wp-content\/uploads\/2025\/03\/Custom-Cookie-Bags-with-Logo-4.webp 750w, https:\/\/www.hyflexpack.com\/wp-content\/uploads\/2025\/03\/Custom-Cookie-Bags-with-Logo-4-300x300.webp 300w, https:\/\/www.hyflexpack.com\/wp-content\/uploads\/2025\/03\/Custom-Cookie-Bags-with-Logo-4-150x150.webp 150w, https:\/\/www.hyflexpack.com\/wp-content\/uploads\/2025\/03\/Custom-Cookie-Bags-with-Logo-4-12x12.webp 12w, https:\/\/www.hyflexpack.com\/wp-content\/uploads\/2025\/03\/Custom-Cookie-Bags-with-Logo-4-285x285.webp 285w, https:\/\/www.hyflexpack.com\/wp-content\/uploads\/2025\/03\/Custom-Cookie-Bags-with-Logo-4-270x270.webp 270w, https:\/\/www.hyflexpack.com\/wp-content\/uploads\/2025\/03\/Custom-Cookie-Bags-with-Logo-4-540x540.webp 540w, https:\/\/www.hyflexpack.com\/wp-content\/uploads\/2025\/03\/Custom-Cookie-Bags-with-Logo-4-660x660.webp 660w\" sizes=\"(max-width: 750px) 100vw, 750px\" \/><\/figure>\n<\/div>\n<\/div>\n\n\n\n<p><\/p>","protected":false},"excerpt":{"rendered":"<p>Huiyang Packaging, marka sunumunu geli\u015ftirmek i\u00e7in \u00e7evre dostu geri d\u00f6n\u00fc\u015ft\u00fcr\u00fclebilir malzemelerden yap\u0131lm\u0131\u015f, fermuarl\u0131 ve asma delikleriyle donat\u0131lm\u0131\u015f dik duran po\u015fetler olan Logolu \u00f6zel kurabiye po\u015fetleri sunar. \u00dccretsiz tasar\u0131m ve numune, h\u0131zl\u0131 \u00f6zelle\u015ftirme i\u00e7in ileti\u015fime ge\u00e7in!<\/p>\n<h3>Logolu Kurabiye Torbalar\u0131n\u0131n \u00d6zellikleri<\/h3>\n<p>Malzeme PLA, BOPP PE, PP, EVOH, vb.<br \/>Boyut: \u00d6zelle\u015ftirilmi\u015f Mevcut<br \/>Tip Fermuarl\u0131 Stand Up K\u0131l\u0131f\u0131,<br \/>Renk: \u00d6zelle\u015ftirilmi\u015f<br \/>\u00d6zel Sipari\u015f:\u00a0<a href=\"https:\/\/www.hyflexpack.com\/tr\/ozel-esnek-ambalajlar\/\"><strong>OEM ve ODM kabul edin<\/strong><\/a><br \/>Y\u00fczey \u0130\u015fleme: Grav\u00fcr Bask\u0131<br \/>Sertifikasyon: ISO, BRC, FDA Sertifikal\u0131<br \/>\u00dccretsiz \u00d6rnek: Destek<br \/>Adedi: 10000psc<\/p>","protected":false},"featured_media":6382,"comment_status":"open","ping_status":"closed","template":"","meta":[],"product_brand":[],"product_cat":[57],"product_tag":[],"class_list":{"0":"post-6362","1":"product","2":"type-product","3":"status-publish","4":"has-post-thumbnail","6":"product_cat-snack-packaging-bags-wholesale","8":"first","9":"instock","10":"shipping-taxable","11":"product-type-simple"},"_links":{"self":[{"href":"https:\/\/www.hyflexpack.com\/tr\/wp-json\/wp\/v2\/product\/6362","targetHints":{"allow":["GET"]}}],"collection":[{"href":"https:\/\/www.hyflexpack.com\/tr\/wp-json\/wp\/v2\/product"}],"about":[{"href":"https:\/\/www.hyflexpack.com\/tr\/wp-json\/wp\/v2\/types\/product"}],"replies":[{"embeddable":true,"href":"https:\/\/www.hyflexpack.com\/tr\/wp-json\/wp\/v2\/comments?post=6362"}],"wp:featuredmedia":[{"embeddable":true,"href":"https:\/\/www.hyflexpack.com\/tr\/wp-json\/wp\/v2\/media\/6382"}],"wp:attachment":[{"href":"https:\/\/www.hyflexpack.com\/tr\/wp-json\/wp\/v2\/media?parent=6362"}],"wp:term":[{"taxonomy":"product_brand","embeddable":true,"href":"https:\/\/www.hyflexpack.com\/tr\/wp-json\/wp\/v2\/product_brand?post=6362"},{"taxonomy":"product_cat","embeddable":true,"href":"https:\/\/www.hyflexpack.com\/tr\/wp-json\/wp\/v2\/product_cat?post=6362"},{"taxonomy":"product_tag","embeddable":true,"href":"https:\/\/www.hyflexpack.com\/tr\/wp-json\/wp\/v2\/product_tag?post=6362"}],"curies":[{"name":"wp","href":"https:\/\/api.w.org\/{rel}","templated":true}]}}