{"id":6361,"date":"2025-10-12T19:50:55","date_gmt":"2025-10-12T19:50:55","guid":{"rendered":"https:\/\/www.hyflexpack.com\/?post_type=product&#038;p=6361"},"modified":"2026-01-03T09:44:23","modified_gmt":"2026-01-03T09:44:23","slug":"custom-cookies-packages-manufacturer","status":"publish","type":"product","link":"https:\/\/www.hyflexpack.com\/tr\/product\/custom-cookies-packages-manufacturer\/","title":{"rendered":"\u00d6zel \u00c7erez Paketleri Plastik Lamine Stand Up Torbalar \u00dcreticileri"},"content":{"rendered":"<div class=\"wp-block-columns is-layout-flex wp-container-core-columns-is-layout-9d6595d7 wp-block-columns-is-layout-flex\">\n<div class=\"wp-block-column is-layout-flow wp-block-column-is-layout-flow\">\n<h2 class=\"wp-block-heading\">\u00d6zel \u00c7erez Paketlerinin \u00d6zellikleri<\/h2>\n\n\n\n<ul class=\"wp-block-list\">\n<li>\u00d6zel \u00c7erez Paketimiz, m\u00fckemmel nem direncine sahip, d\u0131\u015f nemi etkili bir \u015fekilde izole eden plastik kompozit teknolojisini benimser; iyi oksijen izolasyonu, \u00e7erezlerin oksidasyonunu ve bozulmas\u0131n\u0131 \u00f6nler; ve m\u00fckemmel \u0131\u015f\u0131k korumas\u0131, \u0131\u015f\u0131\u011f\u0131n \u00e7erezlerin kalitesi \u00fczerindeki etkisini \u00f6nler ve \u00e7erezlerin gevrek tad\u0131n\u0131 ve tazeli\u011fini tamamen korur. 2. Fermuarl\u0131 conta: dahili fermuarl\u0131 conta, contay\u0131 birden \u00e7ok kez a\u00e7mak i\u00e7in uygun, yiyecekleri kuru tutar, ha\u015ferelerin ve d\u0131\u015f havan\u0131n girmesini \u00f6nler. 3. \u00c7e\u015fitli \u00e7anta tasar\u0131mlar\u0131 sa\u011flay\u0131n: \u00e7anta t\u00fcrlerini pazar konumland\u0131rmas\u0131na g\u00f6re \u00f6zelle\u015ftirin.<\/li>\n<\/ul>\n<\/div>\n\n\n\n<div class=\"wp-block-column is-layout-flow wp-block-column-is-layout-flow\">\n<figure class=\"wp-block-image size-full\"><img fetchpriority=\"high\" decoding=\"async\" width=\"750\" height=\"750\" src=\"https:\/\/www.hyflexpack.com\/wp-content\/uploads\/2025\/02\/Custom-Cookies-Packages-1.jpg\" alt=\"\u00d6zel Kurabiye Paketleri\" class=\"wp-image-6316\" srcset=\"https:\/\/www.hyflexpack.com\/wp-content\/uploads\/2025\/02\/Custom-Cookies-Packages-1.jpg 750w, https:\/\/www.hyflexpack.com\/wp-content\/uploads\/2025\/02\/Custom-Cookies-Packages-1-300x300.jpg 300w, https:\/\/www.hyflexpack.com\/wp-content\/uploads\/2025\/02\/Custom-Cookies-Packages-1-150x150.jpg 150w, https:\/\/www.hyflexpack.com\/wp-content\/uploads\/2025\/02\/Custom-Cookies-Packages-1-12x12.jpg 12w, https:\/\/www.hyflexpack.com\/wp-content\/uploads\/2025\/02\/Custom-Cookies-Packages-1-285x285.jpg 285w, https:\/\/www.hyflexpack.com\/wp-content\/uploads\/2025\/02\/Custom-Cookies-Packages-1-270x270.jpg 270w, https:\/\/www.hyflexpack.com\/wp-content\/uploads\/2025\/02\/Custom-Cookies-Packages-1-540x540.jpg 540w, https:\/\/www.hyflexpack.com\/wp-content\/uploads\/2025\/02\/Custom-Cookies-Packages-1-660x660.jpg 660w\" sizes=\"(max-width: 750px) 100vw, 750px\" \/><\/figure>\n<\/div>\n<\/div>\n\n\n\n<p><\/p>\n\n\n\n<p><\/p>","protected":false},"excerpt":{"rendered":"<p>\u00d6zel \u00c7erez Paketlerinin \u00d6zellikleri<\/p>","protected":false},"featured_media":6316,"comment_status":"open","ping_status":"closed","template":"","meta":[],"product_brand":[],"product_cat":[57],"product_tag":[116,124],"class_list":{"0":"post-6361","1":"product","2":"type-product","3":"status-publish","4":"has-post-thumbnail","6":"product_cat-snack-packaging-bags-wholesale","7":"product_tag-stand-up-pouch-manufacturer","8":"product_tag-zipper-pouch-manufacturer","10":"first","11":"instock","12":"shipping-taxable","13":"product-type-simple"},"_links":{"self":[{"href":"https:\/\/www.hyflexpack.com\/tr\/wp-json\/wp\/v2\/product\/6361","targetHints":{"allow":["GET"]}}],"collection":[{"href":"https:\/\/www.hyflexpack.com\/tr\/wp-json\/wp\/v2\/product"}],"about":[{"href":"https:\/\/www.hyflexpack.com\/tr\/wp-json\/wp\/v2\/types\/product"}],"replies":[{"embeddable":true,"href":"https:\/\/www.hyflexpack.com\/tr\/wp-json\/wp\/v2\/comments?post=6361"}],"wp:featuredmedia":[{"embeddable":true,"href":"https:\/\/www.hyflexpack.com\/tr\/wp-json\/wp\/v2\/media\/6316"}],"wp:attachment":[{"href":"https:\/\/www.hyflexpack.com\/tr\/wp-json\/wp\/v2\/media?parent=6361"}],"wp:term":[{"taxonomy":"product_brand","embeddable":true,"href":"https:\/\/www.hyflexpack.com\/tr\/wp-json\/wp\/v2\/product_brand?post=6361"},{"taxonomy":"product_cat","embeddable":true,"href":"https:\/\/www.hyflexpack.com\/tr\/wp-json\/wp\/v2\/product_cat?post=6361"},{"taxonomy":"product_tag","embeddable":true,"href":"https:\/\/www.hyflexpack.com\/tr\/wp-json\/wp\/v2\/product_tag?post=6361"}],"curies":[{"name":"wp","href":"https:\/\/api.w.org\/{rel}","templated":true}]}}