{"id":6350,"date":"2025-03-01T02:08:17","date_gmt":"2025-03-01T02:08:17","guid":{"rendered":"https:\/\/www.hyflexpack.com\/?post_type=product&#038;p=6350"},"modified":"2025-10-23T08:17:26","modified_gmt":"2025-10-23T08:17:26","slug":"custom-tortilla-chips-bag-supplier","status":"publish","type":"product","link":"https:\/\/www.hyflexpack.com\/tr\/product\/custom-tortilla-chips-bag-supplier\/","title":{"rendered":"\u00d6zel Tortilla Cips Torbas\u0131 Ambalaj\u0131, Geri D\u00f6n\u00fc\u015f\u00fcml\u00fc Yan K\u00f6r\u00fckl\u00fc Po\u015fet \u00dcreticisi"},"content":{"rendered":"<div class=\"wp-block-columns is-layout-flex wp-container-core-columns-is-layout-9d6595d7 wp-block-columns-is-layout-flex\">\n<div class=\"wp-block-column is-layout-flow wp-block-column-is-layout-flow\">\n<h2 class=\"wp-block-heading\">\u00d6zel Tortilla Cips Torbas\u0131n\u0131n \u00d6zellikleri<\/h2>\n\n\n\n<p><\/p>\n\n\n\n<ul class=\"wp-block-list\">\n<li><strong>Arka Conta Tasar\u0131m\u0131<\/strong>: \u00d6zel tortilla cipsi torbas\u0131, k\u00fc\u00e7\u00fck ve hava ge\u00e7irmez bir arka conta po\u015fetine sahiptir. \u00dcr\u00fcn i\u00e7in s\u0131zd\u0131rmazl\u0131k ve nem bariyeri \u00f6zellikleri sa\u011flar ve tortilla cipslerinin ve di\u011fer kuru \u00fcr\u00fcnlerin uzun raf \u00f6mr\u00fc depolanmas\u0131 ve ta\u015f\u0131nmas\u0131 i\u00e7in idealdir.<\/li>\n\n\n\n<li><strong>Yan K\u00f6\u015febent<\/strong>: Geri d\u00f6n\u00fc\u015ft\u00fcr\u00fclm\u00fc\u015f yan k\u00f6\u015febentli po\u015fet tasar\u0131m\u0131 ekstra kapasite sa\u011flar ve po\u015fet daha fazla \u00fcr\u00fcn alabilir. Farkl\u0131 paketleme ihtiya\u00e7lar\u0131na esnek bir \u015fekilde cevap verebilmek i\u00e7in 100g'dan 1kg'a kadar geni\u015f bir kapasite aral\u0131\u011f\u0131na sahibiz.<\/li>\n\n\n\n<li><strong>\u015eeffaf Pencere<\/strong>: \u015eeffaf pencere ambalaj\u0131, m\u00fc\u015fterilerin po\u015fetin i\u00e7indeki \u00fcr\u00fcn\u00fc g\u00f6rmesini sa\u011flar, \u00fcr\u00fcn\u00fcn g\u00f6r\u00fcn\u00fcm\u00fcn\u00fc ve kalitesini ortaya \u00e7\u0131karmas\u0131 gereken g\u0131da \u00fcr\u00fcnleri i\u00e7in uygundur ve m\u00fc\u015fterilerin \u00fcr\u00fcnlerle ilgili daha bilin\u00e7li kararlar vermesine olanak tan\u0131r.<\/li>\n\n\n\n<li><strong>Dayan\u0131kl\u0131 Malzeme<\/strong>: \u00d6zel tortilla cips torbas\u0131 \u00fcretiminde \u00fcst\u00fcn y\u0131rt\u0131lma direnci, a\u015f\u0131nma direnci ve nem direncine sahip y\u00fcksek kaliteli kompozit malzeme kullan\u0131l\u0131r. Malzeme, po\u015fetin i\u00e7indeki g\u0131day\u0131 uzun s\u00fcre kuru ve taze tutar, \u00fcr\u00fcn\u00fcn raf \u00f6mr\u00fcn\u00fc uzat\u0131r ve \u00fcr\u00fcn\u00fcn en iyi kalitesini korur.<\/li>\n\n\n\n<li><strong>\u00c7evresel S\u00fcrd\u00fcr\u00fclebilirlik ve Koruma<\/strong>: Geri d\u00f6n\u00fc\u015ft\u00fcr\u00fclm\u00fc\u015f yan k\u00f6\u015febentli po\u015fet, 100% geri d\u00f6n\u00fc\u015ft\u00fcr\u00fclebilir ambalaj malzemesi kullan\u0131r, b\u00f6ylece uluslararas\u0131 \u00e7evre standartlar\u0131n\u0131 kar\u015f\u0131lar ve \u00e7evre \u00fczerindeki etkisi azalt\u0131l\u0131r. Plastik kullan\u0131m\u0131n\u0131 azaltmay\u0131 ve \u00e7evrenin korunmas\u0131n\u0131 savunmay\u0131 ama\u00e7l\u0131yoruz.<\/li>\n\n\n\n<li><strong>\u00c7ok Boyutluluk ve \u00c7ok Y\u00f6nl\u00fcl\u00fck<\/strong>: M\u00fc\u015fterilerimize, \u00e7e\u015fitli \u00fcr\u00fcnlerin paketleme ihtiyac\u0131n\u0131 kar\u015f\u0131lamak i\u00e7in \u00e7ok \u00e7e\u015fitli boyutlarda ve kapasitelerde geri d\u00f6n\u00fc\u015ft\u00fcr\u00fclm\u00fc\u015f yan k\u00f6\u015febent po\u015fetler sunuyoruz. K\u00fc\u00e7\u00fck parti paketlemeden toplu paketlemeye kadar \u00e7ok y\u00f6nl\u00fc, \u00f6zelle\u015ftirilmi\u015f \u00e7\u00f6z\u00fcmlerimiz var.<\/li>\n<\/ul>\n<\/div>\n\n\n\n<div class=\"wp-block-column is-layout-flow wp-block-column-is-layout-flow\">\n<figure class=\"wp-block-image size-full\"><img fetchpriority=\"high\" decoding=\"async\" width=\"750\" height=\"750\" src=\"https:\/\/www.hyflexpack.com\/wp-content\/uploads\/2025\/03\/Custom-Plastic-Tortilla-Chips-Bag-5.webp\" alt=\"\u00d6zel-Tortilla-Cipsi-\u00c7anta-\u00dcretici-5\" class=\"wp-image-6366\" srcset=\"https:\/\/www.hyflexpack.com\/wp-content\/uploads\/2025\/03\/Custom-Plastic-Tortilla-Chips-Bag-5.webp 750w, https:\/\/www.hyflexpack.com\/wp-content\/uploads\/2025\/03\/Custom-Plastic-Tortilla-Chips-Bag-5-300x300.webp 300w, https:\/\/www.hyflexpack.com\/wp-content\/uploads\/2025\/03\/Custom-Plastic-Tortilla-Chips-Bag-5-150x150.webp 150w, https:\/\/www.hyflexpack.com\/wp-content\/uploads\/2025\/03\/Custom-Plastic-Tortilla-Chips-Bag-5-12x12.webp 12w, https:\/\/www.hyflexpack.com\/wp-content\/uploads\/2025\/03\/Custom-Plastic-Tortilla-Chips-Bag-5-285x285.webp 285w, https:\/\/www.hyflexpack.com\/wp-content\/uploads\/2025\/03\/Custom-Plastic-Tortilla-Chips-Bag-5-270x270.webp 270w, https:\/\/www.hyflexpack.com\/wp-content\/uploads\/2025\/03\/Custom-Plastic-Tortilla-Chips-Bag-5-540x540.webp 540w, https:\/\/www.hyflexpack.com\/wp-content\/uploads\/2025\/03\/Custom-Plastic-Tortilla-Chips-Bag-5-660x660.webp 660w\" sizes=\"(max-width: 750px) 100vw, 750px\" \/><\/figure>\n<\/div>\n<\/div>\n\n\n\n<p><\/p>","protected":false},"excerpt":{"rendered":"<p>Huiyang Packaging, \u00e7evre dostu geri d\u00f6n\u00fc\u015ft\u00fcr\u00fclm\u00fc\u015f malzemelerden yap\u0131lm\u0131\u015f y\u00fcksek kaliteli \u00f6zel tortilla cips torbas\u0131 sa\u011flar ve \u015feffaf pencere tasar\u0131m\u0131 \u00fcr\u00fcn\u00fc daha \u00e7ekici hale getirir. \u00c7evre koruma ve s\u00fcrd\u00fcr\u00fclebilir kalk\u0131nmaya odaklanarak farkl\u0131 kapasite ihtiya\u00e7lar\u0131n\u0131 kar\u015f\u0131lamak i\u00e7in \u00f6zelle\u015ftirilmi\u015f bask\u0131y\u0131 destekleyin. Markan\u0131z\u0131n pazardaki rekabet g\u00fcc\u00fcn\u00fc art\u0131rmak i\u00e7in \u00fccretsiz tasar\u0131m ve numuneler i\u00e7in \u015fimdi bizimle ileti\u015fime ge\u00e7in!<\/p>\n<h3>Tortilla Cips Torbas\u0131n\u0131n \u00d6zellikleri<\/h3>\n<p>Malzeme Krafr Ka\u011f\u0131t, PLA, BOPP PE, PP, EVOH, vb.<br \/>Boyut: \u00d6zelle\u015ftirilmi\u015f Mevcut<br \/>Tip Yan K\u00f6r\u00fckl\u00fc Po\u015fet \uff0c S\u0131rt \u00c7antas\u0131<br \/>Renk: \u00d6zelle\u015ftirilmi\u015f<br \/>\u00d6zel Sipari\u015f: OEM ve ODM kabul edin<br \/>Y\u00fczey \u0130\u015fleme: Grav\u00fcr Bask\u0131<br \/>Sertifikasyon: ISO, BRC, FDA Sertifikal\u0131<br \/>\u00dccretsiz \u00d6rnek: Destek<br \/>Adedi: 10000psc<\/p>","protected":false},"featured_media":6369,"comment_status":"open","ping_status":"closed","template":"","meta":[],"product_brand":[],"product_cat":[57],"product_tag":[],"class_list":{"0":"post-6350","1":"product","2":"type-product","3":"status-publish","4":"has-post-thumbnail","6":"product_cat-snack-packaging-bags-wholesale","8":"first","9":"instock","10":"shipping-taxable","11":"product-type-simple"},"_links":{"self":[{"href":"https:\/\/www.hyflexpack.com\/tr\/wp-json\/wp\/v2\/product\/6350","targetHints":{"allow":["GET"]}}],"collection":[{"href":"https:\/\/www.hyflexpack.com\/tr\/wp-json\/wp\/v2\/product"}],"about":[{"href":"https:\/\/www.hyflexpack.com\/tr\/wp-json\/wp\/v2\/types\/product"}],"replies":[{"embeddable":true,"href":"https:\/\/www.hyflexpack.com\/tr\/wp-json\/wp\/v2\/comments?post=6350"}],"wp:featuredmedia":[{"embeddable":true,"href":"https:\/\/www.hyflexpack.com\/tr\/wp-json\/wp\/v2\/media\/6369"}],"wp:attachment":[{"href":"https:\/\/www.hyflexpack.com\/tr\/wp-json\/wp\/v2\/media?parent=6350"}],"wp:term":[{"taxonomy":"product_brand","embeddable":true,"href":"https:\/\/www.hyflexpack.com\/tr\/wp-json\/wp\/v2\/product_brand?post=6350"},{"taxonomy":"product_cat","embeddable":true,"href":"https:\/\/www.hyflexpack.com\/tr\/wp-json\/wp\/v2\/product_cat?post=6350"},{"taxonomy":"product_tag","embeddable":true,"href":"https:\/\/www.hyflexpack.com\/tr\/wp-json\/wp\/v2\/product_tag?post=6350"}],"curies":[{"name":"wp","href":"https:\/\/api.w.org\/{rel}","templated":true}]}}