{"id":6221,"date":"2025-02-28T09:32:11","date_gmt":"2025-02-28T09:32:11","guid":{"rendered":"https:\/\/www.hyflexpack.com\/?post_type=product&#038;p=6221"},"modified":"2025-10-23T08:17:38","modified_gmt":"2025-10-23T08:17:38","slug":"bespoke-dog-food-packaging-bag","status":"publish","type":"product","link":"https:\/\/www.hyflexpack.com\/tr\/product\/bespoke-dog-food-packaging-bag\/","title":{"rendered":"Ismarlama K\u00f6pek Mamas\u0131 Ambalaj Torbas\u0131, Geri D\u00f6n\u00fc\u015ft\u00fcr\u00fclebilir Stand Up Torbalar \u00dcreticisi"},"content":{"rendered":"<div class=\"wp-block-columns is-layout-flex wp-container-core-columns-is-layout-9d6595d7 wp-block-columns-is-layout-flex\">\n<div class=\"wp-block-column is-layout-flow wp-block-column-is-layout-flow\">\n<h3 class=\"wp-block-heading\">Ismarlama K\u00f6pek Mamas\u0131 Ambalaj Torbas\u0131n\u0131n \u00d6zellikleri<\/h3>\n\n\n\n<ul class=\"wp-block-list\">\n<li><strong>Geri D\u00f6n\u00fc\u015ft\u00fcr\u00fclebilir Malzeme<\/strong>: Y\u00fcksek kaliteli geri d\u00f6n\u00fc\u015ft\u00fcr\u00fclebilir malzeme kullan\u0131m\u0131, \u00e7evre standartlar\u0131n\u0131 kar\u015f\u0131layarak \u00f6zel k\u00f6pek mamas\u0131 paketleme \u00e7antas\u0131n\u0131n \u00e7evreye daha duyarl\u0131 t\u00fcketicileri yakalamas\u0131n\u0131 sa\u011flar.<\/li>\n<\/ul>\n\n\n\n<p><\/p>\n\n\n\n<ul class=\"wp-block-list\">\n<li><strong>Dayan\u0131kl\u0131l\u0131k ve Koruma<\/strong>: \u00c7ok katmanl\u0131 kompozit malzemenin kullan\u0131m\u0131 m\u00fckemmel y\u0131rt\u0131lma direnci, nem direnci ve oksidasyon direncine sahiptir, ta\u015f\u0131ma ve depolama s\u0131ras\u0131nda k\u00f6pek mamas\u0131n\u0131n tazeli\u011fini ve kalitesini etkili bir \u015fekilde korur.<\/li>\n<\/ul>\n\n\n\n<p><\/p>\n\n\n\n<ul class=\"wp-block-list\">\n<li><strong>G\u0131da S\u0131n\u0131f\u0131 G\u00fcvenlik Standartlar\u0131n\u0131 Kar\u015f\u0131lay\u0131n<\/strong>: Uygulanan malzemeler titizlikle test edilir ve g\u0131da ile temas g\u00fcvenlik standartlar\u0131n\u0131 ge\u00e7er, b\u00f6ylece \u00f6zel k\u00f6pek mamas\u0131 ambalaj\u0131 toksik de\u011fildir.<\/li>\n<\/ul>\n\n\n\n<p><\/p>\n\n\n\n<ul class=\"wp-block-list\">\n<li><strong>Kolay A\u00e7\u0131l\u0131r ve Kapat\u0131l\u0131r<\/strong>: Y\u00fcksek kaliteli bir fermuarla donat\u0131lm\u0131\u015f olan kullan\u0131c\u0131lar, a\u00e7t\u0131ktan sonra kolayl\u0131kla yeniden kapatabilir, kullan\u0131m kolayl\u0131\u011f\u0131n\u0131 ve t\u00fcketici deneyimini te\u015fvik eder.<\/li>\n<\/ul>\n\n\n\n<p><\/p>\n\n\n\n<ul class=\"wp-block-list\">\n<li><strong>Stand-Up Tasar\u0131m<\/strong>: Stand-up \u00e7anta tasar\u0131m\u0131, geli\u015fmi\u015f sergileme efektleri ve raf alan\u0131 tasarrufu sa\u011flayabilir.<\/li>\n<\/ul>\n<\/div>\n\n\n\n<div class=\"wp-block-column is-layout-flow wp-block-column-is-layout-flow\">\n<figure class=\"wp-block-image size-full\"><img fetchpriority=\"high\" decoding=\"async\" width=\"750\" height=\"750\" src=\"https:\/\/www.hyflexpack.com\/wp-content\/uploads\/2025\/02\/Bespoke-Dog-Food-Packaging-Bag-1.webp\" alt=\"Ismarlama K\u00f6pek Mamas\u0131 Ambalaj Torbas\u0131\" class=\"wp-image-6191\" srcset=\"https:\/\/www.hyflexpack.com\/wp-content\/uploads\/2025\/02\/Bespoke-Dog-Food-Packaging-Bag-1.webp 750w, https:\/\/www.hyflexpack.com\/wp-content\/uploads\/2025\/02\/Bespoke-Dog-Food-Packaging-Bag-1-300x300.webp 300w, https:\/\/www.hyflexpack.com\/wp-content\/uploads\/2025\/02\/Bespoke-Dog-Food-Packaging-Bag-1-150x150.webp 150w, https:\/\/www.hyflexpack.com\/wp-content\/uploads\/2025\/02\/Bespoke-Dog-Food-Packaging-Bag-1-12x12.webp 12w, https:\/\/www.hyflexpack.com\/wp-content\/uploads\/2025\/02\/Bespoke-Dog-Food-Packaging-Bag-1-285x285.webp 285w, https:\/\/www.hyflexpack.com\/wp-content\/uploads\/2025\/02\/Bespoke-Dog-Food-Packaging-Bag-1-270x270.webp 270w, https:\/\/www.hyflexpack.com\/wp-content\/uploads\/2025\/02\/Bespoke-Dog-Food-Packaging-Bag-1-540x540.webp 540w, https:\/\/www.hyflexpack.com\/wp-content\/uploads\/2025\/02\/Bespoke-Dog-Food-Packaging-Bag-1-660x660.webp 660w\" sizes=\"(max-width: 750px) 100vw, 750px\" \/><\/figure>\n<\/div>\n<\/div>\n\n\n\n<p><\/p>","protected":false},"excerpt":{"rendered":"<p>Al\u00fcminyum folyo ve kraft ka\u011f\u0131ttan yap\u0131lm\u0131\u015f \u00f6zel evcil hayvan mamas\u0131 ambalaj po\u015fetlerimiz hakk\u0131nda bilgi edinin. Geri d\u00f6n\u00fc\u015ft\u00fcr\u00fclebilir malzemelerden yap\u0131lm\u0131\u015f ve kolay ta\u015f\u0131ma i\u00e7in dik duran bir tasar\u0131m \u015feklinde \u015fekillendirilmi\u015f \u00f6zel bir evcil hayvan mamas\u0131 paketleme \u00e7antas\u0131d\u0131r. Detayl\u0131 fiyat teklifi i\u00e7in \u015fimdi profesyonel ekibimizle ileti\u015fime ge\u00e7in, size g\u00f6n\u00fclden hizmet edece\u011fiz!<\/p>\n<h3>Y\u00fcksek Kaliteli Ismarlama K\u00f6pek Mamas\u0131 Ambalaj Torbas\u0131 \u00dcreticisinin Avantajlar\u0131<\/h3>\n<ul>\n<li><strong>\u00d6zelle\u015ftirilmi\u015f Hizmet<\/strong>: Huiyang Packaging, m\u00fc\u015fterilerine \u00fcr\u00fcn tasar\u0131m\u0131ndan \u00fcretime kadar profesyonelle\u015ftirilmi\u015f \u00f6zelle\u015ftirilmi\u015f ambalaj hizmetleri sa\u011flama konusunda uzmanla\u015fm\u0131\u015ft\u0131r.<\/li>\n<li><strong>\u00c7evre Koruma Konsepti<\/strong>: Huiyang, m\u00fc\u015fterilerine ye\u015fil ambalaj malzemeleri sa\u011flamaktan ve k\u00fcresel ye\u015fil ambalaj ihtiyac\u0131na hizmet etmek i\u00e7in geri d\u00f6n\u00fc\u015ft\u00fcr\u00fclebilir malzemeler kullanmaktan mutluluk duymaktad\u0131r.<\/li>\n<li><strong>M\u00fckemmel Kalite Kontrol<\/strong>: Huiyang, her parti ambalaj malzemesinde y\u00fcksek kalite standartlar\u0131n\u0131 sa\u011flamak i\u00e7in s\u0131k\u0131 kalite kontrol sistemlerinin yan\u0131 s\u0131ra \u00fcretim s\u00fcrecinde yer alan geli\u015fmi\u015f makineler kullan\u0131r.<\/li>\n<li><strong>Pazar \u0130novasyonu ve Adaptasyon<\/strong>: Bir pazar lideri olarak Huiyang, pazar trendleri ve t\u00fcketici zevkleriyle uyumlu ambalajlar \u00fcretmekten ve yenilik yapmaktan asla vazge\u00e7mez.<\/li>\n<\/ul>\n<p>Huiyang Packaging, m\u00fc\u015fterilerin \u00fcr\u00fcn imajlar\u0131n\u0131 iyile\u015ftirmelerine ve pazar rekabet g\u00fc\u00e7lerini art\u0131rmalar\u0131na yard\u0131mc\u0131 olmak i\u00e7in m\u00fc\u015fterilere y\u00fcksek kaliteli \u0131smarlama k\u00f6pek mamas\u0131 ambalaj po\u015fetleri sa\u011flamay\u0131 taahh\u00fct eder.<\/p>","protected":false},"featured_media":6191,"comment_status":"open","ping_status":"closed","template":"","meta":[],"product_brand":[],"product_cat":[56],"product_tag":[],"class_list":{"0":"post-6221","1":"product","2":"type-product","3":"status-publish","4":"has-post-thumbnail","6":"product_cat-custom-pet-food-packaging","8":"first","9":"instock","10":"shipping-taxable","11":"product-type-simple"},"_links":{"self":[{"href":"https:\/\/www.hyflexpack.com\/tr\/wp-json\/wp\/v2\/product\/6221","targetHints":{"allow":["GET"]}}],"collection":[{"href":"https:\/\/www.hyflexpack.com\/tr\/wp-json\/wp\/v2\/product"}],"about":[{"href":"https:\/\/www.hyflexpack.com\/tr\/wp-json\/wp\/v2\/types\/product"}],"replies":[{"embeddable":true,"href":"https:\/\/www.hyflexpack.com\/tr\/wp-json\/wp\/v2\/comments?post=6221"}],"wp:featuredmedia":[{"embeddable":true,"href":"https:\/\/www.hyflexpack.com\/tr\/wp-json\/wp\/v2\/media\/6191"}],"wp:attachment":[{"href":"https:\/\/www.hyflexpack.com\/tr\/wp-json\/wp\/v2\/media?parent=6221"}],"wp:term":[{"taxonomy":"product_brand","embeddable":true,"href":"https:\/\/www.hyflexpack.com\/tr\/wp-json\/wp\/v2\/product_brand?post=6221"},{"taxonomy":"product_cat","embeddable":true,"href":"https:\/\/www.hyflexpack.com\/tr\/wp-json\/wp\/v2\/product_cat?post=6221"},{"taxonomy":"product_tag","embeddable":true,"href":"https:\/\/www.hyflexpack.com\/tr\/wp-json\/wp\/v2\/product_tag?post=6221"}],"curies":[{"name":"wp","href":"https:\/\/api.w.org\/{rel}","templated":true}]}}