{"id":6082,"date":"2025-02-12T18:18:09","date_gmt":"2025-02-12T18:18:09","guid":{"rendered":"https:\/\/www.hyflexpack.com\/?post_type=product&#038;p=6082"},"modified":"2025-02-13T03:18:14","modified_gmt":"2025-02-13T03:18:14","slug":"custom-popcorn-packaging-film-wholesale","status":"publish","type":"product","link":"https:\/\/www.hyflexpack.com\/tr\/product\/custom-popcorn-packaging-film-wholesale\/","title":{"rendered":"1oz 2oz Patlam\u0131\u015f M\u0131s\u0131r Ambalaj Filmi Toptan,\u015fi\u015firilmi\u015f Pirin\u00e7 Rulo Stok Fabrikas\u0131"},"content":{"rendered":"<div class=\"wp-block-columns is-layout-flex wp-container-core-columns-is-layout-9d6595d7 wp-block-columns-is-layout-flex\">\n<div class=\"wp-block-column is-layout-flow wp-block-column-is-layout-flow\">\n<h3 class=\"wp-block-heading\">OEM Patlam\u0131\u015f M\u0131s\u0131r Ambalaj Filminin \u00d6zellikleri<\/h3>\n\n\n\n<ul class=\"wp-block-list\">\n<li><strong>Geni\u015f geni\u015fleme alan\u0131<\/strong>: Benzersiz tasar\u0131m, geni\u015flemeden sonra torbaya daha geni\u015f bir i\u00e7 alan sa\u011flayarak maksimum m\u0131s\u0131r patlamas\u0131 sa\u011flar.<\/li>\n<\/ul>\n\n\n\n<p><\/p>\n\n\n\n<ul class=\"wp-block-list\">\n<li><strong>Hijyenik ve \u00e7evre dostu<\/strong>: Toptan patlam\u0131\u015f m\u0131s\u0131r ambalaj filmi, \u00fcr\u00fcn\u00fcn hijyenik ve zarars\u0131z olmas\u0131n\u0131 sa\u011flamak i\u00e7in g\u0131da g\u00fcvenli\u011fi standartlar\u0131n\u0131 kar\u015f\u0131layan malzemelerden yap\u0131lm\u0131\u015ft\u0131r.<\/li>\n<\/ul>\n\n\n\n<p><\/p>\n\n\n\n<ul class=\"wp-block-list\">\n<li><strong>Y\u00fcksek ve d\u00fc\u015f\u00fck s\u0131cakl\u0131klara dayan\u0131kl\u0131<\/strong>Mikrodalga \u0131s\u0131tma s\u0131ras\u0131nda y\u00fcksek s\u0131cakl\u0131klara dayanabilir, \u0131s\u0131tma i\u015flemi s\u0131ras\u0131nda ambalaj\u0131n deforme olmamas\u0131n\u0131 veya y\u0131rt\u0131lmamas\u0131n\u0131 sa\u011flar.<\/li>\n<\/ul>\n\n\n\n<p><\/p>\n\n\n\n<ul class=\"wp-block-list\">\n<li><strong>Ya\u011f ge\u00e7irmez ve su ge\u00e7irmez<\/strong>: Toptan patlam\u0131\u015f m\u0131s\u0131r ambalaj filmi ya\u011f ge\u00e7irmez ve su ge\u00e7irmezdir, ya\u011f\u0131n n\u00fcfuz etmesini \u00f6nler ve paketi kuru tutar.<\/li>\n<\/ul>\n\n\n\n<p><\/p>\n\n\n\n<ul class=\"wp-block-list\">\n<li><strong>I\u015f\u0131k engelleme<\/strong>: I\u015f\u0131\u011f\u0131n patlam\u0131\u015f m\u0131s\u0131r kalitesini etkilemesini \u00f6nlemek i\u00e7in opak ve \u0131\u015f\u0131k engelleyici \u00f6zelliklere sahiptir.<\/li>\n<\/ul>\n\n\n\n<p><\/p>\n\n\n\n<ul class=\"wp-block-list\">\n<li><strong>Aroman\u0131n korunmas\u0131 ve koku olmamas\u0131<\/strong>: y\u00fcksek kaliteli esnek ambalaj malzemesinin kokusu yoktur, bu da patlam\u0131\u015f m\u0131s\u0131r\u0131n aromas\u0131n\u0131 etkili bir \u015fekilde koruyabilir.<\/li>\n<\/ul>\n<\/div>\n\n\n\n<div class=\"wp-block-column is-layout-flow wp-block-column-is-layout-flow\">\n<figure class=\"wp-block-image size-full\"><img fetchpriority=\"high\" decoding=\"async\" width=\"750\" height=\"750\" src=\"https:\/\/www.hyflexpack.com\/wp-content\/uploads\/2025\/01\/OEM-Puffed-Rice-Packaging-Roll-Film-3.webp\" alt=\"Toptan Patlam\u0131\u015f M\u0131s\u0131r Ambalaj Filmi Rulo Stoku\" class=\"wp-image-6074\" srcset=\"https:\/\/www.hyflexpack.com\/wp-content\/uploads\/2025\/01\/OEM-Puffed-Rice-Packaging-Roll-Film-3.webp 750w, https:\/\/www.hyflexpack.com\/wp-content\/uploads\/2025\/01\/OEM-Puffed-Rice-Packaging-Roll-Film-3-300x300.webp 300w, https:\/\/www.hyflexpack.com\/wp-content\/uploads\/2025\/01\/OEM-Puffed-Rice-Packaging-Roll-Film-3-150x150.webp 150w, https:\/\/www.hyflexpack.com\/wp-content\/uploads\/2025\/01\/OEM-Puffed-Rice-Packaging-Roll-Film-3-12x12.webp 12w, https:\/\/www.hyflexpack.com\/wp-content\/uploads\/2025\/01\/OEM-Puffed-Rice-Packaging-Roll-Film-3-285x285.webp 285w, https:\/\/www.hyflexpack.com\/wp-content\/uploads\/2025\/01\/OEM-Puffed-Rice-Packaging-Roll-Film-3-270x270.webp 270w, https:\/\/www.hyflexpack.com\/wp-content\/uploads\/2025\/01\/OEM-Puffed-Rice-Packaging-Roll-Film-3-540x540.webp 540w, https:\/\/www.hyflexpack.com\/wp-content\/uploads\/2025\/01\/OEM-Puffed-Rice-Packaging-Roll-Film-3-660x660.webp 660w\" sizes=\"(max-width: 750px) 100vw, 750px\" \/><\/figure>\n<\/div>\n<\/div>\n\n\n\n<h2 class=\"wp-block-heading has-text-align-center\">\u00c7e\u015fitli Tasar\u0131mlarla Patlam\u0131\u015f M\u0131s\u0131r Ambalaj Tasar\u0131m\u0131<\/h2>\n\n\n\n<p><\/p>\n\n\n\n<p>\u0130ster neme ve oksijene kar\u015f\u0131 koruma ister patlam\u0131\u015f m\u0131s\u0131r\u0131n\u0131z\u0131n gevrek dokusunu korumak i\u00e7in olsun, ambalaj \u00e7\u00f6z\u00fcmlerimiz nakliye ve depolamada m\u00fckemmel sonu\u00e7lar sa\u011flar. Toptan patlam\u0131\u015f m\u0131s\u0131r ambalaj filmi i\u00e7in veya \u00f6zel patlam\u0131\u015f m\u0131s\u0131r ambalaj\u0131n\u0131z\u0131 \u00f6zelle\u015ftirmek i\u00e7in bug\u00fcn bize ula\u015f\u0131n!<\/p>\n\n\n\n<div class=\"wp-block-columns is-layout-flex wp-container-core-columns-is-layout-9d6595d7 wp-block-columns-is-layout-flex\">\n<div class=\"wp-block-column is-layout-flow wp-block-column-is-layout-flow\">\n<figure class=\"wp-block-image size-full\"><img decoding=\"async\" width=\"750\" height=\"750\" src=\"https:\/\/www.hyflexpack.com\/wp-content\/uploads\/2024\/12\/Custom-Potato-Chip-Packaging-bag\uff081\uff09.webp\" alt=\"\u00d6zel Patlam\u0131\u015f M\u0131s\u0131r Paketleme \u00e7antas\u0131-fabrika\" class=\"wp-image-5937\" srcset=\"https:\/\/www.hyflexpack.com\/wp-content\/uploads\/2024\/12\/Custom-Potato-Chip-Packaging-bag\uff081\uff09.webp 750w, https:\/\/www.hyflexpack.com\/wp-content\/uploads\/2024\/12\/Custom-Potato-Chip-Packaging-bag\uff081\uff09-300x300.webp 300w, https:\/\/www.hyflexpack.com\/wp-content\/uploads\/2024\/12\/Custom-Potato-Chip-Packaging-bag\uff081\uff09-150x150.webp 150w, https:\/\/www.hyflexpack.com\/wp-content\/uploads\/2024\/12\/Custom-Potato-Chip-Packaging-bag\uff081\uff09-12x12.webp 12w, https:\/\/www.hyflexpack.com\/wp-content\/uploads\/2024\/12\/Custom-Potato-Chip-Packaging-bag\uff081\uff09-285x285.webp 285w, https:\/\/www.hyflexpack.com\/wp-content\/uploads\/2024\/12\/Custom-Potato-Chip-Packaging-bag\uff081\uff09-270x270.webp 270w, https:\/\/www.hyflexpack.com\/wp-content\/uploads\/2024\/12\/Custom-Potato-Chip-Packaging-bag\uff081\uff09-540x540.webp 540w, https:\/\/www.hyflexpack.com\/wp-content\/uploads\/2024\/12\/Custom-Potato-Chip-Packaging-bag\uff081\uff09-660x660.webp 660w\" sizes=\"(max-width: 750px) 100vw, 750px\" \/><\/figure>\n<\/div>\n\n\n\n<div class=\"wp-block-column is-layout-flow wp-block-column-is-layout-flow\">\n<figure class=\"wp-block-image size-full\"><img decoding=\"async\" width=\"750\" height=\"750\" src=\"https:\/\/www.hyflexpack.com\/wp-content\/uploads\/2024\/12\/Custom-Potato-Chip-Packaging-bag\uff083\uff09.webp\" alt=\"\u00d6zel Patlam\u0131\u015f M\u0131s\u0131r Ambalaj Torbas\u0131\" class=\"wp-image-5939\" srcset=\"https:\/\/www.hyflexpack.com\/wp-content\/uploads\/2024\/12\/Custom-Potato-Chip-Packaging-bag\uff083\uff09.webp 750w, https:\/\/www.hyflexpack.com\/wp-content\/uploads\/2024\/12\/Custom-Potato-Chip-Packaging-bag\uff083\uff09-300x300.webp 300w, https:\/\/www.hyflexpack.com\/wp-content\/uploads\/2024\/12\/Custom-Potato-Chip-Packaging-bag\uff083\uff09-150x150.webp 150w, https:\/\/www.hyflexpack.com\/wp-content\/uploads\/2024\/12\/Custom-Potato-Chip-Packaging-bag\uff083\uff09-12x12.webp 12w, https:\/\/www.hyflexpack.com\/wp-content\/uploads\/2024\/12\/Custom-Potato-Chip-Packaging-bag\uff083\uff09-285x285.webp 285w, https:\/\/www.hyflexpack.com\/wp-content\/uploads\/2024\/12\/Custom-Potato-Chip-Packaging-bag\uff083\uff09-270x270.webp 270w, https:\/\/www.hyflexpack.com\/wp-content\/uploads\/2024\/12\/Custom-Potato-Chip-Packaging-bag\uff083\uff09-540x540.webp 540w, https:\/\/www.hyflexpack.com\/wp-content\/uploads\/2024\/12\/Custom-Potato-Chip-Packaging-bag\uff083\uff09-660x660.webp 660w\" sizes=\"(max-width: 750px) 100vw, 750px\" \/><\/figure>\n<\/div>\n\n\n\n<div class=\"wp-block-column is-layout-flow wp-block-column-is-layout-flow\">\n<figure class=\"wp-block-image size-full\"><img loading=\"lazy\" decoding=\"async\" width=\"750\" height=\"750\" src=\"https:\/\/www.hyflexpack.com\/wp-content\/uploads\/2024\/12\/Custom-Popcorn-Packaging-Bag2.webp\" alt=\"Toptan Patlam\u0131\u015f M\u0131s\u0131r Ambalaj Filmi \" class=\"wp-image-5882\" srcset=\"https:\/\/www.hyflexpack.com\/wp-content\/uploads\/2024\/12\/Custom-Popcorn-Packaging-Bag2.webp 750w, https:\/\/www.hyflexpack.com\/wp-content\/uploads\/2024\/12\/Custom-Popcorn-Packaging-Bag2-300x300.webp 300w, https:\/\/www.hyflexpack.com\/wp-content\/uploads\/2024\/12\/Custom-Popcorn-Packaging-Bag2-150x150.webp 150w, https:\/\/www.hyflexpack.com\/wp-content\/uploads\/2024\/12\/Custom-Popcorn-Packaging-Bag2-12x12.webp 12w, https:\/\/www.hyflexpack.com\/wp-content\/uploads\/2024\/12\/Custom-Popcorn-Packaging-Bag2-285x285.webp 285w, https:\/\/www.hyflexpack.com\/wp-content\/uploads\/2024\/12\/Custom-Popcorn-Packaging-Bag2-270x270.webp 270w, https:\/\/www.hyflexpack.com\/wp-content\/uploads\/2024\/12\/Custom-Popcorn-Packaging-Bag2-540x540.webp 540w, https:\/\/www.hyflexpack.com\/wp-content\/uploads\/2024\/12\/Custom-Popcorn-Packaging-Bag2-660x660.webp 660w\" sizes=\"(max-width: 750px) 100vw, 750px\" \/><\/figure>\n<\/div>\n<\/div>\n\n\n\n<p><\/p>","protected":false},"excerpt":{"rendered":"<p>Oksijen, nem ve \u0131\u015f\u0131\u011fa kar\u015f\u0131 optimum bariyer korumas\u0131 i\u00e7in y\u00fcksek kaliteli malzemelerle \u00fcretilen OEM patlam\u0131\u015f m\u0131s\u0131r ambalaj filmimizi ke\u015ffedin. M\u00fckemmel \u0131s\u0131 yal\u0131t\u0131m\u0131, ta\u015f\u0131ma ve depolama s\u0131ras\u0131nda \u00fcr\u00fcn b\u00fct\u00fcnl\u00fc\u011f\u00fcn\u00fc sa\u011flayarak tazeli\u011fi ve raf \u00f6mr\u00fcn\u00fc uzat\u0131r. \u0130deal g\u0131da ambalaj\u0131n\u0131z\u0131 \u00f6zelle\u015ftirmek i\u00e7in bizimle ileti\u015fime ge\u00e7in!<\/p>\n<h2>Patlam\u0131\u015f M\u0131s\u0131r Ambalaj Filmi Toptanc\u0131s\u0131n\u0131n Avantajlar\u0131<\/h2>\n<p>&nbsp;<\/p>\n<p>Torba \u015eekli: Patlam\u0131\u015f M\u0131s\u0131r, Torbalar i\u00e7in \u00d6zel Rulo Film<br \/>Boyut ve Malzemeler: <a href=\"https:\/\/www.hyflexpack.com\/tr\/ozel-esnek-ambalajlar\/\"><strong>\u00d6zelle\u015ftirilebilir<\/strong><\/a><br \/>Bask\u0131:10 renkli Grav\u00fcr Bask\u0131<br \/>Kal\u0131nl\u0131k: 50-200 mikron, \u00f6zelle\u015ftirilmi\u015f<br \/>\u00d6rnekler: \u00dcCRETS\u0130Z Stok Torbas\u0131 \u00d6rnekleri Sunuluyor<br \/>Sertifika: BPA i\u00e7ermez, BRC ve ISO Sertifikal\u0131<br \/>Liman:Shantou , Shenzhen<br \/>Ticaret Ko\u015fullar\u0131: EXW, CIF, CFR, FOB<\/p>","protected":false},"featured_media":6074,"comment_status":"open","ping_status":"closed","template":"","meta":[],"product_brand":[],"product_cat":[53],"product_tag":[],"class_list":{"0":"post-6082","1":"product","2":"type-product","3":"status-publish","4":"has-post-thumbnail","6":"product_cat-packaging-film-supplier","8":"first","9":"instock","10":"shipping-taxable","11":"product-type-simple"},"_links":{"self":[{"href":"https:\/\/www.hyflexpack.com\/tr\/wp-json\/wp\/v2\/product\/6082","targetHints":{"allow":["GET"]}}],"collection":[{"href":"https:\/\/www.hyflexpack.com\/tr\/wp-json\/wp\/v2\/product"}],"about":[{"href":"https:\/\/www.hyflexpack.com\/tr\/wp-json\/wp\/v2\/types\/product"}],"replies":[{"embeddable":true,"href":"https:\/\/www.hyflexpack.com\/tr\/wp-json\/wp\/v2\/comments?post=6082"}],"wp:featuredmedia":[{"embeddable":true,"href":"https:\/\/www.hyflexpack.com\/tr\/wp-json\/wp\/v2\/media\/6074"}],"wp:attachment":[{"href":"https:\/\/www.hyflexpack.com\/tr\/wp-json\/wp\/v2\/media?parent=6082"}],"wp:term":[{"taxonomy":"product_brand","embeddable":true,"href":"https:\/\/www.hyflexpack.com\/tr\/wp-json\/wp\/v2\/product_brand?post=6082"},{"taxonomy":"product_cat","embeddable":true,"href":"https:\/\/www.hyflexpack.com\/tr\/wp-json\/wp\/v2\/product_cat?post=6082"},{"taxonomy":"product_tag","embeddable":true,"href":"https:\/\/www.hyflexpack.com\/tr\/wp-json\/wp\/v2\/product_tag?post=6082"}],"curies":[{"name":"wp","href":"https:\/\/api.w.org\/{rel}","templated":true}]}}