{"id":6035,"date":"2025-02-19T07:19:49","date_gmt":"2025-02-19T07:19:49","guid":{"rendered":"https:\/\/www.hyflexpack.com\/?post_type=product&#038;p=6035"},"modified":"2025-10-23T08:17:50","modified_gmt":"2025-10-23T08:17:50","slug":"custom-potato-chips-bags-supplier","status":"publish","type":"product","link":"https:\/\/www.hyflexpack.com\/tr\/product\/custom-potato-chips-bags-supplier\/","title":{"rendered":"\u00c7\u0131t\u0131r Patates K\u0131zartmas\u0131 At\u0131\u015ft\u0131rmal\u0131klar\u0131 i\u00e7in \u00d6zel Patates Cipsi Torbalar\u0131 OEM \/ ODM, Plastik Al\u00fcminyum Folyo Tedarik\u00e7isi"},"content":{"rendered":"<div class=\"wp-block-columns is-layout-flex wp-container-core-columns-is-layout-9d6595d7 wp-block-columns-is-layout-flex\">\n<div class=\"wp-block-column is-layout-flow wp-block-column-is-layout-flow\">\n<h2 class=\"wp-block-heading\">\u00d6zel Patates Cipsi Torbalar\u0131n\u0131n \u00d6zellikleri <\/h2>\n\n\n\n<ul class=\"wp-block-list\">\n<li>Malzeme se\u00e7imi: \u00d6zel \u00c7\u0131t\u0131r Patates K\u0131zartmas\u0131 At\u0131\u015ft\u0131rmal\u0131klar\u0131 Patates Cipsi Paketleme Torbam\u0131z, m\u00fckemmel bariyer \u00f6zellikleri sa\u011flayan ve hava, nem ve \u0131\u015f\u0131\u011f\u0131n etkisini etkili bir \u015fekilde \u00f6nleyen \u00e7ok katmanl\u0131 bir plastik ve al\u00fcminyum folyo kompozit malzeme kullan\u0131r.<\/li>\n\n\n\n<li>Tazelik koruma performans\u0131: Patates cipslerinin depolama s\u0131ras\u0131nda gevrek tad\u0131n\u0131 korumas\u0131n\u0131 sa\u011flamak ve \u00fcr\u00fcn\u00fcn raf \u00f6mr\u00fcn\u00fc uzatmak i\u00e7in \u00f6zel olarak tasarlanm\u0131\u015ft\u0131r. Al\u00fcminyum folyo tabakas\u0131, ya\u011f\u0131n d\u0131\u015far\u0131 s\u0131zmas\u0131n\u0131 etkili bir \u015fekilde \u00f6nleyebilir, ambalaj\u0131n ya\u011fl\u0131 kirlenmesini \u00f6nleyebilir ve temiz ve d\u00fczenli kalmas\u0131n\u0131 sa\u011flayabilir.<\/li>\n\n\n\n<li>Marka tan\u0131t\u0131m\u0131: \u00d6zel tasar\u0131m, markalar\u0131n rafta \u00f6ne \u00e7\u0131kmalar\u0131 ve hedef t\u00fcketicilerin dikkatini \u00e7ekmeleri i\u00e7in imajlar\u0131n\u0131 ve de\u011ferlerini benzersiz g\u00f6rsel unsurlar arac\u0131l\u0131\u011f\u0131yla sergilemelerine olanak tan\u0131r.<\/li>\n<\/ul>\n<\/div>\n\n\n\n<div class=\"wp-block-column is-layout-flow wp-block-column-is-layout-flow\">\n<figure class=\"wp-block-image size-full\"><img fetchpriority=\"high\" decoding=\"async\" width=\"750\" height=\"750\" src=\"https:\/\/www.hyflexpack.com\/wp-content\/uploads\/2025\/01\/Custom-Crispy-Fries-Snacks-Potato-Chips-Packaging\uff081\uff09-1.webp\" alt=\"\u00d6zel \u00c7\u0131t\u0131r Patates K\u0131zartmas\u0131 At\u0131\u015ft\u0131rmal\u0131klar\u0131 Patates Cipsi Ambalaj\u0131\" class=\"wp-image-6021\" srcset=\"https:\/\/www.hyflexpack.com\/wp-content\/uploads\/2025\/01\/Custom-Crispy-Fries-Snacks-Potato-Chips-Packaging\uff081\uff09-1.webp 750w, https:\/\/www.hyflexpack.com\/wp-content\/uploads\/2025\/01\/Custom-Crispy-Fries-Snacks-Potato-Chips-Packaging\uff081\uff09-1-300x300.webp 300w, https:\/\/www.hyflexpack.com\/wp-content\/uploads\/2025\/01\/Custom-Crispy-Fries-Snacks-Potato-Chips-Packaging\uff081\uff09-1-150x150.webp 150w, https:\/\/www.hyflexpack.com\/wp-content\/uploads\/2025\/01\/Custom-Crispy-Fries-Snacks-Potato-Chips-Packaging\uff081\uff09-1-12x12.webp 12w, https:\/\/www.hyflexpack.com\/wp-content\/uploads\/2025\/01\/Custom-Crispy-Fries-Snacks-Potato-Chips-Packaging\uff081\uff09-1-285x285.webp 285w, https:\/\/www.hyflexpack.com\/wp-content\/uploads\/2025\/01\/Custom-Crispy-Fries-Snacks-Potato-Chips-Packaging\uff081\uff09-1-270x270.webp 270w, https:\/\/www.hyflexpack.com\/wp-content\/uploads\/2025\/01\/Custom-Crispy-Fries-Snacks-Potato-Chips-Packaging\uff081\uff09-1-540x540.webp 540w, https:\/\/www.hyflexpack.com\/wp-content\/uploads\/2025\/01\/Custom-Crispy-Fries-Snacks-Potato-Chips-Packaging\uff081\uff09-1-660x660.webp 660w\" sizes=\"(max-width: 750px) 100vw, 750px\" \/><\/figure>\n<\/div>\n<\/div>\n\n\n\n<p><\/p>","protected":false},"excerpt":{"rendered":"<p>\u00d6zel \u00c7\u0131t\u0131r Patates K\u0131zartmas\u0131 At\u0131\u015ft\u0131rmal\u0131klar\u0131m\u0131z hakk\u0131nda bilgi edinin Patates Cipsi Ambalaj\u0131, plastik ve al\u00fcminyum folyo malzemelerin avantajlar\u0131n\u0131 birle\u015ftiren bir orta conta tasar\u0131m\u0131n\u0131 benimser. Kuru g\u0131dalar i\u00e7in ideal bir koruyucu ambalajd\u0131r. M\u00fckemmel taze tutma kabiliyetine sahiptir ve \u00e7ok katmanl\u0131 kompozit yap\u0131s\u0131 sayesinde hava, nem ve \u0131\u015f\u0131\u011f\u0131 etkili bir \u015fekilde engelleyerek patates cipsinin gevrek tad\u0131n\u0131n uzun s\u00fcre de\u011fi\u015fmeden kalmas\u0131n\u0131 sa\u011flar. Al\u00fcminyum folyo tabakas\u0131, ya\u011f s\u0131z\u0131nt\u0131s\u0131n\u0131 \u00f6nlemek i\u00e7in m\u00fckemmel bariyer \u00f6zellikleri sa\u011flarken, paketin genel mukavemetini art\u0131r\u0131r ve nakliye s\u0131ras\u0131nda hasar riskini azalt\u0131r. Bu ambalaj po\u015feti ayn\u0131 zamanda t\u00fcketicilerin birden fazla kez a\u00e7\u0131p kapatmas\u0131 ve yenmemi\u015f at\u0131\u015ft\u0131rmal\u0131klar\u0131 kolayca muhafaza etmesi i\u00e7in uygun olan kolay kapat\u0131labilir \u00f6zelliklere sahiptir. Buna ek olarak, marka imaj\u0131n\u0131 ve \u00fcr\u00fcn bilgilerini m\u00fckemmel bir \u015fekilde g\u00f6r\u00fcnt\u00fcleyebilen ve m\u00fc\u015fterilerin dikkatini \u00e7ekebilen \u00f6zel bask\u0131y\u0131 destekler. \u00c7evre koruma a\u00e7\u0131s\u0131ndan, markan\u0131n sosyal sorumlulu\u011funu yans\u0131tmak i\u00e7in geri d\u00f6n\u00fc\u015ft\u00fcr\u00fclebilir veya biyolojik olarak par\u00e7alanabilir malzemeler se\u00e7ebilirsiniz. Fiyat teklifi i\u00e7in bug\u00fcn bize ula\u015f\u0131n. Tek elden \u00e7evre dostu ve y\u00fcksek kaliteli ambalaj \u00e7\u00f6z\u00fcmleri sunmay\u0131 taahh\u00fct ediyoruz. Y\u00fcksek Kaliteli \u00d6zel \u00c7\u0131t\u0131r Patates K\u0131zartmas\u0131 At\u0131\u015ft\u0131rmal\u0131klar\u0131 Patates Cipsi Paketleme Torbas\u0131n\u0131n Avantajlar\u0131 \u25cf\u00d6zelle\u015ftirilmi\u015f tasar\u0131m: M\u00fc\u015fteri ihtiya\u00e7lar\u0131n\u0131 kar\u015f\u0131lamak i\u00e7in malzeme, boyut ve bask\u0131 deseni \u00f6zelle\u015ftirmesi dahil olmak \u00fczere \u00f6zelle\u015ftirilmi\u015f ambalaj po\u015feti hizmetleri sa\u011fl\u0131yoruz ve OEM ve ODM'yi destekliyoruz. \u00dcretim: Geli\u015fmi\u015f ekipman ve teknoloji ile sipari\u015f \u00fcretimini verimli ve y\u00fcksek kalitede tamamlayabilir ve zaman\u0131nda teslim edebiliriz. Kalite denetimi: \u00dcretim, \u00fcr\u00fcnlerin standartlar\u0131 kar\u015f\u0131lad\u0131\u011f\u0131ndan emin olmak i\u00e7in kalite standartlar\u0131na ve g\u0131da g\u00fcvenli\u011fi gereksinimlerine s\u0131k\u0131 s\u0131k\u0131ya ba\u011fl\u0131 olarak ger\u00e7ekle\u015ftirilir. M\u00fc\u015fteri hizmetleri: G\u00fcn\u00fcn 24 saati h\u0131zl\u0131 yan\u0131t ve \u00f6zenli m\u00fc\u015fteri hizmetleri deste\u011fi sa\u011flay\u0131n. \u00dccretsiz numune: \u00dcr\u00fcn\u00fc de\u011ferlendirmeniz i\u00e7in \u00fccretsiz numune hizmeti sa\u011flay\u0131n. Huiyang Packaging, m\u00fc\u015fterilerin \u00fcr\u00fcn imajlar\u0131n\u0131 iyile\u015ftirmelerine ve pazar rekabet g\u00fc\u00e7lerini art\u0131rmalar\u0131na yard\u0131mc\u0131 olmak i\u00e7in m\u00fc\u015fterilere y\u00fcksek kaliteli \u00d6zel \u00c7\u0131t\u0131r Patates K\u0131zartmas\u0131 At\u0131\u015ft\u0131rmal\u0131klar\u0131 Patates Cipsi Paketleme Torbas\u0131 sa\u011flamay\u0131 taahh\u00fct eder.<\/p>","protected":false},"featured_media":6021,"comment_status":"open","ping_status":"closed","template":"","meta":[],"product_brand":[],"product_cat":[57],"product_tag":[],"class_list":{"0":"post-6035","1":"product","2":"type-product","3":"status-publish","4":"has-post-thumbnail","6":"product_cat-snack-packaging-bags-wholesale","8":"first","9":"instock","10":"shipping-taxable","11":"product-type-simple"},"_links":{"self":[{"href":"https:\/\/www.hyflexpack.com\/tr\/wp-json\/wp\/v2\/product\/6035","targetHints":{"allow":["GET"]}}],"collection":[{"href":"https:\/\/www.hyflexpack.com\/tr\/wp-json\/wp\/v2\/product"}],"about":[{"href":"https:\/\/www.hyflexpack.com\/tr\/wp-json\/wp\/v2\/types\/product"}],"replies":[{"embeddable":true,"href":"https:\/\/www.hyflexpack.com\/tr\/wp-json\/wp\/v2\/comments?post=6035"}],"wp:featuredmedia":[{"embeddable":true,"href":"https:\/\/www.hyflexpack.com\/tr\/wp-json\/wp\/v2\/media\/6021"}],"wp:attachment":[{"href":"https:\/\/www.hyflexpack.com\/tr\/wp-json\/wp\/v2\/media?parent=6035"}],"wp:term":[{"taxonomy":"product_brand","embeddable":true,"href":"https:\/\/www.hyflexpack.com\/tr\/wp-json\/wp\/v2\/product_brand?post=6035"},{"taxonomy":"product_cat","embeddable":true,"href":"https:\/\/www.hyflexpack.com\/tr\/wp-json\/wp\/v2\/product_cat?post=6035"},{"taxonomy":"product_tag","embeddable":true,"href":"https:\/\/www.hyflexpack.com\/tr\/wp-json\/wp\/v2\/product_tag?post=6035"}],"curies":[{"name":"wp","href":"https:\/\/api.w.org\/{rel}","templated":true}]}}