{"id":6033,"date":"2025-02-28T09:45:14","date_gmt":"2025-02-28T09:45:14","guid":{"rendered":"https:\/\/www.hyflexpack.com\/?post_type=product&#038;p=6033"},"modified":"2025-10-23T08:17:33","modified_gmt":"2025-10-23T08:17:33","slug":"custom-potato-chips-packaging-bag","status":"publish","type":"product","link":"https:\/\/www.hyflexpack.com\/tr\/product\/custom-potato-chips-packaging-bag\/","title":{"rendered":"\u00d6zel Bask\u0131l\u0131 Patates Cipsi Ambalaj\u0131 Lamine Kese Plastik Orta Geri M\u00fch\u00fcr Torbas\u0131 Tedarik\u00e7isi"},"content":{"rendered":"<div class=\"wp-block-columns is-layout-flex wp-container-core-columns-is-layout-9d6595d7 wp-block-columns-is-layout-flex\">\n<div class=\"wp-block-column is-layout-flow wp-block-column-is-layout-flow\">\n<h3 class=\"wp-block-heading\">Features of Custom Potato Chips Packaging Bag<\/h3>\n\n\n\n<ul class=\"wp-block-list\">\n<li><strong>\u00d6zel Tasar\u0131m<\/strong>: Our custom potato chips packaging manufacturer provides customized printing service, and can pattern, color, and brand logos according to brand needs.<\/li>\n<\/ul>\n\n\n\n<p><\/p>\n\n\n\n<ul class=\"wp-block-list\">\n<li><strong>Y\u00fcksek Kaliteli Bask\u0131<\/strong>: \u00d6zel bask\u0131l\u0131 patates cipsi ambalajlar\u0131m\u0131z, net desenler ve parlak renkler i\u00e7in y\u00fcksek kaliteli bask\u0131 teknolojisi kullan\u0131r.<\/li>\n<\/ul>\n\n\n\n<p><\/p>\n\n\n\n<ul class=\"wp-block-list\">\n<li><strong>Y\u00fcksek Kaliteli Malzemeler<\/strong>: G\u00fczel nem ge\u00e7irmezlik, oksidasyon \u00f6nleme ve taze tutma performans\u0131 ile \u00e7ok katmanl\u0131 kompozit plastik malzeme kullan\u0131yoruz.<\/li>\n<\/ul>\n\n\n\n<p><\/p>\n\n\n\n<ul class=\"wp-block-list\">\n<li><strong>Dayan\u0131kl\u0131 G\u00fc\u00e7<\/strong>: Lamine edilmi\u015f plastik y\u0131rt\u0131lmaya ve a\u015f\u0131nmaya kar\u015f\u0131 dayan\u0131kl\u0131d\u0131r, patates cipslerini \u015fekil bozuklu\u011fu veya k\u0131r\u0131lmaya kar\u015f\u0131 korur ve g\u00fcvenli ta\u015f\u0131ma sa\u011flar.<\/li>\n<\/ul>\n\n\n\n<p><\/p>\n\n\n\n<ul class=\"wp-block-list\">\n<li><strong>Kolay S\u0131zd\u0131rmazl\u0131k<\/strong>: Arkas\u0131 kapal\u0131 torba tasar\u0131m\u0131, \u00fcr\u00fcn\u00fcn a\u00e7\u0131ld\u0131ktan sonra kolayca kapat\u0131lmas\u0131n\u0131 sa\u011flayarak havaya maruz kalmas\u0131n\u0131 azalt\u0131r ve yiyeceklerin taze ve gevrek kalmas\u0131n\u0131 sa\u011flar.<\/li>\n<\/ul>\n<\/div>\n\n\n\n<div class=\"wp-block-column is-layout-flow wp-block-column-is-layout-flow\">\n<figure class=\"wp-block-image size-full\"><img fetchpriority=\"high\" decoding=\"async\" width=\"750\" height=\"750\" src=\"https:\/\/www.hyflexpack.com\/wp-content\/uploads\/2025\/01\/Custom-Printed-Potato-Chips-Packaging-Bag-1.webp\" alt=\"\u00d6zel Bask\u0131l\u0131 Patates Cipsi Ambalaj Po\u015feti\" class=\"wp-image-6026\" srcset=\"https:\/\/www.hyflexpack.com\/wp-content\/uploads\/2025\/01\/Custom-Printed-Potato-Chips-Packaging-Bag-1.webp 750w, https:\/\/www.hyflexpack.com\/wp-content\/uploads\/2025\/01\/Custom-Printed-Potato-Chips-Packaging-Bag-1-300x300.webp 300w, https:\/\/www.hyflexpack.com\/wp-content\/uploads\/2025\/01\/Custom-Printed-Potato-Chips-Packaging-Bag-1-150x150.webp 150w, https:\/\/www.hyflexpack.com\/wp-content\/uploads\/2025\/01\/Custom-Printed-Potato-Chips-Packaging-Bag-1-12x12.webp 12w, https:\/\/www.hyflexpack.com\/wp-content\/uploads\/2025\/01\/Custom-Printed-Potato-Chips-Packaging-Bag-1-285x285.webp 285w, https:\/\/www.hyflexpack.com\/wp-content\/uploads\/2025\/01\/Custom-Printed-Potato-Chips-Packaging-Bag-1-270x270.webp 270w, https:\/\/www.hyflexpack.com\/wp-content\/uploads\/2025\/01\/Custom-Printed-Potato-Chips-Packaging-Bag-1-540x540.webp 540w, https:\/\/www.hyflexpack.com\/wp-content\/uploads\/2025\/01\/Custom-Printed-Potato-Chips-Packaging-Bag-1-660x660.webp 660w\" sizes=\"(max-width: 750px) 100vw, 750px\" \/><\/figure>\n<\/div>\n<\/div>","protected":false},"excerpt":{"rendered":"<p>With eco-friendly materials, vibrant and striking designs, and attention to environmental conservation, Huiyang delivers your custom potato chips packaging with not only safety for your product but also a higher level of brand exposure within a competitive industry. Feel free to contact us for pricing.<\/p>\n<h3>Patates Cipsi Ambalaj \u00dcreticisinin Avantajlar\u0131<\/h3>\n<ul>\n<li><strong>\u00c7evre Dostu Malzemeler<\/strong>: Markalar\u0131n karbon ayak izlerini azaltmalar\u0131na yard\u0131mc\u0131 olmak i\u00e7in s\u00fcrd\u00fcr\u00fclebilir, \u00e7evre dostu malzemelerin kullan\u0131m\u0131n\u0131 vurgular.<\/li>\n<li><strong>Customizable Service<\/strong>: Provide customized laminating pouch sizes, materials colors, etc.<\/li>\n<li><strong>\u00dcr\u00fcn G\u00fcvenli\u011fi<\/strong>: Ambalaj\u0131n dayan\u0131kl\u0131, hasars\u0131z olmas\u0131n\u0131 ve \u00fcr\u00fcnlerin tazeli\u011fini korumas\u0131n\u0131 sa\u011flar.<\/li>\n<li><strong>Marka Maruziyeti<\/strong>: Devrim niteli\u011findeki tasar\u0131m\u0131 ve m\u00fckemmel malzemesi ile Huiyang Ambalaj, rekabet\u00e7i pazarlarda marka g\u00f6r\u00fcn\u00fcrl\u00fc\u011f\u00fcn\u00fc art\u0131r\u0131r.<\/li>\n<\/ul>\n<p>Huiyang Packing offers a synthesis of creativity, reliability, and affordability, the most suitable option for businesses searching to provide the product with an enhanced presentation while enjoying uncompromised protection. Contact us for free design and sample services to make your products stand out!<\/p>","protected":false},"featured_media":6026,"comment_status":"open","ping_status":"closed","template":"","meta":[],"product_brand":[],"product_cat":[57],"product_tag":[],"class_list":{"0":"post-6033","1":"product","2":"type-product","3":"status-publish","4":"has-post-thumbnail","6":"product_cat-snack-packaging-bags-wholesale","8":"first","9":"instock","10":"shipping-taxable","11":"product-type-simple"},"_links":{"self":[{"href":"https:\/\/www.hyflexpack.com\/tr\/wp-json\/wp\/v2\/product\/6033","targetHints":{"allow":["GET"]}}],"collection":[{"href":"https:\/\/www.hyflexpack.com\/tr\/wp-json\/wp\/v2\/product"}],"about":[{"href":"https:\/\/www.hyflexpack.com\/tr\/wp-json\/wp\/v2\/types\/product"}],"replies":[{"embeddable":true,"href":"https:\/\/www.hyflexpack.com\/tr\/wp-json\/wp\/v2\/comments?post=6033"}],"wp:featuredmedia":[{"embeddable":true,"href":"https:\/\/www.hyflexpack.com\/tr\/wp-json\/wp\/v2\/media\/6026"}],"wp:attachment":[{"href":"https:\/\/www.hyflexpack.com\/tr\/wp-json\/wp\/v2\/media?parent=6033"}],"wp:term":[{"taxonomy":"product_brand","embeddable":true,"href":"https:\/\/www.hyflexpack.com\/tr\/wp-json\/wp\/v2\/product_brand?post=6033"},{"taxonomy":"product_cat","embeddable":true,"href":"https:\/\/www.hyflexpack.com\/tr\/wp-json\/wp\/v2\/product_cat?post=6033"},{"taxonomy":"product_tag","embeddable":true,"href":"https:\/\/www.hyflexpack.com\/tr\/wp-json\/wp\/v2\/product_tag?post=6033"}],"curies":[{"name":"wp","href":"https:\/\/api.w.org\/{rel}","templated":true}]}}