{"id":6008,"date":"2025-05-17T09:34:26","date_gmt":"2025-05-17T09:34:26","guid":{"rendered":"https:\/\/www.hyflexpack.com\/?post_type=product&#038;p=6008"},"modified":"2025-05-17T09:40:29","modified_gmt":"2025-05-17T09:40:29","slug":"custom-shrink-sleeve-labels","status":"publish","type":"product","link":"https:\/\/www.hyflexpack.com\/tr\/product\/custom-shrink-sleeve-labels\/","title":{"rendered":"\u00d6zel Shrink Sleeve Etiketleri \u00dcreticisi - \u015ei\u015feler i\u00e7in PET\/PVC Is\u0131yla Daralan Etiket Rulolar\u0131"},"content":{"rendered":"<div class=\"wp-block-columns is-layout-flex wp-container-core-columns-is-layout-9d6595d7 wp-block-columns-is-layout-flex\">\n<div class=\"wp-block-column is-layout-flow wp-block-column-is-layout-flow\">\n<h2 class=\"wp-block-heading\">\u00d6zel Shrink Sleeve Etiketlerinin \u00d6zellikleri<\/h2>\n\n\n\n<p><\/p>\n\n\n\n<ul class=\"wp-block-list\">\n<li><strong>Y\u00fcksek kaliteli malzemeler<\/strong>: \u00c7evre dostu plastikler veya \u00f6zel \u00f6zelliklere sahip malzemeler (y\u00fcksek s\u0131cakl\u0131k direnci ve UV direnci gibi) gibi m\u00fc\u015fteri ihtiya\u00e7lar\u0131na g\u00f6re \u00e7e\u015fitlendirilmi\u015f, y\u00fcksek kaliteli malzemeler sa\u011flayarak <strong>\u00f6zel shrink sleeve eti\u0307ketleri\u0307<\/strong> hem g\u00fczel hem de dayan\u0131kl\u0131d\u0131r.<\/li>\n\n\n\n<li><strong>Verimli bask\u0131<\/strong>: \u00d6zelle\u015ftirilmi\u015f hizmetler, \u00fcr\u00fcn ambalaj tasar\u0131m\u0131 ile m\u00fckemmel bir uyum sa\u011flayabilir, genel g\u00f6rsel etkiyi art\u0131rabilir ve hassas bask\u0131 ve laminasyon teknolojisi sayesinde marka tan\u0131n\u0131rl\u0131\u011f\u0131n\u0131 art\u0131rabilir.<\/li>\n\n\n\n<li><strong>\u00dcst\u00fcn koruma performans\u0131<\/strong>: Profesyonel olarak \u00f6zelle\u015ftirilmi\u015f termoplastik \u015fi\u015fe etiketleri, bilgilerin a\u015f\u0131nmas\u0131n\u0131 veya kurcalanmas\u0131n\u0131 \u00f6nlemek i\u00e7in \u00fcr\u00fcnler i\u00e7in ek koruma sa\u011flayabilir. Ayn\u0131 zamanda, baz\u0131 etiketler \u00e7e\u015fitli depolama ve nakliye ortamlar\u0131na uyum sa\u011flamak i\u00e7in su ge\u00e7irmez ve ya\u011f ge\u00e7irmez \u00f6zelliklere sahiptir, bu da \u00f6zel shrink sleeve etiketlerini y\u00fcksek talep g\u00f6ren ambalaj ihtiya\u00e7lar\u0131 i\u00e7in ideal hale getirir.<\/li>\n\n\n\n<li><strong>\u00c7evresel se\u00e7enekler<\/strong>: \u00c7evre koruma gereksinimlerini kar\u015f\u0131lamak i\u00e7in biyolojik olarak par\u00e7alanabilir ve geri d\u00f6n\u00fc\u015ft\u00fcr\u00fclebilir malzemelerin kullan\u0131m\u0131n\u0131 destekler. Malzeme israf\u0131n\u0131 azaltmak ve karbon ayak izini azaltmak i\u00e7in film kal\u0131nl\u0131\u011f\u0131 se\u00e7enekleri de sunulmaktad\u0131r. Ayr\u0131ca, s\u00fcrd\u00fcr\u00fclebilir \u00e7\u00f6z\u00fcmlere kendini adam\u0131\u015f, \u00c7in'deki g\u00fcvenilir PVC shrink etiket filmi \u00fcreticilerinden biriyiz.<\/li>\n\n\n\n<li><strong>Kullan\u0131m\u0131 kolay<\/strong>: Kompozit ambalaj filmi rulolar\u0131n\u0131n depolanmas\u0131 ve ta\u015f\u0131nmas\u0131 kolayd\u0131r, depo alan\u0131ndan tasarruf sa\u011flar.<\/li>\n<\/ul>\n<\/div>\n\n\n\n<div class=\"wp-block-column is-layout-flow wp-block-column-is-layout-flow\">\n<figure class=\"wp-block-image size-full\"><img fetchpriority=\"high\" decoding=\"async\" width=\"750\" height=\"750\" src=\"https:\/\/www.hyflexpack.com\/wp-content\/uploads\/2025\/01\/Custom-Heat-Shrinkable-Roll-Film1.webp\" alt=\"\u015ei\u015fe \u00fcreticisi i\u00e7in \u00d6zel Shrink Sleeve Etiketleri\" class=\"wp-image-5985\" srcset=\"https:\/\/www.hyflexpack.com\/wp-content\/uploads\/2025\/01\/Custom-Heat-Shrinkable-Roll-Film1.webp 750w, https:\/\/www.hyflexpack.com\/wp-content\/uploads\/2025\/01\/Custom-Heat-Shrinkable-Roll-Film1-300x300.webp 300w, https:\/\/www.hyflexpack.com\/wp-content\/uploads\/2025\/01\/Custom-Heat-Shrinkable-Roll-Film1-150x150.webp 150w, https:\/\/www.hyflexpack.com\/wp-content\/uploads\/2025\/01\/Custom-Heat-Shrinkable-Roll-Film1-12x12.webp 12w, https:\/\/www.hyflexpack.com\/wp-content\/uploads\/2025\/01\/Custom-Heat-Shrinkable-Roll-Film1-285x285.webp 285w, https:\/\/www.hyflexpack.com\/wp-content\/uploads\/2025\/01\/Custom-Heat-Shrinkable-Roll-Film1-270x270.webp 270w, https:\/\/www.hyflexpack.com\/wp-content\/uploads\/2025\/01\/Custom-Heat-Shrinkable-Roll-Film1-540x540.webp 540w, https:\/\/www.hyflexpack.com\/wp-content\/uploads\/2025\/01\/Custom-Heat-Shrinkable-Roll-Film1-660x660.webp 660w\" sizes=\"(max-width: 750px) 100vw, 750px\" \/><\/figure>\n<\/div>\n<\/div>\n\n\n\n<p><\/p>","protected":false},"excerpt":{"rendered":"<p>\u00c7in'deki deneyimli PVC shrink etiket filmi \u00fcreticileri olarak, canl\u0131 bask\u0131, su ge\u00e7irmez koruma ve \u00e7evre dostu malzeme se\u00e7eneklerine sahip \u00f6zel shrink sleeve etiketleri sunuyoruz. T\u00fcm \u015fekil ve sekt\u00f6rlerdeki \u015fi\u015feler i\u00e7in m\u00fckemmeldir. S\u0131n\u0131rl\u0131 \u00fccretsiz numune veya \u00f6zel kurumsal fiyatland\u0131rma i\u00e7in bug\u00fcn bize ula\u015f\u0131n!<\/p>\n<h3>Shrink Sleeve Etiket \u00dcreticisinin Avantajlar\u0131<\/h3>\n<ul>\n<li><strong>\u00d6zel Tasar\u0131m<\/strong>: M\u00fc\u015fterilerin ihtiya\u00e7lar\u0131na g\u00f6re ki\u015fiselle\u015ftirilmi\u015f tasar\u0131m \u00e7\u00f6z\u00fcmleri sunmak, farkl\u0131 \u00f6zellikleri, boyutlar\u0131 kar\u015f\u0131lamak ve 10 renge kadar bask\u0131 yapmak ve\u00a0<strong>OEM ve ODM deste\u011fi<\/strong>\u00a0\u00f6zelle\u015ftirme.<\/li>\n<li><strong>H\u0131zl\u0131 Teslimat<\/strong>: Verimli \u00fcretim kapasitesi ve tedarik zinciri y\u00f6netim sistemi ile, \u00fcr\u00fcnlerin zaman\u0131nda teslim edilmesini sa\u011flamak i\u00e7in m\u00fc\u015fteri sipari\u015flerine zaman\u0131nda yan\u0131t verebiliriz.<\/li>\n<li><strong>\u00c7ok Y\u00f6nl\u00fc Destek<\/strong>: Profesyonel bir teknik ekip ve sat\u0131\u015f sonras\u0131 servis ekibi, m\u00fc\u015fterilere teknik destek ve \u00e7\u00f6z\u00fcmler sa\u011flamak i\u00e7in \u00e7ok y\u00f6nl\u00fc sat\u0131\u015f \u00f6ncesi dan\u0131\u015fmanl\u0131k ve sat\u0131\u015f sonras\u0131 destek sa\u011flar.<\/li>\n<li><strong>\u00dccretsiz \u00d6rnek<\/strong>: \u00dcr\u00fcnleri de\u011ferlendirebilmeniz i\u00e7in \u00fccretsiz numune hizmeti sunmak.<\/li>\n<\/ul>\n<p><a href=\"https:\/\/www.hyflexpack.com\/tr\/\"><strong>Huiyang Ambalaj<\/strong><\/a> m\u00fc\u015fterilerine \u00fcr\u00fcn imajlar\u0131n\u0131 ve pazar rekabet g\u00fc\u00e7lerini geli\u015ftirmelerine yard\u0131mc\u0131 olmak i\u00e7in \u015fi\u015feler i\u00e7in y\u00fcksek kaliteli, \u00f6zelle\u015ftirilmi\u015f shrink sleeve etiketleri sa\u011flamay\u0131 taahh\u00fct eder.<\/p>","protected":false},"featured_media":5987,"comment_status":"open","ping_status":"closed","template":"","meta":[],"product_brand":[],"product_cat":[53,90,84],"product_tag":[],"class_list":{"0":"post-6008","1":"product","2":"type-product","3":"status-publish","4":"has-post-thumbnail","6":"product_cat-packaging-film-supplier","7":"product_cat-custom-bottle-label","8":"product_cat-shrink-sleeve-film","10":"first","11":"instock","12":"shipping-taxable","13":"product-type-simple"},"_links":{"self":[{"href":"https:\/\/www.hyflexpack.com\/tr\/wp-json\/wp\/v2\/product\/6008","targetHints":{"allow":["GET"]}}],"collection":[{"href":"https:\/\/www.hyflexpack.com\/tr\/wp-json\/wp\/v2\/product"}],"about":[{"href":"https:\/\/www.hyflexpack.com\/tr\/wp-json\/wp\/v2\/types\/product"}],"replies":[{"embeddable":true,"href":"https:\/\/www.hyflexpack.com\/tr\/wp-json\/wp\/v2\/comments?post=6008"}],"wp:featuredmedia":[{"embeddable":true,"href":"https:\/\/www.hyflexpack.com\/tr\/wp-json\/wp\/v2\/media\/5987"}],"wp:attachment":[{"href":"https:\/\/www.hyflexpack.com\/tr\/wp-json\/wp\/v2\/media?parent=6008"}],"wp:term":[{"taxonomy":"product_brand","embeddable":true,"href":"https:\/\/www.hyflexpack.com\/tr\/wp-json\/wp\/v2\/product_brand?post=6008"},{"taxonomy":"product_cat","embeddable":true,"href":"https:\/\/www.hyflexpack.com\/tr\/wp-json\/wp\/v2\/product_cat?post=6008"},{"taxonomy":"product_tag","embeddable":true,"href":"https:\/\/www.hyflexpack.com\/tr\/wp-json\/wp\/v2\/product_tag?post=6008"}],"curies":[{"name":"wp","href":"https:\/\/api.w.org\/{rel}","templated":true}]}}