{"id":5891,"date":"2024-12-22T16:07:40","date_gmt":"2024-12-22T16:07:40","guid":{"rendered":"https:\/\/www.hyflexpack.com\/?post_type=product&#038;p=5891"},"modified":"2025-10-23T08:21:16","modified_gmt":"2025-10-23T08:21:16","slug":"custom-popcorn-packaging-bag-supplier","status":"publish","type":"product","link":"https:\/\/www.hyflexpack.com\/tr\/product\/custom-popcorn-packaging-bag-supplier\/","title":{"rendered":"\u00d6zel Patlam\u0131\u015f M\u0131s\u0131r Ambalaj Torbas\u0131 \u015eeffaf Mylar Torbalar Tedarik\u00e7isi"},"content":{"rendered":"<div class=\"wp-block-columns is-layout-flex wp-container-core-columns-is-layout-9d6595d7 wp-block-columns-is-layout-flex\">\n<div class=\"wp-block-column is-layout-flow wp-block-column-is-layout-flow\">\n<h3 class=\"wp-block-heading\">\u00d6zel Patlam\u0131\u015f M\u0131s\u0131r Ambalaj Torbas\u0131n\u0131n \u00d6zellikleri<\/h3>\n\n\n\n<ul class=\"wp-block-list\">\n<li><strong>Ma\u011fazalardaki g\u00f6r\u00fcn\u00fcm\u00fc art\u0131rmak ve t\u00fcketicilere markan\u0131za g\u00fcven vermek i\u00e7in logonuz, marka renginiz ve grafiklerinizle \u00f6zel patlam\u0131\u015f m\u0131s\u0131r ambalaj\u0131 tasar\u0131m\u0131.<\/strong><\/li>\n\n\n\n<li><strong>Premium Mylar Malzeme<\/strong>: Bu, nemi, havay\u0131 ve \u0131\u015f\u0131\u011f\u0131 etkili bir \u015fekilde engelleyerek patlam\u0131\u015f m\u0131s\u0131r\u0131n tazeli\u011fini ve gevrekli\u011fini i\u00e7eride tutar. Malzeme dayan\u0131kl\u0131d\u0131r, y\u0131rt\u0131lmaya kar\u015f\u0131 diren\u00e7lidir ve \u00f6zel patlam\u0131\u015f m\u0131s\u0131r ambalaj\u0131n\u0131z\u0131 depolama ve ta\u015f\u0131ma s\u0131ras\u0131nda bozulmadan tutmak i\u00e7in \u0131s\u0131yla kapat\u0131labilir.<\/li>\n\n\n\n<li><strong>Taze Tutmak i\u00e7in A\u00e7\u0131l\u0131p Kapanabilir<\/strong>: M\u00fc\u015fteri rahatl\u0131\u011f\u0131 i\u00e7in a\u00e7\u0131ld\u0131\u011f\u0131nda patlam\u0131\u015f m\u0131s\u0131r\u0131 taze tutan yeniden kapat\u0131labilir bir fermuar veya \u0131s\u0131yla kapat\u0131labilir bir kapak i\u00e7erir.<\/li>\n\n\n\n<li><strong>\u00dcst\u00fcn G\u00f6rsel \u00c7ekicilik<\/strong>: \u015eeffaf Mylar torban\u0131n p\u00fcr\u00fczs\u00fcz, parlak y\u00fczeyi patlam\u0131\u015f m\u0131s\u0131r\u0131n\u0131za dokulu bir g\u00f6r\u00fcn\u00fcm kazand\u0131rarak m\u00fc\u015fterileri \u00fcr\u00fcn\u00fcn\u00fcz\u00fc sat\u0131n almaya ikna eder. \u015eeffaf pencere tasar\u0131m\u0131, paket b\u00fct\u00fcnl\u00fc\u011f\u00fcn\u00fc korurken \u00fcr\u00fcn\u00fcn\u00fcz\u00fcn g\u00f6r\u00fcn\u00fcr olmas\u0131n\u0131 sa\u011flar.<\/li>\n\n\n\n<li><strong>\u00c7e\u015fitli \u00c7evre Dostu Se\u00e7enekler<\/strong>: Tek servislik ambalajlardan d\u00f6kme patlam\u0131\u015f m\u0131s\u0131r ambalajlar\u0131na kadar neredeyse her boyutta ambalaj mevcuttur. Daha \u00e7evreci patlam\u0131\u015f m\u0131s\u0131r ambalaj \u00e7\u00f6z\u00fcmleri arayan i\u015fletmeler i\u00e7in \u00e7evre dostu malzeme se\u00e7enekleri.<\/li>\n\n\n\n<li><strong>Hafif ve yerden tasarruf sa\u011flayan<\/strong>: Esnek ve hafif tasar\u0131m depolama alan\u0131ndan tasarruf sa\u011flar; bu nedenle \u00f6zel patlam\u0131\u015f m\u0131s\u0131r ambalaj\u0131n\u0131z\u0131n ta\u015f\u0131nmas\u0131 daha kolayd\u0131r.<\/li>\n<\/ul>\n<\/div>\n\n\n\n<div class=\"wp-block-column is-layout-flow wp-block-column-is-layout-flow\">\n<figure class=\"wp-block-image size-full\"><img fetchpriority=\"high\" decoding=\"async\" width=\"750\" height=\"750\" src=\"https:\/\/www.hyflexpack.com\/wp-content\/uploads\/2024\/12\/Custom-Popcorn-Packaging-Bag1.webp\" alt=\"\u00d6zel Patlam\u0131\u015f M\u0131s\u0131r Ambalaj Torbas\u0131\" class=\"wp-image-5881\" srcset=\"https:\/\/www.hyflexpack.com\/wp-content\/uploads\/2024\/12\/Custom-Popcorn-Packaging-Bag1.webp 750w, https:\/\/www.hyflexpack.com\/wp-content\/uploads\/2024\/12\/Custom-Popcorn-Packaging-Bag1-300x300.webp 300w, https:\/\/www.hyflexpack.com\/wp-content\/uploads\/2024\/12\/Custom-Popcorn-Packaging-Bag1-150x150.webp 150w, https:\/\/www.hyflexpack.com\/wp-content\/uploads\/2024\/12\/Custom-Popcorn-Packaging-Bag1-12x12.webp 12w, https:\/\/www.hyflexpack.com\/wp-content\/uploads\/2024\/12\/Custom-Popcorn-Packaging-Bag1-285x285.webp 285w, https:\/\/www.hyflexpack.com\/wp-content\/uploads\/2024\/12\/Custom-Popcorn-Packaging-Bag1-270x270.webp 270w, https:\/\/www.hyflexpack.com\/wp-content\/uploads\/2024\/12\/Custom-Popcorn-Packaging-Bag1-540x540.webp 540w, https:\/\/www.hyflexpack.com\/wp-content\/uploads\/2024\/12\/Custom-Popcorn-Packaging-Bag1-660x660.webp 660w\" sizes=\"(max-width: 750px) 100vw, 750px\" \/><\/figure>\n<\/div>\n<\/div>\n\n\n\n<p><\/p>","protected":false},"excerpt":{"rendered":"<p>\u0130\u00e7indeki \u00fcr\u00fcnleri net bir \u015fekilde g\u00f6sterebilen ve sat\u0131n alma iste\u011fini art\u0131ran son derece \u015feffaf filmden yap\u0131lm\u0131\u015f \u00f6zel patlam\u0131\u015f m\u0131s\u0131r ambalaj po\u015fetimiz hakk\u0131nda bilgi edinin. Fiyat teklifi i\u00e7in bug\u00fcn bize ula\u015f\u0131n. Tek elden \u00e7evre dostu ve y\u00fcksek kaliteli ambalaj \u00e7\u00f6z\u00fcmleri sunmaya kararl\u0131y\u0131z.<\/p>\n<h3>Patlam\u0131\u015f M\u0131s\u0131r Ambalaj Torbas\u0131 Tedarik\u00e7isinin Avantajlar\u0131<\/h3>\n<p>\u00d6zelle\u015ftirilmi\u015f tasar\u0131m: M\u00fc\u015fteri ihtiya\u00e7lar\u0131n\u0131 kar\u015f\u0131lamak i\u00e7in malzeme, boyut ve bask\u0131 deseni \u00f6zelle\u015ftirmesi dahil olmak \u00fczere \u00f6zelle\u015ftirilmi\u015f ambalaj po\u015feti hizmetleri sunuyoruz ve <a href=\"https:\/\/www.hyflexpack.com\/tr\/ozel-esnek-ambalajlar\/\"><strong>OEM ve ODM deste\u011fi<\/strong><\/a>.<\/p>\n<p>\u00dcretim: Geli\u015fmi\u015f ekipman ve teknoloji ile sipari\u015f \u00fcretimini verimli ve y\u00fcksek kalitede tamamlayabilir ve zaman\u0131nda teslim edebiliriz.<\/p>\n<p>Kalite denetimi: \u00dcretim, \u00fcr\u00fcnlerin standartlar\u0131 kar\u015f\u0131lad\u0131\u011f\u0131ndan emin olmak i\u00e7in kalite standartlar\u0131na ve g\u0131da g\u00fcvenli\u011fi gerekliliklerine s\u0131k\u0131 s\u0131k\u0131ya ba\u011fl\u0131 olarak ger\u00e7ekle\u015ftirilir.<\/p>\n<p>M\u00fc\u015fteri hizmetleri: G\u00fcn\u00fcn 24 saati h\u0131zl\u0131 yan\u0131t ve \u00f6zenli m\u00fc\u015fteri hizmetleri deste\u011fi sa\u011flay\u0131n.<\/p>\n<p>\u00dccretsiz \u00f6rnek: \u00dcr\u00fcn\u00fc de\u011ferlendirmeniz i\u00e7in \u00fccretsiz numune hizmeti sa\u011flay\u0131n\u00a0<\/p>","protected":false},"featured_media":5881,"comment_status":"open","ping_status":"closed","template":"","meta":[],"product_brand":[],"product_cat":[57],"product_tag":[],"class_list":{"0":"post-5891","1":"product","2":"type-product","3":"status-publish","4":"has-post-thumbnail","6":"product_cat-snack-packaging-bags-wholesale","8":"first","9":"instock","10":"shipping-taxable","11":"product-type-simple"},"_links":{"self":[{"href":"https:\/\/www.hyflexpack.com\/tr\/wp-json\/wp\/v2\/product\/5891","targetHints":{"allow":["GET"]}}],"collection":[{"href":"https:\/\/www.hyflexpack.com\/tr\/wp-json\/wp\/v2\/product"}],"about":[{"href":"https:\/\/www.hyflexpack.com\/tr\/wp-json\/wp\/v2\/types\/product"}],"replies":[{"embeddable":true,"href":"https:\/\/www.hyflexpack.com\/tr\/wp-json\/wp\/v2\/comments?post=5891"}],"wp:featuredmedia":[{"embeddable":true,"href":"https:\/\/www.hyflexpack.com\/tr\/wp-json\/wp\/v2\/media\/5881"}],"wp:attachment":[{"href":"https:\/\/www.hyflexpack.com\/tr\/wp-json\/wp\/v2\/media?parent=5891"}],"wp:term":[{"taxonomy":"product_brand","embeddable":true,"href":"https:\/\/www.hyflexpack.com\/tr\/wp-json\/wp\/v2\/product_brand?post=5891"},{"taxonomy":"product_cat","embeddable":true,"href":"https:\/\/www.hyflexpack.com\/tr\/wp-json\/wp\/v2\/product_cat?post=5891"},{"taxonomy":"product_tag","embeddable":true,"href":"https:\/\/www.hyflexpack.com\/tr\/wp-json\/wp\/v2\/product_tag?post=5891"}],"curies":[{"name":"wp","href":"https:\/\/api.w.org\/{rel}","templated":true}]}}