{"id":5853,"date":"2025-06-05T20:02:59","date_gmt":"2025-06-05T20:02:59","guid":{"rendered":"https:\/\/www.hyflexpack.com\/?post_type=product&#038;p=5853"},"modified":"2026-01-07T08:39:23","modified_gmt":"2026-01-07T08:39:23","slug":"custom-tea-bag-packaging-supplier","status":"publish","type":"product","link":"https:\/\/www.hyflexpack.com\/tr\/product\/custom-tea-bag-packaging-supplier\/","title":{"rendered":"\u00d6zel \u00c7ay Po\u015feti Paketleme Tedarik\u00e7isi, Kompozit Kraft Ka\u011f\u0131t Stand Up K\u0131l\u0131f\u0131"},"content":{"rendered":"<div class=\"wp-block-columns is-layout-flex wp-container-core-columns-is-layout-9d6595d7 wp-block-columns-is-layout-flex\">\n<div class=\"wp-block-column is-layout-flow wp-block-column-is-layout-flow\">\n<h2 class=\"wp-block-heading\">Features Of Custom Tea Bag Packaging<\/h2>\n\n\n\n<ul class=\"wp-block-list\">\n<li>Environmentally friendly materials: Kraft paper used in tea packaging bags is a renewable resource, and many Kraft paper packages are recyclable or partially biodegradable, which is in line with modern environmental protection trends. <\/li>\n\n\n\n<li>Food-grade high-barrier materials: Customized soft packaging bags use environmentally friendly high-barrier antistatic materials such as PET, PE, aluminum foil, etc. to ensure the dryness and safety of the product, moisture-proof, anti-oxidation, and extend the shelf life. <\/li>\n\n\n\n<li> Zipper seal: The built-in zipper seal is convenient for opening the seal multiple times, keeping the powder dry and preventing pests and outside air from entering. <\/li>\n\n\n\n<li>Personalized customization: Provide functions such as one-way breathable valves to help release carbon dioxide in the package while preventing oxygen from entering, further protecting the quality of the tea<\/li>\n<\/ul>\n<\/div>\n\n\n\n<div class=\"wp-block-column is-layout-flow wp-block-column-is-layout-flow\">\n<figure class=\"wp-block-image size-full\"><img fetchpriority=\"high\" decoding=\"async\" width=\"750\" height=\"750\" src=\"https:\/\/www.hyflexpack.com\/wp-content\/uploads\/2024\/12\/Custom-Tea-Bag-Packaging\uff081\uff09.webp\" alt=\"\u00d6zel Po\u015fet \u00c7ay Ambalajlar\u0131\" class=\"wp-image-5840\" srcset=\"https:\/\/www.hyflexpack.com\/wp-content\/uploads\/2024\/12\/Custom-Tea-Bag-Packaging\uff081\uff09.webp 750w, https:\/\/www.hyflexpack.com\/wp-content\/uploads\/2024\/12\/Custom-Tea-Bag-Packaging\uff081\uff09-300x300.webp 300w, https:\/\/www.hyflexpack.com\/wp-content\/uploads\/2024\/12\/Custom-Tea-Bag-Packaging\uff081\uff09-150x150.webp 150w, https:\/\/www.hyflexpack.com\/wp-content\/uploads\/2024\/12\/Custom-Tea-Bag-Packaging\uff081\uff09-12x12.webp 12w, https:\/\/www.hyflexpack.com\/wp-content\/uploads\/2024\/12\/Custom-Tea-Bag-Packaging\uff081\uff09-285x285.webp 285w, https:\/\/www.hyflexpack.com\/wp-content\/uploads\/2024\/12\/Custom-Tea-Bag-Packaging\uff081\uff09-270x270.webp 270w, https:\/\/www.hyflexpack.com\/wp-content\/uploads\/2024\/12\/Custom-Tea-Bag-Packaging\uff081\uff09-540x540.webp 540w, https:\/\/www.hyflexpack.com\/wp-content\/uploads\/2024\/12\/Custom-Tea-Bag-Packaging\uff081\uff09-660x660.webp 660w\" sizes=\"(max-width: 750px) 100vw, 750px\" \/><\/figure>\n<\/div>\n<\/div>","protected":false},"excerpt":{"rendered":"<p>Explore our custom tea packaging bags that are made of environmentally friendly food-grade composite packaging film. Contact us today for a free quote. We are committed to providing one-stop eco-friendly and quality packaging solutions.<\/p>\n<h3>Advantages of Custom Tea Packaging Supplier<\/h3>\n<ul>\n<li><strong>\u00d6zel Tasar\u0131m<\/strong>: We provide custom tea packaging bag service, including material, size, and printing pattern customization to meet customer needs, and support OEM and ODM.<\/li>\n<li><strong>\u00dcretim<\/strong>: Geli\u015fmi\u015f ekipman ve teknoloji ile sipari\u015f \u00fcretimini y\u00fcksek verimlilik ve y\u00fcksek kalite ile tamamlayabilir, zaman\u0131nda teslim edebiliriz.<\/li>\n<li><strong>Kalite Denetimi<\/strong>: \u00dcr\u00fcnlerin standartlar\u0131 kar\u015f\u0131lad\u0131\u011f\u0131ndan emin olmak i\u00e7in \u00fcretim i\u00e7in kalite standartlar\u0131n\u0131 ve g\u0131da g\u00fcvenli\u011fi gereksinimlerini s\u0131k\u0131 bir \u015fekilde takip edin.<\/li>\n<li><strong>M\u00fc\u015fteri Hizmetleri<\/strong>: H\u0131zl\u0131 yan\u0131t ve \u00f6zenli m\u00fc\u015fteri hizmetleri deste\u011fi sa\u011flamak i\u00e7in 24 saat.<\/li>\n<li><strong>\u00dccretsiz \u00d6rnek<\/strong>\uff1a \u00dcr\u00fcnleri de\u011ferlendirebilmeniz i\u00e7in \u00fccretsiz numune hizmeti sa\u011flay\u0131n.<\/li>\n<\/ul>","protected":false},"featured_media":5840,"comment_status":"open","ping_status":"closed","template":"","meta":[],"product_brand":[],"product_cat":[58],"product_tag":[116,124],"class_list":{"0":"post-5853","1":"product","2":"type-product","3":"status-publish","4":"has-post-thumbnail","6":"product_cat-tea-bag-packaging","7":"product_tag-stand-up-pouch-manufacturer","8":"product_tag-zipper-pouch-manufacturer","10":"first","11":"instock","12":"shipping-taxable","13":"product-type-simple"},"_links":{"self":[{"href":"https:\/\/www.hyflexpack.com\/tr\/wp-json\/wp\/v2\/product\/5853","targetHints":{"allow":["GET"]}}],"collection":[{"href":"https:\/\/www.hyflexpack.com\/tr\/wp-json\/wp\/v2\/product"}],"about":[{"href":"https:\/\/www.hyflexpack.com\/tr\/wp-json\/wp\/v2\/types\/product"}],"replies":[{"embeddable":true,"href":"https:\/\/www.hyflexpack.com\/tr\/wp-json\/wp\/v2\/comments?post=5853"}],"wp:featuredmedia":[{"embeddable":true,"href":"https:\/\/www.hyflexpack.com\/tr\/wp-json\/wp\/v2\/media\/5840"}],"wp:attachment":[{"href":"https:\/\/www.hyflexpack.com\/tr\/wp-json\/wp\/v2\/media?parent=5853"}],"wp:term":[{"taxonomy":"product_brand","embeddable":true,"href":"https:\/\/www.hyflexpack.com\/tr\/wp-json\/wp\/v2\/product_brand?post=5853"},{"taxonomy":"product_cat","embeddable":true,"href":"https:\/\/www.hyflexpack.com\/tr\/wp-json\/wp\/v2\/product_cat?post=5853"},{"taxonomy":"product_tag","embeddable":true,"href":"https:\/\/www.hyflexpack.com\/tr\/wp-json\/wp\/v2\/product_tag?post=5853"}],"curies":[{"name":"wp","href":"https:\/\/api.w.org\/{rel}","templated":true}]}}