{"id":5852,"date":"2024-12-24T06:15:55","date_gmt":"2024-12-24T06:15:55","guid":{"rendered":"https:\/\/www.hyflexpack.com\/?post_type=product&#038;p=5852"},"modified":"2025-10-23T08:18:19","modified_gmt":"2025-10-23T08:18:19","slug":"custom-oatmeal-packaging-bag","status":"publish","type":"product","link":"https:\/\/www.hyflexpack.com\/tr\/product\/custom-oatmeal-packaging-bag\/","title":{"rendered":"\u00d6zel Bask\u0131l\u0131 Yulaf Ezmesi Ambalaj Torbas\u0131, Kompozit G\u0131da Ambalaj\u0131 \u0130malat\u0131"},"content":{"rendered":"<div class=\"wp-block-columns is-layout-flex wp-container-core-columns-is-layout-9d6595d7 wp-block-columns-is-layout-flex\">\n<div class=\"wp-block-column is-layout-flow wp-block-column-is-layout-flow\">\n<h2 class=\"wp-block-heading\">\u00d6zel Yulaf Ezmesi Ambalaj\u0131n\u0131n \u00d6zellikleri<\/h2>\n\n\n\n<ul class=\"wp-block-list\">\n<li><strong>\u00d6zel Bask\u0131l\u0131 Yulaf Ezmesi Ambalaj Torbalar\u0131<\/strong>: Bu \u00e7antalar, markan\u0131z\u0131n ve \u00fcr\u00fcn bilgilerinizin y\u00fcksek canl\u0131, kaliteli bask\u0131lar\u0131yla tamamen \u00f6zelle\u015ftirilebilir. Ma\u011faza raflar\u0131ndan birinin dikkatini \u00e7ekmek i\u00e7in m\u00fckemmeldirler.<\/li>\n\n\n\n<li><strong>Ayakta Kese Tasar\u0131m\u0131<\/strong>: Stand-up po\u015fet format\u0131nda, kolayca dik durma, saklama, sergileme ve eri\u015fme kabiliyeti ile daha fazla stabilite elde edilir.<\/li>\n\n\n\n<li><strong>Premium Kompozit G\u0131da Ambalajlar\u0131<\/strong>: Telli kompozit ambalaj malzemesi, yulaf ezmenizi uzun s\u00fcre daha taze tutarken neme, havaya ve \u0131\u015f\u0131\u011fa kar\u015f\u0131 m\u00fckemmel koruma sa\u011flar.<\/li>\n\n\n\n<li><strong>\u00c7evre Dostu Se\u00e7enekler<\/strong>: Ye\u015fil\/\u00e7evre dostu ambalajlamay\u0131 desteklemek i\u00e7in s\u00fcrd\u00fcr\u00fclebilir, geri d\u00f6n\u00fc\u015ft\u00fcr\u00fclebilir veya biyolojik olarak par\u00e7alanabilir malzemelerle sunulur.<\/li>\n\n\n\n<li><strong>A\u00e7\u0131l\u0131p kapanabilir kapak<\/strong>: Yeniden kapat\u0131labilir fermuarl\u0131 veya \u00fcstten kapakl\u0131d\u0131r ve yulaf ezmesini a\u00e7\u0131ld\u0131\u011f\u0131nda taze tutar ve daha fazla t\u00fcketici kolayl\u0131\u011f\u0131 sa\u011flar.<\/li>\n\n\n\n<li><strong>Dayan\u0131kl\u0131 ve S\u0131zd\u0131rmaz<\/strong>: Ta\u015f\u0131ma s\u0131ras\u0131nda sert kullan\u0131ma kar\u015f\u0131 dayan\u0131kl\u0131d\u0131r, s\u0131zd\u0131rmazl\u0131\u011f\u0131 sa\u011flar ve s\u0131z\u0131nt\u0131lar\u0131 \u00f6nler.<\/li>\n\n\n\n<li><strong>Is\u0131yla M\u00fch\u00fcrlenebilir<\/strong>: Bu dik duran po\u015fetler \u0131s\u0131yla yap\u0131\u015ft\u0131rma i\u00e7in m\u00fckemmeldir, bu da i\u00e7indeki \u00fcr\u00fcn\u00fcn iyi korunmas\u0131n\u0131 ve kurcalanmaya kar\u015f\u0131 dayan\u0131kl\u0131 olmas\u0131n\u0131 sa\u011flar.<\/li>\n\n\n\n<li><strong>G\u0131daya Uygun M\u00fcrekkep<\/strong>: Yulaf ezmesi ve di\u011fer g\u0131da \u00fcr\u00fcnleriyle do\u011frudan temas i\u00e7in g\u00fcvenli olan toksik olmayan, g\u0131daya uygun m\u00fcrekkeplerle bas\u0131lm\u0131\u015ft\u0131r.<\/li>\n\n\n\n<li><strong>Boyut ve \u015eekil<\/strong>: Yulaf ezmesi \u00fcr\u00fcnleri i\u00e7in \u00e7ok \u00e7e\u015fitli ambalaj ihtiya\u00e7lar\u0131n\u0131 kar\u015f\u0131lamak i\u00e7in farkl\u0131 boyutlar mevcuttur.<\/li>\n<\/ul>\n<\/div>\n\n\n\n<div class=\"wp-block-column is-layout-flow wp-block-column-is-layout-flow\">\n<figure class=\"wp-block-image size-full\"><img fetchpriority=\"high\" decoding=\"async\" width=\"750\" height=\"750\" src=\"https:\/\/www.hyflexpack.com\/wp-content\/uploads\/2024\/12\/Custom-Oatmeal-Packaging-Bag\uff081\uff09.webp\" alt=\"\u00d6zel Yulaf Ezmesi Ambalaj Torbas\u0131\" class=\"wp-image-5830\" srcset=\"https:\/\/www.hyflexpack.com\/wp-content\/uploads\/2024\/12\/Custom-Oatmeal-Packaging-Bag\uff081\uff09.webp 750w, https:\/\/www.hyflexpack.com\/wp-content\/uploads\/2024\/12\/Custom-Oatmeal-Packaging-Bag\uff081\uff09-300x300.webp 300w, https:\/\/www.hyflexpack.com\/wp-content\/uploads\/2024\/12\/Custom-Oatmeal-Packaging-Bag\uff081\uff09-150x150.webp 150w, https:\/\/www.hyflexpack.com\/wp-content\/uploads\/2024\/12\/Custom-Oatmeal-Packaging-Bag\uff081\uff09-12x12.webp 12w, https:\/\/www.hyflexpack.com\/wp-content\/uploads\/2024\/12\/Custom-Oatmeal-Packaging-Bag\uff081\uff09-285x285.webp 285w, https:\/\/www.hyflexpack.com\/wp-content\/uploads\/2024\/12\/Custom-Oatmeal-Packaging-Bag\uff081\uff09-270x270.webp 270w, https:\/\/www.hyflexpack.com\/wp-content\/uploads\/2024\/12\/Custom-Oatmeal-Packaging-Bag\uff081\uff09-540x540.webp 540w, https:\/\/www.hyflexpack.com\/wp-content\/uploads\/2024\/12\/Custom-Oatmeal-Packaging-Bag\uff081\uff09-660x660.webp 660w\" sizes=\"(max-width: 750px) 100vw, 750px\" \/><\/figure>\n<\/div>\n<\/div>\n\n\n\n<p><\/p>","protected":false},"excerpt":{"rendered":"<p>\u00d6zel yulaf ezmesi ambalaj po\u015fetlerimiz PET, AL, NY ve PE gibi \u00e7ok katmanl\u0131 kompozit malzemelerden \u00fcretilir ve yulaf\u0131 taze tutmak i\u00e7in \u00fcst\u00fcn nem, oksijen ve \u0131\u015f\u0131k bariyerleri sunar. Dik duran po\u015fet tasar\u0131m\u0131, geli\u015fmi\u015f te\u015fhir i\u00e7in raflarda stabilite sa\u011flar. Y\u00fcksek kaliteli, \u00e7evre dostu ambalaj \u00e7\u00f6z\u00fcmleri hakk\u0131nda fiyat teklifi almak i\u00e7in bug\u00fcn bize ula\u015f\u0131n.<\/p>\n<h2>\u00d6zel Yulaf Ezmesi Ambalaj\u0131n\u0131n Avantajlar\u0131<\/h2>\n<ul>\n<li><strong>\u00d6zel Tasar\u0131m<\/strong>: M\u00fc\u015fteri ihtiya\u00e7lar\u0131n\u0131 kar\u015f\u0131lamak i\u00e7in malzeme, boyut ve bask\u0131 deseni \u00f6zelle\u015ftirmesi dahil olmak \u00fczere \u00f6zelle\u015ftirilmi\u015f sa\u011fl\u0131yoruz ve <a href=\"https:\/\/www.hyflexpack.com\/tr\/ozel-esnek-ambalajlar\/\"><strong>OEM ve ODM deste\u011fi<\/strong><\/a>.<\/li>\n<li><strong>\u00dcretim<\/strong>: Geli\u015fmi\u015f ekipman ve teknoloji ile sipari\u015f \u00fcretimini y\u00fcksek verimlilik ve y\u00fcksek kalite ile tamamlayabilir, zaman\u0131nda teslim edebiliriz.<\/li>\n<li><strong>Kalite Denetimi<\/strong>: \u00dcr\u00fcnlerin standartlar\u0131 kar\u015f\u0131lad\u0131\u011f\u0131ndan emin olmak i\u00e7in \u00fcretim i\u00e7in kalite standartlar\u0131n\u0131 ve g\u0131da g\u00fcvenli\u011fi gereksinimlerini s\u0131k\u0131 bir \u015fekilde takip edin.<\/li>\n<li><strong>M\u00fc\u015fteri Hizmetleri<\/strong>: H\u0131zl\u0131 yan\u0131t ve \u00f6zenli m\u00fc\u015fteri hizmetleri deste\u011fi sa\u011flamak i\u00e7in 24 saat.<\/li>\n<li><strong>\u00dccretsiz \u00d6rnek<\/strong>\u00dcr\u00fcnleri de\u011ferlendirmeniz i\u00e7in \u00fccretsiz numune hizmeti sa\u011flay\u0131n.<\/li>\n<\/ul>","protected":false},"featured_media":5830,"comment_status":"open","ping_status":"closed","template":"","meta":[],"product_brand":[],"product_cat":[97],"product_tag":[],"class_list":{"0":"post-5852","1":"product","2":"type-product","3":"status-publish","4":"has-post-thumbnail","6":"product_cat-cereal-packaging-bags","8":"first","9":"instock","10":"shipping-taxable","11":"product-type-simple"},"_links":{"self":[{"href":"https:\/\/www.hyflexpack.com\/tr\/wp-json\/wp\/v2\/product\/5852","targetHints":{"allow":["GET"]}}],"collection":[{"href":"https:\/\/www.hyflexpack.com\/tr\/wp-json\/wp\/v2\/product"}],"about":[{"href":"https:\/\/www.hyflexpack.com\/tr\/wp-json\/wp\/v2\/types\/product"}],"replies":[{"embeddable":true,"href":"https:\/\/www.hyflexpack.com\/tr\/wp-json\/wp\/v2\/comments?post=5852"}],"wp:featuredmedia":[{"embeddable":true,"href":"https:\/\/www.hyflexpack.com\/tr\/wp-json\/wp\/v2\/media\/5830"}],"wp:attachment":[{"href":"https:\/\/www.hyflexpack.com\/tr\/wp-json\/wp\/v2\/media?parent=5852"}],"wp:term":[{"taxonomy":"product_brand","embeddable":true,"href":"https:\/\/www.hyflexpack.com\/tr\/wp-json\/wp\/v2\/product_brand?post=5852"},{"taxonomy":"product_cat","embeddable":true,"href":"https:\/\/www.hyflexpack.com\/tr\/wp-json\/wp\/v2\/product_cat?post=5852"},{"taxonomy":"product_tag","embeddable":true,"href":"https:\/\/www.hyflexpack.com\/tr\/wp-json\/wp\/v2\/product_tag?post=5852"}],"curies":[{"name":"wp","href":"https:\/\/api.w.org\/{rel}","templated":true}]}}