{"id":5851,"date":"2024-12-25T06:22:33","date_gmt":"2024-12-25T06:22:33","guid":{"rendered":"https:\/\/www.hyflexpack.com\/?post_type=product&#038;p=5851"},"modified":"2025-10-23T08:17:59","modified_gmt":"2025-10-23T08:17:59","slug":"printed-tortilla-packaging-bag-factory","status":"publish","type":"product","link":"https:\/\/www.hyflexpack.com\/tr\/product\/printed-tortilla-packaging-bag-factory\/","title":{"rendered":"Bask\u0131l\u0131 Tortilla Ambalaj\u0131 \u015eeffaf Pencereli Stand Up Torbalar \u00dcreticisi"},"content":{"rendered":"<div class=\"wp-block-columns is-layout-flex wp-container-core-columns-is-layout-9d6595d7 wp-block-columns-is-layout-flex\">\n<div class=\"wp-block-column is-layout-flow wp-block-column-is-layout-flow\">\n<h2 class=\"wp-block-heading\">Bask\u0131l\u0131 Tortilla Ambalaj \u00dcreticisinin \u00d6zellikleri<\/h2>\n\n\n\n<p><\/p>\n\n\n\n<p><strong>\u015eeffaf Pencere Tasar\u0131m\u0131<\/strong>: Tortilla Ambalaj\u0131m\u0131z, m\u00fc\u015fterilerin i\u00e7indeki taze tortillalar\u0131 g\u00f6rmesini sa\u011flayan ve raf \u00e7ekicili\u011fini art\u0131ran \u015feffaf bir pencere i\u00e7erir.<\/p>\n\n\n\n<p><strong>Premium Malzemeler<\/strong>: G\u0131da s\u0131n\u0131f\u0131, \u00e7ok katmanl\u0131 kompozit malzemelerden \u00fcretilen bu \u00f6zel dik duran po\u015fetler, m\u00fckemmel nem direnci sa\u011flayarak tazelik ve lezzetin korunmas\u0131n\u0131 sa\u011flar.<\/p>\n\n\n\n<p><strong>Stand-Up Tasar\u0131m<\/strong>: Sa\u011flam yap\u0131s\u0131, po\u015fetin raflarda dik durmas\u0131n\u0131 sa\u011flayarak sergileme verimlili\u011fini en \u00fcst d\u00fczeye \u00e7\u0131kar\u0131r ve depolama alan\u0131ndan tasarruf sa\u011flar.<\/p>\n\n\n\n<p><strong>Y\u00fcksek Kaliteli Bask\u0131<\/strong>: \u00d6zelle\u015ftirilebilir bask\u0131 se\u00e7enekleri canl\u0131 markalar\u0131, logolar\u0131 ve \u00fcr\u00fcn bilgilerini sergileyerek tan\u0131n\u0131rl\u0131\u011f\u0131 ve pazar etkisini art\u0131r\u0131r.<\/p>\n\n\n\n<p><strong>\u00dcst\u00fcn S\u0131zd\u0131rmazl\u0131k<\/strong>: Is\u0131yla kapat\u0131labilen kapaklar hava ge\u00e7irmez bir s\u0131zd\u0131rmazl\u0131k sa\u011flayarak raf \u00f6mr\u00fcn\u00fc uzat\u0131r ve tortillalar\u0131 kontaminasyondan korur.<\/p>\n\n\n\n<p><strong>\u00d6zelle\u015ftirilebilir Boyutlar<\/strong>: Bu \u00f6zel dik duran po\u015fetler, tek porsiyonlar veya toplu Tortilla Ambalajlar\u0131 i\u00e7in m\u00fckemmel olan \u00e7e\u015fitli boyutlarda mevcuttur.<\/p>\n<\/div>\n\n\n\n<div class=\"wp-block-column is-layout-flow wp-block-column-is-layout-flow\">\n<figure class=\"wp-block-image size-full\"><img fetchpriority=\"high\" decoding=\"async\" width=\"750\" height=\"750\" src=\"https:\/\/www.hyflexpack.com\/wp-content\/uploads\/2024\/12\/Printed-Tortilla-Packaging-Bag-Manufacturer-\uff081\uff09.webp\" alt=\"Bask\u0131l\u0131 Tortilla Ambalaj Po\u015feti \u00dcreticisi\" class=\"wp-image-5844\" srcset=\"https:\/\/www.hyflexpack.com\/wp-content\/uploads\/2024\/12\/Printed-Tortilla-Packaging-Bag-Manufacturer-\uff081\uff09.webp 750w, https:\/\/www.hyflexpack.com\/wp-content\/uploads\/2024\/12\/Printed-Tortilla-Packaging-Bag-Manufacturer-\uff081\uff09-300x300.webp 300w, https:\/\/www.hyflexpack.com\/wp-content\/uploads\/2024\/12\/Printed-Tortilla-Packaging-Bag-Manufacturer-\uff081\uff09-150x150.webp 150w, https:\/\/www.hyflexpack.com\/wp-content\/uploads\/2024\/12\/Printed-Tortilla-Packaging-Bag-Manufacturer-\uff081\uff09-12x12.webp 12w, https:\/\/www.hyflexpack.com\/wp-content\/uploads\/2024\/12\/Printed-Tortilla-Packaging-Bag-Manufacturer-\uff081\uff09-285x285.webp 285w, https:\/\/www.hyflexpack.com\/wp-content\/uploads\/2024\/12\/Printed-Tortilla-Packaging-Bag-Manufacturer-\uff081\uff09-270x270.webp 270w, https:\/\/www.hyflexpack.com\/wp-content\/uploads\/2024\/12\/Printed-Tortilla-Packaging-Bag-Manufacturer-\uff081\uff09-540x540.webp 540w, https:\/\/www.hyflexpack.com\/wp-content\/uploads\/2024\/12\/Printed-Tortilla-Packaging-Bag-Manufacturer-\uff081\uff09-660x660.webp 660w\" sizes=\"(max-width: 750px) 100vw, 750px\" \/><\/figure>\n<\/div>\n<\/div>\n\n\n\n<p><\/p>","protected":false},"excerpt":{"rendered":"<p>G\u00f6r\u00fcn\u00fcrl\u00fck i\u00e7in \u015feffaf pencerelere, canl\u0131 bask\u0131lara ve \u00e7evre dostu malzemelere sahip \u00f6zel dik duran po\u015fetlerdeki tortilla ambalajlar\u0131m\u0131z\u0131 ke\u015ffedin. \u00dccretsiz numune i\u00e7in bug\u00fcn bize ula\u015f\u0131n!<\/p>\n<h3>Tortilla Paketleme Tedarik\u00e7isinin Avantajlar\u0131<\/h3>\n<ul>\n<li><strong>\u00d6zel Tasar\u0131m<\/strong>: M\u00fc\u015fterilerin ihtiya\u00e7lar\u0131n\u0131 kar\u015f\u0131lamak i\u00e7in \u00f6zelle\u015ftirilmi\u015f malzeme, boyut ve bask\u0131 deseni \u00f6zelle\u015ftirmesi sa\u011fl\u0131yoruz ve\u00a0<a href=\"https:\/\/www.hyflexpack.com\/tr\/ozel-esnek-ambalajlar\/\"><strong>OEM ve ODM deste\u011fi<\/strong><\/a>.<\/li>\n<li><strong>\u00dcretim<\/strong>: Geli\u015fmi\u015f ekipman ve teknoloji ile sipari\u015flerin \u00fcretimini y\u00fcksek verimlilik ve y\u00fcksek kalite ile tamamlayabilir ve zaman\u0131nda teslim edebiliriz.<\/li>\n<li><strong>Kalite Denetimi<\/strong>: \u00dcr\u00fcnlerin standartlar\u0131 kar\u015f\u0131lad\u0131\u011f\u0131ndan emin olmak i\u00e7in kalite standartlar\u0131n\u0131 ve g\u0131da g\u00fcvenli\u011fi gereksinimlerini s\u0131k\u0131 bir \u015fekilde takip edin.<\/li>\n<li><strong>Teknik Destek Ekibi<\/strong>: Ekibimiz zengin end\u00fcstri deneyimine ve profesyonel bilgiye sahiptir ve m\u00fc\u015fterilerimize teknik destek ve 24 saat dan\u0131\u015fmanl\u0131k hizmeti sa\u011flayabilir.<\/li>\n<li><strong>\u00dccretsiz \u00d6rnek<\/strong>: \u00dcr\u00fcnleri de\u011ferlendirmeniz i\u00e7in \u00fccretsiz numune hizmeti sa\u011flay\u0131n.<\/li>\n<\/ul>","protected":false},"featured_media":5844,"comment_status":"open","ping_status":"closed","template":"","meta":[],"product_brand":[],"product_cat":[57],"product_tag":[],"class_list":{"0":"post-5851","1":"product","2":"type-product","3":"status-publish","4":"has-post-thumbnail","6":"product_cat-snack-packaging-bags-wholesale","8":"first","9":"instock","10":"shipping-taxable","11":"product-type-simple"},"_links":{"self":[{"href":"https:\/\/www.hyflexpack.com\/tr\/wp-json\/wp\/v2\/product\/5851","targetHints":{"allow":["GET"]}}],"collection":[{"href":"https:\/\/www.hyflexpack.com\/tr\/wp-json\/wp\/v2\/product"}],"about":[{"href":"https:\/\/www.hyflexpack.com\/tr\/wp-json\/wp\/v2\/types\/product"}],"replies":[{"embeddable":true,"href":"https:\/\/www.hyflexpack.com\/tr\/wp-json\/wp\/v2\/comments?post=5851"}],"wp:featuredmedia":[{"embeddable":true,"href":"https:\/\/www.hyflexpack.com\/tr\/wp-json\/wp\/v2\/media\/5844"}],"wp:attachment":[{"href":"https:\/\/www.hyflexpack.com\/tr\/wp-json\/wp\/v2\/media?parent=5851"}],"wp:term":[{"taxonomy":"product_brand","embeddable":true,"href":"https:\/\/www.hyflexpack.com\/tr\/wp-json\/wp\/v2\/product_brand?post=5851"},{"taxonomy":"product_cat","embeddable":true,"href":"https:\/\/www.hyflexpack.com\/tr\/wp-json\/wp\/v2\/product_cat?post=5851"},{"taxonomy":"product_tag","embeddable":true,"href":"https:\/\/www.hyflexpack.com\/tr\/wp-json\/wp\/v2\/product_tag?post=5851"}],"curies":[{"name":"wp","href":"https:\/\/api.w.org\/{rel}","templated":true}]}}