{"id":5802,"date":"2024-12-06T06:10:31","date_gmt":"2024-12-06T06:10:31","guid":{"rendered":"https:\/\/www.hyflexpack.com\/?post_type=product&#038;p=5802"},"modified":"2025-10-23T08:23:23","modified_gmt":"2025-10-23T08:23:23","slug":"custom-tea-bags-with-logo","status":"publish","type":"product","link":"https:\/\/www.hyflexpack.com\/tr\/product\/custom-tea-bags-with-logo\/","title":{"rendered":"Logolu \u00d6zel \u00c7ay Po\u015fetleri D\u00f6rtl\u00fc M\u00fch\u00fcrl\u00fc Kese Lamine Plastik Ambalaj"},"content":{"rendered":"<div class=\"wp-block-columns is-layout-flex wp-container-core-columns-is-layout-9d6595d7 wp-block-columns-is-layout-flex\">\n<div class=\"wp-block-column is-layout-flow wp-block-column-is-layout-flow\">\n<h3 class=\"wp-block-heading\">Y\u00fcksek Kaliteli \u00d6zel \u00c7ay Po\u015fetlerinin \u00d6zellikleri<\/h3>\n\n\n\n<ul class=\"wp-block-list\">\n<li><strong>\u00d6zel Tasar\u0131mlar<\/strong>: Logolu \u00f6zel \u00e7ay po\u015fetlerimiz benzersiz markala\u015fma f\u0131rsatlar\u0131 sunar. Pazarda \u00f6ne \u00e7\u0131kan t\u00fcr\u00fcn\u00fcn tek \u00f6rne\u011fi bir \u00fcr\u00fcn olu\u015fturmak i\u00e7in logonuzu ve tasar\u0131m\u0131n\u0131z\u0131 ekleyebilirsiniz.<\/li>\n\n\n\n<li><strong>Y\u00fcksek Kaliteli Lamine Plastik Ambalaj<\/strong>: D\u00f6rt taraf\u0131 kapal\u0131 po\u015fetler, profesyonel ve estetik bir g\u00f6r\u00fcn\u00fcm sunarken \u00e7ay\u0131n tazeli\u011fini etkili bir \u015fekilde koruyan dayan\u0131kl\u0131 lamine plastikten yap\u0131lm\u0131\u015ft\u0131r.<\/li>\n\n\n\n<li><strong>S\u0131zd\u0131rmazl\u0131kta S\u0131zd\u0131rmazl\u0131k ve G\u00fcvenlik<\/strong>: D\u00f6rt tarafl\u0131 s\u0131zd\u0131rmazl\u0131k tasar\u0131m\u0131, po\u015fetlerin alt k\u0131sm\u0131n\u0131 \u00e7ok daha g\u00fc\u00e7l\u00fc hale getirerek s\u0131z\u0131nt\u0131y\u0131 \u00f6nler ve \u00e7ay\u0131n lezzetini ve aromas\u0131n\u0131 daha uzun s\u00fcre korumaya yard\u0131mc\u0131 olur.<\/li>\n\n\n\n<li><strong>\u00c7evre Koruma<\/strong>: \u00c7ay end\u00fcstrisinin s\u00fcrd\u00fcr\u00fclebilir geli\u015fimini desteklemek i\u00e7in size \u00e7evre dostu \u00f6zelle\u015ftirilmi\u015f \u00e7ay paketleme malzemesi sunuyoruz.<\/li>\n\n\n\n<li><strong>Boyut Varyasyonu<\/strong>: Bireysel k\u00fc\u00e7\u00fck paketlerden toplu paketlemeye kadar, t\u00fcm ihtiya\u00e7lar\u0131n\u0131za g\u00f6re \u00f6zelle\u015ftirilmi\u015f boyutlarda temin edilebilir.<\/li>\n\n\n\n<li>T<strong>ailor Yap\u0131m\u0131 \u00c7ay Paketleme \u00c7\u00f6z\u00fcmleri<\/strong>: Lider po\u015fet \u00e7ay tedarik\u00e7isi olarak, marka ihtiya\u00e7lar\u0131n\u0131z\u0131 kar\u015f\u0131layan ve \u00e7ay \u00fcr\u00fcnlerinizi \u00f6ne \u00e7\u0131karan \u0131smarlama ambalaj \u00e7\u00f6z\u00fcmleri sunmaya odaklan\u0131yoruz.<\/li>\n\n\n\n<li><strong>Senaryolar<\/strong>: Markan\u0131z\u0131 pazarda unutulmaz k\u0131lmak i\u00e7in logo tasar\u0131ml\u0131 y\u00fcksek kaliteli ve \u00f6zelle\u015ftirilmi\u015f \u00e7ay po\u015fetleri arayan i\u015fletmeler i\u00e7in uygundur. Bir \u00e7ay po\u015feti tedarik\u00e7isi olarak, markan\u0131z\u0131n m\u00fckemmel ambalajlarda sunulmas\u0131n\u0131 ve \u00e7ay\u0131n taze kalmas\u0131n\u0131 sa\u011fl\u0131yoruz.<\/li>\n<\/ul>\n<\/div>\n\n\n\n<div class=\"wp-block-column is-layout-flow wp-block-column-is-layout-flow\">\n<figure class=\"wp-block-image size-full\"><img fetchpriority=\"high\" decoding=\"async\" width=\"750\" height=\"750\" src=\"https:\/\/www.hyflexpack.com\/wp-content\/uploads\/2024\/11\/Custom-Plastic-Tea-Bag1.webp\" alt=\"\u00d6zel Plastik \u00c7ay Po\u015feti\" class=\"wp-image-5790\" srcset=\"https:\/\/www.hyflexpack.com\/wp-content\/uploads\/2024\/11\/Custom-Plastic-Tea-Bag1.webp 750w, https:\/\/www.hyflexpack.com\/wp-content\/uploads\/2024\/11\/Custom-Plastic-Tea-Bag1-300x300.webp 300w, https:\/\/www.hyflexpack.com\/wp-content\/uploads\/2024\/11\/Custom-Plastic-Tea-Bag1-150x150.webp 150w, https:\/\/www.hyflexpack.com\/wp-content\/uploads\/2024\/11\/Custom-Plastic-Tea-Bag1-12x12.webp 12w, https:\/\/www.hyflexpack.com\/wp-content\/uploads\/2024\/11\/Custom-Plastic-Tea-Bag1-285x285.webp 285w, https:\/\/www.hyflexpack.com\/wp-content\/uploads\/2024\/11\/Custom-Plastic-Tea-Bag1-270x270.webp 270w, https:\/\/www.hyflexpack.com\/wp-content\/uploads\/2024\/11\/Custom-Plastic-Tea-Bag1-540x540.webp 540w, https:\/\/www.hyflexpack.com\/wp-content\/uploads\/2024\/11\/Custom-Plastic-Tea-Bag1-660x660.webp 660w\" sizes=\"(max-width: 750px) 100vw, 750px\" \/><\/figure>\n<\/div>\n<\/div>\n\n\n\n<p><\/p>","protected":false},"excerpt":{"rendered":"<p>Logolu \u00f6zel \u00e7ay po\u015fetlerimiz, tazelik ve lezzetin korunmas\u0131n\u0131 sa\u011flayan y\u00fcksek kaliteli lamine plastikten yap\u0131lm\u0131\u015f dayan\u0131kl\u0131 d\u00f6rtl\u00fc s\u0131zd\u0131rmaz po\u015fetlerde gelir. G\u00fcvenilir bir \u00e7ay po\u015feti tedarik\u00e7isi olarak, benzersiz logonuzu ve tasar\u0131m\u0131n\u0131z\u0131 i\u00e7eren tamamen \u00f6zelle\u015ftirilebilir ambalaj \u00e7\u00f6z\u00fcmleri sunuyoruz. Markan\u0131z\u0131 sergilemek i\u00e7in m\u00fckemmel olan \u00f6zel \u00e7ay ambalajlar\u0131m\u0131z, ihtiya\u00e7lar\u0131n\u0131za uygun \u00e7e\u015fitli boyutlarda mevcuttur ve hem i\u015flevsellik hem de g\u00f6z al\u0131c\u0131 bir g\u00f6r\u00fcn\u00fcm sa\u011flar.<\/p>\n<h3>\u00d6zel Po\u015fet \u00c7ay Tedarik\u00e7isinin Avantajlar\u0131<\/h3>\n<ul>\n<li>\u00d6zel Tasar\u0131m: M\u00fc\u015fteri ihtiya\u00e7lar\u0131n\u0131 kar\u015f\u0131lamak i\u00e7in malzeme, boyut ve bask\u0131 deseni \u00f6zelle\u015ftirmesi dahil olmak \u00fczere \u00f6zel \u00e7ay paketleme po\u015feti hizmeti sunuyoruz ve <strong>OEM ve ODM deste\u011fi<\/strong>.<\/li>\n<li>\u00dcretim: Geli\u015fmi\u015f ekipman ve teknoloji ile sipari\u015f \u00fcretimini y\u00fcksek verimlilik ve y\u00fcksek kalite ile tamamlayabilir ve zaman\u0131nda teslim edebiliriz.<\/li>\n<li>Kalite Denetimi: \u00dcr\u00fcnlerin standartlar\u0131 kar\u015f\u0131lad\u0131\u011f\u0131ndan emin olmak i\u00e7in \u00fcretim i\u00e7in kalite standartlar\u0131n\u0131 ve g\u0131da g\u00fcvenli\u011fi gereksinimlerini s\u0131k\u0131 bir \u015fekilde takip edin.<\/li>\n<li>M\u00fc\u015fteri Hizmetleri: H\u0131zl\u0131 yan\u0131t ve \u00f6zenli m\u00fc\u015fteri hizmetleri deste\u011fi sa\u011flamak i\u00e7in 24 saat.<\/li>\n<li>\u00dccretsiz \u00d6rnek \uff1a D\u00f6rtl\u00fc m\u00fch\u00fcr po\u015fetlerini de\u011ferlendirmeniz i\u00e7in \u00fccretsiz numune hizmeti sa\u011flay\u0131n.<\/li>\n<\/ul>\n<p><a href=\"https:\/\/www.hyflexpack.com\/tr\/\"><strong>Huiyang Ambalaj<\/strong><\/a> m\u00fc\u015fterilerin \u00fcr\u00fcn imajlar\u0131n\u0131 geli\u015ftirmelerine ve pazar rekabet g\u00fc\u00e7lerini art\u0131rmalar\u0131na yard\u0131mc\u0131 olmak i\u00e7in m\u00fc\u015fterilere y\u00fcksek kaliteli, logolu \u00f6zel \u00e7ay po\u015fetleri sa\u011flamay\u0131 taahh\u00fct eder.<\/p>","protected":false},"featured_media":5790,"comment_status":"open","ping_status":"closed","template":"","meta":[],"product_brand":[],"product_cat":[58],"product_tag":[],"class_list":{"0":"post-5802","1":"product","2":"type-product","3":"status-publish","4":"has-post-thumbnail","6":"product_cat-tea-bag-packaging","8":"first","9":"instock","10":"shipping-taxable","11":"product-type-simple"},"_links":{"self":[{"href":"https:\/\/www.hyflexpack.com\/tr\/wp-json\/wp\/v2\/product\/5802","targetHints":{"allow":["GET"]}}],"collection":[{"href":"https:\/\/www.hyflexpack.com\/tr\/wp-json\/wp\/v2\/product"}],"about":[{"href":"https:\/\/www.hyflexpack.com\/tr\/wp-json\/wp\/v2\/types\/product"}],"replies":[{"embeddable":true,"href":"https:\/\/www.hyflexpack.com\/tr\/wp-json\/wp\/v2\/comments?post=5802"}],"wp:featuredmedia":[{"embeddable":true,"href":"https:\/\/www.hyflexpack.com\/tr\/wp-json\/wp\/v2\/media\/5790"}],"wp:attachment":[{"href":"https:\/\/www.hyflexpack.com\/tr\/wp-json\/wp\/v2\/media?parent=5802"}],"wp:term":[{"taxonomy":"product_brand","embeddable":true,"href":"https:\/\/www.hyflexpack.com\/tr\/wp-json\/wp\/v2\/product_brand?post=5802"},{"taxonomy":"product_cat","embeddable":true,"href":"https:\/\/www.hyflexpack.com\/tr\/wp-json\/wp\/v2\/product_cat?post=5802"},{"taxonomy":"product_tag","embeddable":true,"href":"https:\/\/www.hyflexpack.com\/tr\/wp-json\/wp\/v2\/product_tag?post=5802"}],"curies":[{"name":"wp","href":"https:\/\/api.w.org\/{rel}","templated":true}]}}